{"id":968,"date":"2016-12-19T16:49:26","date_gmt":"2016-12-19T16:49:26","guid":{"rendered":"https:\/\/www.ern.org\/fr\/connect\/"},"modified":"2026-02-06T07:44:01","modified_gmt":"2026-02-06T07:44:01","slug":"mise-en-reseau","status":"publish","type":"page","link":"https:\/\/www.ern.org\/fr\/mise-en-reseau\/","title":{"rendered":"Mise en R\u00e9seau"},"content":{"rendered":"\n<style type=\"text\/css\" data-created_by=\"avia_inline_auto\" id=\"style-css-av-lfy3k-a2a27944b3c9b51e2de72925035bf121\">\n.flex_column.av-lfy3k-a2a27944b3c9b51e2de72925035bf121{\nborder-radius:0px 0px 0px 0px;\npadding:0px 0px 0px 0px;\n}\n<\/style>\n<div  class='flex_column av-lfy3k-a2a27944b3c9b51e2de72925035bf121 av_one_full  avia-builder-el-0  el_before_av_two_third  avia-builder-el-first  first flex_column_div av-zero-column-padding  '     ><style type=\"text\/css\" data-created_by=\"avia_inline_auto\" id=\"style-css-av-f2s3k-165137d3fbd1b8fb69762f0b6f2dd4c3\">\n#top .av-special-heading.av-f2s3k-165137d3fbd1b8fb69762f0b6f2dd4c3{\npadding-bottom:10px;\n}\nbody .av-special-heading.av-f2s3k-165137d3fbd1b8fb69762f0b6f2dd4c3 .av-special-heading-tag .heading-char{\nfont-size:25px;\n}\n.av-special-heading.av-f2s3k-165137d3fbd1b8fb69762f0b6f2dd4c3 .av-subheading{\nfont-size:15px;\n}\n<\/style>\n<div  class='av-special-heading av-f2s3k-165137d3fbd1b8fb69762f0b6f2dd4c3 av-special-heading-h2 blockquote modern-quote  avia-builder-el-1  avia-builder-el-no-sibling '><h2 class='av-special-heading-tag '  itemprop=\"headline\"  >Mise en R\u00e9seau des hommes et rivi\u00e8res<\/h2><div class=\"special-heading-border\"><div class=\"special-heading-inner-border\"><\/div><\/div><\/div><\/div>\n\n<style type=\"text\/css\" data-created_by=\"avia_inline_auto\" id=\"style-css-av-8jmtk-12aa9659d8a6e72d2da86f569c044e6c\">\n.flex_column.av-8jmtk-12aa9659d8a6e72d2da86f569c044e6c{\nborder-radius:0px 0px 0px 0px;\npadding:0px 0px 0px 0px;\n}\n<\/style>\n<div  class='flex_column av-8jmtk-12aa9659d8a6e72d2da86f569c044e6c av_two_third  avia-builder-el-2  el_after_av_one_full  avia-builder-el-last  first flex_column_div av-zero-column-padding  column-top-margin'     ><style type=\"text\/css\" data-created_by=\"avia_inline_auto\" id=\"style-css-av-jl8evjnk-feb56f3d4bd58e75afebf217f1728736\">\n#top .av_textblock_section.av-jl8evjnk-feb56f3d4bd58e75afebf217f1728736 .avia_textblock{\nfont-size:15px;\n}\n<\/style>\n<section  class='av_textblock_section av-jl8evjnk-feb56f3d4bd58e75afebf217f1728736 '   itemscope=\"itemscope\" itemtype=\"https:\/\/schema.org\/CreativeWork\" ><div class='avia_textblock'  itemprop=\"text\" ><p>Nous proposerons ici :<\/p>\n<ul>\n<li><a href=\"https:\/\/www.ern.org\/fr\/riverlink\/\"><strong>Riverlink des organisations\u00a0 <\/strong><\/a>: les contacts de centaines d&rsquo;organisations et experts travaillant pour des rivi\u00e8res vivantes en Europe et dans le Monde.<\/li>\n<li><a href=\"https:\/\/www.ern.org\/fr\/vigilance-et-proteste-citoyenne\/\"><strong>RiverLink des combats citoyens<\/strong><\/a> : une carte interactive pr\u00e9sentant les diff\u00e9rents combats en cours ou gagn\u00e9s sur des rivi\u00e8res europ\u00e9ennes<\/li>\n<li><strong>suivre les \u00a0nouvelles internationales<\/strong> sur les rivi\u00e8res dans le Monde dans nos pages \u00ab\u00a0News\u00a0\u00bb et sur l&rsquo;ancien site <a href=\"http:\/\/www.rivernet.org\">www.rivernet.org\u00a0(Anglais, Fran\u00e7ais et allemand), le portail pour des rivi\u00e8res vivantes<\/a><\/li>\n<\/ul>\n<p>Vous pouvez aussi\u00a0<strong><a href=\"http:\/\/www.ern.org\/fr\/agir-et-participer\/\">vous inscrire \u00e0 notre Lettre d&rsquo;info<\/a><\/strong> pour \u00eatre tenus au courant.<\/p>\n<\/div><\/section><\/div>\n","protected":false},"excerpt":{"rendered":"","protected":false},"author":5,"featured_media":0,"parent":0,"menu_order":0,"comment_status":"closed","ping_status":"closed","template":"","meta":{"footnotes":""},"class_list":["post-968","page","type-page","status-publish","hentry"],"_links":{"self":[{"href":"https:\/\/www.ern.org\/fr\/wp-json\/wp\/v2\/pages\/968","targetHints":{"allow":["GET"]}}],"collection":[{"href":"https:\/\/www.ern.org\/fr\/wp-json\/wp\/v2\/pages"}],"about":[{"href":"https:\/\/www.ern.org\/fr\/wp-json\/wp\/v2\/types\/page"}],"author":[{"embeddable":true,"href":"https:\/\/www.ern.org\/fr\/wp-json\/wp\/v2\/users\/5"}],"replies":[{"embeddable":true,"href":"https:\/\/www.ern.org\/fr\/wp-json\/wp\/v2\/comments?post=968"}],"version-history":[{"count":0,"href":"https:\/\/www.ern.org\/fr\/wp-json\/wp\/v2\/pages\/968\/revisions"}],"wp:attachment":[{"href":"https:\/\/www.ern.org\/fr\/wp-json\/wp\/v2\/media?parent=968"}],"curies":[{"name":"wp","href":"https:\/\/api.w.org\/{rel}","templated":true}]}}