{"id":8914,"date":"2019-06-25T11:32:03","date_gmt":"2019-06-25T09:32:03","guid":{"rendered":"http:\/\/www.ern.org\/?page_id=8914"},"modified":"2026-02-06T07:44:15","modified_gmt":"2026-02-06T07:44:15","slug":"les-fleuves-a-lhonneur-dans-le-dernier-numero-de-la-revue-reliefs","status":"publish","type":"page","link":"https:\/\/www.ern.org\/fr\/les-fleuves-a-lhonneur-dans-le-dernier-numero-de-la-revue-reliefs\/","title":{"rendered":"Les FLEUVES \u00e0 l&rsquo;honneur dans la revue RELIEFS"},"content":{"rendered":"<div id=\"attachment_8915\" style=\"width: 291px\" class=\"wp-caption aligncenter\"><img loading=\"lazy\" decoding=\"async\" aria-describedby=\"caption-attachment-8915\" class=\" wp-image-8915 aligncenter\" src=\"http:\/\/www.ern.org\/wp-content\/uploads\/2019\/07\/Mockup_Fleuves_clair-226x300.png\" alt=\"\" width=\"281\" height=\"373\" \/><p id=\"caption-attachment-8915\" class=\"wp-caption-text\">Revue RELIEFS &#8211; Couverture du n\u00b09 consacr\u00e9 aux fleuves<\/p><\/div>\n<p style=\"text-align: center;\">Connaissez vous la revue Reliefs ? Son dernier num\u00e9ro (9) est consacr\u00e9 aux fleuve !<\/p>\n<p style=\"text-align: center;\">Au sommaire du dossier : anatomie et pathologies des fleuves, vivre avec le fleuve, fleuves en partage : l\u2019\u00e9veil de l\u2019amont, entretien avec Erik Orsenna, extraits litt\u00e9raires illustr\u00e9s, esp\u00e8ces en danger, les plus longs fleuves du monde, hydroliennes fluviales, mascarets, conseils de lecture, de films, de musique\u2026<\/p>\n<p style=\"text-align: center;\">ERN France, \u00e0 travers son pr\u00e9sident, R. Epple, a eu l&rsquo;honneur et le plaisir d&rsquo;en r\u00e9diger la tribune, que vous pouvez retrouver en ligne sur : <a href=\"https:\/\/reliefseditions.com\/fleuves\/\">https:\/\/reliefseditions.com\/fleuves\/<\/a><\/p>\n<p style=\"text-align: center;\">Comme \u00e0 chaque fois, le dossier de Reliefs se prolonge dans des cartes anciennes, des carnets de notes, des s\u00e9rigraphies, des tirages ainsi que des coloriages p\u00e9dagogiques sur la faune et la flore.<\/p>\n<p style=\"text-align: center;\">&gt;&gt; En savoir plus sur <a href=\"https:\/\/reliefseditions.com\/\">la revue Reliefs<\/a><\/p>\n","protected":false},"excerpt":{"rendered":"<p>Connaissez vous la revue Reliefs ? Son dernier num\u00e9ro (9) est consacr\u00e9 aux fleuve ! Au sommaire du dossier : anatomie et pathologies des fleuves, vivre avec le fleuve, fleuves en partage : l\u2019\u00e9veil de l\u2019amont, entretien avec Erik Orsenna, extraits litt\u00e9raires illustr\u00e9s, esp\u00e8ces en danger, les plus longs fleuves du monde, hydroliennes fluviales, mascarets, [&hellip;]<\/p>\n","protected":false},"author":5,"featured_media":0,"parent":0,"menu_order":0,"comment_status":"closed","ping_status":"closed","template":"","meta":{"footnotes":""},"class_list":["post-8914","page","type-page","status-publish","hentry"],"_links":{"self":[{"href":"https:\/\/www.ern.org\/fr\/wp-json\/wp\/v2\/pages\/8914","targetHints":{"allow":["GET"]}}],"collection":[{"href":"https:\/\/www.ern.org\/fr\/wp-json\/wp\/v2\/pages"}],"about":[{"href":"https:\/\/www.ern.org\/fr\/wp-json\/wp\/v2\/types\/page"}],"author":[{"embeddable":true,"href":"https:\/\/www.ern.org\/fr\/wp-json\/wp\/v2\/users\/5"}],"replies":[{"embeddable":true,"href":"https:\/\/www.ern.org\/fr\/wp-json\/wp\/v2\/comments?post=8914"}],"version-history":[{"count":0,"href":"https:\/\/www.ern.org\/fr\/wp-json\/wp\/v2\/pages\/8914\/revisions"}],"wp:attachment":[{"href":"https:\/\/www.ern.org\/fr\/wp-json\/wp\/v2\/media?parent=8914"}],"curies":[{"name":"wp","href":"https:\/\/api.w.org\/{rel}","templated":true}]}}