{"id":6604,"date":"2018-12-20T16:19:01","date_gmt":"2018-12-20T15:19:01","guid":{"rendered":"http:\/\/www.ern.org\/?page_id=6604"},"modified":"2026-04-10T07:38:11","modified_gmt":"2026-04-10T05:38:11","slug":"dam-removal-europe","status":"publish","type":"page","link":"https:\/\/www.ern.org\/fr\/dam-removal-europe\/","title":{"rendered":"Dam Removal Europe"},"content":{"rendered":"\n<style type=\"text\/css\" data-created_by=\"avia_inline_auto\" id=\"style-css-av-7xoim2-c5d0fb198d23b1e2ad2e1c727fd9486c\">\n.flex_column.av-7xoim2-c5d0fb198d23b1e2ad2e1c727fd9486c{\nborder-radius:0px 0px 0px 0px;\npadding:0px 0px 0px 0px;\n}\n<\/style>\n<div  class='flex_column av-7xoim2-c5d0fb198d23b1e2ad2e1c727fd9486c av_two_third  avia-builder-el-0  el_before_av_one_third  avia-builder-el-first  first flex_column_div av-zero-column-padding  '     ><p>\n<style type=\"text\/css\" data-created_by=\"avia_inline_auto\" id=\"style-css-av-48w98s-7de24706edadab434130f24456037e65\">\n#top .av-special-heading.av-48w98s-7de24706edadab434130f24456037e65{\npadding-bottom:10px;\n}\nbody .av-special-heading.av-48w98s-7de24706edadab434130f24456037e65 .av-special-heading-tag .heading-char{\nfont-size:25px;\n}\n.av-special-heading.av-48w98s-7de24706edadab434130f24456037e65 .av-subheading{\nfont-size:15px;\n}\n<\/style>\n<div  class='av-special-heading av-48w98s-7de24706edadab434130f24456037e65 av-special-heading-h2 blockquote modern-quote  avia-builder-el-1  el_before_av_textblock  avia-builder-el-first '><h2 class='av-special-heading-tag '  itemprop=\"headline\"  >Dam Removal Europe<\/h2><div class='av-subheading av-subheading_below'><p>Pour des rivi\u00e8res libres et vivantes<\/p>\n<\/div><div class=\"special-heading-border\"><div class=\"special-heading-inner-border\"><\/div><\/div><\/div><br \/>\n<section  class='av_textblock_section av-jj5rbvbf-84858024a8698bc265d02b58b97e1a84 '   itemscope=\"itemscope\" itemtype=\"https:\/\/schema.org\/CreativeWork\" ><div class='avia_textblock'  itemprop=\"text\" ><p><img loading=\"lazy\" decoding=\"async\" class=\"alignnone wp-image-570\" src=\"http:\/\/www.ern.org\/wp-content\/uploads\/2016\/11\/logo-DRE-01-300x280.png\" alt=\"\" width=\"200\" height=\"187\" \/><\/p>\n<\/div><\/section><br \/>\n\n<style type=\"text\/css\" data-created_by=\"avia_inline_auto\" id=\"style-css-av-bh8f96-a244b0b5ae26c713fb94f6c5fcbac0ef\">\n#top .hr.hr-invisible.av-bh8f96-a244b0b5ae26c713fb94f6c5fcbac0ef{\nheight:50px;\n}\n<\/style>\n<div  class='hr av-bh8f96-a244b0b5ae26c713fb94f6c5fcbac0ef hr-invisible  avia-builder-el-3  el_after_av_textblock  el_before_av_textblock '><span class='hr-inner '><span class=\"hr-inner-style\"><\/span><\/span><\/div><br \/>\n<section  class='av_textblock_section av-jj4g5uda-d854deed74090cd777a758a90b82b667 '   itemscope=\"itemscope\" itemtype=\"https:\/\/schema.org\/CreativeWork\" ><div class='avia_textblock'  itemprop=\"text\" ><h6><strong>L&rsquo;effacement d&rsquo;ouvrages, une seconde chance pour nos rivi\u00e8res et notre soci\u00e9t\u00e9<br \/>\n<\/strong><\/h6>\n<p>Plusieurs centaines de milliers d&rsquo;ouvrages barrent les cours d&rsquo;eau d&rsquo;Europe (pr\u00e8s de 90 000 rien qu&rsquo;en France). Ces ouvrages ont des impacts forts sur le fonctionnement naturel des rivi\u00e8res, les habitats aquatiques et les migrations piscicoles, cr\u00e9ant ainsi de graves d\u00e9s\u00e9quilibres \u00e9cologiques.<\/p>\n<p>Compte tenu de leur fonction strat\u00e9gique pour notre soci\u00e9t\u00e9, il est clair que tous les ouvrages ne peuvent pas ou ne doivent pas \u00eatre supprim\u00e9s. Toutefois, dans la plupart des cas, l&rsquo;enl\u00e8vement d\u2019ouvrages obsol\u00e8tes est une solution viable et n\u00e9cessaire pour la restauration des rivi\u00e8res (des dizaines de milliers \u00e0 l&rsquo;\u00e9chelle de l&rsquo;Europe). Aucune autre mesure de restauration, y compris les passes de poisson, ne permettent une restauration aussi rapide et compl\u00e8te des milieux aquatiques et de la faune associ\u00e9e.<\/p>\n<p>L\u2019effacement de barrages et seuils restaure la morphologie, le fonctionnement naturel et la dynamique de la rivi\u00e8re (s\u00e9diments, faune piscicole). Mais aussi c\u2019est une option \u00e0 consid\u00e9rer pour\u00a0contribuer aux objectifs de la DCE, am\u00e9liorer la qualit\u00e9 de l&rsquo;eau, am\u00e9liorer la circulation piscicole, notamment pour les esp\u00e8ces de grandes migrations, restaurer les services rendus gratuitement par la nature, att\u00e9nuer les impacts du changement climatique gr\u00e2ce \u00e0 des \u00e9cosyst\u00e8mes aquatiques plus r\u00e9silients, r\u00e9duire les co\u00fbts d&rsquo;entretien et de r\u00e9paration, relancer l\u2019\u00e9conomie locale (projet partag\u00e9 de d\u00e9veloppement territorial et territoire de qualit\u00e9 environnementale), accro\u00eetre le lien entre homme et rivi\u00e8re et partager un sentiment de fiert\u00e9.<\/p>\n<h6><strong>\u00ab\u00a0Dam Removal Europe\u00a0\u00bb accompagne cette vision<\/strong><\/h6>\n<p>Pour promouvoir et informer sur les b\u00e9n\u00e9fices du d\u00e9mant\u00e8lement des barrages European Rivers Network,\u00a0WWF,\u00a0World Fish Migration Fundation, Rewilding Europe,\u00a0River trust, ont cr\u00e9\u00e9e en 2016 la coalition et le projet <strong>\u00ab\u00a0Dam Removal Europe\u00a0\u00bb<\/strong> (DRE). Fin 2019 et d\u00e9but 2020, \u00ab\u00a0The Nature Conservancy\u00a0\u00bb et \u00ab\u00a0Wetlands International\u00a0\u00bb rejoignent le groupement.<\/p>\n<p>DRE a pour but de cr\u00e9er une communaut\u00e9 de citoyens, d&rsquo;organisations et de gouvernements qui s&rsquo;engagent \u00e0 donner plus d&rsquo;espace aux fleuves europ\u00e9ens en supprimant les petits et grands barrages inutiles ou impactant et fournit des outils et arguments en faveur de la restauration de la continuit\u00e9 \u00e9cologique.<\/p>\n<h6><strong>Les actions et les outils de \u00ab\u00a0Dam Removal Europe\u00a0\u00bb<br \/>\n<\/strong><\/h6>\n<p>DRE utilise des outils innovants pour cultiver le r\u00e9seau. Par exemple WWF NL a lanc\u00e9 une campagne de<a href=\"https:\/\/crowdfunding.wnf.nl\/\"> crowdfunding<\/a> pour l&rsquo;enl\u00e8vement des barrages, WFMF a cr\u00e9\u00e9 une ligne de v\u00eatements sportifs, organise <a href=\"https:\/\/www.worldfishmigrationday.com\/\">la journ\u00e9e mondiale des poissons migrateurs<\/a>, WWF Finlande lanc\u00e9 une <a href=\"https:\/\/www.youtube.com\/watch?v=dKb2JEl11I0&amp;feature=youtu.be\">campagne m\u00e9diatique<\/a>, ERN documente (photos, vid\u00e9o, drone) l&rsquo;effacement des barrages de la S\u00e9lune et coordonne les m\u00e9dias internationaux, etc. L&rsquo;ensemble des partenaires participent et contribuent \u00e0 l&rsquo;organisation de s\u00e9minaires internationaux (ERN a organis\u00e9 celui sur la <a href=\"https:\/\/www.ern.org\/fr\/colloque-international-selune\/\">S\u00e9lune en 2019<\/a>), \u00e0 la r\u00e9daction et \u00e9dition de brochures, rapports, etc. Un<a href=\"https:\/\/www.damremoval.eu\/\"> site Web<\/a> et une newsletter permettent de partager les news, \u00e9tudes de cas, connaissances, etc&#8230;<\/p>\n<h6>R\u00e9sultats\/succ\u00e8s de Dam Removal Europe<\/h6>\n<p>&#8211; Un rapport annuel sur l&rsquo;effacement des barrages en Europe depuis 2018 (voir dans <a href=\"https:\/\/www.ern.org\/fr\/newsdocs\/\">ressources<\/a>)<\/p>\n<p>&#8211; Un <a href=\"https:\/\/ern-sosloirevivante.org\/wp-content\/uploads\/2024\/10\/Factsheet-Final-DRE.pdf\">factsheet<\/a>, Removing barriers for the benefit of people and nature, 10 reasons why it\u2019s a good idea2024<\/p>\n<p>&#8211; Un film <a href=\"https:\/\/damremoval.eu\/dambusters-documentary\/\">DAM BUSTERS<\/a>\u00a0sortie en 2022, dur\u00e9e 1h15<\/p>\n<p>&#8211; A l&rsquo;initiative du <a href=\"https:\/\/www.ern.org\/fr\/openrivers\/\">Programme Europ\u00e9en Open Rivers<\/a> qui vise \u00e0 financer des effacements de seuils en Europe depuis 2021<\/p>\n<p>&#8211; La cr\u00e9ation d&rsquo;un Dam Removal award depuis 2021<\/p>\n<p>&#8211; Des annonces fortes concernent les rivi\u00e8res et la restauration de la continuit\u00e9 \u00e9cologique dans la <a href=\"https:\/\/www.ern.org\/fr\/leurope-devoile-sa-strategie-biodiversite-pour-2030\/\">strat\u00e9gie Biodiversit\u00e9 pour 2030<\/a> de l&rsquo;Union Europ\u00e9enne. En 2030, les 27 devront avoir lib\u00e9r\u00e9 25.000 km de cours d\u2019eau.<\/p>\n<p>&#8211; R\u00e9seau en croissance : &gt; 1200 personnes et une forte connexion avec le r\u00e9seau d&rsquo;experts am\u00e9ricains. Pr\u00e9sence dans les m\u00e9dias et r\u00e9seaux sociaux.<\/p>\n<p>&#8211; Des \u00e9v\u00e9nements internationaux organis\u00e9s (Espagne &#8211; Leon 2016, Angleterre 2017, Espagne &#8211; Madrid 2018, Su\u00e8de 2018, Lituanie 2018, Estonie 2019, <a href=\"https:\/\/www.ern.org\/fr\/colloque-international-selune\/\">France &#8211; S\u00e9lune 2019<\/a>, DRE Goes Alps 2021, Lisbon 2022, UK 2022, Roumanie 2023, <a href=\"https:\/\/www.ern.org\/fr\/free-flow-conference-2024-full-programme-out-now\/\">Free flow conf\u00e9rence \u00e0 Groningen<\/a> 2023 )<\/p>\n<p>&#8211; Une base de donn\u00e9es DRE avec plus de 5.000 obstacles supprim\u00e9s<\/p>\n<p>&#8211; Directement impliqu\u00e9 dans des dizaines de suppression de barrages (notamment au travers du financement participatif)<\/p>\n<p>&#8211; A contribu\u00e9 \u00e0 l&rsquo;influence de la politique d&rsquo;effacement des barrages dans plusieurs pays (Finlande, Su\u00e8de, Estonie, etc.)<\/p>\n<p>&#8211; Site Web <a href=\"http:\/\/www.damremoval.eu\">www.damremoval.eu<\/a> avec des dizaines d&rsquo;\u00e9tudes de cas.<\/p>\n<p>&#8211; Publication annuelle de rapports sur l&rsquo;effacement des barrages en Europe <a href=\"https:\/\/damremoval.eu\/wp-content\/uploads\/2018\/07\/Dam-Removal-Europe-Report-2018-DEF-1.pdf\">2018<\/a>, <a href=\"https:\/\/damremoval.eu\/report-2021\/\">2021<\/a>, <a href=\"https:\/\/damremoval.eu\/wp-content\/uploads\/2023\/04\/DRE-Progress-Report-2022.pdf\">2022,<\/a> <a href=\"https:\/\/ern-sosloirevivante.org\/wp-content\/uploads\/2024\/04\/Web-version_DRE-Report-2023.pdf\">2023<\/a><\/p>\n<p>&#8211; &#8230;<\/p>\n<\/div><\/section><\/p><\/div>\n<style type=\"text\/css\" data-created_by=\"avia_inline_auto\" id=\"style-css-av-4q67je-34a1d5b25fd66c7da9f8cc1124aa255b\">\n.flex_column.av-4q67je-34a1d5b25fd66c7da9f8cc1124aa255b{\nborder-radius:0px 0px 0px 0px;\npadding:0px 0px 0px 0px;\n}\n<\/style>\n<div  class='flex_column av-4q67je-34a1d5b25fd66c7da9f8cc1124aa255b av_one_third  avia-builder-el-5  el_after_av_two_third  el_before_av_one_full  flex_column_div av-zero-column-padding  '     ><p><div  id=\"avia-magazine-1\"  class='av-magazine av-jj4fnlp8-31ff267d44562a24542d9110183e0b43 av-magazine-top-bar-active  avia-builder-el-6  el_before_av_hr  avia-builder-el-first   avia-builder-el-6  el_before_av_hr  avia-builder-el-first ' ><div class='av-magazine-top-bar avia-font-color-black avia-inherit-font-color'><a href='#' class='av-magazine-top-heading '  >Actualit\u00e9s<\/a><\/div><div class='av-magazine-group sort_all'><article class='av-magazine-entry av-magazine-entry-id-25329 av-magazine-format-standard av-magazine-type-post av-magazine-entry-1 av-magazine-entry-small '  itemscope=\"itemscope\" itemtype=\"https:\/\/schema.org\/CreativeWork\" ><div class=\"av-magazine-thumbnail\"><a href='https:\/\/www.ern.org\/fr\/webinaire-open-rivers-programme-le-5-mai-de-16h-a-17h\/' title='Lier vers : webinaire Open Rivers Programme , le 5 mai de 16h \u00e0 17h' class='av-magazine-thumbnail-link'><img decoding=\"async\" fetchpriority=\"high\" width=\"80\" height=\"80\" src=\"https:\/\/www.ern.org\/wp-content\/uploads\/2021\/11\/big-logo-e1666743763295-1-80x80.png\" class=\"wp-image-15819 avia-img-lazy-loading-not-15819 attachment-thumbnail size-thumbnail wp-post-image\" alt=\"\" srcset=\"https:\/\/www.ern.org\/wp-content\/uploads\/2021\/11\/big-logo-e1666743763295-1-80x80.png 80w, https:\/\/www.ern.org\/wp-content\/uploads\/2021\/11\/big-logo-e1666743763295-1-36x36.png 36w\" sizes=\"(max-width: 80px) 100vw, 80px\" \/><\/a><\/div><div class=\"av-magazine-content-wrap\"><header class=\"entry-content-header\" aria-label=\"Articles : webinaire Open Rivers Programme , le 5 mai de 16h \u00e0 17h\"><time class='av-magazine-time updated'  itemprop=\"datePublished\" datetime=\"2026-04-16T13:46:17+02:00\" >avril 16, 2026<\/time><h3 class='av-magazine-title entry-title '  itemprop=\"headline\" ><a href='https:\/\/www.ern.org\/fr\/webinaire-open-rivers-programme-le-5-mai-de-16h-a-17h\/' title='Lier vers : webinaire Open Rivers Programme , le 5 mai de 16h \u00e0 17h'>webinaire Open Rivers Programme , le 5 mai de 16h \u00e0 17h<\/a><\/h3><\/header><\/div><footer class=\"entry-footer\"><\/footer><\/article><article class='av-magazine-entry av-magazine-entry-id-22565 av-magazine-format-standard av-magazine-type-post av-magazine-entry-2 av-magazine-entry-small '  itemscope=\"itemscope\" itemtype=\"https:\/\/schema.org\/CreativeWork\" ><div class=\"av-magazine-thumbnail\"><a href='https:\/\/www.ern.org\/fr\/register-barrier-removal-for-flood-prevention-and-safety-webinar-2\/' title='Lier vers : Webinaire \u00ab\u00a0Barrier Removal for Flood Prevention and Safety\u00a0\u00bb' class='av-magazine-thumbnail-link'><img decoding=\"async\" fetchpriority=\"high\" width=\"80\" height=\"80\" src=\"https:\/\/www.ern.org\/wp-content\/uploads\/2017\/12\/20171208_table_ronde_SFN_inondation_cc_ERN-1-80x80.jpg\" class=\"wp-image-3164 avia-img-lazy-loading-not-3164 attachment-thumbnail size-thumbnail wp-post-image\" alt=\"\" srcset=\"https:\/\/www.ern.org\/wp-content\/uploads\/2017\/12\/20171208_table_ronde_SFN_inondation_cc_ERN-1-80x80.jpg 80w, https:\/\/www.ern.org\/wp-content\/uploads\/2017\/12\/20171208_table_ronde_SFN_inondation_cc_ERN-1-36x36.jpg 36w, https:\/\/www.ern.org\/wp-content\/uploads\/2017\/12\/20171208_table_ronde_SFN_inondation_cc_ERN-1-180x180.jpg 180w\" sizes=\"(max-width: 80px) 100vw, 80px\" \/><\/a><\/div><div class=\"av-magazine-content-wrap\"><header class=\"entry-content-header\" aria-label=\"Articles : Webinaire &quot;Barrier Removal for Flood Prevention and Safety&quot;\"><time class='av-magazine-time updated'  itemprop=\"datePublished\" datetime=\"2026-01-22T15:38:06+01:00\" >janvier 22, 2026<\/time><h3 class='av-magazine-title entry-title '  itemprop=\"headline\" ><a href='https:\/\/www.ern.org\/fr\/register-barrier-removal-for-flood-prevention-and-safety-webinar-2\/' title='Lier vers : Webinaire \u00ab\u00a0Barrier Removal for Flood Prevention and Safety\u00a0\u00bb'>Webinaire \u00ab\u00a0Barrier Removal for Flood Prevention and Safety\u00a0\u00bb<\/a><\/h3><\/header><\/div><footer class=\"entry-footer\"><\/footer><\/article><article class='av-magazine-entry av-magazine-entry-id-22539 av-magazine-format-standard av-magazine-type-post av-magazine-entry-3 av-magazine-entry-small '  itemscope=\"itemscope\" itemtype=\"https:\/\/schema.org\/CreativeWork\" ><div class=\"av-magazine-thumbnail\"><a href='https:\/\/www.ern.org\/fr\/celebrons-les-25-ans-de-la-directive-cadre-sur-leau-%f0%9f%92%a7%f0%9f%8e%89\/' title='Lier vers : C\u00e9l\u00e9brons les 25 ans de la Directive Cadre sur l&rsquo;Eau \ud83d\udca7\ud83c\udf89' class='av-magazine-thumbnail-link'><img decoding=\"async\" fetchpriority=\"high\" width=\"80\" height=\"80\" src=\"https:\/\/www.ern.org\/wp-content\/uploads\/2018\/07\/LR_1-2-80x80.png\" class=\"wp-image-7060 avia-img-lazy-loading-not-7060 attachment-thumbnail size-thumbnail wp-post-image\" alt=\"logo Living Rivers Europe\" srcset=\"https:\/\/www.ern.org\/wp-content\/uploads\/2018\/07\/LR_1-2-80x80.png 80w, https:\/\/www.ern.org\/wp-content\/uploads\/2018\/07\/LR_1-2-36x36.png 36w, https:\/\/www.ern.org\/wp-content\/uploads\/2018\/07\/LR_1-2-180x180.png 180w\" sizes=\"(max-width: 80px) 100vw, 80px\" \/><\/a><\/div><div class=\"av-magazine-content-wrap\"><header class=\"entry-content-header\" aria-label=\"Articles : C\u00e9l\u00e9brons les 25 ans de la Directive Cadre sur l&#039;Eau \ud83d\udca7\ud83c\udf89\"><time class='av-magazine-time updated'  itemprop=\"datePublished\" datetime=\"2025-12-22T09:00:33+01:00\" >d\u00e9cembre 22, 2025<\/time><h3 class='av-magazine-title entry-title '  itemprop=\"headline\" ><a href='https:\/\/www.ern.org\/fr\/celebrons-les-25-ans-de-la-directive-cadre-sur-leau-%f0%9f%92%a7%f0%9f%8e%89\/' title='Lier vers : C\u00e9l\u00e9brons les 25 ans de la Directive Cadre sur l&rsquo;Eau \ud83d\udca7\ud83c\udf89'>C\u00e9l\u00e9brons les 25 ans de la Directive Cadre sur l&rsquo;Eau \ud83d\udca7\ud83c\udf89<\/a><\/h3><\/header><\/div><footer class=\"entry-footer\"><\/footer><\/article><article class='av-magazine-entry av-magazine-entry-id-22435 av-magazine-format-standard av-magazine-type-post av-magazine-entry-4 av-magazine-entry-small '  itemscope=\"itemscope\" itemtype=\"https:\/\/schema.org\/CreativeWork\" ><div class=\"av-magazine-thumbnail\"><a href='https:\/\/www.ern.org\/fr\/webinaires-continuite-ecologique-les-inscriptions-sont-ouvertes\/' title='Lier vers : Y-a-t-il encore des rivi\u00e8res pour les poissons migrateurs? Biodiversit\u00e9 ou hydro\u00e9lectricit\u00e9 ?' class='av-magazine-thumbnail-link'><img decoding=\"async\" fetchpriority=\"high\" width=\"80\" height=\"80\" src=\"https:\/\/www.ern.org\/wp-content\/uploads\/2020\/01\/logo_soslv_ern-1-80x80.png\" class=\"wp-image-11148 avia-img-lazy-loading-not-11148 attachment-thumbnail size-thumbnail wp-post-image\" alt=\"\" srcset=\"https:\/\/www.ern.org\/wp-content\/uploads\/2020\/01\/logo_soslv_ern-1-80x80.png 80w, https:\/\/www.ern.org\/wp-content\/uploads\/2020\/01\/logo_soslv_ern-1-36x36.png 36w, https:\/\/www.ern.org\/wp-content\/uploads\/2020\/01\/logo_soslv_ern-1-180x180.png 180w\" sizes=\"(max-width: 80px) 100vw, 80px\" \/><\/a><\/div><div class=\"av-magazine-content-wrap\"><header class=\"entry-content-header\" aria-label=\"Articles : Y-a-t-il encore des rivi\u00e8res pour les poissons migrateurs? Biodiversit\u00e9 ou hydro\u00e9lectricit\u00e9 ?\"><time class='av-magazine-time updated'  itemprop=\"datePublished\" datetime=\"2025-12-01T17:20:26+01:00\" >d\u00e9cembre 1, 2025<\/time><h3 class='av-magazine-title entry-title '  itemprop=\"headline\" ><a href='https:\/\/www.ern.org\/fr\/webinaires-continuite-ecologique-les-inscriptions-sont-ouvertes\/' title='Lier vers : Y-a-t-il encore des rivi\u00e8res pour les poissons migrateurs? Biodiversit\u00e9 ou hydro\u00e9lectricit\u00e9 ?'>Y-a-t-il encore des rivi\u00e8res pour les poissons migrateurs? Biodiversit\u00e9 ou hydro\u00e9lectricit\u00e9 ?<\/a><\/h3><\/header><\/div><footer class=\"entry-footer\"><\/footer><\/article><article class='av-magazine-entry av-magazine-entry-id-22447 av-magazine-format-standard av-magazine-type-post av-magazine-entry-5 av-magazine-entry-small '  itemscope=\"itemscope\" itemtype=\"https:\/\/schema.org\/CreativeWork\" ><div class=\"av-magazine-thumbnail\"><a href='https:\/\/www.ern.org\/fr\/25-000-km-de-cours-deau-libre\/' title='Lier vers : 25 000 km  de cours d&rsquo;eau libre en Europe ? Que fait la France ?' class='av-magazine-thumbnail-link'><img decoding=\"async\" fetchpriority=\"high\" width=\"80\" height=\"80\" src=\"https:\/\/www.ern.org\/wp-content\/uploads\/2020\/01\/logo_soslv_ern-1-80x80.png\" class=\"wp-image-11148 avia-img-lazy-loading-not-11148 attachment-thumbnail size-thumbnail wp-post-image\" alt=\"\" srcset=\"https:\/\/www.ern.org\/wp-content\/uploads\/2020\/01\/logo_soslv_ern-1-80x80.png 80w, https:\/\/www.ern.org\/wp-content\/uploads\/2020\/01\/logo_soslv_ern-1-36x36.png 36w, https:\/\/www.ern.org\/wp-content\/uploads\/2020\/01\/logo_soslv_ern-1-180x180.png 180w\" sizes=\"(max-width: 80px) 100vw, 80px\" \/><\/a><\/div><div class=\"av-magazine-content-wrap\"><header class=\"entry-content-header\" aria-label=\"Articles : 25 000 km  de cours d&#039;eau libre en Europe ? Que fait la France ?\"><time class='av-magazine-time updated'  itemprop=\"datePublished\" datetime=\"2025-12-01T17:14:47+01:00\" >d\u00e9cembre 1, 2025<\/time><h3 class='av-magazine-title entry-title '  itemprop=\"headline\" ><a href='https:\/\/www.ern.org\/fr\/25-000-km-de-cours-deau-libre\/' title='Lier vers : 25 000 km  de cours d&rsquo;eau libre en Europe ? Que fait la France ?'>25 000 km  de cours d&rsquo;eau libre en Europe ? Que fait la France ?<\/a><\/h3><\/header><\/div><footer class=\"entry-footer\"><\/footer><\/article><article class='av-magazine-entry av-magazine-entry-id-22265 av-magazine-format-standard av-magazine-type-post av-magazine-entry-6 av-magazine-entry-small '  itemscope=\"itemscope\" itemtype=\"https:\/\/schema.org\/CreativeWork\" ><div class=\"av-magazine-thumbnail\"><a href='https:\/\/www.ern.org\/fr\/un-avenir-en-pleine-expansion-les-actions-de-demantelement-des-barrages-se-multiplient-dans-le-sud-est-de-leurope\/' title='Lier vers : UN AVENIR EN PLEINE EXPANSION : LES ACTIONS DE D\u00c9MANT\u00c8LEMENT DES BARRAGES SE MULTIPLIENT DANS LE SUD-EST DE L&rsquo;EUROPE' class='av-magazine-thumbnail-link'><img decoding=\"async\" fetchpriority=\"high\" width=\"80\" height=\"80\" src=\"https:\/\/www.ern.org\/wp-content\/uploads\/2023\/04\/map_ORPprojects_april2023-1-80x80.png\" class=\"wp-image-18051 avia-img-lazy-loading-not-18051 attachment-thumbnail size-thumbnail wp-post-image\" alt=\"\" srcset=\"https:\/\/www.ern.org\/wp-content\/uploads\/2023\/04\/map_ORPprojects_april2023-1-80x80.png 80w, https:\/\/www.ern.org\/wp-content\/uploads\/2023\/04\/map_ORPprojects_april2023-1-36x36.png 36w, https:\/\/www.ern.org\/wp-content\/uploads\/2023\/04\/map_ORPprojects_april2023-1-180x180.png 180w\" sizes=\"(max-width: 80px) 100vw, 80px\" \/><\/a><\/div><div class=\"av-magazine-content-wrap\"><header class=\"entry-content-header\" aria-label=\"Articles : UN AVENIR EN PLEINE EXPANSION : LES ACTIONS DE D\u00c9MANT\u00c8LEMENT DES BARRAGES SE MULTIPLIENT DANS LE SUD-EST DE L&#039;EUROPE\"><time class='av-magazine-time updated'  itemprop=\"datePublished\" datetime=\"2025-10-08T09:00:02+02:00\" >octobre 8, 2025<\/time><h3 class='av-magazine-title entry-title '  itemprop=\"headline\" ><a href='https:\/\/www.ern.org\/fr\/un-avenir-en-pleine-expansion-les-actions-de-demantelement-des-barrages-se-multiplient-dans-le-sud-est-de-leurope\/' title='Lier vers : UN AVENIR EN PLEINE EXPANSION : LES ACTIONS DE D\u00c9MANT\u00c8LEMENT DES BARRAGES SE MULTIPLIENT DANS LE SUD-EST DE L&rsquo;EUROPE'>UN AVENIR EN PLEINE EXPANSION : LES ACTIONS DE D\u00c9MANT\u00c8LEMENT DES BARRAGES SE MULTIPLIENT DANS LE SUD-EST DE L&rsquo;EUROPE<\/a><\/h3><\/header><\/div><footer class=\"entry-footer\"><\/footer><\/article><\/div><\/div><br \/>\n\n<style type=\"text\/css\" data-created_by=\"avia_inline_auto\" id=\"style-css-av-xkxxm-1c9125c96f2f2d0816b9f767a30017c4\">\n#top .hr.hr-invisible.av-xkxxm-1c9125c96f2f2d0816b9f767a30017c4{\nheight:50px;\n}\n<\/style>\n<div  class='hr av-xkxxm-1c9125c96f2f2d0816b9f767a30017c4 hr-invisible  avia-builder-el-7  el_after_av_magazine  el_before_av_textblock '><span class='hr-inner '><span class=\"hr-inner-style\"><\/span><\/span><\/div><br \/>\n<section  class='av_textblock_section av-jj4g57u7-5066c25e38c93461c51e7c0d96bebaa6 '   itemscope=\"itemscope\" itemtype=\"https:\/\/schema.org\/CreativeWork\" ><div class='avia_textblock'  itemprop=\"text\" ><p>Brochure <em>\u00ab\u00a0<a href=\"http:\/\/www.ern.org\/wp-content\/uploads\/sites\/52\/2020\/03\/DRE-flyer_bd.pdf\">DAM REMOVAL EUROPE\u00a0\u00bb<\/a><\/em> (anglais)<\/p>\n<p><a href=\"http:\/\/www.ern.org\/wp-content\/uploads\/2020\/03\/DRE-flyer_bd.pdf\"><img loading=\"lazy\" decoding=\"async\" class=\"alignnone wp-image-11536 size-medium\" src=\"http:\/\/www.ern.org\/wp-content\/uploads\/2020\/03\/cover_DRE-flyer-1-2-300x300.jpg\" alt=\"\" width=\"300\" height=\"300\" \/><\/a><\/p>\n<p><a href=\"http:\/\/www.ern.org\/wp-content\/uploads\/2020\/07\/DRE-Strategy-2020-2030-v19-juni-2020-WEB-SPREADS_bd.pdf\"><em>Dam removal strategy 2020-2030<\/em><\/a> (anglais)<\/p>\n<p><a href=\"http:\/\/www.ern.org\/wp-content\/uploads\/2020\/07\/DRE-Strategy-2020-2030-v19-juni-2020-WEB-SPREADS_bd.pdf\"><img loading=\"lazy\" decoding=\"async\" class=\"alignnone wp-image-12294 size-medium\" src=\"http:\/\/www.ern.org\/wp-content\/uploads\/2020\/07\/une_DRE_strategy_bd-212x300.jpg\" alt=\"\" width=\"212\" height=\"300\" \/><\/a><\/p>\n<\/div><\/section><\/p><\/div>\n<style type=\"text\/css\" data-created_by=\"avia_inline_auto\" id=\"style-css-av-2z29ey-f359efd508540ebb9893cd12e8f482e2\">\n.flex_column.av-2z29ey-f359efd508540ebb9893cd12e8f482e2{\nborder-radius:0px 0px 0px 0px;\npadding:0px 0px 0px 0px;\n}\n<\/style>\n<div  class='flex_column av-2z29ey-f359efd508540ebb9893cd12e8f482e2 av_one_full  avia-builder-el-9  el_after_av_one_third  avia-builder-el-last  first flex_column_div av-zero-column-padding  column-top-margin'     ><section  class='av_textblock_section av-jjh6it78-78e030cbc53a67db129c984898b4a77e '   itemscope=\"itemscope\" itemtype=\"https:\/\/schema.org\/CreativeWork\" ><div class='avia_textblock'  itemprop=\"text\" ><p>Les partenaires de la plateforme DRE sont soutenus par 24 autres organisations <img loading=\"lazy\" decoding=\"async\" class=\"alignnone size-full wp-image-11540\" src=\"http:\/\/www.ern.org\/wp-content\/uploads\/2020\/03\/logo-patners.png\" alt=\"\" width=\"881\" height=\"105\" \/><\/p>\n<\/div><\/section><\/div><\/p>\n","protected":false},"excerpt":{"rendered":"","protected":false},"author":4,"featured_media":570,"parent":0,"menu_order":0,"comment_status":"closed","ping_status":"closed","template":"","meta":{"footnotes":""},"class_list":["post-6604","page","type-page","status-publish","has-post-thumbnail","hentry"],"_links":{"self":[{"href":"https:\/\/www.ern.org\/fr\/wp-json\/wp\/v2\/pages\/6604","targetHints":{"allow":["GET"]}}],"collection":[{"href":"https:\/\/www.ern.org\/fr\/wp-json\/wp\/v2\/pages"}],"about":[{"href":"https:\/\/www.ern.org\/fr\/wp-json\/wp\/v2\/types\/page"}],"author":[{"embeddable":true,"href":"https:\/\/www.ern.org\/fr\/wp-json\/wp\/v2\/users\/4"}],"replies":[{"embeddable":true,"href":"https:\/\/www.ern.org\/fr\/wp-json\/wp\/v2\/comments?post=6604"}],"version-history":[{"count":2,"href":"https:\/\/www.ern.org\/fr\/wp-json\/wp\/v2\/pages\/6604\/revisions"}],"predecessor-version":[{"id":25212,"href":"https:\/\/www.ern.org\/fr\/wp-json\/wp\/v2\/pages\/6604\/revisions\/25212"}],"wp:featuredmedia":[{"embeddable":true,"href":"https:\/\/www.ern.org\/fr\/wp-json\/wp\/v2\/media\/570"}],"wp:attachment":[{"href":"https:\/\/www.ern.org\/fr\/wp-json\/wp\/v2\/media?parent=6604"}],"curies":[{"name":"wp","href":"https:\/\/api.w.org\/{rel}","templated":true}]}}