{"id":5451,"date":"2018-10-02T15:36:39","date_gmt":"2018-10-02T13:36:39","guid":{"rendered":"https:\/\/www.ern.org\/?page_id=5451"},"modified":"2026-02-06T07:44:12","modified_gmt":"2026-02-06T07:44:12","slug":"politique-de-confidentialite","status":"publish","type":"page","link":"https:\/\/www.ern.org\/fr\/politique-de-confidentialite\/","title":{"rendered":"Politique de confidentialit\u00e9"},"content":{"rendered":"<h2>POLITIQUE DE CONFIDENTIALIT\u00c9<\/h2>\n<p>European Rivers Network (ERN) est une ONG bas\u00e9e en France (8, rue du Crozatier &#8211; 43000 LE PUY EN VELAY), engag\u00e9e dans la pr\u00e9servation et la gestion durable des fleuves, des rivi\u00e8res et de la ressource en eau. Afin de maintenir un r\u00e9seau de fleuves et de rivi\u00e8res \u00ab\u00a0vivants\u00a0\u00bb \u00e0 l\u2019\u00e9chelle europ\u00e9enne, elle coordonne et organise de nombreuses actions en faveur de leur protection et de celles des \u00e9cosyst\u00e8mes associ\u00e9s. Elle m\u00e8ne \u00e9galement des campagnes de sensibilisation et d\u2019\u00e9ducation dans ce domaine.<\/p>\n<p>Pour assurer ses missions, ERN communique largement aupr\u00e8s du public, de ses adh\u00e9rents et des citoyens. La mise en oeuvre de cette communication se fait gr\u00e2ce \u00e0 l&rsquo;utilisation d&rsquo;outils informatiques (site internet, &#8230;) et n\u00e9cessite la collecte de donn\u00e9es personnelles (diffusion de newsletters, adh\u00e9sions, navigation internet, dons,&#8230;).<\/p>\n<p>ERN s\u2019engage \u00e0 g\u00e9rer vos donn\u00e9es personnelles conform\u00e9ment \u00e0 la l\u00e9gislation applicable en mati\u00e8re de traitement des donn\u00e9es personnelles, conform\u00e9ment au R\u00e8glement G\u00e9n\u00e9ral sur la Protection des Donn\u00e9es (RGPD) adopt\u00e9 par le Parlement europ\u00e9en le 14 avril 2016, et \u00e0 la Loi Informatique et Libert\u00e9s du 6 janvier 1978 modifi\u00e9e.<\/p>\n<p>Comme \u00e9voqu\u00e9 plus haut, ERN collecte uniquement les donn\u00e9es personnelles utiles \u00e0 la r\u00e9alisation de sa mission ou afin d&rsquo;offrir un service \u00e0 ses adh\u00e9rents. Seules sont collect\u00e9es les donn\u00e9es personnelles qui lui sont communiqu\u00e9es par vos soins ou par des tiers, dans le cadre d&rsquo;un service demand\u00e9, et uniquement si r\u00e9ception d&rsquo;un consentement explicite (sur notre site internet, par l&rsquo;inscription \u00e0 la newsletter, lors du t\u00e9l\u00e9chargement de publication, par la r\u00e9alisation d&rsquo;un don, etc).<\/p>\n<p>Certaines donn\u00e9es sont collect\u00e9es \u00e0 l\u2019aide de cookies : <a href=\"https:\/\/www.ern.org\/fr\/politique-relative-aux-cookies\/\">voir notre politique en mati\u00e8re de cookies.<\/a><\/p>\n<p>ERN conserve vos donn\u00e9es durant la p\u00e9riode n\u00e9cessaire \u00e0 la bonne gestion du service demand\u00e9, ou autant de temps que n\u00e9cessaire pour r\u00e9pondre \u00e0 toutes les obligations l\u00e9gales et fiscales ou jusqu\u2019\u00e0 renonciation explicite de la part des personnes concern\u00e9es.<\/p>\n<p>Vous pouvez toujours contr\u00f4ler vos donn\u00e9es et les faire modifier ou supprimer si n\u00e9cessaire. Pour ce faire, prenez contact avec nous par t\u00e9l\u00e9phone (0471055788) ou par e-mail (sosloirevivante@rivernet.org). Un lien de d\u00e9sinscription est \u00e9galement disponible sur toutes nos communications.<\/p>\n<p>Vos donn\u00e9es sont trait\u00e9es de mani\u00e8re s\u00e9curis\u00e9e. L&rsquo;acc\u00e8s en est s\u00e9curis\u00e9 avec des codes d&rsquo;acc\u00e8s personnels pour utiliser les outils, un h\u00e9bergement sur des serveurs s\u00e9curis\u00e9s. ERN n&rsquo;\u00e9change, ne c\u00e8de et ne commercialise aucune information personnelle.<\/p>\n<p>Certaines zones de ce site internet peuvent contenir des liens vers des sites web tiers. Ces liens \u00e9tant fournis pour votre commodit\u00e9, veuillez toutefois noter que nous n&rsquo;exer\u00e7ons aucun contr\u00f4le sur les tiers ou leurs sites web, dont la politique de confidentialit\u00e9 peut \u00eatre diff\u00e9rente de la n\u00f4tre. Veillez donc \u00e0 les consulter, lorsque vous changez de site web.<\/p>\n","protected":false},"excerpt":{"rendered":"<p>POLITIQUE DE CONFIDENTIALIT\u00c9 European Rivers Network (ERN) est une ONG bas\u00e9e en France (8, rue du Crozatier &#8211; 43000 LE PUY EN VELAY), engag\u00e9e dans la pr\u00e9servation et la gestion durable des fleuves, des rivi\u00e8res et de la ressource en eau. Afin de maintenir un r\u00e9seau de fleuves et de rivi\u00e8res \u00ab\u00a0vivants\u00a0\u00bb \u00e0 l\u2019\u00e9chelle europ\u00e9enne, [&hellip;]<\/p>\n","protected":false},"author":5,"featured_media":0,"parent":0,"menu_order":0,"comment_status":"closed","ping_status":"closed","template":"","meta":{"footnotes":""},"class_list":["post-5451","page","type-page","status-publish","hentry"],"_links":{"self":[{"href":"https:\/\/www.ern.org\/fr\/wp-json\/wp\/v2\/pages\/5451","targetHints":{"allow":["GET"]}}],"collection":[{"href":"https:\/\/www.ern.org\/fr\/wp-json\/wp\/v2\/pages"}],"about":[{"href":"https:\/\/www.ern.org\/fr\/wp-json\/wp\/v2\/types\/page"}],"author":[{"embeddable":true,"href":"https:\/\/www.ern.org\/fr\/wp-json\/wp\/v2\/users\/5"}],"replies":[{"embeddable":true,"href":"https:\/\/www.ern.org\/fr\/wp-json\/wp\/v2\/comments?post=5451"}],"version-history":[{"count":0,"href":"https:\/\/www.ern.org\/fr\/wp-json\/wp\/v2\/pages\/5451\/revisions"}],"wp:attachment":[{"href":"https:\/\/www.ern.org\/fr\/wp-json\/wp\/v2\/media?parent=5451"}],"curies":[{"name":"wp","href":"https:\/\/api.w.org\/{rel}","templated":true}]}}