{"id":5401,"date":"2018-10-09T00:01:32","date_gmt":"2018-10-08T22:01:32","guid":{"rendered":"https:\/\/www.ern.org\/?page_id=5401"},"modified":"2026-04-10T07:05:54","modified_gmt":"2026-04-10T05:05:54","slug":"campagne-protegeons-leau","status":"publish","type":"page","link":"https:\/\/www.ern.org\/fr\/living-rivers-europe\/campagne-protegeons-leau\/","title":{"rendered":"Campagne \u00ab\u00a0Protegeons l&rsquo;eau\u00a0\u00bb (# ProtectWater)"},"content":{"rendered":"\n<style type=\"text\/css\" data-created_by=\"avia_inline_auto\" id=\"style-css-av-5ezks9-dc506779c51c8ecf16e31ed5593adf62\">\n.flex_column.av-5ezks9-dc506779c51c8ecf16e31ed5593adf62{\nborder-radius:0px 0px 0px 0px;\npadding:0px 0px 0px 0px;\n}\n<\/style>\n<div  class='flex_column av-5ezks9-dc506779c51c8ecf16e31ed5593adf62 av_one_fourth  avia-builder-el-0  el_before_av_three_fourth  avia-builder-el-first  first flex_column_div av-zero-column-padding  '     ><section  class='av_textblock_section av-jvnmekza-c26addbb20a18b23ff8027b287fc0409 '   itemscope=\"itemscope\" itemtype=\"https:\/\/schema.org\/CreativeWork\" ><div class='avia_textblock'  itemprop=\"text\" ><p><img loading=\"lazy\" decoding=\"async\" class=\"size-full wp-image-11782 aligncenter\" src=\"http:\/\/www.ern.org\/wp-content\/uploads\/2020\/05\/wwf_wfd_frog_paint_vari_656000.jpg\" alt=\"\" width=\"304\" height=\"303\" \/><\/p>\n<h5 style=\"text-align: center;\"><\/h5>\n<\/div><\/section><\/div>\n<style type=\"text\/css\" data-created_by=\"avia_inline_auto\" id=\"style-css-av-3qsnix-2ca8ef87cf383b2c5d011f3de1fb9c48\">\n.flex_column.av-3qsnix-2ca8ef87cf383b2c5d011f3de1fb9c48{\nborder-radius:0px 0px 0px 0px;\npadding:0px 0px 0px 0px;\n}\n<\/style>\n<div  class='flex_column av-3qsnix-2ca8ef87cf383b2c5d011f3de1fb9c48 av_three_fourth  avia-builder-el-2  el_after_av_one_fourth  el_before_av_one_half  flex_column_div av-zero-column-padding  '     ><p>\n<style type=\"text\/css\" data-created_by=\"avia_inline_auto\" id=\"style-css-av-2y04q2-9c29f3434ae142d38037be5907fe006b\">\n#top .hr.hr-invisible.av-2y04q2-9c29f3434ae142d38037be5907fe006b{\nheight:30px;\n}\n<\/style>\n<div  class='hr av-2y04q2-9c29f3434ae142d38037be5907fe006b hr-invisible  avia-builder-el-3  el_before_av_heading  avia-builder-el-first '><span class='hr-inner '><span class=\"hr-inner-style\"><\/span><\/span><\/div><br \/>\n\n<style type=\"text\/css\" data-created_by=\"avia_inline_auto\" id=\"style-css-av-24tw2h-588adc00d4a78ea1f289ccbf900d542a\">\n#top .av-special-heading.av-24tw2h-588adc00d4a78ea1f289ccbf900d542a{\npadding-bottom:10px;\n}\nbody .av-special-heading.av-24tw2h-588adc00d4a78ea1f289ccbf900d542a .av-special-heading-tag .heading-char{\nfont-size:25px;\n}\n.av-special-heading.av-24tw2h-588adc00d4a78ea1f289ccbf900d542a .av-subheading{\nfont-size:15px;\n}\n<\/style>\n<div  class='av-special-heading av-24tw2h-588adc00d4a78ea1f289ccbf900d542a av-special-heading-h2 blockquote modern-quote modern-centered  avia-builder-el-4  el_after_av_hr  el_before_av_hr  av-linked-heading'><h2 class='av-special-heading-tag '  itemprop=\"headline\"  >SAUVONS LA DIRECTIVE CADRE EAU ET NOS RIVIERES<\/h2><div class='av-subheading av-subheading_below'><p>Campagne Protectwater : pour une legislation europ\u00e9eene sur l&rsquo;eau ambitieuse et forte<\/p>\n<\/div><div class=\"special-heading-border\"><div class=\"special-heading-inner-border\"><\/div><\/div><\/div><br \/>\n<div  class='hr av-2y04q2-13-a0c4c6bea9f1b3ea5ee13c7ff02c8db1 hr-default  avia-builder-el-5  el_after_av_heading  el_before_av_textblock '><span class='hr-inner '><span class=\"hr-inner-style\"><\/span><\/span><\/div><br \/>\n<section  class='av_textblock_section av-jvnmekza-14-97f8f1e0ccfe519f0e6cc582fee2e4b7 '   itemscope=\"itemscope\" itemtype=\"https:\/\/schema.org\/CreativeWork\" ><div class='avia_textblock'  itemprop=\"text\" ><h5 style=\"text-align: center;\"><span title=\"\"><span class=\"tlid-translation translation\" lang=\"fr\">21 Juillet 2020<\/span><\/span> :\u00a0<span title=\"\"><span class=\"tlid-translation translation\" lang=\"fr\"><span title=\"\">1000\u00e8me jour du processus de r\u00e9vision de la Directive Cadre Eau !<br \/>\n<b>Il est temps pour la Commission Europ\u00e9enne de conclure ce d\u00e9bat !<\/b><br \/>\n<\/span><\/span><\/span><\/h5>\n<\/div><\/section><\/p><\/div><\/p>\n\n<style type=\"text\/css\" data-created_by=\"avia_inline_auto\" id=\"style-css-av-4w3x6x-b2a41feab1d1f6adfafaea1fb753a605\">\n.flex_column.av-4w3x6x-b2a41feab1d1f6adfafaea1fb753a605{\nborder-radius:0px 0px 0px 0px;\npadding:0px 0px 0px 0px;\n}\n<\/style>\n<div  class='flex_column av-4w3x6x-b2a41feab1d1f6adfafaea1fb753a605 av_one_half  avia-builder-el-7  el_after_av_three_fourth  el_before_av_one_half  first flex_column_div av-zero-column-padding  column-top-margin'     ><p><section  class='av_textblock_section av-jlwczi3z-0d35510e887c3121f7b372957585f4db '   itemscope=\"itemscope\" itemtype=\"https:\/\/schema.org\/CreativeWork\" ><div class='avia_textblock'  itemprop=\"text\" ><p>Avec 60 % des rivi\u00e8res, lacs et zones humides de l&rsquo;Union Europ\u00e9enne dans un \u00e9tat d\u00e9plorable, nous ne pouvons pas nous permettre de perdre plus de temps. Une l\u00e9gislation solide est en place pour d\u00e9fendre ces \u00e9cosyst\u00e8mes, dont l&rsquo;\u00e9pine dorsale est la directive-cadre sur l&rsquo;eau (DCE) de 2000. Mais les progr\u00e8s ont \u00e9t\u00e9 lents en raison de la mauvaise mise en \u0153uvre et application de la loi.<\/p>\n<\/div><\/section><br \/>\n\n<style type=\"text\/css\" data-created_by=\"avia_inline_auto\" id=\"style-css-av-jn06p8wc-3cc891baef02d6f58b29f465d96707f1\">\n#top .hr.hr-invisible.av-jn06p8wc-3cc891baef02d6f58b29f465d96707f1{\nheight:25px;\n}\n<\/style>\n<div  class='hr av-jn06p8wc-3cc891baef02d6f58b29f465d96707f1 hr-invisible  avia-builder-el-9  el_after_av_textblock  el_before_av_textblock '><span class='hr-inner '><span class=\"hr-inner-style\"><\/span><\/span><\/div><br \/>\n<section  class='av_textblock_section av-jlwczi3z-12-947676f7f48bb04bf6e41a7fb1965f42 '   itemscope=\"itemscope\" itemtype=\"https:\/\/schema.org\/CreativeWork\" ><div class='avia_textblock'  itemprop=\"text\" ><h5>La DCE sous sa forme actuelle est le bon outil pour prot\u00e9ger l&rsquo;eau<\/h5>\n<div><\/div>\n<\/div><\/section><br \/>\n<section  class='av_textblock_section av-jlwczi3z-10-67faf71525eaa16a28b2bee582c43789 '   itemscope=\"itemscope\" itemtype=\"https:\/\/schema.org\/CreativeWork\" ><div class='avia_textblock'  itemprop=\"text\" ><p><iframe loading=\"lazy\" src=\"https:\/\/player.vimeo.com\/video\/420304235\" width=\"600\" height=\"337\" frameborder=\"0\" allowfullscreen=\"allowfullscreen\"><\/iframe><\/p>\n<\/div><\/section><br \/>\n<section  class='av_textblock_section av-jlwczi3z-9-a5a36912df4061a15c8fadb2890d6de8 '   itemscope=\"itemscope\" itemtype=\"https:\/\/schema.org\/CreativeWork\" ><div class='avia_textblock'  itemprop=\"text\" ><p>Depuis fin 2018, les citoyens ont massivement particip\u00e9 \u00e0 la consultation publique de la Commission Europ\u00e9enne, via la campagne \u00ab ProtectWater \u00bb.\u00a0<span class=\"tlid-translation translation\" lang=\"fr\"><span title=\"\">375 000 citoyens \u00e0 travers toute l<\/span><\/span><span class=\"tlid-translation translation\" lang=\"fr\"><span title=\"\">&lsquo;Europe <\/span><\/span><span class=\"tlid-translation translation\" lang=\"fr\"><span title=\"\">ont demand\u00e9<\/span><\/span> <span class=\"tlid-translation translation\" lang=\"fr\"><span title=\"\">que la DCE soit maintenue et reste inchang\u00e9e.<\/span><\/span> Depuis, +5 500 scientifiques, 130 organisations de la soci\u00e9t\u00e9 civile, 9 Etats Membres dont la France et 23 grandes entreprises se sont prononc\u00e9s en ce sens. Tous reconnaissent que la Directive Cadre Eau donne un cadre ambitieux et protecteur de l&rsquo;environnement qu\u2019il n\u2019est pas opportun de changer et qu\u2019il faut renforcer sa mise en \u0153uvre op\u00e9rationnelle. M\u00eame les conclusions \u00ab du bilan de qualit\u00e9 \u00bb qui a dur\u00e9 2 ans, men\u00e9 par la Commission soulignent que la Directive Cadre Eau est \u201cadapt\u00e9e \u00e0 ses objectifs \u00bb. <a href=\"https:\/\/www.ern.org\/fr\/living-rivers-europe\/\">plus d&rsquo;infos<\/a><\/p>\n<p><strong>Alors, pourquoi la Commission Europ\u00e9enne n&rsquo;a-t-elle toujours pas d\u00e9clar\u00e9 qu&rsquo;elle ne changerait pas cette loi ?\u00a0<\/strong><\/p>\n<p>En refusant de donner le feu vert final \u00e0 la DCE, la Commission ralentit inutilement la mise en \u0153uvre de la loi et cr\u00e9e un environnement juridique incertain. Nos rivi\u00e8res, nos lacs, nos zones humides et la faune qu&rsquo;ils abritent ne peuvent pas tenir plus longtemps &#8211; ils ont besoin d&rsquo;une meilleure application de la loi MAINTENANT.<\/p>\n<\/div><\/section><\/p><\/div>\n\n<style type=\"text\/css\" data-created_by=\"avia_inline_auto\" id=\"style-css-av-5at449-52b9eeeec625a7ae22ffb9abb3443baf\">\n.flex_column.av-5at449-52b9eeeec625a7ae22ffb9abb3443baf{\nborder-radius:0px 0px 0px 0px;\npadding:0px 0px 0px 0px;\n}\n<\/style>\n<div  class='flex_column av-5at449-52b9eeeec625a7ae22ffb9abb3443baf av_one_half  avia-builder-el-13  el_after_av_one_half  el_before_av_hr  flex_column_div av-zero-column-padding  column-top-margin'     ><section  class='av_textblock_section av-jlwczi3z-8-e74b40cbd2d4312d4e3c21c51481009b '   itemscope=\"itemscope\" itemtype=\"https:\/\/schema.org\/CreativeWork\" ><div class='avia_textblock'  itemprop=\"text\" ><h5>AGIR MAINTENANT !!<\/h5>\n<\/div><\/section><br \/>\n<section  class='av_textblock_section av-jlwczi3z-7-a322f17bfa4559001a35dbcca4216fc4 '   itemscope=\"itemscope\" itemtype=\"https:\/\/schema.org\/CreativeWork\" ><div class='avia_textblock'  itemprop=\"text\" ><div><\/div>\n<div>\n<p>Le 21 juillet marquera le milli\u00e8me jours depuis le lancement de l&rsquo;examen ind\u00e9pendant de notre l\u00e9gislation sur l&rsquo;eau.<\/p>\n<p>D\u00e8s \u00e0 pr\u00e9sent et jusque d\u00e9but juillet, les citoyens europ\u00e9ens, via la campagne \u00ab\u00a0Protectwater\u00a0\u00bb, sont appel\u00e9s \u00e0 se mobiliser une nouvelle fois aupr\u00e8s de la Commission pour la faire stopper un d\u00e9bat sans fin sur d\u2019\u00e9ventuelles modifications qui risqueraient d\u2019affaiblir cette loi unique. Ainsi \u00e9crivez personnellement, via un<a href=\"https:\/\/www.livingrivers.eu\/fr\/take-action?utm_source=ern_social&amp;utm_medium=social&amp;utm_campaign=1000\"> formulaire<\/a> \u00e0 la Commission Europ\u00e9enne pour lui exprimer avec vos propres mots cette incompr\u00e9hension et le besoin urgent de statuer pour prot\u00e9ger nos fleuves et rivi\u00e8res d\u2019Europe. Le formulaire vous permet d&rsquo;envoyer un message depuis votre propre bo\u00eete mail directement \u00e0 Virginijus Sinkevi\u010dius, commissaire europ\u00e9en charg\u00e9 de l&rsquo;environnement, des oc\u00e9ans et de la p\u00eache, et \u00e0 Frans Timmermans, vice-pr\u00e9sident ex\u00e9cutif.<\/p>\n<p>Nous avons d\u00e9j\u00e0 montr\u00e9 que les citoyens savaient se mobiliser en nombre (375 386 pour \u00eatre pr\u00e9cis ! avec la consultation publique). Ecrivez aujourd&rsquo;hui un message personnel et authentique, qu&rsquo;il s&rsquo;agisse d&rsquo;une histoire concernant votre rivi\u00e8re, ou les raisons qui vous ont pouss\u00e9 \u00e0 participer \u00e0\u00a0 la consultation publique, etc.<\/p>\n<\/div>\n<\/div><\/section><br \/>\n\n<style type=\"text\/css\" data-created_by=\"avia_inline_auto\" id=\"style-css-av-jn06p8wc-11-b609646ba694d668836c7d45c4e421e1\">\n#top .hr.hr-invisible.av-jn06p8wc-11-b609646ba694d668836c7d45c4e421e1{\nheight:25px;\n}\n<\/style>\n<div  class='hr av-jn06p8wc-11-b609646ba694d668836c7d45c4e421e1 hr-invisible  avia-builder-el-16  el_after_av_textblock  el_before_av_textblock '><span class='hr-inner '><span class=\"hr-inner-style\"><\/span><\/span><\/div><br \/>\n<section  class='av_textblock_section av-jlwczi3z-6-1e0354260ebf078a7e3991a846173efb '   itemscope=\"itemscope\" itemtype=\"https:\/\/schema.org\/CreativeWork\" ><div class='avia_textblock'  itemprop=\"text\" ><h3>Ecrivez \u00e0 la commission Europ\u00e9enne, <span style=\"color: #0000ff;\"><a style=\"color: #0000ff;\" href=\"https:\/\/www.livingrivers.eu\/fr\/take-action?utm_source=ern_social&amp;utm_medium=social&amp;utm_campaign=1000_days\">cliquez ici <\/a> <\/span><\/h3>\n<p>-&gt; redirection vers le site europ\u00e9en de la campagne \u00ab\u00a0Protectwater\u00a0\u00bb et le formulaire pour l&rsquo;envoi du message<\/p>\n<\/div><\/section><br \/>\n\n<style type=\"text\/css\" data-created_by=\"avia_inline_auto\" id=\"style-css-av-jn06p8wc-5-1a0d66607f7e099262a22c2d8282167e\">\n#top .hr.hr-invisible.av-jn06p8wc-5-1a0d66607f7e099262a22c2d8282167e{\nheight:25px;\n}\n<\/style>\n<div  class='hr av-jn06p8wc-5-1a0d66607f7e099262a22c2d8282167e hr-invisible  avia-builder-el-18  el_after_av_textblock  el_before_av_textblock '><span class='hr-inner '><span class=\"hr-inner-style\"><\/span><\/span><\/div><br \/>\n<section  class='av_textblock_section av-jlwczi3z-4-af5f7a4b20182dde21e3a3e2ca671cfe '   itemscope=\"itemscope\" itemtype=\"https:\/\/schema.org\/CreativeWork\" ><div class='avia_textblock'  itemprop=\"text\" ><p style=\"text-align: center;\">Un peu d&rsquo;inspiration pour votre message dans les vid\u00e9os ci-dessous.<\/p>\n<p style=\"text-align: center;\"><iframe loading=\"lazy\" src=\"https:\/\/player.vimeo.com\/video\/420337583\" width=\"150\" height=\"101\" frameborder=\"0\" allowfullscreen=\"allowfullscreen\"><\/iframe> <iframe loading=\"lazy\" src=\"https:\/\/player.vimeo.com\/video\/420341246\" width=\"150\" height=\"101\" frameborder=\"0\" allowfullscreen=\"allowfullscreen\"><\/iframe> <iframe loading=\"lazy\" src=\"https:\/\/player.vimeo.com\/video\/420344809\" width=\"150\" height=\"101\" frameborder=\"0\" allowfullscreen=\"allowfullscreen\"><\/iframe><\/p>\n<\/div><\/section><br \/>\n<section  class='av_textblock_section av-jlwczi3z-2-cf235787ee2c1007e70d80962bf85f92 '   itemscope=\"itemscope\" itemtype=\"https:\/\/schema.org\/CreativeWork\" ><div class='avia_textblock'  itemprop=\"text\" ><h5 style=\"text-align: center;\">Les rivi\u00e8res vous disent merci pour votre soutien !<\/h5>\n<\/div><\/section><br \/>\n\n<style type=\"text\/css\" data-created_by=\"avia_inline_auto\" id=\"style-css-av-jn06p8wc-3-f92ec7d0138ab59730b75883aca3689a\">\n#top .hr.hr-invisible.av-jn06p8wc-3-f92ec7d0138ab59730b75883aca3689a{\nheight:25px;\n}\n<\/style>\n<div  class='hr av-jn06p8wc-3-f92ec7d0138ab59730b75883aca3689a hr-invisible  avia-builder-el-21  el_after_av_textblock  el_before_av_toggle_container '><span class='hr-inner '><span class=\"hr-inner-style\"><\/span><\/span><\/div><br \/>\n<div  class='togglecontainer av-kaeb1twb-7d0a74726cc2b6c40bec2ddad1e3b144  avia-builder-el-22  el_after_av_hr  avia-builder-el-last  toggle_close_all' >\n<section class='av_toggle_section av-3rq389-cb2614f3f086f706c681eec89fde59b1'  itemscope=\"itemscope\" itemtype=\"https:\/\/schema.org\/CreativeWork\" ><div role=\"tablist\" class=\"single_toggle\" data-tags=\"{Tout} \"  ><p id='toggle-toggle-id-1' data-fake-id='#toggle-id-1' class='toggler  av-title-above '  itemprop=\"headline\"  role='tab' tabindex='0' aria-controls='toggle-id-1' data-slide-speed=\"200\" data-title=\"Rivi\u00e8res et lacs sont menac\u00e9s ! Ce que nous demandons !\" data-title-open=\"\" data-aria_collapsed=\"Cliquez pour \u00e9tendre : Rivi\u00e8res et lacs sont menac\u00e9s ! Ce que nous demandons !\" data-aria_expanded=\"Cliquez pour r\u00e9duire : Rivi\u00e8res et lacs sont menac\u00e9s ! Ce que nous demandons !\">Rivi\u00e8res et lacs sont menac\u00e9s ! Ce que nous demandons !<span class=\"toggle_icon\"><span class=\"vert_icon\"><\/span><span class=\"hor_icon\"><\/span><\/span><\/p><div id='toggle-id-1' aria-labelledby='toggle-toggle-id-1' role='region' class='toggle_wrap  av-title-above'  ><div class='toggle_content invers-color '  itemprop=\"text\" ><h3><strong>\u00a0<\/strong><\/h3>\n<p>L\u2019eau et les \u00e9cosyst\u00e8mes aquatiques, \u00e9l\u00e9ments indispensables \u00e0 notre vie, notre alimentation, \u00e0 notre sant\u00e9, \u00e0 nos activit\u00e9s, \u00e0 notre bien \u00eatre, sont aujourd\u2019hui prot\u00e9g\u00e9s par le droit communautaire, \u00e0 travers la Directive Cadre Eau (DCE) adopt\u00e9e en 2000. Cette loi d\u00e9finie un cadre pour pr\u00e9venir la d\u00e9t\u00e9rioration, restaurer les \u00e9cosyst\u00e8mes d&rsquo;eau douce et assurer un approvisionnement en eau potable pour les diff\u00e9rents usages de l\u2019eau. L&rsquo;\u00e9ch\u00e9ance fix\u00e9e est 2027.<\/p>\n<p>Dix-huit ann\u00e9es apr\u00e8s l&rsquo;introduction de la Directive, on estime que seulement 40% des eaux en Europe sont en bonne sant\u00e9, alors que la DCE est l&rsquo;outil le plus progressiste de l&rsquo;UE. La Commission Europ\u00e9enne a lanc\u00e9 un processus de r\u00e9vision de la Directive et examinera entre autres si les objectifs peuvent \u00eatre atteints avec les dispositions qui y figurent.<\/p>\n<p>Ces travaux pr\u00e9sentent un risque que la DCE soit affaiblie. Des industriels et gouvernements\u00a0 font pression pour demander des d\u00e9rogations ou des normes moins rigoureuses.<\/p>\n<p>Pour les associations environnementales,\u00a0 la Directive Cadre sur l&rsquo;Eau est efficace, ce sont les politiques des gouvernements qui ne sont pas \u00e0 la hauteur des enjeux. La DCE doit \u00eatre maintenue et sa mise en \u0153uvre conduite de fa\u00e7on plus ambitieuse (<a href=\"https:\/\/www.ern.org\/fr\/living-rivers-europe\/directive-cadre-eau\/\">lire notre argumentaire<\/a>).\u00a0Pour prot\u00e9ger nos fleuves, nos lacs et nos rivi\u00e8res, et toutes les esp\u00e8ces qui en d\u00e9pendent, nous devons prot\u00e9ger la Directive Cadre sur l&rsquo;Eau !<\/p>\n<\/div><\/div><\/div><\/section>\n<section class='av_toggle_section av-2qysc9-f7b87196681ceb2dbe33ec6d047c1d4d'  itemscope=\"itemscope\" itemtype=\"https:\/\/schema.org\/CreativeWork\" ><div role=\"tablist\" class=\"single_toggle\" data-tags=\"{Tout} \"  ><p id='toggle-toggle-id-2' data-fake-id='#toggle-id-2' class='toggler  av-title-above '  itemprop=\"headline\"  role='tab' tabindex='0' aria-controls='toggle-id-2' data-slide-speed=\"200\" data-title=\"Campagne #Protectwater, Living Rivers Europe ! c\u2018est quoi, c\u2019est qui ?\" data-title-open=\"\" data-aria_collapsed=\"Cliquez pour \u00e9tendre : Campagne #Protectwater, Living Rivers Europe ! c\u2018est quoi, c\u2019est qui ?\" data-aria_expanded=\"Cliquez pour r\u00e9duire : Campagne #Protectwater, Living Rivers Europe ! c\u2018est quoi, c\u2019est qui ?\">Campagne #Protectwater, Living Rivers Europe ! c\u2018est quoi, c\u2019est qui ?<span class=\"toggle_icon\"><span class=\"vert_icon\"><\/span><span class=\"hor_icon\"><\/span><\/span><\/p><div id='toggle-id-2' aria-labelledby='toggle-toggle-id-2' role='region' class='toggle_wrap  av-title-above'  ><div class='toggle_content invers-color '  itemprop=\"text\" ><p>La campagne #ProtectWater a \u00e9t\u00e9 lanc\u00e9e en 2018 par le WWF, le Bureau europ\u00e9en de l&rsquo;environnement, Wetlands International, la European Anglers Alliance et le European Rivers Network, qui forment ensemble <a href=\"https:\/\/www.ern.org\/fr\/living-rivers-europe\/\">Living Rivers Europe<\/a> et repr\u00e9sentent ensemble un mouvement de plus de 40 millions de personnes en Europe.<\/p>\n<p>La campagne offre une plate-forme aux citoyens et aux parties prenantes pour d\u00e9fendre les rivi\u00e8res d&rsquo;Europe et la DCE. Depuis 2018, la campagne a mobilis\u00e9 une base de soutien de centaines de milliers de citoyens europ\u00e9ens, de scientifiques et de groupes de la soci\u00e9t\u00e9 civile, qui souhaitent tous que la DCE reste intacte, et qu&rsquo;elle soit pleinement mise en \u0153uvre et appliqu\u00e9e.<\/p>\n<p>L\u2019objectif de <a href=\"https:\/\/www.livingrivers.eu\/\">#ProtectWater<\/a> est de d\u00e9fendre la Directive Cadre sur l\u2019Eau de l\u2019UE (DCE) et au travers de cet outil prot\u00e9ger les rivi\u00e8res, les lacs, les nappes phr\u00e9atiques et les zones humides de l\u2019Europe, ainsi que la faune et la flore qu\u2019ils abritent, pour les g\u00e9n\u00e9rations \u00e0 venir.<\/p>\n<\/div><\/div><\/div><\/section>\n<\/div><\/p><\/div>\n\n<style type=\"text\/css\" data-created_by=\"avia_inline_auto\" id=\"style-css-av-jn06p8wc-1-78be04a76505beaac346620ff6bac1ab\">\n#top .hr.hr-invisible.av-jn06p8wc-1-78be04a76505beaac346620ff6bac1ab{\nheight:25px;\n}\n<\/style>\n<div  class='hr av-jn06p8wc-1-78be04a76505beaac346620ff6bac1ab hr-invisible  avia-builder-el-23  el_after_av_one_half  el_before_av_one_full '><span class='hr-inner '><span class=\"hr-inner-style\"><\/span><\/span><\/div>\n\n<style type=\"text\/css\" data-created_by=\"avia_inline_auto\" id=\"style-css-av-1wr93t-8da114770f280da9ff244daba5ee7eca\">\n.flex_column.av-1wr93t-8da114770f280da9ff244daba5ee7eca{\nborder-radius:0px 0px 0px 0px;\npadding:0px 0px 0px 0px;\n}\n<\/style>\n<div  class='flex_column av-1wr93t-8da114770f280da9ff244daba5ee7eca av_one_full  avia-builder-el-24  el_after_av_hr  avia-builder-el-last  first flex_column_div av-zero-column-padding  '     ><section  class='av_textblock_section av-jlwekcdx-bd7366369445fc10dd81f2afaa1eb6c4 '   itemscope=\"itemscope\" itemtype=\"https:\/\/schema.org\/CreativeWork\" ><div class='avia_textblock'  itemprop=\"text\" ><p>La campagne #ProtectWater est men\u00e9e par le WWF, le Bureau europ\u00e9en de l&rsquo;environnement, Wetlands International, la European Anglers Alliance et le European Rivers Network, qui forment ensemble <a href=\"https:\/\/www.ern.org\/fr\/living-rivers-europe\/\">Living Rivers Europe<\/a>.<\/p>\n<p><img loading=\"lazy\" decoding=\"async\" class=\"alignnone wp-image-4506 size-full\" src=\"https:\/\/www.ern.org\/wp-content\/uploads\/sites\/52\/2018\/07\/tousLRE.jpg\" sizes=\"auto, (max-width: 786px) 100vw, 786px\" srcset=\"https:\/\/www.ern.org\/wp-content\/uploads\/sites\/52\/2018\/07\/tousLRE.jpg 786w, https:\/\/www.ern.org\/wp-content\/uploads\/sites\/52\/2018\/07\/tousLRE-300x31.jpg 300w, https:\/\/www.ern.org\/wp-content\/uploads\/sites\/52\/2018\/07\/tousLRE-768x80.jpg 768w, https:\/\/www.ern.org\/wp-content\/uploads\/sites\/52\/2018\/07\/tousLRE-705x74.jpg 705w, https:\/\/www.ern.org\/wp-content\/uploads\/sites\/52\/2018\/07\/tousLRE-450x47.jpg 450w\" alt=\"\" width=\"786\" height=\"82\" \/><\/p>\n<h4><a href=\"https:\/\/www.ern.org\/fr\/living-rivers-europe\/\"><img loading=\"lazy\" decoding=\"async\" class=\"alignnone wp-image-4617\" src=\"http:\/\/www.ern.org\/wp-content\/uploads\/sites\/52\/2018\/07\/LR_1-300x135.png\" alt=\"\" width=\"150\" height=\"67\" \/><\/a><\/h4>\n<h4><\/h4>\n<\/div><\/section><\/div>\n","protected":false},"excerpt":{"rendered":"","protected":false},"author":4,"featured_media":0,"parent":4426,"menu_order":0,"comment_status":"closed","ping_status":"closed","template":"","meta":{"footnotes":""},"class_list":["post-5401","page","type-page","status-publish","hentry"],"_links":{"self":[{"href":"https:\/\/www.ern.org\/fr\/wp-json\/wp\/v2\/pages\/5401","targetHints":{"allow":["GET"]}}],"collection":[{"href":"https:\/\/www.ern.org\/fr\/wp-json\/wp\/v2\/pages"}],"about":[{"href":"https:\/\/www.ern.org\/fr\/wp-json\/wp\/v2\/types\/page"}],"author":[{"embeddable":true,"href":"https:\/\/www.ern.org\/fr\/wp-json\/wp\/v2\/users\/4"}],"replies":[{"embeddable":true,"href":"https:\/\/www.ern.org\/fr\/wp-json\/wp\/v2\/comments?post=5401"}],"version-history":[{"count":2,"href":"https:\/\/www.ern.org\/fr\/wp-json\/wp\/v2\/pages\/5401\/revisions"}],"predecessor-version":[{"id":25188,"href":"https:\/\/www.ern.org\/fr\/wp-json\/wp\/v2\/pages\/5401\/revisions\/25188"}],"up":[{"embeddable":true,"href":"https:\/\/www.ern.org\/fr\/wp-json\/wp\/v2\/pages\/4426"}],"wp:attachment":[{"href":"https:\/\/www.ern.org\/fr\/wp-json\/wp\/v2\/media?parent=5401"}],"curies":[{"name":"wp","href":"https:\/\/api.w.org\/{rel}","templated":true}]}}