{"id":5209,"date":"2018-08-24T23:03:54","date_gmt":"2018-08-24T21:03:54","guid":{"rendered":"https:\/\/www.ern.org\/?page_id=5209"},"modified":"2026-04-10T07:42:09","modified_gmt":"2026-04-10T05:42:09","slug":"rivieres-dimages","status":"publish","type":"page","link":"https:\/\/www.ern.org\/fr\/rivieres-dimages\/","title":{"rendered":"Rivieres d&rsquo;images"},"content":{"rendered":"\n<style type=\"text\/css\" data-created_by=\"avia_inline_auto\" id=\"style-css-av-3yuls9-d54d13ced3db29861db2df640c165e84\">\n.flex_column.av-3yuls9-d54d13ced3db29861db2df640c165e84{\nborder-radius:0px 0px 0px 0px;\npadding:0px 0px 0px 0px;\n}\n<\/style>\n<div  class='flex_column av-3yuls9-d54d13ced3db29861db2df640c165e84 av_one_full  avia-builder-el-0  avia-builder-el-no-sibling  first flex_column_div av-zero-column-padding  '     ><style type=\"text\/css\" data-created_by=\"avia_inline_auto\" id=\"style-css-av-39dw8p-cf2cb750268a60baeda219baaffa759a\">\n#top .av_textblock_section.av-39dw8p-cf2cb750268a60baeda219baaffa759a .avia_textblock{\nfont-size:18px;\n}\n<\/style>\n<section  class='av_textblock_section av-39dw8p-cf2cb750268a60baeda219baaffa759a '   itemscope=\"itemscope\" itemtype=\"https:\/\/schema.org\/CreativeWork\" ><div class='avia_textblock'  itemprop=\"text\" ><h2><img loading=\"lazy\" decoding=\"async\" class=\"aligncenter wp-image-6797\" src=\"http:\/\/www.ern.org\/wp-content\/uploads\/2016\/12\/site_ern_rifm.jpg\" alt=\"\" width=\"300\" height=\"316\" \/><\/h2>\n<h2 style=\"text-align: center;\">Un programme p\u00e9dagogique de d\u00e9couverte de la rivi\u00e8re \u00e0 la crois\u00e9e de l&rsquo;\u00e9ducation \u00e0 l&rsquo;environnement et de l&rsquo;expression artistique<\/h2>\n<p style=\"text-align: center;\">Rivi\u00e8res d&rsquo;Images et Fleuves de Mots est un projet p\u00e9dagogique de d\u00e9couverte de la rivi\u00e8re anim\u00e9 par ERN. Ce projet concerne les \u00e9coles de la maternelle au coll\u00e8ge de tout le bassin versant d&rsquo;un fleuve, de la source \u00e0 l&rsquo;estuaire, en passant par les affluents et affluents d&rsquo;affluents. ERN a cr\u00e9\u00e9 ce projet sur l\u2019Elbe, en Allemagne puis l\u2019a \u00e9tendu \u00e0 la Loire \u00e0 partir de 1998 o\u00f9 il continue chaque ann\u00e9e depuis. RIFM a \u00e9galement trouv\u00e9 un \u00e9cho en Espagne, sur le Rhin, en Thailande, en Australie\u2026 En 2017, ERN a lanc\u00e9 une nouvelle \u00e9dition pour les rivi\u00e8res fran\u00e7aises labellis\u00e9es \u00ab\u00a0Site rivi\u00e8res sauvages\u00a0\u00bb. Depuis plus de 20 ans, ce sont pr\u00e8s de 30 000 enfants (plus de 60 classes\/an) qui ont ainsi \u00e9t\u00e9 sensibilis\u00e9s \u00e0 la vie des fleuves et \u00e0 l\u2019\u00e9co-citoyennet\u00e9.<\/p>\n<h1 style=\"text-align: center;\"><\/h1>\n<h2 style=\"text-align: center;\"><span style=\"color: #ff0000;\"><span style=\"color: #000000;\">Plus d&rsquo;infos : Visitez notre site d\u00e9di\u00e9<\/span><\/span><strong><span style=\"color: #ff0000;\"><br \/>\n<a href=\"https:\/\/sosloirevivante.org\/rivieres-dimages-et-fleuves-de-mots\/\">www.rifm.fr<\/a><\/span><\/strong><\/h2>\n<h2 style=\"text-align: center;\"><strong><span style=\"color: #ff0000;\"><img loading=\"lazy\" decoding=\"async\" class=\"\" src=\"https:\/\/rivernet.org\/educ\/rifm2\/Images\/mosaic57k.jpg\" width=\"368\" height=\"257\" \/> <img loading=\"lazy\" decoding=\"async\" class=\"\" src=\"https:\/\/sosloirevivante.org\/wp-content\/uploads\/2023\/09\/Lapartducolibri_RIFM2023-300x225.jpg\" alt=\"R\u00e9alisation de la toile \" width=\"339\" height=\"254\" \/> <img loading=\"lazy\" decoding=\"async\" class=\"\" src=\"https:\/\/sosloirevivante.org\/wp-content\/uploads\/2022\/11\/04_036_LOI_Longue_vie_a_l_Indre_Ecole_Sainte_Therese-300x179.jpg\" alt=\"\" width=\"427\" height=\"255\" \/><\/span><\/strong><\/h2>\n<\/div><\/section><\/div>\n","protected":false},"excerpt":{"rendered":"","protected":false},"author":3,"featured_media":0,"parent":0,"menu_order":0,"comment_status":"closed","ping_status":"closed","template":"","meta":{"footnotes":""},"class_list":["post-5209","page","type-page","status-publish","hentry"],"_links":{"self":[{"href":"https:\/\/www.ern.org\/fr\/wp-json\/wp\/v2\/pages\/5209","targetHints":{"allow":["GET"]}}],"collection":[{"href":"https:\/\/www.ern.org\/fr\/wp-json\/wp\/v2\/pages"}],"about":[{"href":"https:\/\/www.ern.org\/fr\/wp-json\/wp\/v2\/types\/page"}],"author":[{"embeddable":true,"href":"https:\/\/www.ern.org\/fr\/wp-json\/wp\/v2\/users\/3"}],"replies":[{"embeddable":true,"href":"https:\/\/www.ern.org\/fr\/wp-json\/wp\/v2\/comments?post=5209"}],"version-history":[{"count":2,"href":"https:\/\/www.ern.org\/fr\/wp-json\/wp\/v2\/pages\/5209\/revisions"}],"predecessor-version":[{"id":25218,"href":"https:\/\/www.ern.org\/fr\/wp-json\/wp\/v2\/pages\/5209\/revisions\/25218"}],"wp:attachment":[{"href":"https:\/\/www.ern.org\/fr\/wp-json\/wp\/v2\/media?parent=5209"}],"curies":[{"name":"wp","href":"https:\/\/api.w.org\/{rel}","templated":true}]}}