{"id":5095,"date":"2017-02-01T23:23:42","date_gmt":"2017-02-01T22:23:42","guid":{"rendered":"https:\/\/www.ern.org\/wild-rivers\/"},"modified":"2025-11-13T12:27:30","modified_gmt":"2025-11-13T11:27:30","slug":"wild-rivers","status":"publish","type":"page","link":"https:\/\/www.ern.org\/fr\/wild-rivers\/","title":{"rendered":"Rivi\u00e8res sauvages pour l&rsquo;Europe &#8211; vers un label pour des grandes rivi\u00e8res europ\u00e9ennes"},"content":{"rendered":"\n<style type=\"text\/css\" data-created_by=\"avia_inline_auto\" id=\"style-css-av-26zrxi8-2f681baaee67861372cce4515a750b7c\">\n.flex_column.av-26zrxi8-2f681baaee67861372cce4515a750b7c{\n-webkit-border-radius:0px 0px 0px 0px;\n-moz-border-radius:0px 0px 0px 0px;\nborder-radius:0px 0px 0px 0px;\npadding:0px 0px 0px 0px;\n}\n<\/style>\n<div  class='flex_column av-26zrxi8-2f681baaee67861372cce4515a750b7c av_one_full  avia-builder-el-0  el_before_av_one_full  avia-builder-el-first  first flex_column_div av-zero-column-padding  '     ><p>\n<style type=\"text\/css\" data-created_by=\"avia_inline_auto\" id=\"style-css-av-kf3rxjue-85a2a2a0b5d11b9b26af9e02c80e1819\">\n#top .av-special-heading.av-kf3rxjue-85a2a2a0b5d11b9b26af9e02c80e1819{\npadding-bottom:10px;\n}\nbody .av-special-heading.av-kf3rxjue-85a2a2a0b5d11b9b26af9e02c80e1819 .av-special-heading-tag .heading-char{\nfont-size:25px;\n}\n.av-special-heading.av-kf3rxjue-85a2a2a0b5d11b9b26af9e02c80e1819 .av-subheading{\nfont-size:15px;\n}\n<\/style>\n<div  class='av-special-heading av-kf3rxjue-85a2a2a0b5d11b9b26af9e02c80e1819 av-special-heading-h2 blockquote modern-quote  avia-builder-el-1  el_before_av_hr  avia-builder-el-first  av-linked-heading'><h2 class='av-special-heading-tag'  itemprop=\"headline\"  >Rivi\u00e8res sauvages pour l\u2019Europe &#8211; faire \u00e9voluer le label fran\u00e7ais Rivi\u00e8res Sauvages vers l\u2019Europe<\/h2><div class=\"special-heading-border\"><div class=\"special-heading-inner-border\"><\/div><\/div><\/div><br \/>\n\n<style type=\"text\/css\" data-created_by=\"avia_inline_auto\" id=\"style-css-av-23bxx0w-999d4cc9b98b9d2a7da5745a6fc9ff9a\">\n#top .hr.av-23bxx0w-999d4cc9b98b9d2a7da5745a6fc9ff9a{\nmargin-top:0px;\nmargin-bottom:0px;\n}\n.hr.av-23bxx0w-999d4cc9b98b9d2a7da5745a6fc9ff9a .hr-inner{\nwidth:1500px;\nborder-color:#6786a1;\n}\n<\/style>\n<div  class='hr av-23bxx0w-999d4cc9b98b9d2a7da5745a6fc9ff9a hr-custom  avia-builder-el-2  el_after_av_heading  avia-builder-el-last  hr-left hr-icon-no'><span class='hr-inner inner-border-av-border-thin'><span class=\"hr-inner-style\"><\/span><\/span><\/div><\/p><\/div>\n<style type=\"text\/css\" data-created_by=\"avia_inline_auto\" id=\"style-css-av-cm4u74-e4b6da195631f0b438c0e561d71cbafd\">\n.flex_column.av-cm4u74-e4b6da195631f0b438c0e561d71cbafd{\n-webkit-border-radius:0px 0px 0px 0px;\n-moz-border-radius:0px 0px 0px 0px;\nborder-radius:0px 0px 0px 0px;\npadding:0px 0px 0px 0px;\n}\n<\/style>\n<div  class='flex_column av-cm4u74-e4b6da195631f0b438c0e561d71cbafd av_one_full  avia-builder-el-3  el_after_av_one_full  el_before_av_three_fourth  first flex_column_div av-zero-column-padding  column-top-margin'     ><div id='av-masonry-1' class='av-masonry av-kzc193u3-aa9c22efc636e658b94c7a3584a4cd3e noHover av-flex-size av-large-gap av-hover-overlay-active av-masonry-animation-active av-masonry-col-flexible av-caption-always av-caption-style- av-masonry-gallery ' data-post_id=\"5095\"><div class=\"av-masonry-container isotope av-js-disabled\"><div class='av-masonry-entry isotope-item av-masonry-item-no-image '><\/div><a href=\"https:\/\/www.ern.org\/wp-content\/uploads\/sites\/52\/2020\/09\/dynamique-fluviale-sur-la-Lech.jpg\" data-srcset=\"https:\/\/www.ern.org\/wp-content\/uploads\/sites\/52\/2020\/09\/dynamique-fluviale-sur-la-Lech.jpg 1020w, https:\/\/www.ern.org\/wp-content\/uploads\/sites\/52\/2020\/09\/dynamique-fluviale-sur-la-Lech-300x222.jpg 300w, https:\/\/www.ern.org\/wp-content\/uploads\/sites\/52\/2020\/09\/dynamique-fluviale-sur-la-Lech-768x569.jpg 768w, https:\/\/www.ern.org\/wp-content\/uploads\/sites\/52\/2020\/09\/dynamique-fluviale-sur-la-Lech-705x523.jpg 705w\" data-sizes=\"(max-width: 1020px) 100vw, 1020px\"  aria-label=\"image dynamique fluviale sur la Lech\"  id='av-masonry-1-item-12885' data-av-masonry-item='12885' class='av-masonry-entry isotope-item post-12885 attachment type-attachment status-inherit hentry  av-masonry-item-with-image' title=\"dynamique fluviale sur la Lech\" alt=\"Photo Lech\"    itemprop=\"thumbnailUrl\" ><div class='av-inner-masonry-sizer'><\/div><figure class='av-inner-masonry main_color'><div class=\"av-masonry-outerimage-container\"><div class='av-masonry-image-container'   ><img decoding=\"async\" width=\"705\" height=\"523\" class=\"wp-image-12885 avia-img-lazy-loading-not-12885\"  src=\"https:\/\/www.ern.org\/wp-content\/uploads\/sites\/52\/2020\/09\/dynamique-fluviale-sur-la-Lech-705x523.jpg\" title=\"dynamique fluviale sur la Lech\" alt=\"Photo Lech\" srcset=\"https:\/\/www.ern.org\/wp-content\/uploads\/sites\/52\/2020\/09\/dynamique-fluviale-sur-la-Lech-705x523.jpg 705w, https:\/\/www.ern.org\/wp-content\/uploads\/sites\/52\/2020\/09\/dynamique-fluviale-sur-la-Lech-300x222.jpg 300w, https:\/\/www.ern.org\/wp-content\/uploads\/sites\/52\/2020\/09\/dynamique-fluviale-sur-la-Lech-768x569.jpg 768w, https:\/\/www.ern.org\/wp-content\/uploads\/sites\/52\/2020\/09\/dynamique-fluviale-sur-la-Lech.jpg 1020w\" sizes=\"(max-width: 705px) 100vw, 705px\" \/><\/div><\/div><figcaption class='av-inner-masonry-content site-background'><div class='av-inner-masonry-content-pos'><div class='av-inner-masonry-content-pos-content'><div class='avia-arrow'><\/div><h3 class='av-masonry-entry-title entry-title '  itemprop=\"headline\" >dynamique fluviale sur la Lech<\/h3><div class='av-masonry-entry-content entry-content'  itemprop=\"text\" >Lech river - \u00a9 L.Galland, ERN, 2017<\/div><\/div><\/div><\/figcaption><\/figure><\/a><!--end av-masonry entry--><a href=\"https:\/\/www.ern.org\/wp-content\/uploads\/sites\/52\/2020\/09\/photo-Soca-CLarroque2017.jpg\" data-srcset=\"https:\/\/www.ern.org\/wp-content\/uploads\/sites\/52\/2020\/09\/photo-Soca-CLarroque2017.jpg 809w, https:\/\/www.ern.org\/wp-content\/uploads\/sites\/52\/2020\/09\/photo-Soca-CLarroque2017-300x250.jpg 300w, https:\/\/www.ern.org\/wp-content\/uploads\/sites\/52\/2020\/09\/photo-Soca-CLarroque2017-768x639.jpg 768w, https:\/\/www.ern.org\/wp-content\/uploads\/sites\/52\/2020\/09\/photo-Soca-CLarroque2017-705x586.jpg 705w\" data-sizes=\"(max-width: 809px) 100vw, 809px\"  aria-label=\"image photo-Soca-CLarroque2017\"  id='av-masonry-1-item-12810' data-av-masonry-item='12810' class='av-masonry-entry isotope-item post-12810 attachment type-attachment status-inherit hentry  av-masonry-item-with-image' title=\"photo-Soca-CLarroque2017\" alt=\"\"    itemprop=\"thumbnailUrl\" ><div class='av-inner-masonry-sizer'><\/div><figure class='av-inner-masonry main_color'><div class=\"av-masonry-outerimage-container\"><div class='av-masonry-image-container'   ><img decoding=\"async\" width=\"705\" height=\"586\" class=\"wp-image-12810 avia-img-lazy-loading-not-12810\"  src=\"https:\/\/www.ern.org\/wp-content\/uploads\/sites\/52\/2020\/09\/photo-Soca-CLarroque2017-705x586.jpg\" title=\"photo-Soca-CLarroque2017\" alt=\"\" srcset=\"https:\/\/www.ern.org\/wp-content\/uploads\/sites\/52\/2020\/09\/photo-Soca-CLarroque2017-705x586.jpg 705w, https:\/\/www.ern.org\/wp-content\/uploads\/sites\/52\/2020\/09\/photo-Soca-CLarroque2017-300x250.jpg 300w, https:\/\/www.ern.org\/wp-content\/uploads\/sites\/52\/2020\/09\/photo-Soca-CLarroque2017-768x639.jpg 768w, https:\/\/www.ern.org\/wp-content\/uploads\/sites\/52\/2020\/09\/photo-Soca-CLarroque2017.jpg 809w\" sizes=\"(max-width: 705px) 100vw, 705px\" \/><\/div><\/div><figcaption class='av-inner-masonry-content site-background'><div class='av-inner-masonry-content-pos'><div class='av-inner-masonry-content-pos-content'><div class='avia-arrow'><\/div><h3 class='av-masonry-entry-title entry-title '  itemprop=\"headline\" >photo-Soca-CLarroque2017<\/h3><div class='av-masonry-entry-content entry-content'  itemprop=\"text\" >La rivi\u00e8re So\u010da - \u00a9 C. Larroque, ERN, 2017<\/div><\/div><\/div><\/figcaption><\/figure><\/a><!--end av-masonry entry--><a href=\"https:\/\/www.ern.org\/wp-content\/uploads\/sites\/52\/2019\/02\/Vjosa-c-Gregor-Subic-1030x773.jpg\" data-srcset=\"https:\/\/www.ern.org\/wp-content\/uploads\/sites\/52\/2019\/02\/Vjosa-c-Gregor-Subic-1030x773.jpg 1030w, https:\/\/www.ern.org\/wp-content\/uploads\/sites\/52\/2019\/02\/Vjosa-c-Gregor-Subic-300x225.jpg 300w, https:\/\/www.ern.org\/wp-content\/uploads\/sites\/52\/2019\/02\/Vjosa-c-Gregor-Subic-768x576.jpg 768w, https:\/\/www.ern.org\/wp-content\/uploads\/sites\/52\/2019\/02\/Vjosa-c-Gregor-Subic-705x529.jpg 705w, https:\/\/www.ern.org\/wp-content\/uploads\/sites\/52\/2019\/02\/Vjosa-c-Gregor-Subic.jpg 1152w\" data-sizes=\"(max-width: 1030px) 100vw, 1030px\"  aria-label=\"image Vjosa (c) Gregor Subic\"  id='av-masonry-1-item-7454' data-av-masonry-item='7454' class='av-masonry-entry isotope-item post-7454 attachment type-attachment status-inherit hentry  av-masonry-item-with-image' title=\"Vjosa (c) Gregor Subic\" alt=\"\"    itemprop=\"thumbnailUrl\" ><div class='av-inner-masonry-sizer'><\/div><figure class='av-inner-masonry main_color'><div class=\"av-masonry-outerimage-container\"><div class='av-masonry-image-container'   ><img decoding=\"async\" width=\"705\" height=\"529\" class=\"wp-image-7454 avia-img-lazy-loading-not-7454\"  src=\"https:\/\/www.ern.org\/wp-content\/uploads\/sites\/52\/2019\/02\/Vjosa-c-Gregor-Subic-705x529.jpg\" title=\"Vjosa (c) Gregor Subic\" alt=\"\" srcset=\"https:\/\/www.ern.org\/wp-content\/uploads\/sites\/52\/2019\/02\/Vjosa-c-Gregor-Subic-705x529.jpg 705w, https:\/\/www.ern.org\/wp-content\/uploads\/sites\/52\/2019\/02\/Vjosa-c-Gregor-Subic-300x225.jpg 300w, https:\/\/www.ern.org\/wp-content\/uploads\/sites\/52\/2019\/02\/Vjosa-c-Gregor-Subic-1030x773.jpg 1030w, https:\/\/www.ern.org\/wp-content\/uploads\/sites\/52\/2019\/02\/Vjosa-c-Gregor-Subic-768x576.jpg 768w, https:\/\/www.ern.org\/wp-content\/uploads\/sites\/52\/2019\/02\/Vjosa-c-Gregor-Subic.jpg 1152w\" sizes=\"(max-width: 705px) 100vw, 705px\" \/><\/div><\/div><figcaption class='av-inner-masonry-content site-background'><div class='av-inner-masonry-content-pos'><div class='av-inner-masonry-content-pos-content'><div class='avia-arrow'><\/div><h3 class='av-masonry-entry-title entry-title '  itemprop=\"headline\" >Vjosa (c) Gregor Subic<\/h3><div class='av-masonry-entry-content entry-content'  itemprop=\"text\" >The Vjosa in Albania \u2013 Europe\u2018s last untouched river beauty \u2013 is at risk. \u00a9 Gregor Subic <\/div><\/div><\/div><\/figcaption><\/figure><\/a><!--end av-masonry entry--><a href=\"https:\/\/www.ern.org\/wp-content\/uploads\/sites\/52\/2020\/09\/ChamueraSauvage3-1030x668.jpg\" data-srcset=\"https:\/\/www.ern.org\/wp-content\/uploads\/sites\/52\/2020\/09\/ChamueraSauvage3-1030x668.jpg 1030w, https:\/\/www.ern.org\/wp-content\/uploads\/sites\/52\/2020\/09\/ChamueraSauvage3-300x194.jpg 300w, https:\/\/www.ern.org\/wp-content\/uploads\/sites\/52\/2020\/09\/ChamueraSauvage3-768x498.jpg 768w, https:\/\/www.ern.org\/wp-content\/uploads\/sites\/52\/2020\/09\/ChamueraSauvage3-705x457.jpg 705w, https:\/\/www.ern.org\/wp-content\/uploads\/sites\/52\/2020\/09\/ChamueraSauvage3.jpg 1418w\" data-sizes=\"(max-width: 1030px) 100vw, 1030px\"  aria-label=\"image ChamueraSauvage3\"  id='av-masonry-1-item-12832' data-av-masonry-item='12832' class='av-masonry-entry isotope-item post-12832 attachment type-attachment status-inherit hentry  av-masonry-item-with-image' title=\"ChamueraSauvage3\" alt=\"\"    itemprop=\"thumbnailUrl\" ><div class='av-inner-masonry-sizer'><\/div><figure class='av-inner-masonry main_color'><div class=\"av-masonry-outerimage-container\"><div class='av-masonry-image-container'   ><img decoding=\"async\" width=\"705\" height=\"457\" class=\"wp-image-12832 avia-img-lazy-loading-not-12832\"  src=\"https:\/\/www.ern.org\/wp-content\/uploads\/sites\/52\/2020\/09\/ChamueraSauvage3-705x457.jpg\" title=\"ChamueraSauvage3\" alt=\"\" srcset=\"https:\/\/www.ern.org\/wp-content\/uploads\/sites\/52\/2020\/09\/ChamueraSauvage3-705x457.jpg 705w, https:\/\/www.ern.org\/wp-content\/uploads\/sites\/52\/2020\/09\/ChamueraSauvage3-300x194.jpg 300w, https:\/\/www.ern.org\/wp-content\/uploads\/sites\/52\/2020\/09\/ChamueraSauvage3-1030x668.jpg 1030w, https:\/\/www.ern.org\/wp-content\/uploads\/sites\/52\/2020\/09\/ChamueraSauvage3-768x498.jpg 768w, https:\/\/www.ern.org\/wp-content\/uploads\/sites\/52\/2020\/09\/ChamueraSauvage3.jpg 1418w\" sizes=\"(max-width: 705px) 100vw, 705px\" \/><\/div><\/div><figcaption class='av-inner-masonry-content site-background'><div class='av-inner-masonry-content-pos'><div class='av-inner-masonry-content-pos-content'><div class='avia-arrow'><\/div><h3 class='av-masonry-entry-title entry-title '  itemprop=\"headline\" >ChamueraSauvage3<\/h3><div class='av-masonry-entry-content entry-content'  itemprop=\"text\" >La Chamuera Sauvage - Copyright L. Galland, ERN 2017<\/div><\/div><\/div><\/figcaption><\/figure><\/a><!--end av-masonry entry--><\/div><\/div><\/div><\/p>\n\n<style type=\"text\/css\" data-created_by=\"avia_inline_auto\" id=\"style-css-av-21kjw8w-15f6c4cea50937e9c75753b296a3a4b4\">\n.flex_column.av-21kjw8w-15f6c4cea50937e9c75753b296a3a4b4{\n-webkit-border-radius:0px 0px 0px 0px;\n-moz-border-radius:0px 0px 0px 0px;\nborder-radius:0px 0px 0px 0px;\npadding:0px 0px 0px 0px;\n}\n<\/style>\n<div  class='flex_column av-21kjw8w-15f6c4cea50937e9c75753b296a3a4b4 av_three_fourth  avia-builder-el-5  el_after_av_one_full  avia-builder-el-last  first flex_column_div av-zero-column-padding  column-top-margin'     ><section  class='av_textblock_section av-1zi3n1s-fb42c3fe4796abfe5d25fb4c83394f1f '   itemscope=\"itemscope\" itemtype=\"https:\/\/schema.org\/CreativeWork\" ><div class='avia_textblock'  itemprop=\"text\" ><div data-canvas-width=\"854.7753109481989\"><\/div>\n<div data-canvas-width=\"674.2687465982168\">\n<h3><img loading=\"lazy\" decoding=\"async\" class=\"wp-image-6899 alignleft\" src=\"http:\/\/www.ern.org\/wp-content\/uploads\/sites\/52\/2017\/02\/wild_rivers.png\" alt=\"image\" width=\"288\" height=\"175\" srcset=\"https:\/\/www.ern.org\/wp-content\/uploads\/sites\/52\/2017\/02\/wild_rivers.png 500w, https:\/\/www.ern.org\/wp-content\/uploads\/sites\/52\/2017\/02\/wild_rivers-300x182.png 300w\" sizes=\"auto, (max-width: 288px) 100vw, 288px\" \/>Objectif : prot\u00e9ger les plus belles rivi\u00e8res<\/h3>\n<p>Les cours d\u2019eau en excellent \u00e9tat de conservation, n\u2019ayant subi aucune atteinte morphologique majeure (barrages, rectifications, endiguement, alt\u00e9rations diverses) sont extr\u00eamement rares en Europe. Ils devraient tous \u00eatre prot\u00e9g\u00e9s. Cependant, les outils r\u00e9glementaires existants, notamment ceux issus de la Directive Cadre Europ\u00e9enne sur l\u2019Eau ne suffisent pas \u00e0 les mettre \u00e0 l\u2019abri.<\/p>\n<p>Pour contrer les menaces qui p\u00e8sent sur les derni\u00e8res rivi\u00e8res d&rsquo;Europe encore intactes, notamment en lien avec des projets hydro\u00e9lectriques, diff\u00e9rents acteurs se sont regroup\u00e9s \u00a0\u00e0 l\u2019initiative du WWF et d&rsquo;ERN pour lancer le programme Rivi\u00e8res Sauvages. En 2013, une grille de crit\u00e8res comprenant 47 crit\u00e8res socio-\u00e9cologiques a \u00e9t\u00e9 \u00e9labor\u00e9e par un Conseil Scientifique interdisciplinaire regroupant des experts de diff\u00e9rentes institutions. Ils forment le socle du Label \u00ab\u00a0Site Rivi\u00e8res Sauvages\u00a0\u00bb, permettant de d\u00e9finir le degr\u00e9 de \u00ab\u00a0sauvagitude\u00a0\u00bb d\u2019un cours d\u2019eau et d&rsquo;\u00e9valuer la qualit\u00e9 des mesures de protection et de la gouvernance associ\u00e9e.<\/p>\n<h3><strong>Apr\u00e8s une implantation r\u00e9ussie du Label \u00ab\u00a0Site Rivi\u00e8res sauvages\u00a0\u00bb pour des petites rivi\u00e8res (un label \u00ab\u00a0Wild Rivers large Rivers\u00a0\u00bb pour le continent Europe.<\/strong><\/h3>\n<p>Le programme et le label \u00ab\u00a0Site Rivi\u00e8res Sauvages\u00a0\u00bb fran\u00e7ais est depuis ses d\u00e9buts g\u00e9r\u00e9 par ERN en coop\u00e9ration avec le Fonds pour la Conservation des Rivi\u00e8res Sauvages. ERN mobilise des finances publiques, \u00a0pendant que\u00a0 le Fonds l\u00e8ve des fonds priv\u00e9s au travers de partenariats avec des entreprises et des m\u00e9c\u00e8nes.<\/p>\n<p><span lang=\"fr\" tabindex=\"0\">En France, le label \u00ab\u00a0Site Rivi\u00e8res sauvages\u00a0\u00bb a \u00e9t\u00e9 mis en place avec succ\u00e8s en coop\u00e9ration avec le Minist\u00e8re fran\u00e7ais de l&rsquo;environnement, les Agences de l&rsquo;Eau et l&rsquo;Office Fran\u00e7ais pour la Biodiversit\u00e9 (OFB), la communaut\u00e9 scientifique et d&rsquo;autres partenaires. En 2019, 28 sections de rivi\u00e8res sont labellis\u00e9es et prot\u00e9g\u00e9es partout en France. <\/span><\/p>\n<p>ERN est copropri\u00e9taire du label fran\u00e7ais &lsquo;Rivi\u00e8res sauvages&rsquo;. <span lang=\"fr\" tabindex=\"0\">Le r\u00e9seau de ces sites fran\u00e7ais est aujourd&rsquo;hui g\u00e9r\u00e9 par l&rsquo;association fran\u00e7aise ARRS. Pour en savoir plus sur le label \u00ab\u00a0Site Rivi\u00e8res Sauvages\u00a0\u00bb en France, <a href=\"https:\/\/www.rivieres-sauvages.fr\/\">cliquez ici<\/a>)<br \/>\n<\/span><\/p>\n<\/div>\n<div data-canvas-width=\"674.2687465982168\">\n<p id=\"tw-target-text\" class=\"tw-data-text tw-ta tw-text-small\" dir=\"ltr\" data-placeholder=\"Traduction\"><span lang=\"fr\" tabindex=\"0\">D\u00e8s 2019, ERN a adapt\u00e9 le label fran\u00e7ais pour d&rsquo;autres pays europ\u00e9ens et pour des plus grandes rivi\u00e8res, \u00e0 commencer par les rivi\u00e8res alpines. En coop\u00e9ration avec les WWF de l&rsquo;arc alpin (Allemagne, Autriche, Suisse, Slov\u00e9nie, Italie) le label a \u00e9t\u00e9 test\u00e9 avec succ\u00e8s sur plusieurs rivi\u00e8res alpines (<a href=\"https:\/\/www.ern.org\/fr\/la-riviere-lech-en-autriche\/\">Lech<\/a>, <a href=\"https:\/\/www.ern.org\/fr\/lammer-en-allemagne\/\">Ammer<\/a>, <a href=\"https:\/\/www.ern.org\/fr\/la-riviere-soca\/\"><span lang=\"fr\" tabindex=\"0\">So\u010da<\/span><\/a>, <a href=\"https:\/\/www.ern.org\/fr\/la-chamuera\/\">Chamuera<\/a>, &#8230;).\u00a0<\/span><\/p>\n<p dir=\"ltr\" data-placeholder=\"Traduction\">D\u00e8s 2023 \u00a0ERN va promouvoir l&rsquo;\u00e9laboration d&rsquo;un label europ\u00e9en (3 niveaux) pour les grandes rivi\u00e8res, sur la base des connaissances acquises en France et des \u00e9tudes de cas sur les rivi\u00e8res alpines.<\/p>\n<p class=\"tw-data-text tw-ta tw-text-small\" dir=\"ltr\" data-placeholder=\"Traduction\">\n<\/div>\n<div><\/div>\n<div><\/div>\n<div><\/div>\n<div><\/div>\n<\/div><\/section><br \/>\n<div  class='hr av-3apiiv-6641a239d435a9fff8809aa057481798 hr-default  avia-builder-el-7  el_after_av_textblock  el_before_av_textblock '><span class='hr-inner '><span class=\"hr-inner-style\"><\/span><\/span><\/div><br \/>\n<section  class='av_textblock_section av-j4frls-40208f1322b1b8441105900d636a3a08 '   itemscope=\"itemscope\" itemtype=\"https:\/\/schema.org\/CreativeWork\" ><div class='avia_textblock'  itemprop=\"text\" ><h3><strong>\u00a0Rivi\u00e8res pilotes europ\u00e9ennes (hors de France) pour un label europ\u00e9en pour des grandes rivi\u00e8res\u00a0<\/strong><em><br \/>\n<\/em><\/h3>\n<\/div><\/section><br \/>\n\n<style type=\"text\/css\" data-created_by=\"avia_inline_auto\" id=\"style-css-av-k5s2o0-79e36d214bd7ab48e2d0a03656ee0a6e\">\n.avia-image-container.av-k5s2o0-79e36d214bd7ab48e2d0a03656ee0a6e img.avia_image{\nbox-shadow:none;\n}\n.avia-image-container.av-k5s2o0-79e36d214bd7ab48e2d0a03656ee0a6e .av-image-caption-overlay-center{\ncolor:#ffffff;\n}\n<\/style>\n<div  class='avia-image-container av-k5s2o0-79e36d214bd7ab48e2d0a03656ee0a6e av-styling- avia-align-center  avia-builder-el-9  el_after_av_textblock  el_before_av_textblock '   itemprop=\"image\" itemscope=\"itemscope\" itemtype=\"https:\/\/schema.org\/ImageObject\" ><div class=\"avia-image-container-inner\"><div class=\"avia-image-overlay-wrap\"><a href=\"https:\/\/www.ern.org\/wp-content\/uploads\/sites\/52\/2020\/09\/Carte-generale-jpg-franc\u0327ais.jpg\" data-srcset=\"https:\/\/www.ern.org\/wp-content\/uploads\/sites\/52\/2020\/09\/Carte-generale-jpg-franc\u0327ais.jpg 979w, https:\/\/www.ern.org\/wp-content\/uploads\/sites\/52\/2020\/09\/Carte-generale-jpg-franc\u0327ais-300x239.jpg 300w, https:\/\/www.ern.org\/wp-content\/uploads\/sites\/52\/2020\/09\/Carte-generale-jpg-franc\u0327ais-768x613.jpg 768w, https:\/\/www.ern.org\/wp-content\/uploads\/sites\/52\/2020\/09\/Carte-generale-jpg-franc\u0327ais-705x562.jpg 705w\" data-sizes=\"(max-width: 979px) 100vw, 979px\" class='avia_image' ><img decoding=\"async\" class='wp-image-12716 avia-img-lazy-loading-not-12716 avia_image ' src=\"https:\/\/www.ern.org\/wp-content\/uploads\/sites\/52\/2020\/09\/Carte-generale-jpg-franc\u0327ais.jpg\" alt='' title='Carte-generale-jpg- franc\u0327ais'  height=\"781\" width=\"979\"  itemprop=\"thumbnailUrl\" srcset=\"https:\/\/www.ern.org\/wp-content\/uploads\/sites\/52\/2020\/09\/Carte-generale-jpg-franc\u0327ais.jpg 979w, https:\/\/www.ern.org\/wp-content\/uploads\/sites\/52\/2020\/09\/Carte-generale-jpg-franc\u0327ais-300x239.jpg 300w, https:\/\/www.ern.org\/wp-content\/uploads\/sites\/52\/2020\/09\/Carte-generale-jpg-franc\u0327ais-768x613.jpg 768w, https:\/\/www.ern.org\/wp-content\/uploads\/sites\/52\/2020\/09\/Carte-generale-jpg-franc\u0327ais-705x562.jpg 705w\" sizes=\"(max-width: 979px) 100vw, 979px\" \/><\/a><\/div><\/div><\/div><br \/>\n<section  class='av_textblock_section av-kf3rwow2-18c2b7109cdc8737bef47314acf1d658 '   itemscope=\"itemscope\" itemtype=\"https:\/\/schema.org\/CreativeWork\" ><div class='avia_textblock'  itemprop=\"text\" ><p><em>Pour voir le R\u00e9seau des rivi\u00e8res sauvages fran\u00e7aises labellis\u00e9es, rdv <a href=\"https:\/\/www.rivieres-sauvages.fr\/\">sur le site web Rivi\u00e8res Sauvages de France<\/a><\/em><\/p>\n<\/div><\/section><\/p><\/div>\n","protected":false},"excerpt":{"rendered":"","protected":false},"author":39,"featured_media":0,"parent":0,"menu_order":0,"comment_status":"closed","ping_status":"closed","template":"","meta":{"footnotes":"","_links_to":"","_links_to_target":""},"class_list":["post-5095","page","type-page","status-publish","hentry"],"_links":{"self":[{"href":"https:\/\/www.ern.org\/fr\/wp-json\/wp\/v2\/pages\/5095","targetHints":{"allow":["GET"]}}],"collection":[{"href":"https:\/\/www.ern.org\/fr\/wp-json\/wp\/v2\/pages"}],"about":[{"href":"https:\/\/www.ern.org\/fr\/wp-json\/wp\/v2\/types\/page"}],"author":[{"embeddable":true,"href":"https:\/\/www.ern.org\/fr\/wp-json\/wp\/v2\/users\/39"}],"replies":[{"embeddable":true,"href":"https:\/\/www.ern.org\/fr\/wp-json\/wp\/v2\/comments?post=5095"}],"version-history":[{"count":1,"href":"https:\/\/www.ern.org\/fr\/wp-json\/wp\/v2\/pages\/5095\/revisions"}],"predecessor-version":[{"id":22755,"href":"https:\/\/www.ern.org\/fr\/wp-json\/wp\/v2\/pages\/5095\/revisions\/22755"}],"wp:attachment":[{"href":"https:\/\/www.ern.org\/fr\/wp-json\/wp\/v2\/media?parent=5095"}],"curies":[{"name":"wp","href":"https:\/\/api.w.org\/{rel}","templated":true}]}}