{"id":5029,"date":"2018-08-22T23:24:48","date_gmt":"2018-08-22T21:24:48","guid":{"rendered":"https:\/\/www.ern.org\/?page_id=5029"},"modified":"2026-04-10T07:03:29","modified_gmt":"2026-04-10T05:03:29","slug":"navigation-et-endiguement","status":"publish","type":"page","link":"https:\/\/www.ern.org\/fr\/navigation-et-endiguement\/","title":{"rendered":"Menaces &#8211; Navigation et endiguement"},"content":{"rendered":"\n<style type=\"text\/css\" data-created_by=\"avia_inline_auto\" id=\"style-css-av-zl2b8l-53b3ae83789588dff1deb16663c6fd65\">\n.flex_column.av-zl2b8l-53b3ae83789588dff1deb16663c6fd65{\nborder-radius:0px 0px 0px 0px;\npadding:0px 0px 0px 0px;\n}\n<\/style>\n<div  class='flex_column av-zl2b8l-53b3ae83789588dff1deb16663c6fd65 av_two_third  avia-builder-el-0  el_before_av_one_third  avia-builder-el-first  first flex_column_div av-zero-column-padding  '     ><p>\n<style type=\"text\/css\" data-created_by=\"avia_inline_auto\" id=\"style-css-av-jp2gp3v7-ae6658a0aab864c858ae0b5622f43528\">\n#top .av-special-heading.av-jp2gp3v7-ae6658a0aab864c858ae0b5622f43528{\npadding-bottom:10px;\n}\nbody .av-special-heading.av-jp2gp3v7-ae6658a0aab864c858ae0b5622f43528 .av-special-heading-tag .heading-char{\nfont-size:25px;\n}\n.av-special-heading.av-jp2gp3v7-ae6658a0aab864c858ae0b5622f43528 .av-subheading{\nfont-size:15px;\n}\n<\/style>\n<div  class='av-special-heading av-jp2gp3v7-ae6658a0aab864c858ae0b5622f43528 av-special-heading-h2 blockquote modern-quote  avia-builder-el-1  el_before_av_hr  avia-builder-el-first '><h2 class='av-special-heading-tag '  itemprop=\"headline\"  >Navigation et endiguement<\/h2><div class='av-subheading av-subheading_below'><p>Adapter les bateaux au fleuve et non pas le contraire \u2013 Plus d&rsquo;espace pour les cours d&rsquo;eau : enlever ou reculer les digues<\/p>\n<\/div><div class=\"special-heading-border\"><div class=\"special-heading-inner-border\"><\/div><\/div><\/div><br \/>\n<div  class='hr av-4na9px-ba231571cc8868ab56f3469e1af6a28d hr-default  avia-builder-el-2  el_after_av_heading  el_before_av_textblock '><span class='hr-inner '><span class=\"hr-inner-style\"><\/span><\/span><\/div><br \/>\n<section  class='av_textblock_section av-22fxoc-ff0b81bb21660aec20cb2fc2e66545d4 '   itemscope=\"itemscope\" itemtype=\"https:\/\/schema.org\/CreativeWork\" ><div class='avia_textblock'  itemprop=\"text\" ><p><div id=\"attachment_6042\" style=\"width: 190px\" class=\"wp-caption alignleft\"><img loading=\"lazy\" decoding=\"async\" aria-describedby=\"caption-attachment-6042\" class=\"wp-image-6042\" src=\"http:\/\/www.ern.org\/wp-content\/uploads\/2018\/11\/IMG_0609-1030x773.jpg\" alt=\"\" width=\"180\" height=\"135\" \/><p id=\"caption-attachment-6042\" class=\"wp-caption-text\">CR Roberto Epple ERN<\/p><\/div><br \/>\n<div id=\"attachment_6041\" style=\"width: 207px\" class=\"wp-caption alignleft\"><img loading=\"lazy\" decoding=\"async\" aria-describedby=\"caption-attachment-6041\" class=\"wp-image-6041\" src=\"http:\/\/www.ern.org\/wp-content\/uploads\/2018\/11\/DSC00675-1030x690.jpg\" alt=\"\" width=\"197\" height=\"132\" \/><p id=\"caption-attachment-6041\" class=\"wp-caption-text\">CR Roberto Epple ERN<\/p><\/div><br \/>\n<div id=\"attachment_6040\" style=\"width: 205px\" class=\"wp-caption alignleft\"><img loading=\"lazy\" decoding=\"async\" aria-describedby=\"caption-attachment-6040\" class=\"wp-image-6040\" src=\"http:\/\/www.ern.org\/wp-content\/uploads\/2018\/11\/DSC00670-1030x690.jpg\" alt=\"\" width=\"195\" height=\"131\" \/><p id=\"caption-attachment-6040\" class=\"wp-caption-text\">CR Roberto Epple ERN<\/p><\/div><\/p>\n<\/div><\/section><br \/>\n<br \/>\n\n<style type=\"text\/css\" data-created_by=\"avia_inline_auto\" id=\"style-css-av-ssf31x-fc0b21315359616b92bd3255bbbcd60d\">\n#top .hr.hr-invisible.av-ssf31x-fc0b21315359616b92bd3255bbbcd60d{\nheight:50px;\n}\n<\/style>\n<div  class='hr av-ssf31x-fc0b21315359616b92bd3255bbbcd60d hr-invisible  avia-builder-el-5  el_after_av_image  el_before_av_textblock '><span class='hr-inner '><span class=\"hr-inner-style\"><\/span><\/span><\/div><br \/>\n<section  class='av_textblock_section av-jovhqysl-3ccde383329f701b5d7ced0d7a34659c '   itemscope=\"itemscope\" itemtype=\"https:\/\/schema.org\/CreativeWork\" ><div class='avia_textblock'  itemprop=\"text\" ><div>\n<div>\n<div class=\"page\" title=\"Page 15\">\n<div class=\"section\">\n<div class=\"layoutArea\">\n<div class=\"column\"><\/div>\n<\/div>\n<h3>Depuis son opposition r\u00e9ussie, avec d&rsquo;autres ONG fran\u00e7aises, \u00e0 la construction d&rsquo;un grand canal Rhin-Rh\u00f4ne dans les ann\u00e9es 90 et suivantes, ERN n&rsquo;est plus gu\u00e8re active dans le domaine du d\u00e9veloppement du r\u00e9seau des voies navigables.<br \/>\nERN soutient les recommandations de l&rsquo;UE ci-dessous.<\/h3>\n<p><span id=\"result_box\" class=\"\" lang=\"fr\">Les voies navigables europ\u00e9ennes ont \u00e9t\u00e9 fa\u00e7onn\u00e9es au fil de l&rsquo;histoire par la cr\u00e9ation d&rsquo;\u00e9cluses, de barrages, d&rsquo;\u00e9pis, par le dragage des chenaux et la consolidation des berges.\u00a0<span class=\"\">La Directive europ\u00e9enne Cadre sur l&rsquo;Eau (DCE) reconna\u00eet le caract\u00e8re fonctionnel de ces infrastructures, mais elle demande \u00e0 ce que certains dispositifs inutiles soient supprim\u00e9s ; chaque fois que possible, l&rsquo;am\u00e9nagement de ces infrastructures devrait \u00eatre revu afin d&rsquo;am\u00e9liorer les habitats, de r\u00e9tablir le passage des poissons migrateurs et de restaurer des berges naturelles.\u00a0<\/span><span class=\"\">En outre, la DCE pr\u00e9cise que de telles infrastructures ne doivent conduire \u00e0 aucune nouvelle d\u00e9gradation de l&rsquo;\u00e9tat des rivi\u00e8res.<\/span><\/span><\/p>\n<p><strong><span class=\"\">RECOMMANDATIONS CONCERNANT LA GESTION DES PRESSIONS LI\u00c9ES \u00c0 LA NAVIGATION<\/span><\/strong><\/p>\n<\/div>\n<div>\n<p id=\"tw-target-text\" class=\"tw-data-text tw-ta tw-text-small\" dir=\"ltr\" data-placeholder=\"Traduction\"><span lang=\"fr\">\u2022 Les \u00c9tats-Membres devraient veiller \u00e0 ce que chaque mesure d&rsquo;am\u00e9lioration, ou d&rsquo;entretien de la voie navigable s&rsquo;appuie sur une \u00e9valuation &#8211; transparente &#8211; des incidences sur la qualit\u00e9 de l&rsquo;eau, en prenant en compte tous les param\u00e8tres (biologique, hydromorphologique et physico-chimique) ainsi que sur la biodiversit\u00e9. Les Etats doivent aussi am\u00e9liorer les m\u00e9thodes d&rsquo;\u00e9valuation des impacts potentiels li\u00e9s \u00e0 la navigation (ainsi qu&rsquo;\u00e0 d&rsquo;autres infrastructures). Ces m\u00e9thodes devraient inclure des crit\u00e8res d\u2019analyse plus cibl\u00e9s de la qualit\u00e9 hydromorphologique, lorsque ce n&rsquo;est pas d\u00e9j\u00e0 pris en compte dans l\u2019\u00e9valuation de la qualit\u00e9 biologique . En outre, les \u00c9tats-Membres devraient \u00e9laborer des normes pour d\u00e9finir le statut hydromorphologique (excellent, bon, moyen, mauvais, tr\u00e8s mauvais).<\/span><\/p>\n<p>\u2022 Les \u00c9tats-Membres doivent veiller, et la Commission Europ\u00e9enne devrait le faire appliquer, au respect int\u00e9gral de la DCE, ainsi que des directives Natura 2000, lorsque de nouveaux projets de navigation et d&rsquo;entretien des voies navigables sont mis en \u0153uvre.<\/p>\n<p>\u2022 Les \u00c9tats-Membres devraient proc\u00e9der \u00e0 un examen syst\u00e9matique des structures de navigation afin d\u2019examiner les am\u00e9liorations n\u00e9cessaires \u00e0 la r\u00e9alisation des objectifs de la DCE.<\/p>\n<p>\u2022 Les \u00c9tats-Membres devraient veiller \u00e0 ce que les concepteurs de projets de navigation suivent, dans la mesure du possible, le principe du \u00abtravail avec la nature\u00bb &#8211; suivi, ajustement et apprendre de la rivi\u00e8re \u00e0 travers une approche \u00e9tape par \u00e9tape. Ils doivent maintenir les processus hydromorphologiques naturels et utiliser des techniques d&rsquo;ing\u00e9nierie adapt\u00e9es. Les interventions ne devraient \u00eatre accept\u00e9es que lorsqu&rsquo;elles s&rsquo;av\u00e8rent indispensables et qu&rsquo;elles constituent la solution la plus durable. Les plans int\u00e9gr\u00e9s devraient exploiter pleinement le potentiel de restauration de la rivi\u00e8re et de reconnexion du canal lat\u00e9ral.<\/p>\n<p>\u2022 En raison du caract\u00e8re multidisciplinaire des voies navigables, une gestion participative est indispensable : les \u00c9tats-Membres devraient veiller \u00e0 ce que toutes les parties prenantes, y compris les organisations environnementales, participent \u00e0 la d\u00e9finition des nouveaux projets de navigation et des mesures de maintenance afin d&rsquo;atteindre des solutions accept\u00e9es par tous.<\/p>\n<p>\u2022 Les \u00c9tats-Membres devraient limiter le dragage des estuaires pour \u00e9viter les alt\u00e9rations hydromorphologiques des estuaires, des deltas et des c\u00f4tes, et travailler \u00e0 une refonte des ports fluviaux afin de r\u00e9duire leur impact sur la nature.<\/p>\n<p>\u2022 Les \u00c9tats-Membres devraient \u00e9viter de consid\u00e9rer la navigation fluviale comme un moyen de transport stable et constant tout au long de l&rsquo;ann\u00e9e. Ils devraient au contraire consid\u00e9rer et int\u00e9grer sa flexibilit\u00e9 gr\u00e2ce \u00e0 l&rsquo;utilisation des moyens t\u00e9l\u00e9m\u00e9triques modernes et \u00e0 de meilleures connexions logistiques avec d&rsquo;autres modes de transport.<\/p>\n<p>\u2022 Les \u00c9tats-Membres et la Commission Europ\u00e9enne devraient veiller \u00e0 ce que les politiques &#8211; existantes et futures &#8211; de l&rsquo;UE en mati\u00e8re de transport et de navigation soient coh\u00e9rentes avec les objectifs de la DCE.<\/p>\n<\/div>\n<\/div>\n<\/div>\n<\/div>\n<h4><\/h4>\n<div>\n<div><\/div>\n<\/div>\n<\/div><\/section><\/p><\/div>\n<style type=\"text\/css\" data-created_by=\"avia_inline_auto\" id=\"style-css-av-s37dl1-bce068d5c0c3d4ad9b35b81efe716e97\">\n.flex_column.av-s37dl1-bce068d5c0c3d4ad9b35b81efe716e97{\nborder-radius:0px 0px 0px 0px;\npadding:0px 0px 0px 0px;\n}\n<\/style>\n<div  class='flex_column av-s37dl1-bce068d5c0c3d4ad9b35b81efe716e97 av_one_third  avia-builder-el-7  el_after_av_two_third  avia-builder-el-last  flex_column_div av-zero-column-padding  '     ><p>\n<style type=\"text\/css\" data-created_by=\"avia_inline_auto\" id=\"style-css-av-1yjbx1-c7d674f721093de4da5ef4334cd8f338\">\n#top .av-special-heading.av-1yjbx1-c7d674f721093de4da5ef4334cd8f338{\npadding-bottom:10px;\n}\nbody .av-special-heading.av-1yjbx1-c7d674f721093de4da5ef4334cd8f338 .av-special-heading-tag .heading-char{\nfont-size:25px;\n}\n.av-special-heading.av-1yjbx1-c7d674f721093de4da5ef4334cd8f338 .av-subheading{\nfont-size:15px;\n}\n<\/style>\n<div  class='av-special-heading av-1yjbx1-c7d674f721093de4da5ef4334cd8f338 av-special-heading-h2 blockquote modern-quote modern-centered  avia-builder-el-8  el_before_av_magazine  avia-builder-el-first '><h2 class='av-special-heading-tag '  itemprop=\"headline\"  >Actualit\u00e9s<\/h2><div class=\"special-heading-border\"><div class=\"special-heading-inner-border\"><\/div><\/div><\/div><br \/>\n<div  id=\"avia-magazine-1\"  class='av-magazine av-p1fh2d-9a8d075d223bb8ee821ad9e143834945  avia-builder-el-9  el_after_av_heading  el_before_av_hr   avia-builder-el-9  el_after_av_heading  el_before_av_hr ' ><div class='av-magazine-group sort_all'><article class='av-magazine-entry av-magazine-entry-id-23979 av-magazine-format-standard av-magazine-type-post av-magazine-entry-1 av-magazine-entry-small '  itemscope=\"itemscope\" itemtype=\"https:\/\/schema.org\/CreativeWork\" ><div class=\"av-magazine-thumbnail\"><a href='https:\/\/www.ern.org\/fr\/societe-civile-et-fournisseurs-deau-exhortent-la-commission-europeenne-de-ne-pas-affaiblir-ni-supprimer-les-regles-fondamentales-en-matiere-de-protection-de-leau\/' title='Lier vers : Soci\u00e9t\u00e9 civile et fournisseurs d&rsquo;eau exhortent la Commission Europ\u00e9enne de ne pas affaiblir ni supprimer les r\u00e8gles fondamentales en mati\u00e8re de protection de l&rsquo;eau' class='av-magazine-thumbnail-link'><img decoding=\"async\" fetchpriority=\"high\" width=\"80\" height=\"80\" src=\"https:\/\/www.ern.org\/wp-content\/uploads\/2020\/09\/Vjosa_river_near_Tepelena_cc_Pudelek-1-80x80.jpg\" class=\"wp-image-12707 avia-img-lazy-loading-not-12707 attachment-thumbnail size-thumbnail wp-post-image\" alt=\"\" srcset=\"https:\/\/www.ern.org\/wp-content\/uploads\/2020\/09\/Vjosa_river_near_Tepelena_cc_Pudelek-1-80x80.jpg 80w, https:\/\/www.ern.org\/wp-content\/uploads\/2020\/09\/Vjosa_river_near_Tepelena_cc_Pudelek-1-36x36.jpg 36w, https:\/\/www.ern.org\/wp-content\/uploads\/2020\/09\/Vjosa_river_near_Tepelena_cc_Pudelek-1-180x180.jpg 180w\" sizes=\"(max-width: 80px) 100vw, 80px\" \/><\/a><\/div><div class=\"av-magazine-content-wrap\"><header class=\"entry-content-header\" aria-label=\"Articles : Soci\u00e9t\u00e9 civile et fournisseurs d&#039;eau exhortent la Commission Europ\u00e9enne de ne pas affaiblir ni supprimer les r\u00e8gles fondamentales en mati\u00e8re de protection de l&#039;eau\"><time class='av-magazine-time updated'  itemprop=\"datePublished\" datetime=\"2026-02-19T14:06:09+01:00\" >f\u00e9vrier 19, 2026<\/time><h3 class='av-magazine-title entry-title '  itemprop=\"headline\" ><a href='https:\/\/www.ern.org\/fr\/societe-civile-et-fournisseurs-deau-exhortent-la-commission-europeenne-de-ne-pas-affaiblir-ni-supprimer-les-regles-fondamentales-en-matiere-de-protection-de-leau\/' title='Lier vers : Soci\u00e9t\u00e9 civile et fournisseurs d&rsquo;eau exhortent la Commission Europ\u00e9enne de ne pas affaiblir ni supprimer les r\u00e8gles fondamentales en mati\u00e8re de protection de l&rsquo;eau'>Soci\u00e9t\u00e9 civile et fournisseurs d&rsquo;eau exhortent la Commission Europ\u00e9enne de ne pas affaiblir ni supprimer les r\u00e8gles fondamentales en mati\u00e8re de protection de l&rsquo;eau<\/a><\/h3><\/header><\/div><footer class=\"entry-footer\"><\/footer><\/article><article class='av-magazine-entry av-magazine-entry-id-23978 av-magazine-format-standard av-magazine-type-post av-magazine-entry-2 av-magazine-entry-small '  itemscope=\"itemscope\" itemtype=\"https:\/\/schema.org\/CreativeWork\" ><div class=\"av-magazine-thumbnail\"><a href='https:\/\/www.ern.org\/fr\/la-directive-cadre-sur-leau-est-menacee-signez-la-petition-lancee-par-la-coalition-dong-europeenne-handsoffnature\/' title='Lier vers : Les lois europ\u00e9ennes qui prot\u00e8gent notre environnement sont menac\u00e9es. Signez la p\u00e9tition' class='av-magazine-thumbnail-link'><img decoding=\"async\" fetchpriority=\"high\" width=\"80\" height=\"80\" src=\"https:\/\/www.ern.org\/wp-content\/uploads\/2020\/09\/photo-Soca-CLarroque2017-1-80x80.jpg\" class=\"wp-image-12810 avia-img-lazy-loading-not-12810 attachment-thumbnail size-thumbnail wp-post-image\" alt=\"\" srcset=\"https:\/\/www.ern.org\/wp-content\/uploads\/2020\/09\/photo-Soca-CLarroque2017-1-80x80.jpg 80w, https:\/\/www.ern.org\/wp-content\/uploads\/2020\/09\/photo-Soca-CLarroque2017-1-36x36.jpg 36w, https:\/\/www.ern.org\/wp-content\/uploads\/2020\/09\/photo-Soca-CLarroque2017-1-180x180.jpg 180w\" sizes=\"(max-width: 80px) 100vw, 80px\" \/><small class='avia-copyright'>C.Larroque ERN 2017<\/small><\/a><\/div><div class=\"av-magazine-content-wrap\"><header class=\"entry-content-header\" aria-label=\"Articles : Les lois europ\u00e9ennes qui prot\u00e8gent notre environnement sont menac\u00e9es. Signez la p\u00e9tition\"><time class='av-magazine-time updated'  itemprop=\"datePublished\" datetime=\"2026-02-13T18:07:33+01:00\" >f\u00e9vrier 13, 2026<\/time><h3 class='av-magazine-title entry-title '  itemprop=\"headline\" ><a href='https:\/\/www.ern.org\/fr\/la-directive-cadre-sur-leau-est-menacee-signez-la-petition-lancee-par-la-coalition-dong-europeenne-handsoffnature\/' title='Lier vers : Les lois europ\u00e9ennes qui prot\u00e8gent notre environnement sont menac\u00e9es. Signez la p\u00e9tition'>Les lois europ\u00e9ennes qui prot\u00e8gent notre environnement sont menac\u00e9es. Signez la p\u00e9tition<\/a><\/h3><\/header><\/div><footer class=\"entry-footer\"><\/footer><\/article><article class='av-magazine-entry av-magazine-entry-id-22435 av-magazine-format-standard av-magazine-type-post av-magazine-entry-3 av-magazine-entry-small '  itemscope=\"itemscope\" itemtype=\"https:\/\/schema.org\/CreativeWork\" ><div class=\"av-magazine-thumbnail\"><a href='https:\/\/www.ern.org\/fr\/webinaires-continuite-ecologique-les-inscriptions-sont-ouvertes\/' title='Lier vers : Y-a-t-il encore des rivi\u00e8res pour les poissons migrateurs? Biodiversit\u00e9 ou hydro\u00e9lectricit\u00e9 ?' class='av-magazine-thumbnail-link'><img decoding=\"async\" fetchpriority=\"high\" width=\"80\" height=\"80\" src=\"https:\/\/www.ern.org\/wp-content\/uploads\/2020\/01\/logo_soslv_ern-1-80x80.png\" class=\"wp-image-11148 avia-img-lazy-loading-not-11148 attachment-thumbnail size-thumbnail wp-post-image\" alt=\"\" srcset=\"https:\/\/www.ern.org\/wp-content\/uploads\/2020\/01\/logo_soslv_ern-1-80x80.png 80w, https:\/\/www.ern.org\/wp-content\/uploads\/2020\/01\/logo_soslv_ern-1-36x36.png 36w, https:\/\/www.ern.org\/wp-content\/uploads\/2020\/01\/logo_soslv_ern-1-180x180.png 180w\" sizes=\"(max-width: 80px) 100vw, 80px\" \/><\/a><\/div><div class=\"av-magazine-content-wrap\"><header class=\"entry-content-header\" aria-label=\"Articles : Y-a-t-il encore des rivi\u00e8res pour les poissons migrateurs? Biodiversit\u00e9 ou hydro\u00e9lectricit\u00e9 ?\"><time class='av-magazine-time updated'  itemprop=\"datePublished\" datetime=\"2025-12-01T17:20:26+01:00\" >d\u00e9cembre 1, 2025<\/time><h3 class='av-magazine-title entry-title '  itemprop=\"headline\" ><a href='https:\/\/www.ern.org\/fr\/webinaires-continuite-ecologique-les-inscriptions-sont-ouvertes\/' title='Lier vers : Y-a-t-il encore des rivi\u00e8res pour les poissons migrateurs? Biodiversit\u00e9 ou hydro\u00e9lectricit\u00e9 ?'>Y-a-t-il encore des rivi\u00e8res pour les poissons migrateurs? Biodiversit\u00e9 ou hydro\u00e9lectricit\u00e9 ?<\/a><\/h3><\/header><\/div><footer class=\"entry-footer\"><\/footer><\/article><article class='av-magazine-entry av-magazine-entry-id-22247 av-magazine-format-standard av-magazine-type-post av-magazine-entry-4 av-magazine-entry-small '  itemscope=\"itemscope\" itemtype=\"https:\/\/schema.org\/CreativeWork\" ><div class=\"av-magazine-thumbnail\"><a href='https:\/\/www.ern.org\/fr\/dam-removal-day-2-nouveaux-factsheets-pour-comprendre-les-effacements-de-barrages-et-seuils\/' title='Lier vers : Dam Removal Day : c\u00e9l\u00e9brer les rivi\u00e8res libres et vivantes:  2 nouveaux factsheets pour comprendre les effacements de barrages et seuils' class='av-magazine-thumbnail-link'><img decoding=\"async\" fetchpriority=\"high\" width=\"80\" height=\"80\" src=\"https:\/\/www.ern.org\/wp-content\/uploads\/2023\/06\/3.20230516_164422-1-80x80.jpg\" class=\"wp-image-18423 avia-img-lazy-loading-not-18423 attachment-thumbnail size-thumbnail wp-post-image\" alt=\"\" srcset=\"https:\/\/www.ern.org\/wp-content\/uploads\/2023\/06\/3.20230516_164422-1-80x80.jpg 80w, https:\/\/www.ern.org\/wp-content\/uploads\/2023\/06\/3.20230516_164422-1-36x36.jpg 36w, https:\/\/www.ern.org\/wp-content\/uploads\/2023\/06\/3.20230516_164422-1-180x180.jpg 180w\" sizes=\"(max-width: 80px) 100vw, 80px\" \/><\/a><\/div><div class=\"av-magazine-content-wrap\"><header class=\"entry-content-header\" aria-label=\"Articles : Dam Removal Day : c\u00e9l\u00e9brer les rivi\u00e8res libres et vivantes:  2 nouveaux factsheets pour comprendre les effacements de barrages et seuils\"><time class='av-magazine-time updated'  itemprop=\"datePublished\" datetime=\"2025-10-08T08:00:46+02:00\" >octobre 8, 2025<\/time><h3 class='av-magazine-title entry-title '  itemprop=\"headline\" ><a href='https:\/\/www.ern.org\/fr\/dam-removal-day-2-nouveaux-factsheets-pour-comprendre-les-effacements-de-barrages-et-seuils\/' title='Lier vers : Dam Removal Day : c\u00e9l\u00e9brer les rivi\u00e8res libres et vivantes:  2 nouveaux factsheets pour comprendre les effacements de barrages et seuils'>Dam Removal Day : c\u00e9l\u00e9brer les rivi\u00e8res libres et vivantes:  2 nouveaux factsheets pour comprendre les effacements de barrages et seuils<\/a><\/h3><\/header><\/div><footer class=\"entry-footer\"><\/footer><\/article><article class='av-magazine-entry av-magazine-entry-id-23971 av-magazine-format-standard av-magazine-type-post av-magazine-entry-5 av-magazine-entry-small '  itemscope=\"itemscope\" itemtype=\"https:\/\/schema.org\/CreativeWork\" ><div class=\"av-magazine-thumbnail\"><a href='https:\/\/www.ern.org\/fr\/living-rivers-europe-recommendations-to-foster-the-implementation-of-the-water-framework-directive\/' title='Lier vers : Recommandations de Living Rivers Europe pour favoriser la mise en \u0153uvre de la directive-cadre sur l&rsquo;eau' class='av-magazine-thumbnail-link'><img decoding=\"async\" fetchpriority=\"high\" width=\"80\" height=\"80\" src=\"https:\/\/www.ern.org\/wp-content\/uploads\/2018\/03\/living_rivers_europe_logo-2-80x80.jpg\" class=\"wp-image-17458 avia-img-lazy-loading-not-17458 attachment-thumbnail size-thumbnail wp-post-image\" alt=\"logo Living Rivers Europe\" srcset=\"https:\/\/www.ern.org\/wp-content\/uploads\/2018\/03\/living_rivers_europe_logo-2-80x80.jpg 80w, https:\/\/www.ern.org\/wp-content\/uploads\/2018\/03\/living_rivers_europe_logo-2-36x36.jpg 36w\" sizes=\"(max-width: 80px) 100vw, 80px\" \/><\/a><\/div><div class=\"av-magazine-content-wrap\"><header class=\"entry-content-header\" aria-label=\"Articles : Recommandations de Living Rivers Europe pour favoriser la mise en \u0153uvre de la directive-cadre sur l&#039;eau\"><time class='av-magazine-time updated'  itemprop=\"datePublished\" datetime=\"2025-10-01T15:00:50+02:00\" >octobre 1, 2025<\/time><h3 class='av-magazine-title entry-title '  itemprop=\"headline\" ><a href='https:\/\/www.ern.org\/fr\/living-rivers-europe-recommendations-to-foster-the-implementation-of-the-water-framework-directive\/' title='Lier vers : Recommandations de Living Rivers Europe pour favoriser la mise en \u0153uvre de la directive-cadre sur l&rsquo;eau'>Recommandations de Living Rivers Europe pour favoriser la mise en \u0153uvre de la directive-cadre sur l&rsquo;eau<\/a><\/h3><\/header><\/div><footer class=\"entry-footer\"><\/footer><\/article><\/div><\/div><br \/>\n<div  class='hr av-o2goph-d7c7a4c210d7e0252b1e3409c6ac7b86 hr-default  avia-builder-el-10  el_after_av_magazine  el_before_av_textblock '><span class='hr-inner '><span class=\"hr-inner-style\"><\/span><\/span><\/div><br \/>\n<section  class='av_textblock_section av-jovhs6k1-4f60a005c4d64af23920f6c4c94e2ff2 '   itemscope=\"itemscope\" itemtype=\"https:\/\/schema.org\/CreativeWork\" ><div class='avia_textblock'  itemprop=\"text\" ><h4><\/h4>\n<p>La vision de Livings Rivers Europe (english)<\/p>\n<p><a href=\"http:\/\/www.ern.org\/wp-content\/uploads\/2017\/03\/2017_living_rivers_europe_vision_statement.pdf\"><img loading=\"lazy\" decoding=\"async\" class=\"alignnone size-medium wp-image-4435\" src=\"http:\/\/www.ern.org\/wp-content\/uploads\/2018\/07\/LRE_statement-300x210.jpg\" alt=\"\" width=\"300\" height=\"210\" \/><\/a><\/p>\n<p>Report : Bringing life back to Europe&rsquo;s Waters, the EU water law in action (english)<\/p>\n<p><a href=\"https:\/\/www.ern.org\/wp-content\/uploads\/2018\/09\/Making-a-case-for-WFD_w.pdf\"><img loading=\"lazy\" decoding=\"async\" class=\"alignnone wp-image-5786 size-medium\" src=\"http:\/\/www.ern.org\/wp-content\/uploads\/2018\/11\/rappotLRE-211x300.png\" alt=\"\" width=\"211\" height=\"300\" \/><\/a><\/p>\n<\/div><\/section><\/p><\/div><\/p>\n","protected":false},"excerpt":{"rendered":"","protected":false},"author":3,"featured_media":0,"parent":0,"menu_order":0,"comment_status":"closed","ping_status":"closed","template":"","meta":{"footnotes":""},"class_list":["post-5029","page","type-page","status-publish","hentry"],"_links":{"self":[{"href":"https:\/\/www.ern.org\/fr\/wp-json\/wp\/v2\/pages\/5029","targetHints":{"allow":["GET"]}}],"collection":[{"href":"https:\/\/www.ern.org\/fr\/wp-json\/wp\/v2\/pages"}],"about":[{"href":"https:\/\/www.ern.org\/fr\/wp-json\/wp\/v2\/types\/page"}],"author":[{"embeddable":true,"href":"https:\/\/www.ern.org\/fr\/wp-json\/wp\/v2\/users\/3"}],"replies":[{"embeddable":true,"href":"https:\/\/www.ern.org\/fr\/wp-json\/wp\/v2\/comments?post=5029"}],"version-history":[{"count":2,"href":"https:\/\/www.ern.org\/fr\/wp-json\/wp\/v2\/pages\/5029\/revisions"}],"predecessor-version":[{"id":25182,"href":"https:\/\/www.ern.org\/fr\/wp-json\/wp\/v2\/pages\/5029\/revisions\/25182"}],"wp:attachment":[{"href":"https:\/\/www.ern.org\/fr\/wp-json\/wp\/v2\/media?parent=5029"}],"curies":[{"name":"wp","href":"https:\/\/api.w.org\/{rel}","templated":true}]}}