{"id":367,"date":"2016-12-07T10:25:54","date_gmt":"2016-12-07T09:25:54","guid":{"rendered":"https:\/\/www.ern.org\/fr\/?page_id=367"},"modified":"2026-02-06T07:43:58","modified_gmt":"2026-02-06T07:43:58","slug":"proteger-nosprojets","status":"publish","type":"page","link":"https:\/\/www.ern.org\/fr\/proteger-nosprojets\/","title":{"rendered":"Prot\u00e9ger-nos projects"},"content":{"rendered":"\n<style type=\"text\/css\" data-created_by=\"avia_inline_auto\" id=\"style-css-av-457f8-3cc72ec918e01f09387beeec91630533\">\n.flex_column.av-457f8-3cc72ec918e01f09387beeec91630533{\nborder-radius:0px 0px 0px 0px;\npadding:0px 0px 0px 0px;\n}\n<\/style>\n<div  class='flex_column av-457f8-3cc72ec918e01f09387beeec91630533 av_one_full  avia-builder-el-0  el_before_av_heading  avia-builder-el-first  first flex_column_div av-zero-column-padding  '     ><p>\n<style type=\"text\/css\" data-created_by=\"avia_inline_auto\" id=\"style-css-av-k5o01tk6-969ed527e38de77cec087542964bd450\">\n#top .av-special-heading.av-k5o01tk6-969ed527e38de77cec087542964bd450{\npadding-bottom:2px;\n}\nbody .av-special-heading.av-k5o01tk6-969ed527e38de77cec087542964bd450 .av-special-heading-tag .heading-char{\nfont-size:25px;\n}\n.av-special-heading.av-k5o01tk6-969ed527e38de77cec087542964bd450 .av-subheading{\nfont-size:12px;\n}\n<\/style>\n<div  class='av-special-heading av-k5o01tk6-969ed527e38de77cec087542964bd450 av-special-heading-h2 blockquote modern-quote  avia-builder-el-1  el_before_av_hr  avia-builder-el-first '><h2 class='av-special-heading-tag '  itemprop=\"headline\"  >Prot\u00e9ger les fleuves, les rivi\u00e8res et les \u00e9cosyst\u00e8mes aquatiques<\/h2><div class=\"special-heading-border\"><div class=\"special-heading-inner-border\"><\/div><\/div><\/div><br \/>\n\n<style type=\"text\/css\" data-created_by=\"avia_inline_auto\" id=\"style-css-av-ysmf0-6db307fcab3d174818ea131e112139cb\">\n#top .hr.av-ysmf0-6db307fcab3d174818ea131e112139cb{\nmargin-top:0px;\nmargin-bottom:0px;\n}\n.hr.av-ysmf0-6db307fcab3d174818ea131e112139cb .hr-inner{\nwidth:1500px;\nborder-color:#6786a1;\n}\n<\/style>\n<div  class='hr av-ysmf0-6db307fcab3d174818ea131e112139cb hr-custom  avia-builder-el-2  el_after_av_heading  el_before_av_textblock  hr-center hr-icon-no'><span class='hr-inner inner-border-av-border-thin'><span class=\"hr-inner-style\"><\/span><\/span><\/div><br \/>\n<section  class='av_textblock_section av-joxmic0p-80e1921d9f63034cf9810105fabc1b14 '   itemscope=\"itemscope\" itemtype=\"https:\/\/schema.org\/CreativeWork\" ><div class='avia_textblock'  itemprop=\"text\" ><p id=\"tw-target-text\" class=\"tw-data-text tw-ta tw-text-small\" dir=\"ltr\" data-placeholder=\"Traduction\"><span lang=\"fr\">La pr\u00e9servation des fleuves et rivi\u00e8res en tant qu\u2019\u00e9cosyst\u00e8mes, avec toute la biodiversit\u00e9 qui leur est associ\u00e9e, permet avant tout de maintenir leur dynamique, leur r\u00e9silience\u2026 Une rivi\u00e8re en bonne sant\u00e9 poss\u00e8de en effet un potentiel d\u2019\u00e9volution \u00e9norme, une forte capacit\u00e9 de r\u00e9g\u00e9n\u00e9ration et offre gratuitement aux hommes ses \u00ab services \u00e9cosyst\u00e9miques \u00bb.<\/span><\/p>\n<p class=\"tw-data-text tw-ta tw-text-small\" dir=\"ltr\" data-placeholder=\"Traduction\"><span lang=\"fr\">Seules quelques rivi\u00e8res d\u2019Europe sont encore \u00e0 l\u2019\u00e9tat naturel. Elles doivent \u00eatre prot\u00e9g\u00e9es. Soit par divers moyens juridiques classiques (tels que Natura 2000 de l\u2019UE, zones de conservation, parcs nationaux, etc.) ou par la cr\u00e9ation d\u2019autres instruments \u00abvolontaires\u00bb ou structures. <\/span><\/p>\n<p class=\"tw-data-text tw-ta tw-text-small\" dir=\"ltr\" data-placeholder=\"Traduction\"><span lang=\"fr\">Un autre \u00e9l\u00e9ment important pour assurer la meilleure protection possible des cours d\u2019eau est la mise en place d\u2019un r\u00e9seau de tous les acteurs et de toutes les campagnes d\u2019actions le long du fleuve, ainsi qu\u2019une strat\u00e9gie de communication qui informe et motive les citoyens et les d\u00e9cideurs.<\/span><\/p>\n<p dir=\"ltr\" data-placeholder=\"Traduction\">Voir <a href=\"https:\/\/www.ern.org\/fr\/vigilance-et-proteste-citoyenne\/\">la carte<\/a> des grands combats citoyens et campagnes pour la sauvegarde des fleuves et rivi\u00e8res d\u2019Europe (en cours et termin\u00e9e).<\/p>\n<\/div><\/section><\/p><\/div>\n\n<style type=\"text\/css\" data-created_by=\"avia_inline_auto\" id=\"style-css-av-av_heading-6862ed4a99a32099e01e18d3d7d27440\">\n#top .av-special-heading.av-av_heading-6862ed4a99a32099e01e18d3d7d27440{\npadding-bottom:10px;\n}\nbody .av-special-heading.av-av_heading-6862ed4a99a32099e01e18d3d7d27440 .av-special-heading-tag .heading-char{\nfont-size:25px;\n}\n.av-special-heading.av-av_heading-6862ed4a99a32099e01e18d3d7d27440 .av-subheading{\nfont-size:15px;\n}\n<\/style>\n<div  class='av-special-heading av-av_heading-6862ed4a99a32099e01e18d3d7d27440 av-special-heading-h3  avia-builder-el-4  el_after_av_one_full  el_before_av_one_fifth  av-linked-heading'><h3 class='av-special-heading-tag '  itemprop=\"headline\"  >Nos projets et campagnes<\/h3><div class=\"special-heading-border\"><div class=\"special-heading-inner-border\"><\/div><\/div><\/div>\n\n<style type=\"text\/css\" data-created_by=\"avia_inline_auto\" id=\"style-css-av-3c54n-7bd3d64db4a38864139e7c584aff4c8e\">\n.flex_column.av-3c54n-7bd3d64db4a38864139e7c584aff4c8e{\nborder-radius:0px 0px 0px 0px;\npadding:0px 0px 0px 0px;\n}\n<\/style>\n<div  class='flex_column av-3c54n-7bd3d64db4a38864139e7c584aff4c8e av_one_fifth  avia-builder-el-5  el_after_av_heading  el_before_av_one_fifth  first flex_column_div av-zero-column-padding  '     ><p>\n<style type=\"text\/css\" data-created_by=\"avia_inline_auto\" id=\"style-css-av-jjif01yg-11a18708b142153bef123f9f85455965\">\n#top .av_textblock_section.av-jjif01yg-11a18708b142153bef123f9f85455965 .avia_textblock{\nfont-size:15px;\ncolor:#000000;\n}\n<\/style>\n<section  class='av_textblock_section av-jjif01yg-11a18708b142153bef123f9f85455965 '   itemscope=\"itemscope\" itemtype=\"https:\/\/schema.org\/CreativeWork\" ><div class='avia_textblock av_inherit_color'  itemprop=\"text\" ><p><a href=\"https:\/\/www.ern.org\/en\/living-rivers-europe\/campaign-protect-water\/\"><img loading=\"lazy\" decoding=\"async\" class=\"aligncenter wp-image-4531 size-full\" src=\"http:\/\/www.ern.org\/wp-content\/uploads\/2018\/07\/site_ern_lre-1.jpg\" alt=\"\" width=\"325\" height=\"342\" \/><\/a><\/p>\n<\/div><\/section><br \/>\n<section  class='av_textblock_section av-k5o29f89-c22683daf28d7c380cb877e9f87c8a12 '   itemscope=\"itemscope\" itemtype=\"https:\/\/schema.org\/CreativeWork\" ><div class='avia_textblock'  itemprop=\"text\" ><p style=\"text-align: center;\">Campagne \u00ab\u00a0protectwater\u00a0\u00bb : pour une Directive Cadre Europ\u00e9enne sur l&rsquo;Eau ambitieuse.<br \/>\n<a href=\"https:\/\/www.ern.org\/en\/living-rivers-europe\/campaign-protect-water\/\">Visitez nos pages<\/a><\/p>\n<\/div><\/section><\/p><\/div>\n<style type=\"text\/css\" data-created_by=\"avia_inline_auto\" id=\"style-css-av-ql7dz-aab06dc38ee7f86ad078defec79751ea\">\n.flex_column.av-ql7dz-aab06dc38ee7f86ad078defec79751ea{\nborder-radius:0px 0px 0px 0px;\npadding:0px 0px 0px 0px;\n}\n<\/style>\n<div  class='flex_column av-ql7dz-aab06dc38ee7f86ad078defec79751ea av_one_fifth  avia-builder-el-8  el_after_av_one_fifth  el_before_av_one_fifth  flex_column_div av-zero-column-padding  '     ><style type=\"text\/css\" data-created_by=\"avia_inline_auto\" id=\"style-css-av-1who67-611127dc9ab5acefef61f1850f741191\">\n#top .av_textblock_section.av-1who67-611127dc9ab5acefef61f1850f741191 .avia_textblock{\nfont-size:15px;\ncolor:#000000;\n}\n<\/style>\n<section  class='av_textblock_section av-1who67-611127dc9ab5acefef61f1850f741191 '   itemscope=\"itemscope\" itemtype=\"https:\/\/schema.org\/CreativeWork\" ><div class='avia_textblock av_inherit_color'  itemprop=\"text\" ><p style=\"text-align: center;\"><a href=\"http:\/\/www.ern.org\/fr\/loire-vivante\/\"><img loading=\"lazy\" decoding=\"async\" class=\"aligncenter wp-image-402 size-full\" src=\"http:\/\/www.ern.org\/wp-content\/uploads\/2016\/12\/site_ern_soslv.jpg\" alt=\"site_ern_soslv\" width=\"325\" height=\"342\" \/><\/a><\/p>\n<\/div><\/section><br \/>\n<section  class='av_textblock_section av-k5o29saf-31898b78cef5cc0f82522a16e8306aae '   itemscope=\"itemscope\" itemtype=\"https:\/\/schema.org\/CreativeWork\" ><div class='avia_textblock'  itemprop=\"text\" ><p style=\"text-align: center;\">Campagne et r\u00e9seau de personnes, de projets et d&rsquo;organisations sur l&rsquo;ensemble du bassin versant, pour sauver la Loire, dernier grand fleuve sauvage d&rsquo;Europe de l&rsquo;Ouest.<br \/>\n<a href=\"http:\/\/www.ern.org\/fr\/loire-vivante\/\">Voir notre site d\u00e9di\u00e9<\/a><\/p>\n<\/div><\/section><\/p><\/div>\n<style type=\"text\/css\" data-created_by=\"avia_inline_auto\" id=\"style-css-av-llgpj-84a0c7c6bf5ced5c31b55e5ec0837399\">\n.flex_column.av-llgpj-84a0c7c6bf5ced5c31b55e5ec0837399{\nborder-radius:0px 0px 0px 0px;\npadding:0px 0px 0px 0px;\n}\n<\/style>\n<div  class='flex_column av-llgpj-84a0c7c6bf5ced5c31b55e5ec0837399 av_one_fifth  avia-builder-el-11  el_after_av_one_fifth  el_before_av_one_fifth  flex_column_div av-zero-column-padding  '     ><p>\n<style type=\"text\/css\" data-created_by=\"avia_inline_auto\" id=\"style-css-av-1lo6kf-5c014b8cb71664038df3d5695a7c4e5c\">\n#top .av_textblock_section.av-1lo6kf-5c014b8cb71664038df3d5695a7c4e5c .avia_textblock{\nfont-size:15px;\ncolor:#000000;\n}\n<\/style>\n<section  class='av_textblock_section av-1lo6kf-5c014b8cb71664038df3d5695a7c4e5c '   itemscope=\"itemscope\" itemtype=\"https:\/\/schema.org\/CreativeWork\" ><div class='avia_textblock av_inherit_color'  itemprop=\"text\" ><p><a href=\"http:\/\/www.mabloireallierardeche.org\/\"><img loading=\"lazy\" decoding=\"async\" class=\"aligncenter wp-image-6798 size-full\" src=\"http:\/\/www.ern.org\/wp-content\/uploads\/2016\/12\/site_ern_mab.jpg\" alt=\"\" width=\"325\" height=\"342\" \/><\/a><\/p>\n<\/div><\/section><br \/>\n<section  class='av_textblock_section av-k5o2a69a-e923a59df07d02c5371494597429559e '   itemscope=\"itemscope\" itemtype=\"https:\/\/schema.org\/CreativeWork\" ><div class='avia_textblock'  itemprop=\"text\" ><p style=\"text-align: center;\">Campagne d&rsquo;information pour la cr\u00e9ation d&rsquo;une r\u00e9serve UNESCO \u00ab\u00a0Man &amp; Biosph\u00e8re\u00a0\u00bb couvrant tout le secteur des sources de la Loire, de l&rsquo;Allier et de l&rsquo;Ard\u00e8che.<br \/>\n<a href=\"http:\/\/www.mabloireallierardeche.org\/\">Visitez notre site d\u00e9di\u00e9<\/a><\/p>\n<\/div><\/section><\/p><\/div>\n<style type=\"text\/css\" data-created_by=\"avia_inline_auto\" id=\"style-css-av-hchrj-703e21a7ef31ece8468cb142b0bb55d8\">\n.flex_column.av-hchrj-703e21a7ef31ece8468cb142b0bb55d8{\nborder-radius:0px 0px 0px 0px;\npadding:0px 0px 0px 0px;\n}\n<\/style>\n<div  class='flex_column av-hchrj-703e21a7ef31ece8468cb142b0bb55d8 av_one_fifth  avia-builder-el-14  el_after_av_one_fifth  el_before_av_one_fifth  flex_column_div av-zero-column-padding  '     ><p>\n<style type=\"text\/css\" data-created_by=\"avia_inline_auto\" id=\"style-css-av-1lo6kf-5c014b8cb71664038df3d5695a7c4e5c\">\n#top .av_textblock_section.av-1lo6kf-5c014b8cb71664038df3d5695a7c4e5c .avia_textblock{\nfont-size:15px;\ncolor:#000000;\n}\n<\/style>\n<section  class='av_textblock_section av-1lo6kf-5c014b8cb71664038df3d5695a7c4e5c '   itemscope=\"itemscope\" itemtype=\"https:\/\/schema.org\/CreativeWork\" ><div class='avia_textblock av_inherit_color'  itemprop=\"text\" ><p><a href=\"http:\/\/www.hautevalleedelaloire.com\/\"><img loading=\"lazy\" decoding=\"async\" class=\"aligncenter wp-image-6804 size-full\" src=\"http:\/\/www.ern.org\/wp-content\/uploads\/2016\/12\/site_ern_hautevalleedelaloire.jpg\" alt=\"\" width=\"325\" height=\"342\" \/><\/a><\/p>\n<\/div><\/section><br \/>\n<section  class='av_textblock_section av-k5o2aini-b6647ab5349df947ecc1b6e646cfc6e7 '   itemscope=\"itemscope\" itemtype=\"https:\/\/schema.org\/CreativeWork\" ><div class='avia_textblock'  itemprop=\"text\" ><p style=\"text-align: center;\">Nos projets et campagnes pour pr\u00e9server et valoriser la Haute Vall\u00e9e de la Loire.<br \/>\n<a href=\"http:\/\/www.hautevalleedelaloire.com\/\">Visitez notre site d\u00e9di\u00e9<\/a><\/p>\n<\/div><\/section><\/p><\/div>\n<style type=\"text\/css\" data-created_by=\"avia_inline_auto\" id=\"style-css-av-8nfpb-8301e331ae4e185af520a9e5026b4eb9\">\n.flex_column.av-8nfpb-8301e331ae4e185af520a9e5026b4eb9{\nborder-radius:0px 0px 0px 0px;\npadding:0px 0px 0px 0px;\n}\n<\/style>\n<div  class='flex_column av-8nfpb-8301e331ae4e185af520a9e5026b4eb9 av_one_fifth  avia-builder-el-17  el_after_av_one_fifth  el_before_av_one_full  flex_column_div av-zero-column-padding  '     ><p>\n<style type=\"text\/css\" data-created_by=\"avia_inline_auto\" id=\"style-css-av-1lo6kf-5c014b8cb71664038df3d5695a7c4e5c\">\n#top .av_textblock_section.av-1lo6kf-5c014b8cb71664038df3d5695a7c4e5c .avia_textblock{\nfont-size:15px;\ncolor:#000000;\n}\n<\/style>\n<section  class='av_textblock_section av-1lo6kf-5c014b8cb71664038df3d5695a7c4e5c '   itemscope=\"itemscope\" itemtype=\"https:\/\/schema.org\/CreativeWork\" ><div class='avia_textblock av_inherit_color'  itemprop=\"text\" ><p><a href=\"https:\/\/www.ern.org\/fr\/wild-rivers\/\" rel=\"noopener\"><img loading=\"lazy\" decoding=\"async\" class=\"aligncenter wp-image-400 size-full\" src=\"http:\/\/www.ern.org\/wp-content\/uploads\/2016\/12\/site_ern_rs.jpg\" alt=\"site_ern_rs\" width=\"325\" height=\"342\" \/><\/a><\/p>\n<\/div><\/section><br \/>\n<section  class='av_textblock_section av-k5o2bjge-c3160513370938e447f813e175a1f218 '   itemscope=\"itemscope\" itemtype=\"https:\/\/schema.org\/CreativeWork\" ><div class='avia_textblock'  itemprop=\"text\" ><p style=\"text-align: center;\">Un label et un r\u00e9seau pour pr\u00e9server les derniers cours d&rsquo;eau sauvages d&rsquo;Europe.<br \/>\n<a href=\"https:\/\/www.ern.org\/fr\/wild-rivers\/\">Visitez nos pages<\/a><\/p>\n<\/div><\/section><\/p><\/div>\n<style type=\"text\/css\" data-created_by=\"avia_inline_auto\" id=\"style-css-av-reydj-d5f2af92ac2b8104eb3650448225b668\">\n.flex_column.av-reydj-d5f2af92ac2b8104eb3650448225b668{\nborder-radius:0px 0px 0px 0px;\npadding:0px 0px 0px 0px;\n}\n<\/style>\n<div  class='flex_column av-reydj-d5f2af92ac2b8104eb3650448225b668 av_one_full  avia-builder-el-20  el_after_av_one_fifth  avia-builder-el-last  first flex_column_div av-zero-column-padding  column-top-margin'     ><p>\n<style type=\"text\/css\" data-created_by=\"avia_inline_auto\" id=\"style-css-av-ih4q7-76ab5643f13731f62d5641facce4b392\">\n#top .av-special-heading.av-ih4q7-76ab5643f13731f62d5641facce4b392{\npadding-bottom:10px;\n}\nbody .av-special-heading.av-ih4q7-76ab5643f13731f62d5641facce4b392 .av-special-heading-tag .heading-char{\nfont-size:25px;\n}\n.av-special-heading.av-ih4q7-76ab5643f13731f62d5641facce4b392 .av-subheading{\nfont-size:15px;\n}\n<\/style>\n<div  class='av-special-heading av-ih4q7-76ab5643f13731f62d5641facce4b392 av-special-heading-h2 blockquote modern-quote  avia-builder-el-21  el_before_av_hr  avia-builder-el-first '><div class='av-subheading av-subheading_above'><p>Prot\u00e9ger les rivi\u00e8res<\/p>\n<\/div><h2 class='av-special-heading-tag '  itemprop=\"headline\"  >Actualit\u00e9s<\/h2><div class=\"special-heading-border\"><div class=\"special-heading-inner-border\"><\/div><\/div><\/div><br \/>\n\n<style type=\"text\/css\" data-created_by=\"avia_inline_auto\" id=\"style-css-av-h8vd3-47afe03c3e5d3832773c3670d3533ae1\">\n#top .hr.av-h8vd3-47afe03c3e5d3832773c3670d3533ae1{\nmargin-top:0px;\nmargin-bottom:0px;\n}\n.hr.av-h8vd3-47afe03c3e5d3832773c3670d3533ae1 .hr-inner{\nwidth:1500px;\nborder-color:#6786a1;\n}\n<\/style>\n<div  class='hr av-h8vd3-47afe03c3e5d3832773c3670d3533ae1 hr-custom  avia-builder-el-22  el_after_av_heading  el_before_av_blog  hr-center hr-icon-no'><span class='hr-inner inner-border-av-border-thin'><span class=\"hr-inner-style\"><\/span><\/span><\/div><br \/>\n<\/p><\/div><\/p>\n","protected":false},"excerpt":{"rendered":"","protected":false},"author":5,"featured_media":0,"parent":0,"menu_order":0,"comment_status":"closed","ping_status":"closed","template":"","meta":{"footnotes":""},"class_list":["post-367","page","type-page","status-publish","hentry"],"_links":{"self":[{"href":"https:\/\/www.ern.org\/fr\/wp-json\/wp\/v2\/pages\/367","targetHints":{"allow":["GET"]}}],"collection":[{"href":"https:\/\/www.ern.org\/fr\/wp-json\/wp\/v2\/pages"}],"about":[{"href":"https:\/\/www.ern.org\/fr\/wp-json\/wp\/v2\/types\/page"}],"author":[{"embeddable":true,"href":"https:\/\/www.ern.org\/fr\/wp-json\/wp\/v2\/users\/5"}],"replies":[{"embeddable":true,"href":"https:\/\/www.ern.org\/fr\/wp-json\/wp\/v2\/comments?post=367"}],"version-history":[{"count":0,"href":"https:\/\/www.ern.org\/fr\/wp-json\/wp\/v2\/pages\/367\/revisions"}],"wp:attachment":[{"href":"https:\/\/www.ern.org\/fr\/wp-json\/wp\/v2\/media?parent=367"}],"curies":[{"name":"wp","href":"https:\/\/api.w.org\/{rel}","templated":true}]}}