{"id":364,"date":"2016-12-07T10:25:03","date_gmt":"2016-12-07T09:25:03","guid":{"rendered":"https:\/\/www.ern.org\/fr\/?page_id=364"},"modified":"2026-02-06T07:43:58","modified_gmt":"2026-02-06T07:43:58","slug":"reapprendre-nosprojets","status":"publish","type":"page","link":"https:\/\/www.ern.org\/fr\/reapprendre-nosprojets\/","title":{"rendered":"R\u00e9apprendre-nos projets"},"content":{"rendered":"\n<style type=\"text\/css\" data-created_by=\"avia_inline_auto\" id=\"style-css-av-457f8-3cc72ec918e01f09387beeec91630533\">\n.flex_column.av-457f8-3cc72ec918e01f09387beeec91630533{\nborder-radius:0px 0px 0px 0px;\npadding:0px 0px 0px 0px;\n}\n<\/style>\n<div  class='flex_column av-457f8-3cc72ec918e01f09387beeec91630533 av_one_full  avia-builder-el-0  el_before_av_heading  avia-builder-el-first  first flex_column_div av-zero-column-padding  '     ><p>\n<style type=\"text\/css\" data-created_by=\"avia_inline_auto\" id=\"style-css-av-k5nz9ycv-75de70f4c0d40ae5bd91e960dfd411ca\">\n#top .av-special-heading.av-k5nz9ycv-75de70f4c0d40ae5bd91e960dfd411ca{\npadding-bottom:2px;\n}\nbody .av-special-heading.av-k5nz9ycv-75de70f4c0d40ae5bd91e960dfd411ca .av-special-heading-tag .heading-char{\nfont-size:25px;\n}\n.av-special-heading.av-k5nz9ycv-75de70f4c0d40ae5bd91e960dfd411ca .av-subheading{\nfont-size:12px;\n}\n<\/style>\n<div  class='av-special-heading av-k5nz9ycv-75de70f4c0d40ae5bd91e960dfd411ca av-special-heading-h2 blockquote modern-quote  avia-builder-el-1  el_before_av_hr  avia-builder-el-first '><h2 class='av-special-heading-tag '  itemprop=\"headline\"  >R\u00e9apprendre la rivi\u00e8re &#8211; Culture du fleuve<\/h2><div class=\"special-heading-border\"><div class=\"special-heading-inner-border\"><\/div><\/div><\/div><br \/>\n\n<style type=\"text\/css\" data-created_by=\"avia_inline_auto\" id=\"style-css-av-ysmf0-6db307fcab3d174818ea131e112139cb\">\n#top .hr.av-ysmf0-6db307fcab3d174818ea131e112139cb{\nmargin-top:0px;\nmargin-bottom:0px;\n}\n.hr.av-ysmf0-6db307fcab3d174818ea131e112139cb .hr-inner{\nwidth:1500px;\nborder-color:#6786a1;\n}\n<\/style>\n<div  class='hr av-ysmf0-6db307fcab3d174818ea131e112139cb hr-custom  avia-builder-el-2  el_after_av_heading  el_before_av_textblock  hr-center hr-icon-no'><span class='hr-inner inner-border-av-border-thin'><span class=\"hr-inner-style\"><\/span><\/span><\/div><br \/>\n<section  class='av_textblock_section av-k53r5t08-aa66bb6eaf61e26761f6d98c6372eb59 '   itemscope=\"itemscope\" itemtype=\"https:\/\/schema.org\/CreativeWork\" ><div class='avia_textblock'  itemprop=\"text\" ><p>De plus en plus de gens vivent d\u00e9sormais en ville et parmi eux, peu sont ceux qui r\u00e9sident \u00e0 proximit\u00e9 d&rsquo;un cours d&rsquo;eau. Et dans ce cas, \u00e7a n&rsquo;est en g\u00e9n\u00e9ral que pour une dur\u00e9e limit\u00e9e ! Nous sommes en effet bien loin du temps o\u00f9 des familles enti\u00e8res r\u00e9sidaient toute leur vie, voire sur plusieurs g\u00e9n\u00e9rations, en un m\u00eame endroit en bordure d&rsquo;une rivi\u00e8re ou d&rsquo;un fleuve.<br \/>\nLa m\u00e9moire individuelle et collective du fonctionnement des fleuves a depuis longtemps disparu&#8230;<\/p>\n<p>Qui de nos jours mesure v\u00e9ritablement \u00e0 quel point les inondations peuvent \u00eatre dangereuses et sait quelle conduite tenir lorsqu&rsquo;elles surviennent ? Combien de citoyens et de d\u00e9cideurs comprennent l&rsquo;importance et le r\u00f4le de fleuves et de rivi\u00e8res vivants, libres, o\u00f9 abondent eau et poissons ?<\/p>\n<p>Face \u00e0 cette tendance, ERN a mis en place plusieurs projets et campagnes dans le domaine de l&rsquo;\u00e9ducation.<\/p>\n<\/div><\/section><\/p><\/div>\n\n<style type=\"text\/css\" data-created_by=\"avia_inline_auto\" id=\"style-css-av-av_heading-386f88c090d1359e4e90ea4cecd16224\">\n#top .av-special-heading.av-av_heading-386f88c090d1359e4e90ea4cecd16224{\npadding-bottom:10px;\n}\nbody .av-special-heading.av-av_heading-386f88c090d1359e4e90ea4cecd16224 .av-special-heading-tag .heading-char{\nfont-size:25px;\n}\n.av-special-heading.av-av_heading-386f88c090d1359e4e90ea4cecd16224 .av-subheading{\nfont-size:15px;\n}\n<\/style>\n<div  class='av-special-heading av-av_heading-386f88c090d1359e4e90ea4cecd16224 av-special-heading-h3  avia-builder-el-4  el_after_av_one_full  el_before_av_one_fifth  av-linked-heading'><h3 class='av-special-heading-tag '  itemprop=\"headline\"  >Nos projets et campagnes<\/h3><div class=\"special-heading-border\"><div class=\"special-heading-inner-border\"><\/div><\/div><\/div>\n\n<style type=\"text\/css\" data-created_by=\"avia_inline_auto\" id=\"style-css-av-vfke4-06919df8f63ffc1fc5f8c0c3b358a8b1\">\n.flex_column.av-vfke4-06919df8f63ffc1fc5f8c0c3b358a8b1{\nborder-radius:0px 0px 0px 0px;\npadding:0px 0px 0px 0px;\n}\n<\/style>\n<div  class='flex_column av-vfke4-06919df8f63ffc1fc5f8c0c3b358a8b1 av_one_fifth  avia-builder-el-5  el_after_av_heading  el_before_av_one_fifth  first flex_column_div av-zero-column-padding  '     ><p>\n<style type=\"text\/css\" data-created_by=\"avia_inline_auto\" id=\"style-css-av-km0gj9eo-0b597ec7306789aba90b974b49d09bbf\">\n.avia-image-container.av-km0gj9eo-0b597ec7306789aba90b974b49d09bbf img.avia_image{\nbox-shadow:none;\n}\n.avia-image-container.av-km0gj9eo-0b597ec7306789aba90b974b49d09bbf .av-image-caption-overlay-center{\ncolor:#ffffff;\n}\n<\/style>\n<div  class='avia-image-container av-km0gj9eo-0b597ec7306789aba90b974b49d09bbf av-styling- avia-align-center  avia-builder-el-6  el_before_av_textblock  avia-builder-el-first '   itemprop=\"image\" itemscope=\"itemscope\" itemtype=\"https:\/\/schema.org\/ImageObject\" ><div class=\"avia-image-container-inner\"><div class=\"avia-image-overlay-wrap\"><img decoding=\"async\" fetchpriority=\"high\" class='wp-image- avia-img-lazy-loading-not- avia_image ' src=\"http:\/\/www.ern.org\/wp-content\/uploads\/2016\/11\/site_ern_rifm.jpg\" alt='' title=''   itemprop=\"thumbnailUrl\"  \/><\/div><\/div><\/div><br \/>\n<section  class='av_textblock_section av-k5o2q412-5ac2125e0f08e96b38a295fb1838a09b '   itemscope=\"itemscope\" itemtype=\"https:\/\/schema.org\/CreativeWork\" ><div class='avia_textblock'  itemprop=\"text\" ><p style=\"text-align: center;\">Action p\u00e9dagogique de d\u00e9couverte de la rivi\u00e8re \u00e0 la crois\u00e9e de l&rsquo;\u00e9ducation \u00e0 l&rsquo;environnement et de l&rsquo;expression artistique.<\/p>\n<p style=\"text-align: center;\"><a href=\"http:\/\/www.ern.org\/fr\/reapprendre-la-riviere\/_wp_link_placeholder\">Visitez notre site d\u00e9di\u00e9<\/a><\/p>\n<\/div><\/section><\/p><\/div>\n<style type=\"text\/css\" data-created_by=\"avia_inline_auto\" id=\"style-css-av-p9yro-17bb34345d3f72a08334afeccaf07ffd\">\n.flex_column.av-p9yro-17bb34345d3f72a08334afeccaf07ffd{\nborder-radius:0px 0px 0px 0px;\npadding:0px 0px 0px 0px;\n}\n<\/style>\n<div  class='flex_column av-p9yro-17bb34345d3f72a08334afeccaf07ffd av_one_fifth  avia-builder-el-8  el_after_av_one_fifth  el_before_av_one_fifth  flex_column_div av-zero-column-padding  '     ><p>\n<style type=\"text\/css\" data-created_by=\"avia_inline_auto\" id=\"style-css-av-km0gkz4w-c78439eba8154136dbfa7493f1dc7bcb\">\n.avia-image-container.av-km0gkz4w-c78439eba8154136dbfa7493f1dc7bcb img.avia_image{\nbox-shadow:none;\n}\n.avia-image-container.av-km0gkz4w-c78439eba8154136dbfa7493f1dc7bcb .av-image-caption-overlay-center{\ncolor:#ffffff;\n}\n<\/style>\n<div  class='avia-image-container av-km0gkz4w-c78439eba8154136dbfa7493f1dc7bcb av-styling- avia-align-center  avia-builder-el-9  el_before_av_textblock  avia-builder-el-first '   itemprop=\"image\" itemscope=\"itemscope\" itemtype=\"https:\/\/schema.org\/ImageObject\" ><div class=\"avia-image-container-inner\"><div class=\"avia-image-overlay-wrap\"><img decoding=\"async\" fetchpriority=\"high\" class='wp-image-11062 avia-img-lazy-loading-not-11062 avia_image ' src=\"https:\/\/www.ern.org\/wp-content\/uploads\/2020\/01\/Photo_Zouave-1-1.jpg\" alt='' title='Photo_Zouave'  height=\"369\" width=\"373\"  itemprop=\"thumbnailUrl\" srcset=\"https:\/\/www.ern.org\/wp-content\/uploads\/2020\/01\/Photo_Zouave-1-1.jpg 373w, https:\/\/www.ern.org\/wp-content\/uploads\/2020\/01\/Photo_Zouave-1-1-300x297.jpg 300w, https:\/\/www.ern.org\/wp-content\/uploads\/2020\/01\/Photo_Zouave-1-1-80x80.jpg 80w, https:\/\/www.ern.org\/wp-content\/uploads\/2020\/01\/Photo_Zouave-1-1-36x36.jpg 36w\" sizes=\"(max-width: 373px) 100vw, 373px\" \/><\/div><\/div><\/div><br \/>\n<section  class='av_textblock_section av-k5o2qisl-134f199fa1f507cd126a39f959de45d4 '   itemscope=\"itemscope\" itemtype=\"https:\/\/schema.org\/CreativeWork\" ><div class='avia_textblock'  itemprop=\"text\" ><p style=\"text-align: center;\">Mieux vivre avec les crues en Europe<br \/>\nL&rsquo;exemple de la Seine (France), l&rsquo;exemple de la Loire (France)<br \/>\n<a href=\"https:\/\/www.ern.org\/fr\/vivre-avec-les-crues-en-europe\/\">Visitez nos pages\u00a0<\/a><\/p>\n<\/div><\/section><\/p><\/div>\n<style type=\"text\/css\" data-created_by=\"avia_inline_auto\" id=\"style-css-av-lfkik-4dff7154527527152026e4217ec30606\">\n.flex_column.av-lfkik-4dff7154527527152026e4217ec30606{\nborder-radius:0px 0px 0px 0px;\npadding:0px 0px 0px 0px;\n}\n<\/style>\n<div  class='flex_column av-lfkik-4dff7154527527152026e4217ec30606 av_one_fifth  avia-builder-el-11  el_after_av_one_fifth  el_before_av_one_fifth  flex_column_div av-zero-column-padding  '     ><p>\n<style type=\"text\/css\" data-created_by=\"avia_inline_auto\" id=\"style-css-av-km0gj9eo-9c6db3b4679f9e30925f02dfecae85eb\">\n.avia-image-container.av-km0gj9eo-9c6db3b4679f9e30925f02dfecae85eb img.avia_image{\nbox-shadow:none;\n}\n.avia-image-container.av-km0gj9eo-9c6db3b4679f9e30925f02dfecae85eb .av-image-caption-overlay-center{\ncolor:#ffffff;\n}\n<\/style>\n<div  class='avia-image-container av-km0gj9eo-9c6db3b4679f9e30925f02dfecae85eb av-styling- avia-align-center  avia-builder-el-12  el_before_av_textblock  avia-builder-el-first '   itemprop=\"image\" itemscope=\"itemscope\" itemtype=\"https:\/\/schema.org\/ImageObject\" ><div class=\"avia-image-container-inner\"><div class=\"avia-image-overlay-wrap\"><img decoding=\"async\" fetchpriority=\"high\" class='wp-image-6749 avia-img-lazy-loading-not-6749 avia_image ' src=\"https:\/\/www.ern.org\/wp-content\/uploads\/2016\/11\/site_ern_bj-2.jpg\" alt='' title='site_ern_bj'  height=\"342\" width=\"325\"  itemprop=\"thumbnailUrl\" srcset=\"https:\/\/www.ern.org\/wp-content\/uploads\/2016\/11\/site_ern_bj-2.jpg 325w, https:\/\/www.ern.org\/wp-content\/uploads\/2016\/11\/site_ern_bj-2-285x300.jpg 285w\" sizes=\"(max-width: 325px) 100vw, 325px\" \/><\/div><\/div><\/div><br \/>\n<section  class='av_textblock_section av-k5o2r0cw-feaaf829b28ad9c63d0b83909f5ee20f '   itemscope=\"itemscope\" itemtype=\"https:\/\/schema.org\/CreativeWork\" ><div class='avia_textblock'  itemprop=\"text\" ><p style=\"text-align: center;\">Campagne europ\u00e9enne visant \u00e0 am\u00e9liorer la qualit\u00e9 de l&rsquo;eau et \u00e0 promouvoir un retour \u00e0 la baignade en eaux douces.<\/p>\n<p style=\"text-align: center;\"><a href=\"http:\/\/www.bigjump.org\/?lang=fr\">Visitez notre site d\u00e9di\u00e9<\/a><\/p>\n<\/div><\/section><\/p><\/div>\n<style type=\"text\/css\" data-created_by=\"avia_inline_auto\" id=\"style-css-av-h0utv-ca50f7f2e4b0322594d890511d762cbe\">\n.flex_column.av-h0utv-ca50f7f2e4b0322594d890511d762cbe{\nborder-radius:0px 0px 0px 0px;\npadding:0px 0px 0px 0px;\n}\n<\/style>\n<div  class='flex_column av-h0utv-ca50f7f2e4b0322594d890511d762cbe av_one_fifth  avia-builder-el-14  el_after_av_one_fifth  el_before_av_one_fifth  flex_column_div av-zero-column-padding  '     ><p>\n<style type=\"text\/css\" data-created_by=\"avia_inline_auto\" id=\"style-css-av-km0fgm7s-4a70fcdc427e184225af5c6ac8140b21\">\n.avia-image-container.av-km0fgm7s-4a70fcdc427e184225af5c6ac8140b21 img.avia_image{\nbox-shadow:none;\n}\n.avia-image-container.av-km0fgm7s-4a70fcdc427e184225af5c6ac8140b21 .av-image-caption-overlay-center{\ncolor:#ffffff;\n}\n<\/style>\n<div  class='avia-image-container av-km0fgm7s-4a70fcdc427e184225af5c6ac8140b21 av-styling- avia-align-center  avia-builder-el-15  el_before_av_textblock  avia-builder-el-first '   itemprop=\"image\" itemscope=\"itemscope\" itemtype=\"https:\/\/schema.org\/ImageObject\" ><div class=\"avia-image-container-inner\"><div class=\"avia-image-overlay-wrap\"><img decoding=\"async\" fetchpriority=\"high\" class='wp-image-13871 avia-img-lazy-loading-not-13871 avia_image ' src=\"https:\/\/www.ern.org\/wp-content\/uploads\/2021\/03\/georges_emblanc-1.png\" alt='' title='georges_emblanc'  height=\"652\" width=\"690\"  itemprop=\"thumbnailUrl\" srcset=\"https:\/\/www.ern.org\/wp-content\/uploads\/2021\/03\/georges_emblanc-1.png 690w, https:\/\/www.ern.org\/wp-content\/uploads\/2021\/03\/georges_emblanc-1-300x283.png 300w\" sizes=\"(max-width: 690px) 100vw, 690px\" \/><\/div><\/div><\/div><br \/>\n<section  class='av_textblock_section av-k5o2nu8j-9001c55a759a8a4b6e9e64b1c193f987 '   itemscope=\"itemscope\" itemtype=\"https:\/\/schema.org\/CreativeWork\" ><div class='avia_textblock'  itemprop=\"text\" ><p style=\"text-align: center;\">Prix Georges Emblanc<br \/>\n<a href=\"https:\/\/www.ern.org\/fr\/prix-georges-emblanc-accueil\/\">Visitez nos pages<\/a><\/p>\n<\/div><\/section><\/p><\/div><\/p>\n\n<style type=\"text\/css\" data-created_by=\"avia_inline_auto\" id=\"style-css-av-ge7ys-47dd0ea13efab8e39d02297f75842293\">\n.flex_column.av-ge7ys-47dd0ea13efab8e39d02297f75842293{\nborder-radius:0px 0px 0px 0px;\npadding:0px 0px 0px 0px;\n}\n<\/style>\n<div  class='flex_column av-ge7ys-47dd0ea13efab8e39d02297f75842293 av_one_fifth  avia-builder-el-17  el_after_av_one_fifth  el_before_av_one_full  flex_column_div av-zero-column-padding  '     ><\/div>\n\n<style type=\"text\/css\" data-created_by=\"avia_inline_auto\" id=\"style-css-av-h4zp8-5c4587b3e65118387d1dc82c34581356\">\n.flex_column.av-h4zp8-5c4587b3e65118387d1dc82c34581356{\nborder-radius:0px 0px 0px 0px;\npadding:0px 0px 0px 0px;\n}\n<\/style>\n<div  class='flex_column av-h4zp8-5c4587b3e65118387d1dc82c34581356 av_one_full  avia-builder-el-18  el_after_av_one_fifth  avia-builder-el-last  first flex_column_div av-zero-column-padding  column-top-margin'     ><p>\n<style type=\"text\/css\" data-created_by=\"avia_inline_auto\" id=\"style-css-av-jjy5mflp-ae79f52b30d2057542c7415f1ca472bb\">\n#top .av-special-heading.av-jjy5mflp-ae79f52b30d2057542c7415f1ca472bb{\npadding-bottom:10px;\n}\nbody .av-special-heading.av-jjy5mflp-ae79f52b30d2057542c7415f1ca472bb .av-special-heading-tag .heading-char{\nfont-size:25px;\n}\n.av-special-heading.av-jjy5mflp-ae79f52b30d2057542c7415f1ca472bb .av-subheading{\nfont-size:15px;\n}\n<\/style>\n<div  class='av-special-heading av-jjy5mflp-ae79f52b30d2057542c7415f1ca472bb av-special-heading-h2 blockquote modern-quote  avia-builder-el-19  el_before_av_hr  avia-builder-el-first '><div class='av-subheading av-subheading_above'><p>R\u00e9apprendre les rivi\u00e8res<\/p>\n<\/div><h2 class='av-special-heading-tag '  itemprop=\"headline\"  >Actualit\u00e9s<\/h2><div class=\"special-heading-border\"><div class=\"special-heading-inner-border\"><\/div><\/div><\/div><br \/>\n\n<style type=\"text\/css\" data-created_by=\"avia_inline_auto\" id=\"style-css-av-89obw-bf85e11a1099c1dce816ef9c3ccc36d6\">\n#top .hr.av-89obw-bf85e11a1099c1dce816ef9c3ccc36d6{\nmargin-top:0px;\nmargin-bottom:0px;\n}\n.hr.av-89obw-bf85e11a1099c1dce816ef9c3ccc36d6 .hr-inner{\nwidth:1500px;\nborder-color:#6786a1;\n}\n<\/style>\n<div  class='hr av-89obw-bf85e11a1099c1dce816ef9c3ccc36d6 hr-custom  avia-builder-el-20  el_after_av_heading  el_before_av_blog  hr-center hr-icon-no'><span class='hr-inner inner-border-av-border-thin'><span class=\"hr-inner-style\"><\/span><\/span><\/div><br \/>\n<\/p><\/div>\n","protected":false},"excerpt":{"rendered":"","protected":false},"author":5,"featured_media":0,"parent":0,"menu_order":0,"comment_status":"closed","ping_status":"closed","template":"","meta":{"footnotes":""},"class_list":["post-364","page","type-page","status-publish","hentry"],"_links":{"self":[{"href":"https:\/\/www.ern.org\/fr\/wp-json\/wp\/v2\/pages\/364","targetHints":{"allow":["GET"]}}],"collection":[{"href":"https:\/\/www.ern.org\/fr\/wp-json\/wp\/v2\/pages"}],"about":[{"href":"https:\/\/www.ern.org\/fr\/wp-json\/wp\/v2\/types\/page"}],"author":[{"embeddable":true,"href":"https:\/\/www.ern.org\/fr\/wp-json\/wp\/v2\/users\/5"}],"replies":[{"embeddable":true,"href":"https:\/\/www.ern.org\/fr\/wp-json\/wp\/v2\/comments?post=364"}],"version-history":[{"count":0,"href":"https:\/\/www.ern.org\/fr\/wp-json\/wp\/v2\/pages\/364\/revisions"}],"wp:attachment":[{"href":"https:\/\/www.ern.org\/fr\/wp-json\/wp\/v2\/media?parent=364"}],"curies":[{"name":"wp","href":"https:\/\/api.w.org\/{rel}","templated":true}]}}