{"id":361,"date":"2016-12-07T10:23:15","date_gmt":"2016-12-07T09:23:15","guid":{"rendered":"https:\/\/www.ern.org\/fr\/?page_id=361"},"modified":"2026-04-10T06:53:07","modified_gmt":"2026-04-10T04:53:07","slug":"menaces","status":"publish","type":"page","link":"https:\/\/www.ern.org\/fr\/menaces\/","title":{"rendered":"Menaces"},"content":{"rendered":"\n<style type=\"text\/css\" data-created_by=\"avia_inline_auto\" id=\"style-css-av-22ltbl-4f612549fadfe9ba4d5c3508322bf5ed\">\n.flex_column.av-22ltbl-4f612549fadfe9ba4d5c3508322bf5ed{\nborder-radius:0px 0px 0px 0px;\npadding:0px 0px 0px 0px;\n}\n<\/style>\n<div  class='flex_column av-22ltbl-4f612549fadfe9ba4d5c3508322bf5ed av_two_third  avia-builder-el-0  el_before_av_one_third  avia-builder-el-first  first flex_column_div av-zero-column-padding  '     ><p>\n<style type=\"text\/css\" data-created_by=\"avia_inline_auto\" id=\"style-css-av-7adht-7e376dad1aa446359af87d81056929c1\">\n#top .av-special-heading.av-7adht-7e376dad1aa446359af87d81056929c1{\npadding-bottom:10px;\n}\nbody .av-special-heading.av-7adht-7e376dad1aa446359af87d81056929c1 .av-special-heading-tag .heading-char{\nfont-size:25px;\n}\n.av-special-heading.av-7adht-7e376dad1aa446359af87d81056929c1 .av-subheading{\nfont-size:15px;\n}\n<\/style>\n<div  class='av-special-heading av-7adht-7e376dad1aa446359af87d81056929c1 av-special-heading-h2 blockquote modern-quote  avia-builder-el-1  el_before_av_hr  avia-builder-el-first '><h2 class='av-special-heading-tag '  itemprop=\"headline\"  >Les Menaces<\/h2><div class=\"special-heading-border\"><div class=\"special-heading-inner-border\"><\/div><\/div><\/div><br \/>\n\n<style type=\"text\/css\" data-created_by=\"avia_inline_auto\" id=\"style-css-av-6orpt-7d9f76db4ba6f3ec71a26d67a4c342f8\">\n#top .hr.av-6orpt-7d9f76db4ba6f3ec71a26d67a4c342f8{\nmargin-top:0px;\nmargin-bottom:0px;\n}\n.hr.av-6orpt-7d9f76db4ba6f3ec71a26d67a4c342f8 .hr-inner{\nwidth:1500px;\nborder-color:#6786a1;\n}\n<\/style>\n<div  class='hr av-6orpt-7d9f76db4ba6f3ec71a26d67a4c342f8 hr-custom  avia-builder-el-2  el_after_av_heading  el_before_av_textblock  hr-center hr-icon-no'><span class='hr-inner inner-border-av-border-thin'><span class=\"hr-inner-style\"><\/span><\/span><\/div><br \/>\n<section  class='av_textblock_section av-1kcja9-0def8134dd0accd45029cc8061c89768 '   itemscope=\"itemscope\" itemtype=\"https:\/\/schema.org\/CreativeWork\" ><div class='avia_textblock'  itemprop=\"text\" ><p>Depuis le d\u00e9but du 20\u00e8me si\u00e8cle, presque toutes les rivi\u00e8res d&rsquo;Europe sans exception ont \u00e9t\u00e9 pollu\u00e9es, canalis\u00e9es et fragment\u00e9es par des barrages et des seuils.\u00a0Il en r\u00e9sulte une r\u00e9duction catastrophique de la biodiversit\u00e9 et de la qualit\u00e9 de l&rsquo;eau. Cette diminution s&rsquo;accompagne d&rsquo;un enfoncement g\u00e9n\u00e9ralis\u00e9 du lit des cours d&rsquo;eau et d&rsquo;une disparition massive des zones humides annexes, indispensables \u00e0 la pr\u00e9vention des inondations.<\/p>\n<p><img loading=\"lazy\" decoding=\"async\" class=\"wp-image-1165 aligncenter\" src=\"http:\/\/www.ern.org\/wp-content\/uploads\/2017\/01\/worldrivers_biodiv_threat_large_2010-1030x516.jpg\" alt=\"\" width=\"703\" height=\"352\" \/><\/p>\n<p style=\"text-align: center;\">Menaces sur la biodiversit\u00e9 des rivi\u00e8res, 2010<\/p>\n<p>Seuls quelques tron\u00e7ons de rivi\u00e8res pr\u00e9serv\u00e9s persistent et d&rsquo;encore plus rares tron\u00e7ons \u201csauvages\u201d&#8230;<br \/>\nLes inventaires et \u00e9valuations conduits partout en Europe, dans le cadre de la Directive Cadre sur l&rsquo;Eau, soulignent un besoin urgent d&rsquo;une r\u00e9orientation de la gestion des fleuves, qui soit guid\u00e9e par des politiques de restauration rigoureuses. Malgr\u00e9 tous les efforts conduits au cours du si\u00e8cle dernier, en 2015, seulement un tiers des cours d&rsquo;eau avait atteint les conditions \u00e9cologiques requises pour un \u00e9tat de conservation favorable.<\/p>\n<p>Le mauvais \u00e9tat de nos cours d&rsquo;eau peut \u00eatre principalement attribu\u00e9 \u00e0 la construction effr\u00e9n\u00e9e de barrages en faveur de la production d&rsquo;\u00e9nergie et de l&rsquo;irrigation, \u00e0 l&rsquo;intensification de l&rsquo;agriculture et la pollution industrielle et urbain.<br \/>\nIl est \u00e9galement en partie d\u00fb \u00e0 une canalisation disproportionn\u00e9e en vue de la navigation ainsi qu&rsquo;\u00e0 une mauvaise appr\u00e9hension des moyens de lutte contre les inondations. S&rsquo;ajoute bien sur l&rsquo;impact du changement climatique en cours, qui va encore accentuer la pression sur l&rsquo;ensemble des \u00e9cosyst\u00e8mes aquatiques.<\/p>\n<p><strong>Savoir plus sur l&rsquo;impact<br \/>\n<\/strong><\/p>\n<ul>\n<li><a href=\"https:\/\/www.ern.org\/fr\/fragmentation\/\">de la fragmentation et des barrages<\/a><\/li>\n<li>du changement climatique\u00a0\u00a0(bient\u00f4t)<\/li>\n<li><a href=\"https:\/\/www.ern.org\/fr\/agriculture-fr\/\">de l&rsquo;agriculture intensive<\/a><\/li>\n<li><a href=\"https:\/\/www.ern.org\/fr\/navigation-et-endiguement\/\">du transport fluvial et de l&rsquo;endiguement<\/a><\/li>\n<li>de la pollution industrielle et urbaine (bient\u00f4t)<\/li>\n<\/ul>\n<\/div><\/section><br \/>\n\n<style type=\"text\/css\" data-created_by=\"avia_inline_auto\" id=\"style-css-av-jox4veys-37e9f080a3667db8dea92a672685f99b\">\n#top .av-special-heading.av-jox4veys-37e9f080a3667db8dea92a672685f99b{\npadding-bottom:10px;\n}\nbody .av-special-heading.av-jox4veys-37e9f080a3667db8dea92a672685f99b .av-special-heading-tag .heading-char{\nfont-size:25px;\n}\n.av-special-heading.av-jox4veys-37e9f080a3667db8dea92a672685f99b .av-subheading{\nfont-size:15px;\n}\n<\/style>\n<div  class='av-special-heading av-jox4veys-37e9f080a3667db8dea92a672685f99b av-special-heading-h4 blockquote modern-quote  avia-builder-el-4  el_after_av_textblock  el_before_av_textblock '><h4 class='av-special-heading-tag '  itemprop=\"headline\"  >Nouvelles menaces par la construction de grandes infrastructures en projet, en construction ou r\u00e9alis\u00e9es depuis 2000<\/h4><div class=\"special-heading-border\"><div class=\"special-heading-inner-border\"><\/div><\/div><\/div><br \/>\n<section  class='av_textblock_section av-jky4hzjt-58fe168269ff31ba16e602422d086d2f '   itemscope=\"itemscope\" itemtype=\"https:\/\/schema.org\/CreativeWork\" ><div class='avia_textblock'  itemprop=\"text\" ><p><span style=\"color: #ff0000;\"><em>carte en cours de construction&#8230;<\/em><\/span><\/p>\n<\/div><\/section><br \/>\n<br \/>\n\n<style type=\"text\/css\" data-created_by=\"avia_inline_auto\" id=\"style-css-av-173sh5-09a528e7bd97a7239f14e3380e667103\">\n#top .hr.hr-invisible.av-173sh5-09a528e7bd97a7239f14e3380e667103{\nheight:50px;\n}\n<\/style>\n<div  class='hr av-173sh5-09a528e7bd97a7239f14e3380e667103 hr-invisible  avia-builder-el-7  el_after_av_codeblock  avia-builder-el-last '><span class='hr-inner '><span class=\"hr-inner-style\"><\/span><\/span><\/div><\/p><\/div>\n<style type=\"text\/css\" data-created_by=\"avia_inline_auto\" id=\"style-css-av-12oe1t-6f09617a24eb43337bddc8db726752f2\">\n.flex_column.av-12oe1t-6f09617a24eb43337bddc8db726752f2{\nborder-radius:0px 0px 0px 0px;\npadding:0px 0px 0px 0px;\n}\n<\/style>\n<div  class='flex_column av-12oe1t-6f09617a24eb43337bddc8db726752f2 av_one_third  avia-builder-el-8  el_after_av_two_third  avia-builder-el-last  flex_column_div av-zero-column-padding  '     ><p>\n<style type=\"text\/css\" data-created_by=\"avia_inline_auto\" id=\"style-css-av-mbgkgdwd-399ad1d26055a4b70f5c689b3227e956\">\n#top .av-special-heading.av-mbgkgdwd-399ad1d26055a4b70f5c689b3227e956{\npadding-bottom:10px;\n}\nbody .av-special-heading.av-mbgkgdwd-399ad1d26055a4b70f5c689b3227e956 .av-special-heading-tag .heading-char{\nfont-size:25px;\n}\n.av-special-heading.av-mbgkgdwd-399ad1d26055a4b70f5c689b3227e956 .av-subheading{\nfont-size:15px;\n}\n<\/style>\n<div  class='av-special-heading av-mbgkgdwd-399ad1d26055a4b70f5c689b3227e956 av-special-heading-h2 blockquote modern-quote modern-centered  avia-builder-el-9  el_before_av_magazine  avia-builder-el-first '><h2 class='av-special-heading-tag '  itemprop=\"headline\"  >Actualit\u00e9s<\/h2><div class=\"special-heading-border\"><div class=\"special-heading-inner-border\"><\/div><\/div><\/div><br \/>\n<div  id=\"avia-magazine-1\"  class='av-magazine av-q2tch-09a566abaddb6095f48e15f952c83a6c av-magazine-top-bar-active av-magazine-tabs-active  avia-builder-el-10  el_after_av_heading  el_before_av_hr   avia-builder-el-10  el_after_av_heading  el_before_av_hr ' ><div class='av-magazine-top-bar '><\/div><div class='av-magazine-group sort_all'><article class='av-magazine-entry av-magazine-entry-id-23979 av-magazine-format-standard av-magazine-type-post av-magazine-entry-1 av-magazine-entry-small '  itemscope=\"itemscope\" itemtype=\"https:\/\/schema.org\/CreativeWork\" ><div class=\"av-magazine-thumbnail\"><a href='https:\/\/www.ern.org\/fr\/societe-civile-et-fournisseurs-deau-exhortent-la-commission-europeenne-de-ne-pas-affaiblir-ni-supprimer-les-regles-fondamentales-en-matiere-de-protection-de-leau\/' title='Lier vers : Soci\u00e9t\u00e9 civile et fournisseurs d&rsquo;eau exhortent la Commission Europ\u00e9enne de ne pas affaiblir ni supprimer les r\u00e8gles fondamentales en mati\u00e8re de protection de l&rsquo;eau' class='av-magazine-thumbnail-link'><img decoding=\"async\" fetchpriority=\"high\" width=\"80\" height=\"80\" src=\"https:\/\/www.ern.org\/wp-content\/uploads\/2020\/09\/Vjosa_river_near_Tepelena_cc_Pudelek-1-80x80.jpg\" class=\"wp-image-12707 avia-img-lazy-loading-not-12707 attachment-thumbnail size-thumbnail wp-post-image\" alt=\"\" srcset=\"https:\/\/www.ern.org\/wp-content\/uploads\/2020\/09\/Vjosa_river_near_Tepelena_cc_Pudelek-1-80x80.jpg 80w, https:\/\/www.ern.org\/wp-content\/uploads\/2020\/09\/Vjosa_river_near_Tepelena_cc_Pudelek-1-36x36.jpg 36w, https:\/\/www.ern.org\/wp-content\/uploads\/2020\/09\/Vjosa_river_near_Tepelena_cc_Pudelek-1-180x180.jpg 180w\" sizes=\"(max-width: 80px) 100vw, 80px\" \/><\/a><\/div><div class=\"av-magazine-content-wrap\"><header class=\"entry-content-header\" aria-label=\"Articles : Soci\u00e9t\u00e9 civile et fournisseurs d&#039;eau exhortent la Commission Europ\u00e9enne de ne pas affaiblir ni supprimer les r\u00e8gles fondamentales en mati\u00e8re de protection de l&#039;eau\"><time class='av-magazine-time updated'  itemprop=\"datePublished\" datetime=\"2026-02-19T14:06:09+01:00\" >f\u00e9vrier 19, 2026<\/time><h3 class='av-magazine-title entry-title '  itemprop=\"headline\" ><a href='https:\/\/www.ern.org\/fr\/societe-civile-et-fournisseurs-deau-exhortent-la-commission-europeenne-de-ne-pas-affaiblir-ni-supprimer-les-regles-fondamentales-en-matiere-de-protection-de-leau\/' title='Lier vers : Soci\u00e9t\u00e9 civile et fournisseurs d&rsquo;eau exhortent la Commission Europ\u00e9enne de ne pas affaiblir ni supprimer les r\u00e8gles fondamentales en mati\u00e8re de protection de l&rsquo;eau'>Soci\u00e9t\u00e9 civile et fournisseurs d&rsquo;eau exhortent la Commission Europ\u00e9enne de ne pas affaiblir ni supprimer les r\u00e8gles fondamentales en mati\u00e8re de protection de l&rsquo;eau<\/a><\/h3><\/header><\/div><footer class=\"entry-footer\"><\/footer><\/article><article class='av-magazine-entry av-magazine-entry-id-23978 av-magazine-format-standard av-magazine-type-post av-magazine-entry-2 av-magazine-entry-small '  itemscope=\"itemscope\" itemtype=\"https:\/\/schema.org\/CreativeWork\" ><div class=\"av-magazine-thumbnail\"><a href='https:\/\/www.ern.org\/fr\/la-directive-cadre-sur-leau-est-menacee-signez-la-petition-lancee-par-la-coalition-dong-europeenne-handsoffnature\/' title='Lier vers : Les lois europ\u00e9ennes qui prot\u00e8gent notre environnement sont menac\u00e9es. Signez la p\u00e9tition' class='av-magazine-thumbnail-link'><img decoding=\"async\" fetchpriority=\"high\" width=\"80\" height=\"80\" src=\"https:\/\/www.ern.org\/wp-content\/uploads\/2020\/09\/photo-Soca-CLarroque2017-1-80x80.jpg\" class=\"wp-image-12810 avia-img-lazy-loading-not-12810 attachment-thumbnail size-thumbnail wp-post-image\" alt=\"\" srcset=\"https:\/\/www.ern.org\/wp-content\/uploads\/2020\/09\/photo-Soca-CLarroque2017-1-80x80.jpg 80w, https:\/\/www.ern.org\/wp-content\/uploads\/2020\/09\/photo-Soca-CLarroque2017-1-36x36.jpg 36w, https:\/\/www.ern.org\/wp-content\/uploads\/2020\/09\/photo-Soca-CLarroque2017-1-180x180.jpg 180w\" sizes=\"(max-width: 80px) 100vw, 80px\" \/><small class='avia-copyright'>C.Larroque ERN 2017<\/small><\/a><\/div><div class=\"av-magazine-content-wrap\"><header class=\"entry-content-header\" aria-label=\"Articles : Les lois europ\u00e9ennes qui prot\u00e8gent notre environnement sont menac\u00e9es. Signez la p\u00e9tition\"><time class='av-magazine-time updated'  itemprop=\"datePublished\" datetime=\"2026-02-13T18:07:33+01:00\" >f\u00e9vrier 13, 2026<\/time><h3 class='av-magazine-title entry-title '  itemprop=\"headline\" ><a href='https:\/\/www.ern.org\/fr\/la-directive-cadre-sur-leau-est-menacee-signez-la-petition-lancee-par-la-coalition-dong-europeenne-handsoffnature\/' title='Lier vers : Les lois europ\u00e9ennes qui prot\u00e8gent notre environnement sont menac\u00e9es. Signez la p\u00e9tition'>Les lois europ\u00e9ennes qui prot\u00e8gent notre environnement sont menac\u00e9es. Signez la p\u00e9tition<\/a><\/h3><\/header><\/div><footer class=\"entry-footer\"><\/footer><\/article><article class='av-magazine-entry av-magazine-entry-id-22435 av-magazine-format-standard av-magazine-type-post av-magazine-entry-3 av-magazine-entry-small '  itemscope=\"itemscope\" itemtype=\"https:\/\/schema.org\/CreativeWork\" ><div class=\"av-magazine-thumbnail\"><a href='https:\/\/www.ern.org\/fr\/webinaires-continuite-ecologique-les-inscriptions-sont-ouvertes\/' title='Lier vers : Y-a-t-il encore des rivi\u00e8res pour les poissons migrateurs? Biodiversit\u00e9 ou hydro\u00e9lectricit\u00e9 ?' class='av-magazine-thumbnail-link'><img decoding=\"async\" fetchpriority=\"high\" width=\"80\" height=\"80\" src=\"https:\/\/www.ern.org\/wp-content\/uploads\/2020\/01\/logo_soslv_ern-1-80x80.png\" class=\"wp-image-11148 avia-img-lazy-loading-not-11148 attachment-thumbnail size-thumbnail wp-post-image\" alt=\"\" srcset=\"https:\/\/www.ern.org\/wp-content\/uploads\/2020\/01\/logo_soslv_ern-1-80x80.png 80w, https:\/\/www.ern.org\/wp-content\/uploads\/2020\/01\/logo_soslv_ern-1-36x36.png 36w, https:\/\/www.ern.org\/wp-content\/uploads\/2020\/01\/logo_soslv_ern-1-180x180.png 180w\" sizes=\"(max-width: 80px) 100vw, 80px\" \/><\/a><\/div><div class=\"av-magazine-content-wrap\"><header class=\"entry-content-header\" aria-label=\"Articles : Y-a-t-il encore des rivi\u00e8res pour les poissons migrateurs? Biodiversit\u00e9 ou hydro\u00e9lectricit\u00e9 ?\"><time class='av-magazine-time updated'  itemprop=\"datePublished\" datetime=\"2025-12-01T17:20:26+01:00\" >d\u00e9cembre 1, 2025<\/time><h3 class='av-magazine-title entry-title '  itemprop=\"headline\" ><a href='https:\/\/www.ern.org\/fr\/webinaires-continuite-ecologique-les-inscriptions-sont-ouvertes\/' title='Lier vers : Y-a-t-il encore des rivi\u00e8res pour les poissons migrateurs? Biodiversit\u00e9 ou hydro\u00e9lectricit\u00e9 ?'>Y-a-t-il encore des rivi\u00e8res pour les poissons migrateurs? Biodiversit\u00e9 ou hydro\u00e9lectricit\u00e9 ?<\/a><\/h3><\/header><\/div><footer class=\"entry-footer\"><\/footer><\/article><article class='av-magazine-entry av-magazine-entry-id-22247 av-magazine-format-standard av-magazine-type-post av-magazine-entry-4 av-magazine-entry-small '  itemscope=\"itemscope\" itemtype=\"https:\/\/schema.org\/CreativeWork\" ><div class=\"av-magazine-thumbnail\"><a href='https:\/\/www.ern.org\/fr\/dam-removal-day-2-nouveaux-factsheets-pour-comprendre-les-effacements-de-barrages-et-seuils\/' title='Lier vers : Dam Removal Day : c\u00e9l\u00e9brer les rivi\u00e8res libres et vivantes:  2 nouveaux factsheets pour comprendre les effacements de barrages et seuils' class='av-magazine-thumbnail-link'><img decoding=\"async\" fetchpriority=\"high\" width=\"80\" height=\"80\" src=\"https:\/\/www.ern.org\/wp-content\/uploads\/2023\/06\/3.20230516_164422-1-80x80.jpg\" class=\"wp-image-18423 avia-img-lazy-loading-not-18423 attachment-thumbnail size-thumbnail wp-post-image\" alt=\"\" srcset=\"https:\/\/www.ern.org\/wp-content\/uploads\/2023\/06\/3.20230516_164422-1-80x80.jpg 80w, https:\/\/www.ern.org\/wp-content\/uploads\/2023\/06\/3.20230516_164422-1-36x36.jpg 36w, https:\/\/www.ern.org\/wp-content\/uploads\/2023\/06\/3.20230516_164422-1-180x180.jpg 180w\" sizes=\"(max-width: 80px) 100vw, 80px\" \/><\/a><\/div><div class=\"av-magazine-content-wrap\"><header class=\"entry-content-header\" aria-label=\"Articles : Dam Removal Day : c\u00e9l\u00e9brer les rivi\u00e8res libres et vivantes:  2 nouveaux factsheets pour comprendre les effacements de barrages et seuils\"><time class='av-magazine-time updated'  itemprop=\"datePublished\" datetime=\"2025-10-08T08:00:46+02:00\" >octobre 8, 2025<\/time><h3 class='av-magazine-title entry-title '  itemprop=\"headline\" ><a href='https:\/\/www.ern.org\/fr\/dam-removal-day-2-nouveaux-factsheets-pour-comprendre-les-effacements-de-barrages-et-seuils\/' title='Lier vers : Dam Removal Day : c\u00e9l\u00e9brer les rivi\u00e8res libres et vivantes:  2 nouveaux factsheets pour comprendre les effacements de barrages et seuils'>Dam Removal Day : c\u00e9l\u00e9brer les rivi\u00e8res libres et vivantes:  2 nouveaux factsheets pour comprendre les effacements de barrages et seuils<\/a><\/h3><\/header><\/div><footer class=\"entry-footer\"><\/footer><\/article><article class='av-magazine-entry av-magazine-entry-id-23971 av-magazine-format-standard av-magazine-type-post av-magazine-entry-5 av-magazine-entry-small '  itemscope=\"itemscope\" itemtype=\"https:\/\/schema.org\/CreativeWork\" ><div class=\"av-magazine-thumbnail\"><a href='https:\/\/www.ern.org\/fr\/living-rivers-europe-recommendations-to-foster-the-implementation-of-the-water-framework-directive\/' title='Lier vers : Recommandations de Living Rivers Europe pour favoriser la mise en \u0153uvre de la directive-cadre sur l&rsquo;eau' class='av-magazine-thumbnail-link'><img decoding=\"async\" fetchpriority=\"high\" width=\"80\" height=\"80\" src=\"https:\/\/www.ern.org\/wp-content\/uploads\/2018\/03\/living_rivers_europe_logo-2-80x80.jpg\" class=\"wp-image-17458 avia-img-lazy-loading-not-17458 attachment-thumbnail size-thumbnail wp-post-image\" alt=\"logo Living Rivers Europe\" srcset=\"https:\/\/www.ern.org\/wp-content\/uploads\/2018\/03\/living_rivers_europe_logo-2-80x80.jpg 80w, https:\/\/www.ern.org\/wp-content\/uploads\/2018\/03\/living_rivers_europe_logo-2-36x36.jpg 36w\" sizes=\"(max-width: 80px) 100vw, 80px\" \/><\/a><\/div><div class=\"av-magazine-content-wrap\"><header class=\"entry-content-header\" aria-label=\"Articles : Recommandations de Living Rivers Europe pour favoriser la mise en \u0153uvre de la directive-cadre sur l&#039;eau\"><time class='av-magazine-time updated'  itemprop=\"datePublished\" datetime=\"2025-10-01T15:00:50+02:00\" >octobre 1, 2025<\/time><h3 class='av-magazine-title entry-title '  itemprop=\"headline\" ><a href='https:\/\/www.ern.org\/fr\/living-rivers-europe-recommendations-to-foster-the-implementation-of-the-water-framework-directive\/' title='Lier vers : Recommandations de Living Rivers Europe pour favoriser la mise en \u0153uvre de la directive-cadre sur l&rsquo;eau'>Recommandations de Living Rivers Europe pour favoriser la mise en \u0153uvre de la directive-cadre sur l&rsquo;eau<\/a><\/h3><\/header><\/div><footer class=\"entry-footer\"><\/footer><\/article><\/div><\/div><br \/>\n\n<style type=\"text\/css\" data-created_by=\"avia_inline_auto\" id=\"style-css-av-6orpt-1-bfa176476c32bbe3a76c49dff0d920c5\">\n#top .hr.av-6orpt-1-bfa176476c32bbe3a76c49dff0d920c5{\nmargin-top:0px;\nmargin-bottom:0px;\n}\n.hr.av-6orpt-1-bfa176476c32bbe3a76c49dff0d920c5 .hr-inner{\nwidth:1500px;\nborder-color:#6786a1;\n}\n<\/style>\n<div  class='hr av-6orpt-1-bfa176476c32bbe3a76c49dff0d920c5 hr-custom  avia-builder-el-11  el_after_av_magazine  el_before_av_heading  hr-center hr-icon-no'><span class='hr-inner inner-border-av-border-thin'><span class=\"hr-inner-style\"><\/span><\/span><\/div><br \/>\n\n<style type=\"text\/css\" data-created_by=\"avia_inline_auto\" id=\"style-css-av-8ypk9-852b539d3889b14a8fb10b1db1ac3ccf\">\n#top .av-special-heading.av-8ypk9-852b539d3889b14a8fb10b1db1ac3ccf{\npadding-bottom:10px;\n}\nbody .av-special-heading.av-8ypk9-852b539d3889b14a8fb10b1db1ac3ccf .av-special-heading-tag .heading-char{\nfont-size:25px;\n}\n.av-special-heading.av-8ypk9-852b539d3889b14a8fb10b1db1ac3ccf .av-subheading{\nfont-size:15px;\n}\n<\/style>\n<div  class='av-special-heading av-8ypk9-852b539d3889b14a8fb10b1db1ac3ccf av-special-heading-h2 blockquote modern-quote modern-centered  avia-builder-el-12  el_after_av_hr  el_before_av_textblock '><h2 class='av-special-heading-tag '  itemprop=\"headline\"  >Rapports<\/h2><div class=\"special-heading-border\"><div class=\"special-heading-inner-border\"><\/div><\/div><\/div><br \/>\n\n<style type=\"text\/css\" data-created_by=\"avia_inline_auto\" id=\"style-css-av-8ow61-dbd2e638aeae06276e5128bb3904df6f\">\n#top .av_textblock_section.av-8ow61-dbd2e638aeae06276e5128bb3904df6f .avia_textblock{\ncolor:#000000;\n}\n<\/style>\n<section  class='av_textblock_section av-8ow61-dbd2e638aeae06276e5128bb3904df6f '   itemscope=\"itemscope\" itemtype=\"https:\/\/schema.org\/CreativeWork\" ><div class='avia_textblock av_inherit_color'  itemprop=\"text\" ><p style=\"text-align: center;\"><a href=\"http:\/\/www.ern.org\/wp-content\/uploads\/2016\/12\/2007_WWF_worlds_top_10_rivers_at_risk.pdf\" target=\"_blank\" rel=\"noopener\"><img loading=\"lazy\" decoding=\"async\" class=\"wp-image-1204 aligncenter\" src=\"http:\/\/www.ern.org\/wp-content\/uploads\/2016\/12\/2007_WWF_worlds_top_10_rivers_at_risk_1.jpg\" alt=\"\" width=\"146\" height=\"206\" \/><\/a><\/p>\n<p style=\"text-align: center;\"><a href=\"http:\/\/www.ern.org\/wp-content\/uploads\/2016\/12\/2007_WWF_worlds_top_10_rivers_at_risk.pdf\" target=\"_blank\" rel=\"noopener\">Top 10 mondial des rivi\u00e8res \u00e0 risque, WWF, 2007 (en)<\/a><\/p>\n<p style=\"text-align: center;\"><a href=\"http:\/\/www.ern.org\/wp-content\/uploads\/2016\/12\/2012_EEB_ten_rivers_report.pdf\" target=\"_blank\" rel=\"noopener\"><img loading=\"lazy\" decoding=\"async\" class=\"wp-image-1206 alignnone\" src=\"http:\/\/www.ern.org\/wp-content\/uploads\/2016\/12\/2012_EEB_ten_rivers_report-1.jpg\" alt=\"\" width=\"146\" height=\"206\" \/><\/a><\/p>\n<p style=\"text-align: center;\"><a href=\"http:\/\/www.ern.org\/wp-content\/uploads\/2016\/12\/2012_EEB_ten_rivers_report.pdf\" target=\"_blank\" rel=\"noopener\">10 rivi\u00e8res, aper\u00e7u de la nouvelle protection des rivi\u00e8res en Europe, EEB, 2012 (en)<\/a><\/p>\n<\/div><\/section><\/p><\/div><\/p>\n","protected":false},"excerpt":{"rendered":"","protected":false},"author":5,"featured_media":0,"parent":0,"menu_order":0,"comment_status":"closed","ping_status":"closed","template":"","meta":{"footnotes":""},"class_list":["post-361","page","type-page","status-publish","hentry"],"_links":{"self":[{"href":"https:\/\/www.ern.org\/fr\/wp-json\/wp\/v2\/pages\/361","targetHints":{"allow":["GET"]}}],"collection":[{"href":"https:\/\/www.ern.org\/fr\/wp-json\/wp\/v2\/pages"}],"about":[{"href":"https:\/\/www.ern.org\/fr\/wp-json\/wp\/v2\/types\/page"}],"author":[{"embeddable":true,"href":"https:\/\/www.ern.org\/fr\/wp-json\/wp\/v2\/users\/5"}],"replies":[{"embeddable":true,"href":"https:\/\/www.ern.org\/fr\/wp-json\/wp\/v2\/comments?post=361"}],"version-history":[{"count":0,"href":"https:\/\/www.ern.org\/fr\/wp-json\/wp\/v2\/pages\/361\/revisions"}],"wp:attachment":[{"href":"https:\/\/www.ern.org\/fr\/wp-json\/wp\/v2\/media?parent=361"}],"curies":[{"name":"wp","href":"https:\/\/api.w.org\/{rel}","templated":true}]}}