{"id":3374,"date":"2017-12-25T17:14:23","date_gmt":"2017-12-25T16:14:23","guid":{"rendered":"https:\/\/www.ern.org\/?page_id=3374"},"modified":"2026-04-10T07:43:08","modified_gmt":"2026-04-10T05:43:08","slug":"vivre-avec-crues-seine-amont","status":"publish","type":"page","link":"https:\/\/www.ern.org\/fr\/vivre-avec-crues-seine-amont\/","title":{"rendered":"L&rsquo;exemple de la Seine"},"content":{"rendered":"\n<style type=\"text\/css\" data-created_by=\"avia_inline_auto\" id=\"style-css-av-fa7dvi-a7ce5b8b630252a8540d7253a8739dc7\">\n.flex_column.av-fa7dvi-a7ce5b8b630252a8540d7253a8739dc7{\nborder-radius:0px 0px 0px 0px;\npadding:0px 0px 0px 0px;\n}\n<\/style>\n<div  class='flex_column av-fa7dvi-a7ce5b8b630252a8540d7253a8739dc7 av_two_third  avia-builder-el-0  el_before_av_one_third  avia-builder-el-first  first flex_column_div av-zero-column-padding  '     ><p>\n<style type=\"text\/css\" data-created_by=\"avia_inline_auto\" id=\"style-css-av-dyjf6m-e46a1697d252e6cadcb0861486d7b8e5\">\n#top .av-special-heading.av-dyjf6m-e46a1697d252e6cadcb0861486d7b8e5{\npadding-bottom:10px;\n}\nbody .av-special-heading.av-dyjf6m-e46a1697d252e6cadcb0861486d7b8e5 .av-special-heading-tag .heading-char{\nfont-size:25px;\n}\n.av-special-heading.av-dyjf6m-e46a1697d252e6cadcb0861486d7b8e5 .av-subheading{\nfont-size:15px;\n}\n<\/style>\n<div  class='av-special-heading av-dyjf6m-e46a1697d252e6cadcb0861486d7b8e5 av-special-heading-h3 blockquote modern-quote  avia-builder-el-1  el_before_av_textblock  avia-builder-el-first '><h3 class='av-special-heading-tag '  itemprop=\"headline\"  >Vivre avec les crues en Seine amont<\/h3><div class=\"special-heading-border\"><div class=\"special-heading-inner-border\"><\/div><\/div><\/div><br \/>\n<section  class='av_textblock_section av-jl9b0sef-6484266851b3be4720f49b5a3eebb604 '   itemscope=\"itemscope\" itemtype=\"https:\/\/schema.org\/CreativeWork\" ><div class='avia_textblock'  itemprop=\"text\" ><p><span style=\"color: #000000;\"><strong>Dans la continuit\u00e9 de l\u2019action que SOS Loire Vivante a d\u00e9ploy\u00e9e dans les ann\u00e9es 90 sur le bassin de la Loire pour d\u00e9velopper une nouvelle approche du risque inondation avec la mise en avant du r\u00f4le des espaces naturels, ERN France est devenue partenaire de Seine Grands Lacs sur le PAPI de la Seine et de la Marne franciliennes (programme d\u2019actions de pr\u00e9vention des inondations). <\/strong><\/span><\/p>\n<p>Elle a pour mission de coordonner sur le territoire de Seine Grands Lacs, les actions de sensibilisation des scolaires de l\u2019Ile de France et de la Seine amont. Elle a aussi pour t\u00e2che de valoriser le r\u00f4le des \u00e9cosyst\u00e8mes d\u2019eau douce et les zones d\u2019expansion de crue dans la gestion des inondations. Elle appuie les actions de communication de Seine Grands Lacs sur ce th\u00e8me notamment en \u00e9ditant des documents \u00e0 destination des acteurs de terrain et du grand public. Elle intervient \u00e9galement pour apporter un appui scientifique gr\u00e2ce \u00e0 ses partenaires europ\u00e9ens au projet d\u2019am\u00e9nagement de la Bass\u00e9e pour renforcer la prise en compte des contraintes environnementales.<\/p>\n<p>La crue de juin 2016 qui a affect\u00e9 une partie des affluents de la Seine amont a rappel\u00e9 que des crues tr\u00e8s importantes \u00e9taient encore possibles sur le Bassin parisien et montr\u00e9 la n\u00e9cessit\u00e9 de travailler \u00e0 renouveler une culture du fleuve incluant une perception et une m\u00e9moire du risque.<\/p>\n<p>Parall\u00e8lement, ERN s\u2019est vu confier le copilotage avec le Minist\u00e8re de l&rsquo;Environnement, de l&rsquo;Energie et de la Mer (la direction de la biodiversit\u00e9, la direction g\u00e9n\u00e9rale de la pr\u00e9vention des risques) et le Conservatoire du littoral, d\u2019un groupe de travail de la Commission Mixte Inondation (CMI) sur le r\u00f4le des activit\u00e9s agricoles et des espaces naturels dans la gestion des inondations dont l\u2019objectif est double\u00a0: produire un document de communication \u00e0 destination des d\u00e9cideurs sur les espaces naturels et concevoir la partie espaces naturels de la version 2 du guide \u00ab\u00a0Prise en compte de l\u2019activit\u00e9 agricole et des espaces naturels dans le cadre de la gestion des risques d\u2019inondation\u00a0\u00bb qui inclura des exemples de gestion des risques bas\u00e9s sur la nature (nature based solutions).<\/p>\n<\/div><\/section><\/p><\/div>\n\n<style type=\"text\/css\" data-created_by=\"avia_inline_auto\" id=\"style-css-av-brik26-060e8956bbc49f4dec439801e9e17a6c\">\n.flex_column.av-brik26-060e8956bbc49f4dec439801e9e17a6c{\nborder-radius:0px 0px 0px 0px;\npadding:0px 0px 0px 0px;\n}\n<\/style>\n<div  class='flex_column av-brik26-060e8956bbc49f4dec439801e9e17a6c av_one_third  avia-builder-el-3  el_after_av_two_third  el_before_av_two_third  flex_column_div av-zero-column-padding  '     ><p>\n<style type=\"text\/css\" data-created_by=\"avia_inline_auto\" id=\"style-css-av-axcb4e-a1c7efd654fb192f81beb971b723d569\">\n#top .av-special-heading.av-axcb4e-a1c7efd654fb192f81beb971b723d569{\npadding-bottom:10px;\n}\nbody .av-special-heading.av-axcb4e-a1c7efd654fb192f81beb971b723d569 .av-special-heading-tag .heading-char{\nfont-size:25px;\n}\n.av-special-heading.av-axcb4e-a1c7efd654fb192f81beb971b723d569 .av-subheading{\nfont-size:15px;\n}\n<\/style>\n<div  class='av-special-heading av-axcb4e-a1c7efd654fb192f81beb971b723d569 av-special-heading-h3 blockquote modern-quote modern-centered  avia-builder-el-4  el_before_av_magazine  avia-builder-el-first '><h3 class='av-special-heading-tag '  itemprop=\"headline\"  >Nouvelles<\/h3><div class=\"special-heading-border\"><div class=\"special-heading-inner-border\"><\/div><\/div><\/div><br \/>\n<div  id=\"avia-magazine-1\"  class='av-magazine av-8w2pf2-660fbc4e6b1d026afb01b1a12ab8ca19 av-magazine-top-bar-active av-magazine-tabs-active  avia-builder-el-5  el_after_av_heading  avia-builder-el-last   avia-builder-el-5  el_after_av_heading  avia-builder-el-last ' ><div class='av-magazine-top-bar '><\/div><div class='av-magazine-group sort_all'><article class='av-magazine-entry av-magazine-entry-id-25982 av-magazine-format-standard av-magazine-type-post av-magazine-entry-1 av-magazine-entry-small '  itemscope=\"itemscope\" itemtype=\"https:\/\/schema.org\/CreativeWork\" ><div class=\"av-magazine-thumbnail\"><a href='https:\/\/www.ern.org\/fr\/exposition-le-voyage-dun-grain-de-sable-vient-de-paraitre\/' title='Lier vers : Exposition \u00ab\u00a0Le voyage d&rsquo;un grain de sable\u00a0\u00bb vient de paraitre' class='av-magazine-thumbnail-link'><img decoding=\"async\" fetchpriority=\"high\" width=\"80\" height=\"80\" src=\"https:\/\/www.ern.org\/wp-content\/uploads\/2019\/08\/2019-Poutes-effac-gatesDSCF1118CR-Roberto-Epple-low-1-80x80.jpg\" class=\"wp-image-25981 avia-img-lazy-loading-not-25981 attachment-thumbnail size-thumbnail wp-post-image\" alt=\"\" srcset=\"https:\/\/www.ern.org\/wp-content\/uploads\/2019\/08\/2019-Poutes-effac-gatesDSCF1118CR-Roberto-Epple-low-1-80x80.jpg 80w, https:\/\/www.ern.org\/wp-content\/uploads\/2019\/08\/2019-Poutes-effac-gatesDSCF1118CR-Roberto-Epple-low-1-36x36.jpg 36w, https:\/\/www.ern.org\/wp-content\/uploads\/2019\/08\/2019-Poutes-effac-gatesDSCF1118CR-Roberto-Epple-low-1-180x180.jpg 180w\" sizes=\"(max-width: 80px) 100vw, 80px\" \/><\/a><\/div><div class=\"av-magazine-content-wrap\"><header class=\"entry-content-header\" aria-label=\"Articles : Exposition &quot;Le voyage d&#039;un grain de sable&quot; vient de paraitre\"><time class='av-magazine-time updated'  itemprop=\"datePublished\" datetime=\"2026-04-28T15:18:39+02:00\" >avril 28, 2026<\/time><h3 class='av-magazine-title entry-title '  itemprop=\"headline\" ><a href='https:\/\/www.ern.org\/fr\/exposition-le-voyage-dun-grain-de-sable-vient-de-paraitre\/' title='Lier vers : Exposition \u00ab\u00a0Le voyage d&rsquo;un grain de sable\u00a0\u00bb vient de paraitre'>Exposition \u00ab\u00a0Le voyage d&rsquo;un grain de sable\u00a0\u00bb vient de paraitre<\/a><\/h3><\/header><\/div><footer class=\"entry-footer\"><\/footer><\/article><article class='av-magazine-entry av-magazine-entry-id-22565 av-magazine-format-standard av-magazine-type-post av-magazine-entry-2 av-magazine-entry-small '  itemscope=\"itemscope\" itemtype=\"https:\/\/schema.org\/CreativeWork\" ><div class=\"av-magazine-thumbnail\"><a href='https:\/\/www.ern.org\/fr\/register-barrier-removal-for-flood-prevention-and-safety-webinar-2\/' title='Lier vers : Webinaire \u00ab\u00a0Barrier Removal for Flood Prevention and Safety\u00a0\u00bb' class='av-magazine-thumbnail-link'><img decoding=\"async\" fetchpriority=\"high\" width=\"80\" height=\"80\" src=\"https:\/\/www.ern.org\/wp-content\/uploads\/2017\/12\/20171208_table_ronde_SFN_inondation_cc_ERN-1-80x80.jpg\" class=\"wp-image-3164 avia-img-lazy-loading-not-3164 attachment-thumbnail size-thumbnail wp-post-image\" alt=\"\" srcset=\"https:\/\/www.ern.org\/wp-content\/uploads\/2017\/12\/20171208_table_ronde_SFN_inondation_cc_ERN-1-80x80.jpg 80w, https:\/\/www.ern.org\/wp-content\/uploads\/2017\/12\/20171208_table_ronde_SFN_inondation_cc_ERN-1-36x36.jpg 36w, https:\/\/www.ern.org\/wp-content\/uploads\/2017\/12\/20171208_table_ronde_SFN_inondation_cc_ERN-1-180x180.jpg 180w\" sizes=\"(max-width: 80px) 100vw, 80px\" \/><\/a><\/div><div class=\"av-magazine-content-wrap\"><header class=\"entry-content-header\" aria-label=\"Articles : Webinaire &quot;Barrier Removal for Flood Prevention and Safety&quot;\"><time class='av-magazine-time updated'  itemprop=\"datePublished\" datetime=\"2026-01-22T15:38:06+01:00\" >janvier 22, 2026<\/time><h3 class='av-magazine-title entry-title '  itemprop=\"headline\" ><a href='https:\/\/www.ern.org\/fr\/register-barrier-removal-for-flood-prevention-and-safety-webinar-2\/' title='Lier vers : Webinaire \u00ab\u00a0Barrier Removal for Flood Prevention and Safety\u00a0\u00bb'>Webinaire \u00ab\u00a0Barrier Removal for Flood Prevention and Safety\u00a0\u00bb<\/a><\/h3><\/header><\/div><footer class=\"entry-footer\"><\/footer><\/article><article class='av-magazine-entry av-magazine-entry-id-23976 av-magazine-format-standard av-magazine-type-post av-magazine-entry-3 av-magazine-entry-small '  itemscope=\"itemscope\" itemtype=\"https:\/\/schema.org\/CreativeWork\" ><div class=\"av-magazine-thumbnail\"><a href='https:\/\/www.ern.org\/fr\/journee-de-la-resilience-sos-loire-vivante-ern-publie-une-video-sur-les-amenagements-de-brives-charensac\/' title='Lier vers : Journ\u00e9e de la r\u00e9silience : SOS Loire Vivante &#8211; ERN publie une vid\u00e9o sur les am\u00e9nagements anti-crues de Brives-Charensac' class='av-magazine-thumbnail-link'><img decoding=\"async\" fetchpriority=\"high\" width=\"80\" height=\"80\" src=\"https:\/\/www.ern.org\/wp-content\/uploads\/2016\/12\/site_ern_soslv-1-80x80.jpg\" class=\"wp-image-402 avia-img-lazy-loading-not-402 attachment-thumbnail size-thumbnail wp-post-image\" alt=\"\" srcset=\"https:\/\/www.ern.org\/wp-content\/uploads\/2016\/12\/site_ern_soslv-1-80x80.jpg 80w, https:\/\/www.ern.org\/wp-content\/uploads\/2016\/12\/site_ern_soslv-1-36x36.jpg 36w, https:\/\/www.ern.org\/wp-content\/uploads\/2016\/12\/site_ern_soslv-1-180x180.jpg 180w, https:\/\/www.ern.org\/wp-content\/uploads\/2016\/12\/site_ern_soslv-1-325x321.jpg 325w\" sizes=\"(max-width: 80px) 100vw, 80px\" \/><\/a><\/div><div class=\"av-magazine-content-wrap\"><header class=\"entry-content-header\" aria-label=\"Articles : Journ\u00e9e de la r\u00e9silience : SOS Loire Vivante - ERN publie une vid\u00e9o sur les am\u00e9nagements anti-crues de Brives-Charensac\"><time class='av-magazine-time updated'  itemprop=\"datePublished\" datetime=\"2025-10-12T19:42:18+02:00\" >octobre 12, 2025<\/time><h3 class='av-magazine-title entry-title '  itemprop=\"headline\" ><a href='https:\/\/www.ern.org\/fr\/journee-de-la-resilience-sos-loire-vivante-ern-publie-une-video-sur-les-amenagements-de-brives-charensac\/' title='Lier vers : Journ\u00e9e de la r\u00e9silience : SOS Loire Vivante &#8211; ERN publie une vid\u00e9o sur les am\u00e9nagements anti-crues de Brives-Charensac'>Journ\u00e9e de la r\u00e9silience : SOS Loire Vivante &#8211; ERN publie une vid\u00e9o sur les am\u00e9nagements anti-crues de Brives-Charensac<\/a><\/h3><\/header><\/div><footer class=\"entry-footer\"><\/footer><\/article><article class='av-magazine-entry av-magazine-entry-id-21015 av-magazine-format-standard av-magazine-type-post av-magazine-entry-4 av-magazine-entry-small '  itemscope=\"itemscope\" itemtype=\"https:\/\/schema.org\/CreativeWork\" ><div class=\"av-magazine-thumbnail\"><a href='https:\/\/www.ern.org\/fr\/travaux-post-crue-en-haute-loire-stop-a-gestion-sans-discernement-et-aux-coupes-a-blancs\/' title='Lier vers : Travaux post crue en Haute Loire :  Stop \u00e0 gestion sans discernement et aux coupes \u00e0 blancs' class='av-magazine-thumbnail-link'><img decoding=\"async\" fetchpriority=\"high\" width=\"80\" height=\"80\" src=\"https:\/\/www.ern.org\/wp-content\/uploads\/2016\/11\/site_ern_soslv-1-80x80.jpg\" class=\"wp-image-54 avia-img-lazy-loading-not-54 attachment-thumbnail size-thumbnail wp-post-image\" alt=\"\" srcset=\"https:\/\/www.ern.org\/wp-content\/uploads\/2016\/11\/site_ern_soslv-1-80x80.jpg 80w, https:\/\/www.ern.org\/wp-content\/uploads\/2016\/11\/site_ern_soslv-1-36x36.jpg 36w, https:\/\/www.ern.org\/wp-content\/uploads\/2016\/11\/site_ern_soslv-1-180x180.jpg 180w, https:\/\/www.ern.org\/wp-content\/uploads\/2016\/11\/site_ern_soslv-1-325x321.jpg 325w\" sizes=\"(max-width: 80px) 100vw, 80px\" \/><\/a><\/div><div class=\"av-magazine-content-wrap\"><header class=\"entry-content-header\" aria-label=\"Articles : Travaux post crue en Haute Loire :  Stop \u00e0 gestion sans discernement et aux coupes \u00e0 blancs\"><time class='av-magazine-time updated'  itemprop=\"datePublished\" datetime=\"2025-02-09T09:27:26+01:00\" >f\u00e9vrier 9, 2025<\/time><h3 class='av-magazine-title entry-title '  itemprop=\"headline\" ><a href='https:\/\/www.ern.org\/fr\/travaux-post-crue-en-haute-loire-stop-a-gestion-sans-discernement-et-aux-coupes-a-blancs\/' title='Lier vers : Travaux post crue en Haute Loire :  Stop \u00e0 gestion sans discernement et aux coupes \u00e0 blancs'>Travaux post crue en Haute Loire :  Stop \u00e0 gestion sans discernement et aux coupes \u00e0 blancs<\/a><\/h3><\/header><\/div><footer class=\"entry-footer\"><\/footer><\/article><article class='av-magazine-entry av-magazine-entry-id-20597 av-magazine-format-standard av-magazine-type-post av-magazine-entry-5 av-magazine-entry-small '  itemscope=\"itemscope\" itemtype=\"https:\/\/schema.org\/CreativeWork\" ><div class=\"av-magazine-thumbnail\"><a href='https:\/\/www.ern.org\/fr\/living-rivers-europe-publie-sa-position-pour-une-europe-plus-resiliente-au-climat-et-a-leau\/' title='Lier vers : Living Rivers Europe publie sa position pour une Europe plus r\u00e9siliente au climat et \u00e0 l&rsquo;eau' class='av-magazine-thumbnail-link'><img decoding=\"async\" fetchpriority=\"high\" width=\"80\" height=\"80\" src=\"https:\/\/www.ern.org\/wp-content\/uploads\/2018\/03\/living_rivers_europe_logo-2-80x80.jpg\" class=\"wp-image-17458 avia-img-lazy-loading-not-17458 attachment-thumbnail size-thumbnail wp-post-image\" alt=\"logo Living Rivers Europe\" srcset=\"https:\/\/www.ern.org\/wp-content\/uploads\/2018\/03\/living_rivers_europe_logo-2-80x80.jpg 80w, https:\/\/www.ern.org\/wp-content\/uploads\/2018\/03\/living_rivers_europe_logo-2-36x36.jpg 36w\" sizes=\"(max-width: 80px) 100vw, 80px\" \/><\/a><\/div><div class=\"av-magazine-content-wrap\"><header class=\"entry-content-header\" aria-label=\"Articles : Living Rivers Europe publie sa position pour une Europe plus r\u00e9siliente au climat et \u00e0 l&#039;eau\"><time class='av-magazine-time updated'  itemprop=\"datePublished\" datetime=\"2025-01-27T16:18:59+01:00\" >janvier 27, 2025<\/time><h3 class='av-magazine-title entry-title '  itemprop=\"headline\" ><a href='https:\/\/www.ern.org\/fr\/living-rivers-europe-publie-sa-position-pour-une-europe-plus-resiliente-au-climat-et-a-leau\/' title='Lier vers : Living Rivers Europe publie sa position pour une Europe plus r\u00e9siliente au climat et \u00e0 l&rsquo;eau'>Living Rivers Europe publie sa position pour une Europe plus r\u00e9siliente au climat et \u00e0 l&rsquo;eau<\/a><\/h3><\/header><\/div><footer class=\"entry-footer\"><\/footer><\/article><\/div><\/div><\/p><\/div>\n<style type=\"text\/css\" data-created_by=\"avia_inline_auto\" id=\"style-css-av-r1d6m-21f95d686f0ce97f405ff56309f66df4\">\n.flex_column.av-r1d6m-21f95d686f0ce97f405ff56309f66df4{\nborder-radius:0px 0px 0px 0px;\npadding:0px 0px 0px 0px;\n}\n<\/style>\n<div  class='flex_column av-r1d6m-21f95d686f0ce97f405ff56309f66df4 av_two_third  avia-builder-el-6  el_after_av_one_third  el_before_av_one_third  first flex_column_div av-zero-column-padding  column-top-margin'     ><section  class='av_textblock_section av-6hdcla-5ad03dbb79d9dce90350f9091cf4e676 '   itemscope=\"itemscope\" itemtype=\"https:\/\/schema.org\/CreativeWork\" ><div class='avia_textblock'  itemprop=\"text\" ><p style=\"text-align: center;\"><a href=\"http:\/\/www.ern.org\/wp-content\/uploads\/2020\/07\/ERN-SGL-EPISEINE-Crues-de-la-Seine-2016__2018_compressed.pdf\"><strong>T\u00e9l\u00e9charger la plaquette d&rsquo;ERN :<\/strong><\/a><\/p>\n<p><a href=\"http:\/\/www.ern.org\/wp-content\/uploads\/2020\/07\/ERN-SGL-EPISEINE-Crues-de-la-Seine-2016__2018_compressed.pdf\"><img loading=\"lazy\" decoding=\"async\" class=\" wp-image-12289 aligncenter\" src=\"http:\/\/www.ern.org\/wp-content\/uploads\/2020\/07\/Couv-plaquettecrueactualisee-300x213.jpg\" alt=\"\" width=\"341\" height=\"242\" \/><\/a><\/p>\n<\/div><\/section><\/div>\n<style type=\"text\/css\" data-created_by=\"avia_inline_auto\" id=\"style-css-av-3ufzwe-1ed1680cc6c88d5b7d740e715e07dd67\">\n.flex_column.av-3ufzwe-1ed1680cc6c88d5b7d740e715e07dd67{\nborder-radius:0px 0px 0px 0px;\npadding:0px 0px 0px 0px;\n}\n<\/style>\n<div  class='flex_column av-3ufzwe-1ed1680cc6c88d5b7d740e715e07dd67 av_one_third  avia-builder-el-8  el_after_av_two_third  avia-builder-el-last  flex_column_div av-zero-column-padding  column-top-margin'     ><section  class='av_textblock_section av-30zgvy-a6b059306ae96f7eae392de28d943a96 '   itemscope=\"itemscope\" itemtype=\"https:\/\/schema.org\/CreativeWork\" ><div class='avia_textblock'  itemprop=\"text\" ><p style=\"text-align: center;\"><a href=\"http:\/\/www.ern.org\/wp-content\/uploads\/2017\/12\/seinepartage-crue2016.pdf\"><strong>T\u00e9l\u00e9chargez la revue \u00ab\u00a0Au fil de la Seine\u00a0\u00bb<\/strong><\/a><br \/>\nEdition sp\u00e9ciale Crue de 2016<\/p>\n<p><img loading=\"lazy\" decoding=\"async\" class=\"alignnone size-full wp-image-3482 aligncenter\" src=\"http:\/\/www.ern.org\/wp-content\/uploads\/2017\/12\/cover-Revue_seine_partage_crue2016.jpg\" alt=\"\" width=\"646\" height=\"876\" \/><\/p>\n<\/div><\/section><\/div><\/p>\n","protected":false},"excerpt":{"rendered":"","protected":false},"author":3,"featured_media":0,"parent":0,"menu_order":0,"comment_status":"closed","ping_status":"closed","template":"","meta":{"footnotes":""},"class_list":["post-3374","page","type-page","status-publish","hentry"],"_links":{"self":[{"href":"https:\/\/www.ern.org\/fr\/wp-json\/wp\/v2\/pages\/3374","targetHints":{"allow":["GET"]}}],"collection":[{"href":"https:\/\/www.ern.org\/fr\/wp-json\/wp\/v2\/pages"}],"about":[{"href":"https:\/\/www.ern.org\/fr\/wp-json\/wp\/v2\/types\/page"}],"author":[{"embeddable":true,"href":"https:\/\/www.ern.org\/fr\/wp-json\/wp\/v2\/users\/3"}],"replies":[{"embeddable":true,"href":"https:\/\/www.ern.org\/fr\/wp-json\/wp\/v2\/comments?post=3374"}],"version-history":[{"count":0,"href":"https:\/\/www.ern.org\/fr\/wp-json\/wp\/v2\/pages\/3374\/revisions"}],"wp:attachment":[{"href":"https:\/\/www.ern.org\/fr\/wp-json\/wp\/v2\/media?parent=3374"}],"curies":[{"name":"wp","href":"https:\/\/api.w.org\/{rel}","templated":true}]}}