{"id":2374,"date":"2017-05-13T00:54:06","date_gmt":"2017-05-12T22:54:06","guid":{"rendered":"https:\/\/www.ern.org\/fr\/?page_id=2374"},"modified":"2026-02-06T07:44:04","modified_gmt":"2026-02-06T07:44:04","slug":"restaurer-projets","status":"publish","type":"page","link":"https:\/\/www.ern.org\/fr\/restaurer-projets\/","title":{"rendered":"Restaurer-nos projets"},"content":{"rendered":"\n<style type=\"text\/css\" data-created_by=\"avia_inline_auto\" id=\"style-css-av-457f8-3cc72ec918e01f09387beeec91630533\">\n.flex_column.av-457f8-3cc72ec918e01f09387beeec91630533{\nborder-radius:0px 0px 0px 0px;\npadding:0px 0px 0px 0px;\n}\n<\/style>\n<div  class='flex_column av-457f8-3cc72ec918e01f09387beeec91630533 av_one_full  avia-builder-el-0  el_before_av_heading  avia-builder-el-first  first flex_column_div av-zero-column-padding  '     ><p>\n<style type=\"text\/css\" data-created_by=\"avia_inline_auto\" id=\"style-css-av-k5nzr6bl-491abc6c88d137adaa4399672d0bcaf5\">\n#top .av-special-heading.av-k5nzr6bl-491abc6c88d137adaa4399672d0bcaf5{\npadding-bottom:2px;\n}\nbody .av-special-heading.av-k5nzr6bl-491abc6c88d137adaa4399672d0bcaf5 .av-special-heading-tag .heading-char{\nfont-size:25px;\n}\n.av-special-heading.av-k5nzr6bl-491abc6c88d137adaa4399672d0bcaf5 .av-subheading{\nfont-size:12px;\n}\n<\/style>\n<div  class='av-special-heading av-k5nzr6bl-491abc6c88d137adaa4399672d0bcaf5 av-special-heading-h2 blockquote modern-quote  avia-builder-el-1  el_before_av_hr  avia-builder-el-first '><h2 class='av-special-heading-tag '  itemprop=\"headline\"  >Restaurer les rivi\u00e8res et les \u00e9cosyst\u00e8mes aquatiques<\/h2><div class=\"special-heading-border\"><div class=\"special-heading-inner-border\"><\/div><\/div><\/div><br \/>\n\n<style type=\"text\/css\" data-created_by=\"avia_inline_auto\" id=\"style-css-av-ysmf0-6db307fcab3d174818ea131e112139cb\">\n#top .hr.av-ysmf0-6db307fcab3d174818ea131e112139cb{\nmargin-top:0px;\nmargin-bottom:0px;\n}\n.hr.av-ysmf0-6db307fcab3d174818ea131e112139cb .hr-inner{\nwidth:1500px;\nborder-color:#6786a1;\n}\n<\/style>\n<div  class='hr av-ysmf0-6db307fcab3d174818ea131e112139cb hr-custom  avia-builder-el-2  el_after_av_heading  el_before_av_textblock  hr-center hr-icon-no'><span class='hr-inner inner-border-av-border-thin'><span class=\"hr-inner-style\"><\/span><\/span><\/div><br \/>\n<section  class='av_textblock_section av-joxmic0p-80e1921d9f63034cf9810105fabc1b14 '   itemscope=\"itemscope\" itemtype=\"https:\/\/schema.org\/CreativeWork\" ><div class='avia_textblock'  itemprop=\"text\" ><p id=\"tw-target-text\" class=\"tw-data-text tw-ta tw-text-small\" dir=\"ltr\" data-placeholder=\"Traduction\">Supprimer les obstacles, barrages ou seuils, qui entravent les cours d\u2019eau est le moyen le plus efficace de les restaurer, en r\u00e9tablissant leur dynamique naturelle et en les reconnectant avec les zones humides, les nappes phr\u00e9atiques, les anciens bras&#8230; Un fleuve est mouvement, par d\u00e9finition, il est un axe de circulation pour l\u2019eau et aussi pour les s\u00e9diments, pour la vie, animale et v\u00e9g\u00e9tale\u2026 et pour l\u2019Homme !<\/p>\n<p dir=\"ltr\" data-placeholder=\"Traduction\">ERN a mis en place plusieurs projets et campagnes en faveur de la restauration de nos rivi\u00e8res.<\/p>\n<\/div><\/section><\/p><\/div>\n\n<style type=\"text\/css\" data-created_by=\"avia_inline_auto\" id=\"style-css-av-av_heading-6862ed4a99a32099e01e18d3d7d27440\">\n#top .av-special-heading.av-av_heading-6862ed4a99a32099e01e18d3d7d27440{\npadding-bottom:10px;\n}\nbody .av-special-heading.av-av_heading-6862ed4a99a32099e01e18d3d7d27440 .av-special-heading-tag .heading-char{\nfont-size:25px;\n}\n.av-special-heading.av-av_heading-6862ed4a99a32099e01e18d3d7d27440 .av-subheading{\nfont-size:15px;\n}\n<\/style>\n<div  class='av-special-heading av-av_heading-6862ed4a99a32099e01e18d3d7d27440 av-special-heading-h3  avia-builder-el-4  el_after_av_one_full  el_before_av_one_fifth  av-linked-heading'><h3 class='av-special-heading-tag '  itemprop=\"headline\"  >Nos projets et campagnes<\/h3><div class=\"special-heading-border\"><div class=\"special-heading-inner-border\"><\/div><\/div><\/div>\n\n<style type=\"text\/css\" data-created_by=\"avia_inline_auto\" id=\"style-css-av-av_one_fifth-79ff81c021393065cee878051452f6a6\">\n.flex_column.av-av_one_fifth-79ff81c021393065cee878051452f6a6{\nborder-radius:0px 0px 0px 0px;\npadding:0px 0px 0px 0px;\n}\n<\/style>\n<div  class='flex_column av-av_one_fifth-79ff81c021393065cee878051452f6a6 av_one_fifth  avia-builder-el-5  el_after_av_heading  el_before_av_one_fifth  first flex_column_div av-zero-column-padding  '     ><p>\n<style type=\"text\/css\" data-created_by=\"avia_inline_auto\" id=\"style-css-av-cke24m-ee8834f02d7bd84f1dd8b621c15d960f\">\n#top .av_textblock_section.av-cke24m-ee8834f02d7bd84f1dd8b621c15d960f .avia_textblock{\nfont-size:15px;\ncolor:#000000;\n}\n<\/style>\n<section  class='av_textblock_section av-cke24m-ee8834f02d7bd84f1dd8b621c15d960f '   itemscope=\"itemscope\" itemtype=\"https:\/\/schema.org\/CreativeWork\" ><div class='avia_textblock av_inherit_color'  itemprop=\"text\" ><p><a href=\"http:\/\/www.ern.org\/fr\/effacement-barrages\/\"><img loading=\"lazy\" decoding=\"async\" class=\"aligncenter wp-image-403 size-full\" src=\"http:\/\/www.ern.org\/wp-content\/uploads\/2016\/12\/site_ern_dam_removal.jpg\" alt=\"\" width=\"325\" height=\"342\" \/><\/a><\/p>\n<\/div><\/section><br \/>\n<section  class='av_textblock_section av-k5o2e44r-39d6a2f861b65aacfc607cdee3f82243 '   itemscope=\"itemscope\" itemtype=\"https:\/\/schema.org\/CreativeWork\" ><div class='avia_textblock'  itemprop=\"text\" ><p style=\"text-align: center;\">Informations et retours d&rsquo;exp\u00e9riences sur l&rsquo;effacement des barrages en France et dans le Monde.<br \/>\n<a href=\"https:\/\/www.ern.org\/fr\/effacement-barrages\/\">Visitez nos pages<\/a><\/p>\n<\/div><\/section><\/p><\/div>\n<style type=\"text\/css\" data-created_by=\"avia_inline_auto\" id=\"style-css-av-av_one_fifth-49f6e875884219cf77c24341e550af53\">\n.flex_column.av-av_one_fifth-49f6e875884219cf77c24341e550af53{\nborder-radius:0px 0px 0px 0px;\npadding:0px 0px 0px 0px;\n}\n<\/style>\n<div  class='flex_column av-av_one_fifth-49f6e875884219cf77c24341e550af53 av_one_fifth  avia-builder-el-8  el_after_av_one_fifth  el_before_av_one_fifth  flex_column_div av-zero-column-padding  '     ><style type=\"text\/css\" data-created_by=\"avia_inline_auto\" id=\"style-css-av-9uv98m-29f21b678e1a880328880d273c013103\">\n#top .av_textblock_section.av-9uv98m-29f21b678e1a880328880d273c013103 .avia_textblock{\nfont-size:15px;\ncolor:#000000;\n}\n<\/style>\n<section  class='av_textblock_section av-9uv98m-29f21b678e1a880328880d273c013103 '   itemscope=\"itemscope\" itemtype=\"https:\/\/schema.org\/CreativeWork\" ><div class='avia_textblock av_inherit_color'  itemprop=\"text\" ><p style=\"text-align: center;\"><a href=\"http:\/\/www.ern.org\/fr\/green-hydro\/\"><img loading=\"lazy\" decoding=\"async\" class=\"aligncenter wp-image-903 size-full\" src=\"http:\/\/www.ern.org\/wp-content\/uploads\/2016\/11\/site_ern_black_green_hydro.jpg\" alt=\"\" width=\"325\" height=\"342\" \/><\/a><\/p>\n<\/div><\/section><br \/>\n<section  class='av_textblock_section av-k5o2efyp-b77adbc81a287a735fafe05cd0140997 '   itemscope=\"itemscope\" itemtype=\"https:\/\/schema.org\/CreativeWork\" ><div class='avia_textblock'  itemprop=\"text\" ><p style=\"text-align: center;\">Vers un label pour une hydro\u00e9lectricit\u00e9 renouvelable et \u00e9cologique.<br \/>\n<a href=\"https:\/\/www.ern.org\/fr\/green-hydro\/\">Visitez nos pages<\/a><\/p>\n<\/div><\/section><\/p><\/div>\n<style type=\"text\/css\" data-created_by=\"avia_inline_auto\" id=\"style-css-av-av_one_fifth-49f6e875884219cf77c24341e550af53\">\n.flex_column.av-av_one_fifth-49f6e875884219cf77c24341e550af53{\nborder-radius:0px 0px 0px 0px;\npadding:0px 0px 0px 0px;\n}\n<\/style>\n<div  class='flex_column av-av_one_fifth-49f6e875884219cf77c24341e550af53 av_one_fifth  avia-builder-el-11  el_after_av_one_fifth  el_before_av_one_fifth  flex_column_div av-zero-column-padding  '     ><style type=\"text\/css\" data-created_by=\"avia_inline_auto\" id=\"style-css-av-9uv98m-29f21b678e1a880328880d273c013103\">\n#top .av_textblock_section.av-9uv98m-29f21b678e1a880328880d273c013103 .avia_textblock{\nfont-size:15px;\ncolor:#000000;\n}\n<\/style>\n<section  class='av_textblock_section av-9uv98m-29f21b678e1a880328880d273c013103 '   itemscope=\"itemscope\" itemtype=\"https:\/\/schema.org\/CreativeWork\" ><div class='avia_textblock av_inherit_color'  itemprop=\"text\" ><p style=\"text-align: center;\"><a href=\"http:\/\/www.salmoncomeback.org\/fr\/\"><img loading=\"lazy\" decoding=\"async\" class=\"alignnone wp-image-6800 size-full\" src=\"http:\/\/www.ern.org\/wp-content\/uploads\/2016\/12\/site_ern_salmoncb.jpg\" alt=\"\" width=\"325\" height=\"342\" \/><\/a><\/p>\n<\/div><\/section><br \/>\n<section  class='av_textblock_section av-k5o2fbec-6f8e2a5077f22a44abd55bf1c4ecfcd9 '   itemscope=\"itemscope\" itemtype=\"https:\/\/schema.org\/CreativeWork\" ><div class='avia_textblock'  itemprop=\"text\" ><p style=\"text-align: center;\">Campagne internationale pour le retour du Saumon dans le Rhin, jusqu\u2019\u00e0 B\u00e2le, men\u00e9e avec le WWF Suisse<br \/>\n<a href=\"http:\/\/www.salmoncomeback.org\/fr\/\">Visitez notre site d\u00e9di\u00e9\u00a0<\/a><\/p>\n<\/div><\/section><\/p><\/div>\n<style type=\"text\/css\" data-created_by=\"avia_inline_auto\" id=\"style-css-av-av_one_fifth-49f6e875884219cf77c24341e550af53\">\n.flex_column.av-av_one_fifth-49f6e875884219cf77c24341e550af53{\nborder-radius:0px 0px 0px 0px;\npadding:0px 0px 0px 0px;\n}\n<\/style>\n<div  class='flex_column av-av_one_fifth-49f6e875884219cf77c24341e550af53 av_one_fifth  avia-builder-el-14  el_after_av_one_fifth  el_before_av_one_fifth  flex_column_div av-zero-column-padding  '     ><style type=\"text\/css\" data-created_by=\"avia_inline_auto\" id=\"style-css-av-gik5o6-26ab026c75566079e9abf82f95a9d21a\">\n#top .av_textblock_section.av-gik5o6-26ab026c75566079e9abf82f95a9d21a .avia_textblock{\nfont-size:15px;\ncolor:#000000;\n}\n<\/style>\n<section  class='av_textblock_section av-gik5o6-26ab026c75566079e9abf82f95a9d21a '   itemscope=\"itemscope\" itemtype=\"https:\/\/schema.org\/CreativeWork\" ><div class='avia_textblock av_inherit_color'  itemprop=\"text\" ><p style=\"text-align: center;\"><a href=\"http:\/\/www.ern.org\/fr\/dam-watch\/\"><img loading=\"lazy\" decoding=\"async\" class=\"aligncenter wp-image-404 size-full\" src=\"http:\/\/www.ern.org\/wp-content\/uploads\/2016\/12\/site_ern_dam_watch.jpg\" alt=\"\" width=\"325\" height=\"342\" \/><\/a><\/p>\n<\/div><\/section><br \/>\n<section  class='av_textblock_section av-k5o2fm95-db615ef9f6044ecac88365512521d268 '   itemscope=\"itemscope\" itemtype=\"https:\/\/schema.org\/CreativeWork\" ><div class='avia_textblock'  itemprop=\"text\" ><p style=\"text-align: center;\">Evaluer et r\u00e9duire l&rsquo;impact des barrages, campagne de suivi de plusieurs barrages en France et dans le Monde.<br \/>\n<a href=\"https:\/\/www.ern.org\/fr\/dam-watch\/\">Visitez nos pages<\/a><\/p>\n<\/div><\/section><\/p><\/div>\n<style type=\"text\/css\" data-created_by=\"avia_inline_auto\" id=\"style-css-av-av_one_fifth-49f6e875884219cf77c24341e550af53\">\n.flex_column.av-av_one_fifth-49f6e875884219cf77c24341e550af53{\nborder-radius:0px 0px 0px 0px;\npadding:0px 0px 0px 0px;\n}\n<\/style>\n<div  class='flex_column av-av_one_fifth-49f6e875884219cf77c24341e550af53 av_one_fifth  avia-builder-el-17  el_after_av_one_fifth  el_before_av_one_full  flex_column_div av-zero-column-padding  '     ><\/div><\/p>\n\n<style type=\"text\/css\" data-created_by=\"avia_inline_auto\" id=\"style-css-av-6xequu-7010ad76c8f777301cc8b96038cf12fa\">\n.flex_column.av-6xequu-7010ad76c8f777301cc8b96038cf12fa{\nborder-radius:0px 0px 0px 0px;\npadding:0px 0px 0px 0px;\n}\n<\/style>\n<div  class='flex_column av-6xequu-7010ad76c8f777301cc8b96038cf12fa av_one_full  avia-builder-el-18  el_after_av_one_fifth  avia-builder-el-last  first flex_column_div av-zero-column-padding  column-top-margin'     ><p>\n<style type=\"text\/css\" data-created_by=\"avia_inline_auto\" id=\"style-css-av-54l2ie-889663577608108e866b0c68b549768b\">\n#top .av-special-heading.av-54l2ie-889663577608108e866b0c68b549768b{\npadding-bottom:10px;\n}\nbody .av-special-heading.av-54l2ie-889663577608108e866b0c68b549768b .av-special-heading-tag .heading-char{\nfont-size:25px;\n}\n.av-special-heading.av-54l2ie-889663577608108e866b0c68b549768b .av-subheading{\nfont-size:15px;\n}\n<\/style>\n<div  class='av-special-heading av-54l2ie-889663577608108e866b0c68b549768b av-special-heading-h2 blockquote modern-quote  avia-builder-el-19  el_before_av_hr  avia-builder-el-first '><div class='av-subheading av-subheading_above'><p>Restaurer les rivi\u00e8res<\/p>\n<\/div><h2 class='av-special-heading-tag '  itemprop=\"headline\"  >Actualit\u00e9s<\/h2><div class=\"special-heading-border\"><div class=\"special-heading-inner-border\"><\/div><\/div><\/div><br \/>\n\n<style type=\"text\/css\" data-created_by=\"avia_inline_auto\" id=\"style-css-av-4dm4t2-2b0763f53b021b02a95637494492e54e\">\n#top .hr.av-4dm4t2-2b0763f53b021b02a95637494492e54e{\nmargin-top:0px;\nmargin-bottom:0px;\n}\n.hr.av-4dm4t2-2b0763f53b021b02a95637494492e54e .hr-inner{\nwidth:1500px;\nborder-color:#6786a1;\n}\n<\/style>\n<div  class='hr av-4dm4t2-2b0763f53b021b02a95637494492e54e hr-custom  avia-builder-el-20  el_after_av_heading  el_before_av_blog  hr-center hr-icon-no'><span class='hr-inner inner-border-av-border-thin'><span class=\"hr-inner-style\"><\/span><\/span><\/div><br \/>\n<\/p><\/div>\n","protected":false},"excerpt":{"rendered":"","protected":false},"author":3,"featured_media":0,"parent":0,"menu_order":0,"comment_status":"closed","ping_status":"closed","template":"","meta":{"footnotes":""},"class_list":["post-2374","page","type-page","status-publish","hentry"],"_links":{"self":[{"href":"https:\/\/www.ern.org\/fr\/wp-json\/wp\/v2\/pages\/2374","targetHints":{"allow":["GET"]}}],"collection":[{"href":"https:\/\/www.ern.org\/fr\/wp-json\/wp\/v2\/pages"}],"about":[{"href":"https:\/\/www.ern.org\/fr\/wp-json\/wp\/v2\/types\/page"}],"author":[{"embeddable":true,"href":"https:\/\/www.ern.org\/fr\/wp-json\/wp\/v2\/users\/3"}],"replies":[{"embeddable":true,"href":"https:\/\/www.ern.org\/fr\/wp-json\/wp\/v2\/comments?post=2374"}],"version-history":[{"count":0,"href":"https:\/\/www.ern.org\/fr\/wp-json\/wp\/v2\/pages\/2374\/revisions"}],"wp:attachment":[{"href":"https:\/\/www.ern.org\/fr\/wp-json\/wp\/v2\/media?parent=2374"}],"curies":[{"name":"wp","href":"https:\/\/api.w.org\/{rel}","templated":true}]}}