{"id":23683,"date":"2026-02-13T18:05:43","date_gmt":"2026-02-13T17:05:43","guid":{"rendered":"https:\/\/www.ern.org\/?page_id=22613"},"modified":"2026-03-03T07:47:54","modified_gmt":"2026-03-03T07:47:54","slug":"petition-handsoffnature","status":"publish","type":"page","link":"https:\/\/www.ern.org\/fr\/living-rivers-europe\/petition-handsoffnature\/","title":{"rendered":"p\u00e9tition #HandsOffNature"},"content":{"rendered":"<div  class='flex_column av-1qab7yt-2565fbb87634d90d7e0b92520656f828 av_one_full  avia-builder-el-0  el_before_av_one_half  avia-builder-el-first  first flex_column_div  '     ><style type=\"text\/css\" data-created_by=\"avia_inline_auto\" id=\"style-css-av-mll4lwpr-052b849f90e756422112cacdd090089c\">\n#top .av-special-heading.av-mll4lwpr-052b849f90e756422112cacdd090089c{\npadding-bottom:10px;\n}\nbody .av-special-heading.av-mll4lwpr-052b849f90e756422112cacdd090089c .av-special-heading-tag .heading-char{\nfont-size:25px;\n}\n.av-special-heading.av-mll4lwpr-052b849f90e756422112cacdd090089c .av-subheading{\nfont-size:15px;\n}\n<\/style>\n<div  class='av-special-heading av-mll4lwpr-052b849f90e756422112cacdd090089c av-special-heading-h3  avia-builder-el-1  avia-builder-el-no-sibling '><h3 class='av-special-heading-tag '  itemprop=\"headline\"  >Les lois europ\u00e9ennes qui prot\u00e8gent notre environnement sont menac\u00e9es. Signez la p\u00e9tition<\/h3><div class=\"special-heading-border\"><div class=\"special-heading-inner-border\"><\/div><\/div><\/div><\/div><div  class='flex_column av-1a6nled-744462f49b237df11df83c80a466b58b av_one_half  avia-builder-el-2  el_after_av_one_full  el_before_av_one_half  first flex_column_div  column-top-margin'     ><p><section  class='av_textblock_section av-mll60wph-6a373ebcfe0f51cd0a94d87d1743bbfc '   itemscope=\"itemscope\" itemtype=\"https:\/\/schema.org\/CreativeWork\" ><div class='avia_textblock'  itemprop=\"text\" ><p>Notre nature et notre sant\u00e9 sont attaqu\u00e9es. Les lois europ\u00e9ennes qui garantissaient la salubrit\u00e9 de l&rsquo;eau, la puret\u00e9 de l&rsquo;air et la diversit\u00e9 des \u00e9cosyst\u00e8mes sont discr\u00e8tement d\u00e9mantel\u00e9es, sous le pr\u00e9texte de \u00ab simplification \u00bb et de \u00ab r\u00e9duction des formalit\u00e9s administratives \u00bb.<\/p>\n<p>Des lois qui ont mis des ann\u00e9es, voire des d\u00e9cennies, \u00e0 \u00eatre mises en place sont aujourd&rsquo;hui d\u00e9mantel\u00e9es en quelques mois. Pas d&rsquo;un seul coup, mais en supprimant progressivement chaque loi essentielle. Et une fois perdues, ces protections sont rarement r\u00e9tablies.<\/p>\n<p>Nous ne pouvons pas laisser cela se produire.<\/p>\n<p>Une coalition large d&rsquo;ONG r\u00e9unies sous #HandsOffNature vient de lancer une grande p\u00e9tition pour d\u00e9fendre les lois europ\u00e9ennes sur la nature contre la folie d\u00e9r\u00e9gulatrice actuelle. Si vous \u00eates contre l&rsquo;affaiblissement des protections environnementales, signez la p\u00e9tition d\u00e8s maintenant, et demandez aux <strong>dirigeants nationaux et europ\u00e9ens qu\u2019ils d\u00e9fendent les lois qui prot\u00e8gent les personnes et la nature.<\/strong><\/p>\n<\/div><\/section><br \/>\n<div  class='hr av-smb3sl-3fdd72a470ea36df5f86f54d75262c86 hr-default  avia-builder-el-4  el_after_av_textblock  el_before_av_heading '><span class='hr-inner '><span class=\"hr-inner-style\"><\/span><\/span><\/div><br \/>\n\n<style type=\"text\/css\" data-created_by=\"avia_inline_auto\" id=\"style-css-av-mll791c3-8026be30816e6b22ca272b63588b2560\">\n#top .av-special-heading.av-mll791c3-8026be30816e6b22ca272b63588b2560{\npadding-bottom:10px;\n}\nbody .av-special-heading.av-mll791c3-8026be30816e6b22ca272b63588b2560 .av-special-heading-tag .heading-char{\nfont-size:25px;\n}\n.av-special-heading.av-mll791c3-8026be30816e6b22ca272b63588b2560 .av-subheading{\nfont-size:15px;\n}\n<\/style>\n<div  class='av-special-heading av-mll791c3-8026be30816e6b22ca272b63588b2560 av-special-heading-h4  avia-builder-el-5  el_after_av_hr  el_before_av_textblock '><h4 class='av-special-heading-tag '  itemprop=\"headline\"  >L\u2019exemple de la Directive Cadre Eau <\/h4><div class=\"special-heading-border\"><div class=\"special-heading-inner-border\"><\/div><\/div><\/div><br \/>\n<section  class='av_textblock_section av-mll4k3xb-a8183a871a640081f38ca546e0005e54 '   itemscope=\"itemscope\" itemtype=\"https:\/\/schema.org\/CreativeWork\" ><div class='avia_textblock'  itemprop=\"text\" ><p>Aujourd\u2019hui, des industries puissantes et polluantes, comme l\u2019extraction mini\u00e8re, la chimie ou l\u2019agriculture intensive, suivies par nos dirigeants europ\u00e9ens, s\u2019attaquent \u00e0 la Directive Cadre sur l\u2019Eau (DCE). En r\u00e9ponse \u00e0 leurs demandes, la Commission europ\u00e9enne a annonc\u00e9 dans sa\u00a0<a href=\"https:\/\/single-market-economy.ec.europa.eu\/document\/download\/01c448d6-dc93-40d7-9afe-4c2af448d00c_en\">Communication RESourceEU<\/a>\u00a0la r\u00e9vision de cette directive pour le deuxi\u00e8me trimestre 2026. <a href=\"\/?p=22496\">La coalition LRE avait d\u00e9j\u00e0 alert\u00e9 de cette imprudence.<\/a> La\u00a0DCE permet\u00a0pourtant de nous garantir une eau saine et de prot\u00e9ger\u00a0rivi\u00e8res, zones humides, lacs, et tant d\u2019autres \u00e9cosyst\u00e8mes dont de nombreuses esp\u00e8ces et nous-m\u00eames d\u00e9pendons\u00a0\u2013 et vient tout juste d\u2019\u00eatre mise \u00e0 jour (<a href=\"https:\/\/www.wwf.eu\/wwf_news\/media_centre\/?19296391\/EU-strikes-deal-on-water-pollution-but-existing-protections-pay-the-price\">accord trouv\u00e9 en septembre dernier<\/a>).<\/p>\n<p>Le\u00a0choix de ces industries et de leurs alli\u00e9s politiques de privil\u00e9gier\u00a0les profits\u00a0\u00e0\u00a0court-terme\u00a0de quelques-uns\u00a0\u00e0 la pr\u00e9servation du cycle de l\u2019eau menace directement notre sant\u00e9 ainsi que celle des milieux naturels. Or, depuis son adoption il y a 25 ans,\u00a0la DCE prot\u00e8ge eaux de surface comme eaux souterraines, \u00e0 l\u2019heure o\u00f9 en France seulement\u00a043,6%\u00a0des eaux\u00a0de surface\u00a0pr\u00e9sentent un bon \u00e9tat\u00a0\u00e9cologique\u00a0(Commission europ\u00e9enne,\u00a0<a href=\"https:\/\/eur-lex.europa.eu\/legal-content\/EN\/TXT\/?uri=SWD%3A2025%3A15%3AFIN&amp;qid=1738746144581\">Synth\u00e8se 2025 des \u00e9tats des lieux des bassins<\/a>).\u00a0Autre constat inqui\u00e9tant\u202f: le taux de conformit\u00e9 de l\u2019eau potable aux crit\u00e8res europ\u00e9ens y est pass\u00e9 d\u2019environ 95% en 2021 \u00e0 seulement 85% en 2025\u00a0(UFC-Que Choisir,\u00a0<a href=\"https:\/\/www.quechoisir.org\/action-ufc-que-choisir-lancement-de-la-campagne-ufc-que-choisir-la-goutte-de-trop-les-consommateurs-refusent-de-payer-seuls-la-note-de-la-depollution-de-l-eau-du-robinet-n172504\/?dl=152588\">\u00e9tude de novembre 2025<\/a>).<\/p>\n<p>Nous ne pouvons accepter l\u2019affaiblissement de cette r\u00e8glementation alors que nous observons d\u2019ores et d\u00e9j\u00e0 une pollution alarmante de nos cours d\u2019eau aux pesticides, aux nitrates, ou encore aux PFAS.\u00a0Sant\u00e9 humaine comme sant\u00e9 environnementale ne sont pas n\u00e9gociables, ne les laissons pas \u00eatre prisonni\u00e8res d\u2019un faux d\u00e9bat entre comp\u00e9titivit\u00e9 et r\u00e9glementation environnementale\u00a0robuste.<\/p>\n<p>Agissons ensemble pour dire \u00e0 nos dirigeants que notre sant\u00e9 et la nature ne sont pas \u00e0 vendre !<\/p>\n<p>D\u00e9fendons la sant\u00e9 de notre plan\u00e8te et de 450 millions d\u2019Europ\u00e9ens face aux attaques inconsid\u00e9r\u00e9es des lobbies industriels\u00a0qui se font au m\u00e9pris de la science.<\/p>\n<p><strong>Ensemble, prot\u00e9geons la loi europ\u00e9enne sur l\u2019eau\u202f!<\/strong><\/p>\n<p>Signez la p\u00e9tition et partager autour de vous. Merci pour votre pr\u00e9cieux soutien\u202f!<\/p>\n<\/div><\/section><\/p><\/div><div  class='flex_column av-wcdx85-3e0c0921dc82f685b88295233258f686 av_one_half  avia-builder-el-7  el_after_av_one_half  avia-builder-el-last  flex_column_div  column-top-margin'     ><p>\n<style type=\"text\/css\" data-created_by=\"avia_inline_auto\" id=\"style-css-av-mlpbo3h4-c8d457c127c1b664031f0a5c6dcabbd0\">\n#top .av-special-heading.av-mlpbo3h4-c8d457c127c1b664031f0a5c6dcabbd0{\npadding-bottom:10px;\n}\nbody .av-special-heading.av-mlpbo3h4-c8d457c127c1b664031f0a5c6dcabbd0 .av-special-heading-tag .heading-char{\nfont-size:25px;\n}\n.av-special-heading.av-mlpbo3h4-c8d457c127c1b664031f0a5c6dcabbd0 .av-subheading{\nfont-size:15px;\n}\n<\/style>\n<div  class='av-special-heading av-mlpbo3h4-c8d457c127c1b664031f0a5c6dcabbd0 av-special-heading-h3  avia-builder-el-8  el_before_av_textblock  avia-builder-el-first '><h3 class='av-special-heading-tag '  itemprop=\"headline\"  >SIGNEZ LA PETITION<\/h3><div class=\"special-heading-border\"><div class=\"special-heading-inner-border\"><\/div><\/div><\/div><br \/>\n<section  class='av_textblock_section av-mll4jsjw-5dde0ca25156a6d87330198636f8e6ba '   itemscope=\"itemscope\" itemtype=\"https:\/\/schema.org\/CreativeWork\" ><div class='avia_textblock'  itemprop=\"text\" ><p><script src=\"https:\/\/widget.proca.app\/d\/handsoffnature_2026\/european_rivers_network\" async><\/script><\/p>\n<\/div><\/section><br \/>\n<section  class='av_textblock_section av-mlpf8n2m-aa90c49de7dd610d9279724f14e7cfbe '   itemscope=\"itemscope\" itemtype=\"https:\/\/schema.org\/CreativeWork\" ><div class='avia_textblock'  itemprop=\"text\" ><p><img loading=\"lazy\" decoding=\"async\" class=\"\" src=\"https:\/\/ern-sosloirevivante.org\/wp-content\/uploads\/2026\/02\/2.png\" width=\"370\" height=\"370\" \/><\/p>\n<\/div><\/section><\/p><\/div><\/p>\n","protected":false},"excerpt":{"rendered":"","protected":false},"author":4,"featured_media":0,"parent":4426,"menu_order":0,"comment_status":"closed","ping_status":"closed","template":"","meta":{"footnotes":""},"class_list":["post-23683","page","type-page","status-publish","hentry"],"_links":{"self":[{"href":"https:\/\/www.ern.org\/fr\/wp-json\/wp\/v2\/pages\/23683","targetHints":{"allow":["GET"]}}],"collection":[{"href":"https:\/\/www.ern.org\/fr\/wp-json\/wp\/v2\/pages"}],"about":[{"href":"https:\/\/www.ern.org\/fr\/wp-json\/wp\/v2\/types\/page"}],"author":[{"embeddable":true,"href":"https:\/\/www.ern.org\/fr\/wp-json\/wp\/v2\/users\/4"}],"replies":[{"embeddable":true,"href":"https:\/\/www.ern.org\/fr\/wp-json\/wp\/v2\/comments?post=23683"}],"version-history":[{"count":0,"href":"https:\/\/www.ern.org\/fr\/wp-json\/wp\/v2\/pages\/23683\/revisions"}],"up":[{"embeddable":true,"href":"https:\/\/www.ern.org\/fr\/wp-json\/wp\/v2\/pages\/4426"}],"wp:attachment":[{"href":"https:\/\/www.ern.org\/fr\/wp-json\/wp\/v2\/media?parent=23683"}],"curies":[{"name":"wp","href":"https:\/\/api.w.org\/{rel}","templated":true}]}}