{"id":23645,"date":"2018-11-24T14:34:30","date_gmt":"2018-11-24T13:34:30","guid":{"rendered":"http:\/\/www.ern.org\/?page_id=5987"},"modified":"2026-04-10T07:02:30","modified_gmt":"2026-04-10T05:02:30","slug":"agriculture-fr","status":"publish","type":"page","link":"https:\/\/www.ern.org\/fr\/agriculture-fr\/","title":{"rendered":"Menaces &#8211; Agriculture"},"content":{"rendered":"\n<style type=\"text\/css\" data-created_by=\"avia_inline_auto\" id=\"style-css-av-5cyps3-8ef84706e86aef4469af9c1dd901847f\">\n.flex_column.av-5cyps3-8ef84706e86aef4469af9c1dd901847f{\nborder-radius:0px 0px 0px 0px;\npadding:0px 0px 0px 0px;\n}\n<\/style>\n<div  class='flex_column av-5cyps3-8ef84706e86aef4469af9c1dd901847f av_two_third  avia-builder-el-0  el_before_av_one_third  avia-builder-el-first  first flex_column_div av-zero-column-padding  '     ><p>\n<style type=\"text\/css\" data-created_by=\"avia_inline_auto\" id=\"style-css-av-mbgkwxgl-f6817fc0d39fe8a74bd028a88acda27d\">\n#top .av-special-heading.av-mbgkwxgl-f6817fc0d39fe8a74bd028a88acda27d{\npadding-bottom:2px;\n}\nbody .av-special-heading.av-mbgkwxgl-f6817fc0d39fe8a74bd028a88acda27d .av-special-heading-tag .heading-char{\nfont-size:25px;\n}\n.av-special-heading.av-mbgkwxgl-f6817fc0d39fe8a74bd028a88acda27d .av-subheading{\nfont-size:12px;\n}\n<\/style>\n<div  class='av-special-heading av-mbgkwxgl-f6817fc0d39fe8a74bd028a88acda27d av-special-heading-h2 blockquote modern-quote  avia-builder-el-1  el_before_av_hr  avia-builder-el-first  av-linked-heading'><h2 class='av-special-heading-tag '  itemprop=\"headline\"  >Agriculture intensive<\/h2><div class='av-subheading av-subheading_below'><p>La pollution provenant de l\u2019agriculture reste l\u2019une des principales pressions exerc\u00e9es sur les masses d\u2019eau europ\u00e9ennes<\/p>\n<\/div><div class=\"special-heading-border\"><div class=\"special-heading-inner-border\"><\/div><\/div><\/div><br \/>\n<div  class='hr av-kkvab-645f39f74a4bbde99872c8bab973db49 hr-default  avia-builder-el-2  el_after_av_heading  el_before_av_textblock '><span class='hr-inner '><span class=\"hr-inner-style\"><\/span><\/span><\/div><br \/>\n\n<style type=\"text\/css\" data-created_by=\"avia_inline_auto\" id=\"style-css-av-jovm9ait-a3b29be9a6d249eb25554f8953d4e776\">\n#top .av_textblock_section.av-jovm9ait-a3b29be9a6d249eb25554f8953d4e776 .avia_textblock{\ntext-align:center;\n}\n<\/style>\n<section  class='av_textblock_section av-jovm9ait-a3b29be9a6d249eb25554f8953d4e776 '   itemscope=\"itemscope\" itemtype=\"https:\/\/schema.org\/CreativeWork\" ><div class='avia_textblock'  itemprop=\"text\" ><p><div id=\"attachment_5993\" style=\"width: 194px\" class=\"wp-caption alignleft\"><img loading=\"lazy\" decoding=\"async\" aria-describedby=\"caption-attachment-5993\" class=\"wp-image-5993\" src=\"http:\/\/www.ern.org\/wp-content\/uploads\/2018\/11\/AGRI-06-Agriculture-et-irrigation-R.-Riols.jpg\" alt=\"\" width=\"184\" height=\"138\" \/><p id=\"caption-attachment-5993\" class=\"wp-caption-text\">CR JJ.LAllemant<\/p><\/div><br \/>\n<div id=\"attachment_6310\" style=\"width: 193px\" class=\"wp-caption alignleft\"><img loading=\"lazy\" decoding=\"async\" aria-describedby=\"caption-attachment-6310\" class=\" wp-image-6310\" src=\"http:\/\/www.ern.org\/wp-content\/uploads\/2018\/11\/AGRI-17-Canal-dans-les-marais-estuariens-et-p\u00e2turage-GIP-Loire-Estuaire-1.jpg\" alt=\"\" width=\"183\" height=\"137\" \/><p id=\"caption-attachment-6310\" class=\"wp-caption-text\">CR GIP Loire Estuaire<\/p><\/div><br \/>\n<div id=\"attachment_5992\" style=\"width: 196px\" class=\"wp-caption alignleft\"><img loading=\"lazy\" decoding=\"async\" aria-describedby=\"caption-attachment-5992\" class=\"wp-image-5992\" src=\"http:\/\/www.ern.org\/wp-content\/uploads\/2018\/11\/AGRI-05-R\u00e9colte-Ma\u00efs-Bessay-03-JJ-LALLEMANT-1030x773.jpg\" alt=\"\" width=\"186\" height=\"139\" \/><p id=\"caption-attachment-5992\" class=\"wp-caption-text\">CR JJ.LAllemant<\/p><\/div><\/p>\n<\/div><\/section><br \/>\n<section  class='av_textblock_section av-3k0jeb-0437a42aa182ff2ddab2b0c53faf6076 '   itemscope=\"itemscope\" itemtype=\"https:\/\/schema.org\/CreativeWork\" ><div class='avia_textblock'  itemprop=\"text\" ><p id=\"tw-target-text\" class=\"tw-data-text tw-ta tw-text-small\" dir=\"ltr\" data-placeholder=\"Traduction\"><span lang=\"fr\"><strong>Extrait de notre <a href=\"https:\/\/www.ern.org\/wp-content\/uploads\/sites\/52\/2018\/09\/Making-a-case-for-WFD_w.pdf\">brochure Living Rivers<\/a> Europe co\u00e9dit\u00e9e par ERN:<\/strong><\/span><\/p>\n<p>La <strong>pollution<\/strong> provenant de l\u2019agriculture reste l\u2019une des principales pressions exerc\u00e9es sur les masses d\u2019eau europ\u00e9ennes. Un quart des eaux de surface de l&rsquo;UE ne parvient pas \u00e0 atteindre les objectifs fix\u00e9s par la Directive Cadre sur l&rsquo;Eau en raison de la pollution par les engrais, les pesticides et par les s\u00e9diments provenant des exploitations agricoles. Ce chiffre est beaucoup plus \u00e9lev\u00e9 dans certains \u00c9tats-Membres, atteignant 95% en Belgique. Cependant, les chiffres varient consid\u00e9rablement entre \u00c9tats dot\u00e9s de syst\u00e8mes agricoles similaires, ce qui laisse \u00e0 penser qu&rsquo;il existe des disparit\u00e9s entre les dispositifs de surveillance.<\/p>\n<p class=\"tw-data-text tw-ta tw-text-small\" dir=\"ltr\" data-placeholder=\"Traduction\"><span lang=\"fr\">Les <strong>pr\u00e9l\u00e8vements d&rsquo;eau<\/strong> par et pour l&rsquo;agriculture constituent aussi une pression importante dans l&rsquo;UE, modifiant le r\u00e9gime d&rsquo;eau de surface de nombreux bassins fluviaux et abaissant les niveaux d&rsquo;eau souterraine. Ceci est particuli\u00e8rement probl\u00e9matique dans le climat m\u00e9diterran\u00e9en, o\u00f9 <\/span><span lang=\"fr\">les \u00c9tats-Membres sont r\u00e9guli\u00e8rement confront\u00e9s \u00e0 <\/span><span lang=\"fr\">des p\u00e9nuries d&rsquo;eau. <\/span><\/p>\n<p class=\"tw-data-text tw-ta tw-text-small\" dir=\"ltr\" data-placeholder=\"Traduction\"><span lang=\"fr\">Les mesures pr\u00e9vues actuellement pour lutter contre ces pr\u00e9l\u00e8vements excessifs et assurer la durabilit\u00e9 \u00e0 long terme des captages sont inad\u00e9quates. <\/span><span lang=\"fr\">De m\u00eame, aucun \u00c9tat-Membre n&rsquo;a abord\u00e9 <\/span><span lang=\"fr\">de mani\u00e8re efficace <\/span><span lang=\"fr\">la question de la pollution agricole, malgr\u00e9 les preuves montrant que les avantages r\u00e9sultant d&rsquo;une bonne gestion<\/span> sont sup\u00e9rieurs aux d\u00e9penses engag\u00e9es et malgr\u00e9 la possibilit\u00e9 de solliciter des subventions europ\u00e9ennes. Des exemples de bonnes pratiques existent pourtant en de multiples endroits.<\/p>\n<p class=\"tw-data-text tw-ta tw-text-small\" dir=\"ltr\" data-placeholder=\"Traduction\"><span lang=\"fr\"> Plus \u00e0 lire dans la <a href=\"https:\/\/www.ern.org\/wp-content\/uploads\/sites\/52\/2018\/09\/Making-a-case-for-WFD_w.pdf\">brochure Living Rivers Europe co-\u00e9dit\u00e9e par ERN (en anglais)<\/a><\/span><\/p>\n<hr \/>\n<h4 dir=\"ltr\" data-placeholder=\"Traduction\"><\/h4>\n<h4 id=\"tw-target-text\" class=\"tw-data-text tw-ta tw-text-small\" dir=\"ltr\" data-placeholder=\"Traduction\"><span lang=\"fr\">Exemples de recommandations pour l&rsquo;agriculture europ\u00e9enne :<br \/>\n<\/span><\/h4>\n<p id=\"tw-target-text\" class=\"tw-data-text tw-ta tw-text-small\" dir=\"ltr\" data-placeholder=\"Traduction\"><span lang=\"fr\">\u2022 Les \u00c9tats-Membres devraient mettre en place des mesures de base pour garantir une bonne pratique, et pr\u00e9server les zones r\u00e9serv\u00e9es \u00e0 la baignade, l\u2019alimentation en eau potable et \u00e0 la biodiversit\u00e9. Comme les mesures de base ne seront pas suffisantes pour tous les plans d&rsquo;eau et aires prot\u00e9g\u00e9es, les \u00c9tats-Membres devraient \u00e9galement mettre en place un syst\u00e8me solide permettant d\u2019identifier et de mettre en \u0153uvre des programmes appropri\u00e9s de mesures compl\u00e9mentaires.<\/span><\/p>\n<p>\u2022 Les \u00c9tats-Membres doivent adopter et mettre en \u0153uvre des mesures contraignantes de lutte contre les pollutions diffuses, car les seules d\u00e9marches volontaires se sont av\u00e9r\u00e9es bien insuffisantes pour atteindre les objectifs fix\u00e9s par la Directive Cadre sur l&rsquo;Eau.<\/p>\n<p>\u2022 Les \u00c9tats-Membres devraient mieux utiliser les fonds existants pour les mesures de la Directive Cadre Eau &#8211; en particulier les mesures 10 et 12 au titre des programmes de d\u00e9veloppement rural.<\/p>\n<p>\u2022 Les \u00c9tats-Membres doivent veiller \u00e0 ce que les syst\u00e8mes d&rsquo;irrigation soient modernis\u00e9s, non seulement pour renforcer l&rsquo;efficacit\u00e9 de l&rsquo;utilisation de l&rsquo;eau \u00e0 la ferme, mais aussi pour r\u00e9duire l&rsquo;utilisation globale de l&rsquo;eau dans le bassin fluvial, afin d&rsquo;am\u00e9liorer l&rsquo;\u00e9tat des masses d&rsquo;eau.<\/p>\n<p>\u2022 Les \u00c9tats-Membres devraient veiller \u00e0 ce que les politiques agricoles int\u00e8grent dans leur planification les variables du changement climatique pour \u00e9viter de futures pressions sur les bassins fluviaux (par exemple en introduisant des mesures pour r\u00e9duire la demande brute et nette en eau).<\/p>\n<p>\u2022 Pour r\u00e9duire la pression agricole sur les \u00e9cosyst\u00e8mes aquatiques, les \u00c9tats-Membres doivent mettre en \u0153uvre le \u00ab\u00a0principe pollueur \/ utilisateur-payeur\u00a0\u00bb (recouvrement des co\u00fbts) tel que d\u00e9fini par la Directive Cadre Eau.<\/p>\n<\/div><\/section><\/p><\/div>\n<style type=\"text\/css\" data-created_by=\"avia_inline_auto\" id=\"style-css-av-3y4ifn-4061464c0bb62134b81432ccf2304f84\">\n.flex_column.av-3y4ifn-4061464c0bb62134b81432ccf2304f84{\nborder-radius:0px 0px 0px 0px;\npadding:0px 0px 0px 0px;\n}\n<\/style>\n<div  class='flex_column av-3y4ifn-4061464c0bb62134b81432ccf2304f84 av_one_third  avia-builder-el-5  el_after_av_two_third  avia-builder-el-last  flex_column_div av-zero-column-padding  '     ><p>\n<style type=\"text\/css\" data-created_by=\"avia_inline_auto\" id=\"style-css-av-4jrtzn-79f32035220e24948031da0a9277ca36\">\n#top .av-special-heading.av-4jrtzn-79f32035220e24948031da0a9277ca36{\npadding-bottom:10px;\n}\nbody .av-special-heading.av-4jrtzn-79f32035220e24948031da0a9277ca36 .av-special-heading-tag .heading-char{\nfont-size:25px;\n}\n.av-special-heading.av-4jrtzn-79f32035220e24948031da0a9277ca36 .av-subheading{\nfont-size:15px;\n}\n<\/style>\n<div  class='av-special-heading av-4jrtzn-79f32035220e24948031da0a9277ca36 av-special-heading-h2 blockquote modern-quote modern-centered  avia-builder-el-6  el_before_av_magazine  avia-builder-el-first '><h2 class='av-special-heading-tag '  itemprop=\"headline\"  >Actualit\u00e9s<\/h2><div class=\"special-heading-border\"><div class=\"special-heading-inner-border\"><\/div><\/div><\/div><br \/>\n<div  id=\"avia-magazine-1\"  class='av-magazine av-jovkgbkv-1a30ca061d40c7301e6cd826bf8ec4c3 av-magazine-top-bar-active av-magazine-tabs-active  avia-builder-el-7  el_after_av_heading  el_before_av_hr   avia-builder-el-7  el_after_av_heading  el_before_av_hr ' ><div class='av-magazine-top-bar '><\/div><div class='av-magazine-group sort_all'><article class='av-magazine-entry av-magazine-entry-id-23979 av-magazine-format-standard av-magazine-type-post av-magazine-entry-1 av-magazine-entry-small '  itemscope=\"itemscope\" itemtype=\"https:\/\/schema.org\/CreativeWork\" ><div class=\"av-magazine-thumbnail\"><a href='https:\/\/www.ern.org\/fr\/societe-civile-et-fournisseurs-deau-exhortent-la-commission-europeenne-de-ne-pas-affaiblir-ni-supprimer-les-regles-fondamentales-en-matiere-de-protection-de-leau\/' title='Lier vers : Soci\u00e9t\u00e9 civile et fournisseurs d&rsquo;eau exhortent la Commission Europ\u00e9enne de ne pas affaiblir ni supprimer les r\u00e8gles fondamentales en mati\u00e8re de protection de l&rsquo;eau' class='av-magazine-thumbnail-link'><img decoding=\"async\" fetchpriority=\"high\" width=\"80\" height=\"80\" src=\"https:\/\/www.ern.org\/wp-content\/uploads\/2020\/09\/Vjosa_river_near_Tepelena_cc_Pudelek-1-80x80.jpg\" class=\"wp-image-12707 avia-img-lazy-loading-not-12707 attachment-thumbnail size-thumbnail wp-post-image\" alt=\"\" srcset=\"https:\/\/www.ern.org\/wp-content\/uploads\/2020\/09\/Vjosa_river_near_Tepelena_cc_Pudelek-1-80x80.jpg 80w, https:\/\/www.ern.org\/wp-content\/uploads\/2020\/09\/Vjosa_river_near_Tepelena_cc_Pudelek-1-36x36.jpg 36w, https:\/\/www.ern.org\/wp-content\/uploads\/2020\/09\/Vjosa_river_near_Tepelena_cc_Pudelek-1-180x180.jpg 180w\" sizes=\"(max-width: 80px) 100vw, 80px\" \/><\/a><\/div><div class=\"av-magazine-content-wrap\"><header class=\"entry-content-header\" aria-label=\"Articles : Soci\u00e9t\u00e9 civile et fournisseurs d&#039;eau exhortent la Commission Europ\u00e9enne de ne pas affaiblir ni supprimer les r\u00e8gles fondamentales en mati\u00e8re de protection de l&#039;eau\"><time class='av-magazine-time updated'  itemprop=\"datePublished\" datetime=\"2026-02-19T14:06:09+01:00\" >f\u00e9vrier 19, 2026<\/time><h3 class='av-magazine-title entry-title '  itemprop=\"headline\" ><a href='https:\/\/www.ern.org\/fr\/societe-civile-et-fournisseurs-deau-exhortent-la-commission-europeenne-de-ne-pas-affaiblir-ni-supprimer-les-regles-fondamentales-en-matiere-de-protection-de-leau\/' title='Lier vers : Soci\u00e9t\u00e9 civile et fournisseurs d&rsquo;eau exhortent la Commission Europ\u00e9enne de ne pas affaiblir ni supprimer les r\u00e8gles fondamentales en mati\u00e8re de protection de l&rsquo;eau'>Soci\u00e9t\u00e9 civile et fournisseurs d&rsquo;eau exhortent la Commission Europ\u00e9enne de ne pas affaiblir ni supprimer les r\u00e8gles fondamentales en mati\u00e8re de protection de l&rsquo;eau<\/a><\/h3><\/header><\/div><footer class=\"entry-footer\"><\/footer><\/article><article class='av-magazine-entry av-magazine-entry-id-22435 av-magazine-format-standard av-magazine-type-post av-magazine-entry-2 av-magazine-entry-small '  itemscope=\"itemscope\" itemtype=\"https:\/\/schema.org\/CreativeWork\" ><div class=\"av-magazine-thumbnail\"><a href='https:\/\/www.ern.org\/fr\/webinaires-continuite-ecologique-les-inscriptions-sont-ouvertes\/' title='Lier vers : Y-a-t-il encore des rivi\u00e8res pour les poissons migrateurs? Biodiversit\u00e9 ou hydro\u00e9lectricit\u00e9 ?' class='av-magazine-thumbnail-link'><img decoding=\"async\" fetchpriority=\"high\" width=\"80\" height=\"80\" src=\"https:\/\/www.ern.org\/wp-content\/uploads\/2020\/01\/logo_soslv_ern-1-80x80.png\" class=\"wp-image-11148 avia-img-lazy-loading-not-11148 attachment-thumbnail size-thumbnail wp-post-image\" alt=\"\" srcset=\"https:\/\/www.ern.org\/wp-content\/uploads\/2020\/01\/logo_soslv_ern-1-80x80.png 80w, https:\/\/www.ern.org\/wp-content\/uploads\/2020\/01\/logo_soslv_ern-1-36x36.png 36w, https:\/\/www.ern.org\/wp-content\/uploads\/2020\/01\/logo_soslv_ern-1-180x180.png 180w\" sizes=\"(max-width: 80px) 100vw, 80px\" \/><\/a><\/div><div class=\"av-magazine-content-wrap\"><header class=\"entry-content-header\" aria-label=\"Articles : Y-a-t-il encore des rivi\u00e8res pour les poissons migrateurs? Biodiversit\u00e9 ou hydro\u00e9lectricit\u00e9 ?\"><time class='av-magazine-time updated'  itemprop=\"datePublished\" datetime=\"2025-12-01T17:20:26+01:00\" >d\u00e9cembre 1, 2025<\/time><h3 class='av-magazine-title entry-title '  itemprop=\"headline\" ><a href='https:\/\/www.ern.org\/fr\/webinaires-continuite-ecologique-les-inscriptions-sont-ouvertes\/' title='Lier vers : Y-a-t-il encore des rivi\u00e8res pour les poissons migrateurs? Biodiversit\u00e9 ou hydro\u00e9lectricit\u00e9 ?'>Y-a-t-il encore des rivi\u00e8res pour les poissons migrateurs? Biodiversit\u00e9 ou hydro\u00e9lectricit\u00e9 ?<\/a><\/h3><\/header><\/div><footer class=\"entry-footer\"><\/footer><\/article><article class='av-magazine-entry av-magazine-entry-id-22247 av-magazine-format-standard av-magazine-type-post av-magazine-entry-3 av-magazine-entry-small '  itemscope=\"itemscope\" itemtype=\"https:\/\/schema.org\/CreativeWork\" ><div class=\"av-magazine-thumbnail\"><a href='https:\/\/www.ern.org\/fr\/dam-removal-day-2-nouveaux-factsheets-pour-comprendre-les-effacements-de-barrages-et-seuils\/' title='Lier vers : Dam Removal Day : c\u00e9l\u00e9brer les rivi\u00e8res libres et vivantes:  2 nouveaux factsheets pour comprendre les effacements de barrages et seuils' class='av-magazine-thumbnail-link'><img decoding=\"async\" fetchpriority=\"high\" width=\"80\" height=\"80\" src=\"https:\/\/www.ern.org\/wp-content\/uploads\/2023\/06\/3.20230516_164422-1-80x80.jpg\" class=\"wp-image-18423 avia-img-lazy-loading-not-18423 attachment-thumbnail size-thumbnail wp-post-image\" alt=\"\" srcset=\"https:\/\/www.ern.org\/wp-content\/uploads\/2023\/06\/3.20230516_164422-1-80x80.jpg 80w, https:\/\/www.ern.org\/wp-content\/uploads\/2023\/06\/3.20230516_164422-1-36x36.jpg 36w, https:\/\/www.ern.org\/wp-content\/uploads\/2023\/06\/3.20230516_164422-1-180x180.jpg 180w\" sizes=\"(max-width: 80px) 100vw, 80px\" \/><\/a><\/div><div class=\"av-magazine-content-wrap\"><header class=\"entry-content-header\" aria-label=\"Articles : Dam Removal Day : c\u00e9l\u00e9brer les rivi\u00e8res libres et vivantes:  2 nouveaux factsheets pour comprendre les effacements de barrages et seuils\"><time class='av-magazine-time updated'  itemprop=\"datePublished\" datetime=\"2025-10-08T08:00:46+02:00\" >octobre 8, 2025<\/time><h3 class='av-magazine-title entry-title '  itemprop=\"headline\" ><a href='https:\/\/www.ern.org\/fr\/dam-removal-day-2-nouveaux-factsheets-pour-comprendre-les-effacements-de-barrages-et-seuils\/' title='Lier vers : Dam Removal Day : c\u00e9l\u00e9brer les rivi\u00e8res libres et vivantes:  2 nouveaux factsheets pour comprendre les effacements de barrages et seuils'>Dam Removal Day : c\u00e9l\u00e9brer les rivi\u00e8res libres et vivantes:  2 nouveaux factsheets pour comprendre les effacements de barrages et seuils<\/a><\/h3><\/header><\/div><footer class=\"entry-footer\"><\/footer><\/article><article class='av-magazine-entry av-magazine-entry-id-23971 av-magazine-format-standard av-magazine-type-post av-magazine-entry-4 av-magazine-entry-small '  itemscope=\"itemscope\" itemtype=\"https:\/\/schema.org\/CreativeWork\" ><div class=\"av-magazine-thumbnail\"><a href='https:\/\/www.ern.org\/fr\/living-rivers-europe-recommendations-to-foster-the-implementation-of-the-water-framework-directive\/' title='Lier vers : Recommandations de Living Rivers Europe pour favoriser la mise en \u0153uvre de la directive-cadre sur l&rsquo;eau' class='av-magazine-thumbnail-link'><img decoding=\"async\" fetchpriority=\"high\" width=\"80\" height=\"80\" src=\"https:\/\/www.ern.org\/wp-content\/uploads\/2018\/03\/living_rivers_europe_logo-2-80x80.jpg\" class=\"wp-image-17458 avia-img-lazy-loading-not-17458 attachment-thumbnail size-thumbnail wp-post-image\" alt=\"logo Living Rivers Europe\" srcset=\"https:\/\/www.ern.org\/wp-content\/uploads\/2018\/03\/living_rivers_europe_logo-2-80x80.jpg 80w, https:\/\/www.ern.org\/wp-content\/uploads\/2018\/03\/living_rivers_europe_logo-2-36x36.jpg 36w\" sizes=\"(max-width: 80px) 100vw, 80px\" \/><\/a><\/div><div class=\"av-magazine-content-wrap\"><header class=\"entry-content-header\" aria-label=\"Articles : Recommandations de Living Rivers Europe pour favoriser la mise en \u0153uvre de la directive-cadre sur l&#039;eau\"><time class='av-magazine-time updated'  itemprop=\"datePublished\" datetime=\"2025-10-01T15:00:50+02:00\" >octobre 1, 2025<\/time><h3 class='av-magazine-title entry-title '  itemprop=\"headline\" ><a href='https:\/\/www.ern.org\/fr\/living-rivers-europe-recommendations-to-foster-the-implementation-of-the-water-framework-directive\/' title='Lier vers : Recommandations de Living Rivers Europe pour favoriser la mise en \u0153uvre de la directive-cadre sur l&rsquo;eau'>Recommandations de Living Rivers Europe pour favoriser la mise en \u0153uvre de la directive-cadre sur l&rsquo;eau<\/a><\/h3><\/header><\/div><footer class=\"entry-footer\"><\/footer><\/article><article class='av-magazine-entry av-magazine-entry-id-23964 av-magazine-format-standard av-magazine-type-post av-magazine-entry-5 av-magazine-entry-small '  itemscope=\"itemscope\" itemtype=\"https:\/\/schema.org\/CreativeWork\" ><div class=\"av-magazine-thumbnail\"><a href='https:\/\/www.ern.org\/fr\/hommage-a-jean-wencker\/' title='Lier vers : Hommage \u00e0 Jean Wencker' class='av-magazine-thumbnail-link'><img decoding=\"async\" fetchpriority=\"high\" width=\"80\" height=\"80\" src=\"https:\/\/www.ern.org\/wp-content\/uploads\/2016\/12\/site_ern_salmoncb-1-80x80.jpg\" class=\"wp-image-401 avia-img-lazy-loading-not-401 attachment-thumbnail size-thumbnail wp-post-image\" alt=\"\" srcset=\"https:\/\/www.ern.org\/wp-content\/uploads\/2016\/12\/site_ern_salmoncb-1-80x80.jpg 80w, https:\/\/www.ern.org\/wp-content\/uploads\/2016\/12\/site_ern_salmoncb-1-36x36.jpg 36w, https:\/\/www.ern.org\/wp-content\/uploads\/2016\/12\/site_ern_salmoncb-1-180x180.jpg 180w, https:\/\/www.ern.org\/wp-content\/uploads\/2016\/12\/site_ern_salmoncb-1-325x321.jpg 325w\" sizes=\"(max-width: 80px) 100vw, 80px\" \/><\/a><\/div><div class=\"av-magazine-content-wrap\"><header class=\"entry-content-header\" aria-label=\"Articles : Hommage \u00e0 Jean Wencker\"><time class='av-magazine-time updated'  itemprop=\"datePublished\" datetime=\"2025-08-22T18:35:37+02:00\" >ao\u00fbt 22, 2025<\/time><h3 class='av-magazine-title entry-title '  itemprop=\"headline\" ><a href='https:\/\/www.ern.org\/fr\/hommage-a-jean-wencker\/' title='Lier vers : Hommage \u00e0 Jean Wencker'>Hommage \u00e0 Jean Wencker<\/a><\/h3><\/header><\/div><footer class=\"entry-footer\"><\/footer><\/article><\/div><\/div><br \/>\n<div  class='hr av-32ie7n-15de35ff5b5cab1686cb0c51154ad123 hr-default  avia-builder-el-8  el_after_av_magazine  el_before_av_textblock '><span class='hr-inner '><span class=\"hr-inner-style\"><\/span><\/span><\/div><br \/>\n<section  class='av_textblock_section av-jovkb1dy-71b4a8e0f8e4fb2e35896fc454145606 '   itemscope=\"itemscope\" itemtype=\"https:\/\/schema.org\/CreativeWork\" ><div class='avia_textblock'  itemprop=\"text\" ><p>La vision de Living Rivers Europe<\/p>\n<p><a href=\"http:\/\/www.ern.org\/wp-content\/uploads\/2017\/03\/2017_living_rivers_europe_vision_statement.pdf\"><img loading=\"lazy\" decoding=\"async\" class=\"alignnone size-medium wp-image-4435\" src=\"http:\/\/www.ern.org\/wp-content\/uploads\/2018\/07\/LRE_statement-300x210.jpg\" alt=\"\" width=\"300\" height=\"210\" \/><\/a><\/p>\n<p>Bringing life back to Europe&rsquo;s Waters, the EU water law in action (english)<\/p>\n<p><a href=\"https:\/\/www.ern.org\/wp-content\/uploads\/2018\/09\/Making-a-case-for-WFD_w.pdf\"><img loading=\"lazy\" decoding=\"async\" class=\"alignnone wp-image-5786 size-medium\" src=\"http:\/\/www.ern.org\/wp-content\/uploads\/2018\/11\/rappotLRE-211x300.png\" alt=\"\" width=\"211\" height=\"300\" \/><\/a><\/p>\n<\/div><\/section><\/p><\/div><\/p>\n","protected":false},"excerpt":{"rendered":"","protected":false},"author":3,"featured_media":0,"parent":0,"menu_order":0,"comment_status":"closed","ping_status":"closed","template":"","meta":{"footnotes":""},"class_list":["post-23645","page","type-page","status-publish","hentry"],"_links":{"self":[{"href":"https:\/\/www.ern.org\/fr\/wp-json\/wp\/v2\/pages\/23645","targetHints":{"allow":["GET"]}}],"collection":[{"href":"https:\/\/www.ern.org\/fr\/wp-json\/wp\/v2\/pages"}],"about":[{"href":"https:\/\/www.ern.org\/fr\/wp-json\/wp\/v2\/types\/page"}],"author":[{"embeddable":true,"href":"https:\/\/www.ern.org\/fr\/wp-json\/wp\/v2\/users\/3"}],"replies":[{"embeddable":true,"href":"https:\/\/www.ern.org\/fr\/wp-json\/wp\/v2\/comments?post=23645"}],"version-history":[{"count":2,"href":"https:\/\/www.ern.org\/fr\/wp-json\/wp\/v2\/pages\/23645\/revisions"}],"predecessor-version":[{"id":25180,"href":"https:\/\/www.ern.org\/fr\/wp-json\/wp\/v2\/pages\/23645\/revisions\/25180"}],"wp:attachment":[{"href":"https:\/\/www.ern.org\/fr\/wp-json\/wp\/v2\/media?parent=23645"}],"curies":[{"name":"wp","href":"https:\/\/api.w.org\/{rel}","templated":true}]}}