{"id":23628,"date":"2017-12-24T14:17:50","date_gmt":"2017-12-24T13:17:50","guid":{"rendered":"https:\/\/www.ern.org\/?page_id=3278"},"modified":"2026-03-20T13:26:01","modified_gmt":"2026-03-20T12:26:01","slug":"bientot-impact-du-climat","status":"publish","type":"page","link":"https:\/\/www.ern.org\/fr\/bientot-impact-du-climat\/","title":{"rendered":"Menaces &#8211; Changement climatique"},"content":{"rendered":"\n<style type=\"text\/css\" data-created_by=\"avia_inline_auto\" id=\"style-css-av-8fnkha-7cbec8f047d35368cdf9a7458a12d59f\">\n.flex_column.av-8fnkha-7cbec8f047d35368cdf9a7458a12d59f{\nborder-radius:0px 0px 0px 0px;\npadding:0px 0px 0px 0px;\n}\n<\/style>\n<div  class='flex_column av-8fnkha-7cbec8f047d35368cdf9a7458a12d59f av_two_third  avia-builder-el-0  el_before_av_one_third  avia-builder-el-first  first flex_column_div av-zero-column-padding  '     ><p>\n<style type=\"text\/css\" data-created_by=\"avia_inline_auto\" id=\"style-css-av-mbgog63p-94dd280ce23583322fed38b68e09a272\">\n#top .av-special-heading.av-mbgog63p-94dd280ce23583322fed38b68e09a272{\npadding-bottom:10px;\n}\nbody .av-special-heading.av-mbgog63p-94dd280ce23583322fed38b68e09a272 .av-special-heading-tag .heading-char{\nfont-size:25px;\n}\n.av-special-heading.av-mbgog63p-94dd280ce23583322fed38b68e09a272 .av-subheading{\nfont-size:15px;\n}\n<\/style>\n<div  class='av-special-heading av-mbgog63p-94dd280ce23583322fed38b68e09a272 av-special-heading-h2 blockquote modern-quote  avia-builder-el-1  el_before_av_hr  avia-builder-el-first '><h2 class='av-special-heading-tag '  itemprop=\"headline\"  >IMPACT DU CHANGEMENT CLIMATIQUE SUR LES FLEUVES ET RIVIERES<\/h2><div class='av-subheading av-subheading_below'><p>Vers plus d&rsquo;extr\u00e8mes ? S\u00e9cheresses et crues plus accentu\u00e9es ?<\/p>\n<\/div><div class=\"special-heading-border\"><div class=\"special-heading-inner-border\"><\/div><\/div><\/div><br \/>\n<div  class='hr av-4of64u-ac625ac0211d4f620d78a8959315fa5f hr-default  avia-builder-el-2  el_after_av_heading  el_before_av_textblock '><span class='hr-inner '><span class=\"hr-inner-style\"><\/span><\/span><\/div><br \/>\n<section  class='av_textblock_section av-mbgm1laf-30f8f9ba6af08052849ed61affcf15da '   itemscope=\"itemscope\" itemtype=\"https:\/\/schema.org\/CreativeWork\" ><div class='avia_textblock'  itemprop=\"text\" ><p>page en cours de construction<\/p>\n<\/div><\/section><\/p><\/div>\n\n<style type=\"text\/css\" data-created_by=\"avia_inline_auto\" id=\"style-css-av-6ajxn2-7f599c6f82ece4768d739c8de2c8d139\">\n.flex_column.av-6ajxn2-7f599c6f82ece4768d739c8de2c8d139{\nborder-radius:0px 0px 0px 0px;\npadding:0px 0px 0px 0px;\n}\n<\/style>\n<div  class='flex_column av-6ajxn2-7f599c6f82ece4768d739c8de2c8d139 av_one_third  avia-builder-el-4  el_after_av_two_third  avia-builder-el-last  flex_column_div av-zero-column-padding  '     ><p>\n<style type=\"text\/css\" data-created_by=\"avia_inline_auto\" id=\"style-css-av-2lb4ge-e0267052c2c1629cb09cbcbaa9fe9e1a\">\n#top .av-special-heading.av-2lb4ge-e0267052c2c1629cb09cbcbaa9fe9e1a{\npadding-bottom:10px;\n}\nbody .av-special-heading.av-2lb4ge-e0267052c2c1629cb09cbcbaa9fe9e1a .av-special-heading-tag .heading-char{\nfont-size:25px;\n}\n.av-special-heading.av-2lb4ge-e0267052c2c1629cb09cbcbaa9fe9e1a .av-subheading{\nfont-size:15px;\n}\n<\/style>\n<div  class='av-special-heading av-2lb4ge-e0267052c2c1629cb09cbcbaa9fe9e1a av-special-heading-h2 blockquote modern-quote modern-centered  avia-builder-el-5  el_before_av_magazine  avia-builder-el-first '><h2 class='av-special-heading-tag '  itemprop=\"headline\"  >Actualit\u00e9s<\/h2><div class=\"special-heading-border\"><div class=\"special-heading-inner-border\"><\/div><\/div><\/div><br \/>\n<div  id=\"avia-magazine-1\"  class='av-magazine av-3a8r9q-71e9bfbd69b6c12f7803609c6355f29a av-magazine-top-bar-active av-magazine-tabs-active  avia-builder-el-6  el_after_av_heading  avia-builder-el-last   avia-builder-el-6  el_after_av_heading  avia-builder-el-last ' ><div class='av-magazine-top-bar '><\/div><div class='av-magazine-group sort_all'><article class='av-magazine-entry av-magazine-entry-id-22565 av-magazine-format-standard av-magazine-type-post av-magazine-entry-1 av-magazine-entry-small '  itemscope=\"itemscope\" itemtype=\"https:\/\/schema.org\/CreativeWork\" ><div class=\"av-magazine-thumbnail\"><a href='https:\/\/www.ern.org\/fr\/register-barrier-removal-for-flood-prevention-and-safety-webinar-2\/' title='Lier vers : Webinaire \u00ab\u00a0Barrier Removal for Flood Prevention and Safety\u00a0\u00bb' class='av-magazine-thumbnail-link'><img decoding=\"async\" fetchpriority=\"high\" width=\"80\" height=\"80\" src=\"https:\/\/www.ern.org\/wp-content\/uploads\/2017\/12\/20171208_table_ronde_SFN_inondation_cc_ERN-1-80x80.jpg\" class=\"wp-image-3164 avia-img-lazy-loading-not-3164 attachment-thumbnail size-thumbnail wp-post-image\" alt=\"\" srcset=\"https:\/\/www.ern.org\/wp-content\/uploads\/2017\/12\/20171208_table_ronde_SFN_inondation_cc_ERN-1-80x80.jpg 80w, https:\/\/www.ern.org\/wp-content\/uploads\/2017\/12\/20171208_table_ronde_SFN_inondation_cc_ERN-1-36x36.jpg 36w, https:\/\/www.ern.org\/wp-content\/uploads\/2017\/12\/20171208_table_ronde_SFN_inondation_cc_ERN-1-180x180.jpg 180w\" sizes=\"(max-width: 80px) 100vw, 80px\" \/><\/a><\/div><div class=\"av-magazine-content-wrap\"><header class=\"entry-content-header\" aria-label=\"Articles : Webinaire &quot;Barrier Removal for Flood Prevention and Safety&quot;\"><time class='av-magazine-time updated'  itemprop=\"datePublished\" datetime=\"2026-01-22T15:38:06+01:00\" >janvier 22, 2026<\/time><h3 class='av-magazine-title entry-title '  itemprop=\"headline\" ><a href='https:\/\/www.ern.org\/fr\/register-barrier-removal-for-flood-prevention-and-safety-webinar-2\/' title='Lier vers : Webinaire \u00ab\u00a0Barrier Removal for Flood Prevention and Safety\u00a0\u00bb'>Webinaire \u00ab\u00a0Barrier Removal for Flood Prevention and Safety\u00a0\u00bb<\/a><\/h3><\/header><\/div><footer class=\"entry-footer\"><\/footer><\/article><article class='av-magazine-entry av-magazine-entry-id-21482 av-magazine-format-standard av-magazine-type-post av-magazine-entry-2 av-magazine-entry-small '  itemscope=\"itemscope\" itemtype=\"https:\/\/schema.org\/CreativeWork\" ><div class=\"av-magazine-thumbnail\"><a href='https:\/\/www.ern.org\/fr\/strategie-europeenne-de-resilience-de-leau-une-ambition-freinee-par-un-manque-dengagements-concrets\/' title='Lier vers : Strat\u00e9gie europ\u00e9enne de r\u00e9silience de l\u2019eau, une ambition frein\u00e9e par un manque d\u2019engagements concrets' class='av-magazine-thumbnail-link'><img decoding=\"async\" fetchpriority=\"high\" width=\"80\" height=\"80\" src=\"https:\/\/www.ern.org\/wp-content\/uploads\/2018\/07\/LR_1-2-80x80.png\" class=\"wp-image-7060 avia-img-lazy-loading-not-7060 attachment-thumbnail size-thumbnail wp-post-image\" alt=\"logo Living Rivers Europe\" srcset=\"https:\/\/www.ern.org\/wp-content\/uploads\/2018\/07\/LR_1-2-80x80.png 80w, https:\/\/www.ern.org\/wp-content\/uploads\/2018\/07\/LR_1-2-36x36.png 36w, https:\/\/www.ern.org\/wp-content\/uploads\/2018\/07\/LR_1-2-180x180.png 180w\" sizes=\"(max-width: 80px) 100vw, 80px\" \/><\/a><\/div><div class=\"av-magazine-content-wrap\"><header class=\"entry-content-header\" aria-label=\"Articles : Strat\u00e9gie europ\u00e9enne de r\u00e9silience de l\u2019eau, une ambition frein\u00e9e par un manque d\u2019engagements concrets\"><time class='av-magazine-time updated'  itemprop=\"datePublished\" datetime=\"2025-06-10T15:11:58+02:00\" >juin 10, 2025<\/time><h3 class='av-magazine-title entry-title '  itemprop=\"headline\" ><a href='https:\/\/www.ern.org\/fr\/strategie-europeenne-de-resilience-de-leau-une-ambition-freinee-par-un-manque-dengagements-concrets\/' title='Lier vers : Strat\u00e9gie europ\u00e9enne de r\u00e9silience de l\u2019eau, une ambition frein\u00e9e par un manque d\u2019engagements concrets'>Strat\u00e9gie europ\u00e9enne de r\u00e9silience de l\u2019eau, une ambition frein\u00e9e par un manque d\u2019engagements concrets<\/a><\/h3><\/header><\/div><footer class=\"entry-footer\"><\/footer><\/article><article class='av-magazine-entry av-magazine-entry-id-21015 av-magazine-format-standard av-magazine-type-post av-magazine-entry-3 av-magazine-entry-small '  itemscope=\"itemscope\" itemtype=\"https:\/\/schema.org\/CreativeWork\" ><div class=\"av-magazine-thumbnail\"><a href='https:\/\/www.ern.org\/fr\/travaux-post-crue-en-haute-loire-stop-a-gestion-sans-discernement-et-aux-coupes-a-blancs\/' title='Lier vers : Travaux post crue en Haute Loire :  Stop \u00e0 gestion sans discernement et aux coupes \u00e0 blancs' class='av-magazine-thumbnail-link'><img decoding=\"async\" fetchpriority=\"high\" width=\"80\" height=\"80\" src=\"https:\/\/www.ern.org\/wp-content\/uploads\/2016\/11\/site_ern_soslv-1-80x80.jpg\" class=\"wp-image-54 avia-img-lazy-loading-not-54 attachment-thumbnail size-thumbnail wp-post-image\" alt=\"\" srcset=\"https:\/\/www.ern.org\/wp-content\/uploads\/2016\/11\/site_ern_soslv-1-80x80.jpg 80w, https:\/\/www.ern.org\/wp-content\/uploads\/2016\/11\/site_ern_soslv-1-36x36.jpg 36w, https:\/\/www.ern.org\/wp-content\/uploads\/2016\/11\/site_ern_soslv-1-180x180.jpg 180w, https:\/\/www.ern.org\/wp-content\/uploads\/2016\/11\/site_ern_soslv-1-325x321.jpg 325w\" sizes=\"(max-width: 80px) 100vw, 80px\" \/><\/a><\/div><div class=\"av-magazine-content-wrap\"><header class=\"entry-content-header\" aria-label=\"Articles : Travaux post crue en Haute Loire :  Stop \u00e0 gestion sans discernement et aux coupes \u00e0 blancs\"><time class='av-magazine-time updated'  itemprop=\"datePublished\" datetime=\"2025-02-09T09:27:26+01:00\" >f\u00e9vrier 9, 2025<\/time><h3 class='av-magazine-title entry-title '  itemprop=\"headline\" ><a href='https:\/\/www.ern.org\/fr\/travaux-post-crue-en-haute-loire-stop-a-gestion-sans-discernement-et-aux-coupes-a-blancs\/' title='Lier vers : Travaux post crue en Haute Loire :  Stop \u00e0 gestion sans discernement et aux coupes \u00e0 blancs'>Travaux post crue en Haute Loire :  Stop \u00e0 gestion sans discernement et aux coupes \u00e0 blancs<\/a><\/h3><\/header><\/div><footer class=\"entry-footer\"><\/footer><\/article><article class='av-magazine-entry av-magazine-entry-id-20597 av-magazine-format-standard av-magazine-type-post av-magazine-entry-4 av-magazine-entry-small '  itemscope=\"itemscope\" itemtype=\"https:\/\/schema.org\/CreativeWork\" ><div class=\"av-magazine-thumbnail\"><a href='https:\/\/www.ern.org\/fr\/living-rivers-europe-publie-sa-position-pour-une-europe-plus-resiliente-au-climat-et-a-leau\/' title='Lier vers : Living Rivers Europe publie sa position pour une Europe plus r\u00e9siliente au climat et \u00e0 l&rsquo;eau' class='av-magazine-thumbnail-link'><img decoding=\"async\" fetchpriority=\"high\" width=\"80\" height=\"80\" src=\"https:\/\/www.ern.org\/wp-content\/uploads\/2018\/03\/living_rivers_europe_logo-2-80x80.jpg\" class=\"wp-image-17458 avia-img-lazy-loading-not-17458 attachment-thumbnail size-thumbnail wp-post-image\" alt=\"logo Living Rivers Europe\" srcset=\"https:\/\/www.ern.org\/wp-content\/uploads\/2018\/03\/living_rivers_europe_logo-2-80x80.jpg 80w, https:\/\/www.ern.org\/wp-content\/uploads\/2018\/03\/living_rivers_europe_logo-2-36x36.jpg 36w\" sizes=\"(max-width: 80px) 100vw, 80px\" \/><\/a><\/div><div class=\"av-magazine-content-wrap\"><header class=\"entry-content-header\" aria-label=\"Articles : Living Rivers Europe publie sa position pour une Europe plus r\u00e9siliente au climat et \u00e0 l&#039;eau\"><time class='av-magazine-time updated'  itemprop=\"datePublished\" datetime=\"2025-01-27T16:18:59+01:00\" >janvier 27, 2025<\/time><h3 class='av-magazine-title entry-title '  itemprop=\"headline\" ><a href='https:\/\/www.ern.org\/fr\/living-rivers-europe-publie-sa-position-pour-une-europe-plus-resiliente-au-climat-et-a-leau\/' title='Lier vers : Living Rivers Europe publie sa position pour une Europe plus r\u00e9siliente au climat et \u00e0 l&rsquo;eau'>Living Rivers Europe publie sa position pour une Europe plus r\u00e9siliente au climat et \u00e0 l&rsquo;eau<\/a><\/h3><\/header><\/div><footer class=\"entry-footer\"><\/footer><\/article><article class='av-magazine-entry av-magazine-entry-id-20288 av-magazine-format-standard av-magazine-type-post av-magazine-entry-5 av-magazine-entry-small '  itemscope=\"itemscope\" itemtype=\"https:\/\/schema.org\/CreativeWork\" ><div class=\"av-magazine-thumbnail\"><a href='https:\/\/www.ern.org\/fr\/crue-du-17-octobre-2024\/' title='Lier vers : Crue du 17 octobre 2024 en Loire amont' class='av-magazine-thumbnail-link'><img decoding=\"async\" fetchpriority=\"high\" width=\"80\" height=\"80\" src=\"https:\/\/www.ern.org\/wp-content\/uploads\/2016\/12\/site_ern_soslv-1-80x80.jpg\" class=\"wp-image-402 avia-img-lazy-loading-not-402 attachment-thumbnail size-thumbnail wp-post-image\" alt=\"\" srcset=\"https:\/\/www.ern.org\/wp-content\/uploads\/2016\/12\/site_ern_soslv-1-80x80.jpg 80w, https:\/\/www.ern.org\/wp-content\/uploads\/2016\/12\/site_ern_soslv-1-36x36.jpg 36w, https:\/\/www.ern.org\/wp-content\/uploads\/2016\/12\/site_ern_soslv-1-180x180.jpg 180w, https:\/\/www.ern.org\/wp-content\/uploads\/2016\/12\/site_ern_soslv-1-325x321.jpg 325w\" sizes=\"(max-width: 80px) 100vw, 80px\" \/><\/a><\/div><div class=\"av-magazine-content-wrap\"><header class=\"entry-content-header\" aria-label=\"Articles : Crue du 17 octobre 2024 en Loire amont\"><time class='av-magazine-time updated'  itemprop=\"datePublished\" datetime=\"2024-10-24T15:47:42+02:00\" >octobre 24, 2024<\/time><h3 class='av-magazine-title entry-title '  itemprop=\"headline\" ><a href='https:\/\/www.ern.org\/fr\/crue-du-17-octobre-2024\/' title='Lier vers : Crue du 17 octobre 2024 en Loire amont'>Crue du 17 octobre 2024 en Loire amont<\/a><\/h3><\/header><\/div><footer class=\"entry-footer\"><\/footer><\/article><\/div><\/div><\/p><\/div>\n","protected":false},"excerpt":{"rendered":"","protected":false},"author":3,"featured_media":0,"parent":0,"menu_order":0,"comment_status":"closed","ping_status":"closed","template":"","meta":{"footnotes":""},"class_list":["post-23628","page","type-page","status-publish","hentry"],"_links":{"self":[{"href":"https:\/\/www.ern.org\/fr\/wp-json\/wp\/v2\/pages\/23628","targetHints":{"allow":["GET"]}}],"collection":[{"href":"https:\/\/www.ern.org\/fr\/wp-json\/wp\/v2\/pages"}],"about":[{"href":"https:\/\/www.ern.org\/fr\/wp-json\/wp\/v2\/types\/page"}],"author":[{"embeddable":true,"href":"https:\/\/www.ern.org\/fr\/wp-json\/wp\/v2\/users\/3"}],"replies":[{"embeddable":true,"href":"https:\/\/www.ern.org\/fr\/wp-json\/wp\/v2\/comments?post=23628"}],"version-history":[{"count":0,"href":"https:\/\/www.ern.org\/fr\/wp-json\/wp\/v2\/pages\/23628\/revisions"}],"wp:attachment":[{"href":"https:\/\/www.ern.org\/fr\/wp-json\/wp\/v2\/media?parent=23628"}],"curies":[{"name":"wp","href":"https:\/\/api.w.org\/{rel}","templated":true}]}}