{"id":193,"date":"2016-11-30T11:18:17","date_gmt":"2016-11-30T10:18:17","guid":{"rendered":"https:\/\/www.ern.org\/fr\/?page_id=193"},"modified":"2025-01-17T14:11:28","modified_gmt":"2025-01-17T13:11:28","slug":"effacement-du-barrage-de-fatou","status":"publish","type":"page","link":"https:\/\/www.ern.org\/fr\/effacement-du-barrage-de-fatou\/","title":{"rendered":"Effacement du barrage de Fatou"},"content":{"rendered":"\n<style type=\"text\/css\" data-created_by=\"avia_inline_auto\" id=\"style-css-av-2ofbqp-5749efd286c6bfe91c9d69da51e6fdcb\">\n.flex_column.av-2ofbqp-5749efd286c6bfe91c9d69da51e6fdcb{\n-webkit-border-radius:0px 0px 0px 0px;\n-moz-border-radius:0px 0px 0px 0px;\nborder-radius:0px 0px 0px 0px;\npadding:0px 0px 0px 0px;\n}\n<\/style>\n<div  class='flex_column av-2ofbqp-5749efd286c6bfe91c9d69da51e6fdcb av_one_full  avia-builder-el-0  el_before_av_one_half  avia-builder-el-first  first flex_column_div av-zero-column-padding  '     ><style type=\"text\/css\" data-created_by=\"avia_inline_auto\" id=\"style-css-av-2lfdxt-bce7e37501417af6e968d12d60e8f480\">\n#top .av-special-heading.av-2lfdxt-bce7e37501417af6e968d12d60e8f480{\npadding-bottom:10px;\n}\nbody .av-special-heading.av-2lfdxt-bce7e37501417af6e968d12d60e8f480 .av-special-heading-tag .heading-char{\nfont-size:25px;\n}\n.av-special-heading.av-2lfdxt-bce7e37501417af6e968d12d60e8f480 .av-subheading{\nfont-size:15px;\n}\n<\/style>\n<div  class='av-special-heading av-2lfdxt-bce7e37501417af6e968d12d60e8f480 av-special-heading-h2 blockquote modern-quote  avia-builder-el-1  avia-builder-el-no-sibling '><h2 class='av-special-heading-tag'  itemprop=\"headline\"  >Effacement du barrage de Fatou<\/h2><div class='av-subheading av-subheading_below'><p>Rivi\u00e8re Beaume (haute bassin de la Loire), Haute-Loire, France, 2007<\/p>\n<\/div><div class=\"special-heading-border\"><div class=\"special-heading-inner-border\"><\/div><\/div><\/div><\/div>\n\n<style type=\"text\/css\" data-created_by=\"avia_inline_auto\" id=\"style-css-av-8q40p-73a07caf0f197dbf668c35bc19de6d7f\">\n.flex_column.av-8q40p-73a07caf0f197dbf668c35bc19de6d7f{\n-webkit-border-radius:0px 0px 0px 0px;\n-moz-border-radius:0px 0px 0px 0px;\nborder-radius:0px 0px 0px 0px;\npadding:0px 0px 0px 0px;\n}\n<\/style>\n<div  class='flex_column av-8q40p-73a07caf0f197dbf668c35bc19de6d7f av_one_half  avia-builder-el-2  el_after_av_one_full  el_before_av_one_half  first flex_column_div av-zero-column-padding  column-top-margin'     ><section  class='av_textblock_section av-28dv5t-28bd3b098bc3458c9c4d0bd759c7e356 '   itemscope=\"itemscope\" itemtype=\"https:\/\/schema.org\/CreativeWork\" ><div class='avia_textblock'  itemprop=\"text\" ><h3>Contexte<\/h3>\n<p>Le barrage du Fatou \u00e9tait situ\u00e9 sur la commune de Solignac-sur-Loire, en Haute-Loire, sur la rivi\u00e8re de la Beaume, \u00e0 400 m environ en amont de sa confluence avec la Loire. Construit en 1907, sa vocation originale \u00e9tait la production hydro\u00e9lectrique ; son exploitation s&rsquo;est arr\u00eat\u00e9e \u00e0 la fin des ann\u00e9e 1950, cr\u00e9ant ainsi un obstacle au transit des s\u00e9diments et \u00e0 la migration piscicole. Le barrage et ses terrains contigus sont devenus la propri\u00e9t\u00e9 de l&rsquo;Etablissement Public Loire dans le cadre des acquisitions fonci\u00e8res effectu\u00e9es pour le projet de barrage de Serre de la Farre, abandonn\u00e9 en 1994. La digue de retenue de type poids en pierres ma\u00e7onn\u00e9es pr\u00e9sente un volume de 700 m3 et une hauteur 6 m\u00e8tres. La retenue ainsi cr\u00e9\u00e9e de 10 000 m3 \u00e9tait envas\u00e9e \u00e0 plus de 50 % en 2007. Une conduite forc\u00e9e permettait d&rsquo;acheminer l&rsquo;eau qui est ensuite turbin\u00e9e dans un b\u00e2timent d&rsquo;exploitation, jusque dans les ann\u00e9es 50.<\/p>\n<p>En raison de sa de v\u00e9tust\u00e9, l&rsquo;Etablissement Public Loire a d\u00e9cid\u00e9 d&rsquo;effacer le barrage du Fatou et ses \u00e9quipements annexes, rejoignant ainsi les directives du SDAGE Loire-Bretagne.<\/p>\n<p>Un arr\u00eat\u00e9 pr\u00e9fectoral cons\u00e9cutif \u00e0 une enqu\u00eate publique mi 2006, a autoris\u00e9 l&rsquo;Etablissement \u00e0 effacer le barrage. Un permis de d\u00e9molir a ensuite \u00e9t\u00e9 accord\u00e9 au printemps 2007.<\/p>\n<p>Deux p\u00eaches \u00e9lectriques de r\u00e9cup\u00e9ration et d&rsquo;inventaire des poissons en aval ont eu lieu le 18 et le 20 juillet 2007, ce dernier jour correspondant \u00e9galement \u00e0 la vidange de la retenue.<\/p>\n<\/div><\/section><br \/>\n\n<style type=\"text\/css\" data-created_by=\"avia_inline_auto\" id=\"style-css-av-23s2sp-441bcdad2078625c998f1d37de993a8b\">\n#top .hr.hr-invisible.av-23s2sp-441bcdad2078625c998f1d37de993a8b{\nheight:50px;\n}\n<\/style>\n<div  class='hr av-23s2sp-441bcdad2078625c998f1d37de993a8b hr-invisible  avia-builder-el-4  el_after_av_textblock  el_before_av_textblock '><span class='hr-inner '><span class=\"hr-inner-style\"><\/span><\/span><\/div><br \/>\n<section  class='av_textblock_section av-1zc9pl-3e523eeea67a52bc05c6c72a274dbe20 '   itemscope=\"itemscope\" itemtype=\"https:\/\/schema.org\/CreativeWork\" ><div class='avia_textblock'  itemprop=\"text\" ><h3>Ma\u00eetrise d&rsquo;ouvrage<\/h3>\n<p>L&rsquo;Etablissement Public Loire a assur\u00e9 la ma\u00eetrise d&rsquo;ouvrage et a confi\u00e9 \u00e0 EDF CIH (Centre d&rsquo;Ing\u00e9nierie Hydraulique) la ma\u00eetrise d&rsquo;\u0153uvre ainsi que la coordination s\u00e9curit\u00e9 sur le chantier. Les travaux ont d\u00e9but\u00e9 la premi\u00e8re semaine de juillet 2007. La technique employ\u00e9e consistait \u00e0 vidanger la retenue et d\u00e9river par l&rsquo;interm\u00e9diaire d&rsquo;une conduite forc\u00e9e l&rsquo;int\u00e9gralit\u00e9 du cours d&rsquo;eau pendant l&rsquo;extraction des s\u00e9diments, afin d&rsquo;\u00e9viter une pollution.<\/p>\n<\/div><\/section><br \/>\n\n<style type=\"text\/css\" data-created_by=\"avia_inline_auto\" id=\"style-css-av-660fl-00c5c52af9a050557903ba12ab922c2d\">\n#top .hr.hr-invisible.av-660fl-00c5c52af9a050557903ba12ab922c2d{\nheight:50px;\n}\n<\/style>\n<div  class='hr av-660fl-00c5c52af9a050557903ba12ab922c2d hr-invisible  avia-builder-el-6  el_after_av_textblock  el_before_av_textblock '><span class='hr-inner '><span class=\"hr-inner-style\"><\/span><\/span><\/div><br \/>\n<section  class='av_textblock_section av-1mmatt-03a1685868a91176a986b109574c1bf0 '   itemscope=\"itemscope\" itemtype=\"https:\/\/schema.org\/CreativeWork\" ><div class='avia_textblock'  itemprop=\"text\" ><h3>Difficult\u00e9s particuli\u00e8res<\/h3>\n<p>Les travaux d&rsquo;extraction des s\u00e9diments, de d\u00e9molition des ouvrages annexes se sont poursuivis durant l&rsquo;\u00e9t\u00e9 2007 ; la digue de retenue a \u00e9t\u00e9 d\u00e9molie d\u00e9but octobre et le cours d&rsquo;eau a \u00e9t\u00e9 r\u00e9tabli le 18 du m\u00eame mois. L&rsquo;\u00e9t\u00e9 tr\u00e8s humide et un probl\u00e8me de chantier ont entra\u00een\u00e9 un d\u00e9part de s\u00e9diments \u00e0 l&rsquo;aval. Un bilan produit par l&rsquo;ONEMA devrait permettre d&rsquo;\u00e9valuer les cons\u00e9quences de cet incident.<\/p>\n<\/div><\/section><br \/>\n\n<style type=\"text\/css\" data-created_by=\"avia_inline_auto\" id=\"style-css-av-1hjeq1-37d24b3f2bde297f41bfe4a8c6944532\">\n#top .hr.hr-invisible.av-1hjeq1-37d24b3f2bde297f41bfe4a8c6944532{\nheight:50px;\n}\n<\/style>\n<div  class='hr av-1hjeq1-37d24b3f2bde297f41bfe4a8c6944532 hr-invisible  avia-builder-el-8  el_after_av_textblock  el_before_av_textblock '><span class='hr-inner '><span class=\"hr-inner-style\"><\/span><\/span><\/div><br \/>\n<section  class='av_textblock_section av-lsddirtl-83b8c588d73b93810c3e0aa9520bc742 '   itemscope=\"itemscope\" itemtype=\"https:\/\/schema.org\/CreativeWork\" ><div class='avia_textblock'  itemprop=\"text\" ><h3>En savoir +<\/h3>\n<ul>\n<li><a href=\"https:\/\/ern-sosloirevivante.org\/wp-content\/uploads\/2024\/02\/21_5_rex_r1_beaume_vbat.pdf\" target=\"_blank\" rel=\"noopener\">Fiche \u00ab retour d\u2019exp\u00e9rience \u00bb\u00a0<\/a> de l&rsquo;OFB &#8211; 2012<\/li>\n<\/ul>\n<\/div><\/section><\/p><\/div>\n\n<style type=\"text\/css\" data-created_by=\"avia_inline_auto\" id=\"style-css-av-4dbq9-23b9a85c1eb9e20543c52ba88ee062ff\">\n.flex_column.av-4dbq9-23b9a85c1eb9e20543c52ba88ee062ff{\n-webkit-border-radius:0px 0px 0px 0px;\n-moz-border-radius:0px 0px 0px 0px;\nborder-radius:0px 0px 0px 0px;\npadding:0px 0px 0px 0px;\n}\n<\/style>\n<div  class='flex_column av-4dbq9-23b9a85c1eb9e20543c52ba88ee062ff av_one_half  avia-builder-el-10  el_after_av_one_half  el_before_av_one_half  flex_column_div av-zero-column-padding  column-top-margin'     ><p>\n<style type=\"text\/css\" data-created_by=\"avia_inline_auto\" id=\"style-css-av-128msh-388683f923b975483afedd9a244dbf89\">\n#top .hr.hr-invisible.av-128msh-388683f923b975483afedd9a244dbf89{\nheight:50px;\n}\n<\/style>\n<div  class='hr av-128msh-388683f923b975483afedd9a244dbf89 hr-invisible  avia-builder-el-11  el_before_av_gallery  avia-builder-el-first '><span class='hr-inner '><span class=\"hr-inner-style\"><\/span><\/span><\/div><br \/>\n\n<style type=\"text\/css\" data-created_by=\"avia_inline_auto\" id=\"style-css-av-uykdl-abbc9afe679a6362029690f25c94b58b\">\n#top .avia-gallery.av-uykdl-abbc9afe679a6362029690f25c94b58b .avia-gallery-thumb a{\nwidth:100%;\n}\n<\/style>\n<div  class='avia-gallery av-uykdl-abbc9afe679a6362029690f25c94b58b avia_animate_when_visible  avia-builder-el-12  el_after_av_hr  avia-builder-el-last  deactivate_avia_lazyload avia-gallery-animate avia-gallery-1'  itemprop=\"image\" itemscope=\"itemscope\" itemtype=\"https:\/\/schema.org\/ImageObject\" ><meta itemprop=\"contentURL\" content=\"https:\/\/www.ern.org\/fr\/effacement-du-barrage-de-fatou\/\"><div class='avia-gallery-thumb'><a href=\"https:\/\/www.ern.org\/wp-content\/uploads\/sites\/52\/2016\/11\/fatou_dam_cc_SOSLoireVivante_ERNFrance-1030x773.jpg\" data-srcset=\"https:\/\/www.ern.org\/wp-content\/uploads\/sites\/52\/2016\/11\/fatou_dam_cc_SOSLoireVivante_ERNFrance-1030x773.jpg 1030w, https:\/\/www.ern.org\/wp-content\/uploads\/sites\/52\/2016\/11\/fatou_dam_cc_SOSLoireVivante_ERNFrance-300x225.jpg 300w, https:\/\/www.ern.org\/wp-content\/uploads\/sites\/52\/2016\/11\/fatou_dam_cc_SOSLoireVivante_ERNFrance-768x576.jpg 768w, https:\/\/www.ern.org\/wp-content\/uploads\/sites\/52\/2016\/11\/fatou_dam_cc_SOSLoireVivante_ERNFrance-705x529.jpg 705w, https:\/\/www.ern.org\/wp-content\/uploads\/sites\/52\/2016\/11\/fatou_dam_cc_SOSLoireVivante_ERNFrance-450x338.jpg 450w, https:\/\/www.ern.org\/wp-content\/uploads\/sites\/52\/2016\/11\/fatou_dam_cc_SOSLoireVivante_ERNFrance.jpg 1250w\" data-sizes=\"(max-width: 1030px) 100vw, 1030px\" data-rel='gallery-1' data-prev-img='https:\/\/www.ern.org\/wp-content\/uploads\/sites\/52\/2016\/11\/fatou_dam_cc_SOSLoireVivante_ERNFrance.jpg' class='first_thumb lightbox ' data-onclick='1' title='Fatou dam \u00a9 SOS Loire Vivante \u2013 ERN France'  itemprop=\"thumbnailUrl\"  ><img decoding=\"async\" class=\"wp-image-6787 avia-img-lazy-loading-not-6787\"  data-avia-tooltip='Fatou dam \u00a9 SOS Loire Vivante \u2013 ERN France' src=\"https:\/\/www.ern.org\/wp-content\/uploads\/sites\/52\/2016\/11\/fatou_dam_cc_SOSLoireVivante_ERNFrance.jpg\" width=\"1250\" height=\"938\"  title='fatou_dam_cc_sosloirevivante_ernfrance' alt='' srcset=\"https:\/\/www.ern.org\/wp-content\/uploads\/sites\/52\/2016\/11\/fatou_dam_cc_SOSLoireVivante_ERNFrance.jpg 1250w, https:\/\/www.ern.org\/wp-content\/uploads\/sites\/52\/2016\/11\/fatou_dam_cc_SOSLoireVivante_ERNFrance-300x225.jpg 300w, https:\/\/www.ern.org\/wp-content\/uploads\/sites\/52\/2016\/11\/fatou_dam_cc_SOSLoireVivante_ERNFrance-768x576.jpg 768w, https:\/\/www.ern.org\/wp-content\/uploads\/sites\/52\/2016\/11\/fatou_dam_cc_SOSLoireVivante_ERNFrance-1030x773.jpg 1030w, https:\/\/www.ern.org\/wp-content\/uploads\/sites\/52\/2016\/11\/fatou_dam_cc_SOSLoireVivante_ERNFrance-705x529.jpg 705w, https:\/\/www.ern.org\/wp-content\/uploads\/sites\/52\/2016\/11\/fatou_dam_cc_SOSLoireVivante_ERNFrance-450x338.jpg 450w\" sizes=\"(max-width: 1250px) 100vw, 1250px\" \/><div class='big-prev-fake'><img loading=\"lazy\" decoding=\"async\" class=\"wp-image-6787 avia-img-lazy-loading-6787\"  width=\"1250\" height=\"938\" src=\"https:\/\/www.ern.org\/wp-content\/uploads\/sites\/52\/2016\/11\/fatou_dam_cc_SOSLoireVivante_ERNFrance.jpg\" title='fatou_dam_cc_sosloirevivante_ernfrance' alt='' srcset=\"https:\/\/www.ern.org\/wp-content\/uploads\/sites\/52\/2016\/11\/fatou_dam_cc_SOSLoireVivante_ERNFrance.jpg 1250w, https:\/\/www.ern.org\/wp-content\/uploads\/sites\/52\/2016\/11\/fatou_dam_cc_SOSLoireVivante_ERNFrance-300x225.jpg 300w, https:\/\/www.ern.org\/wp-content\/uploads\/sites\/52\/2016\/11\/fatou_dam_cc_SOSLoireVivante_ERNFrance-768x576.jpg 768w, https:\/\/www.ern.org\/wp-content\/uploads\/sites\/52\/2016\/11\/fatou_dam_cc_SOSLoireVivante_ERNFrance-1030x773.jpg 1030w, https:\/\/www.ern.org\/wp-content\/uploads\/sites\/52\/2016\/11\/fatou_dam_cc_SOSLoireVivante_ERNFrance-705x529.jpg 705w, https:\/\/www.ern.org\/wp-content\/uploads\/sites\/52\/2016\/11\/fatou_dam_cc_SOSLoireVivante_ERNFrance-450x338.jpg 450w\" sizes=\"auto, (max-width: 1250px) 100vw, 1250px\" \/><\/div><\/a><a href=\"https:\/\/www.ern.org\/wp-content\/uploads\/sites\/52\/2016\/11\/fatou_dam_decommissioning_cc_SOSLoireVivante_ERNFrance-1030x685.jpg\" data-srcset=\"https:\/\/www.ern.org\/wp-content\/uploads\/sites\/52\/2016\/11\/fatou_dam_decommissioning_cc_SOSLoireVivante_ERNFrance-1030x685.jpg 1030w, https:\/\/www.ern.org\/wp-content\/uploads\/sites\/52\/2016\/11\/fatou_dam_decommissioning_cc_SOSLoireVivante_ERNFrance-300x199.jpg 300w, https:\/\/www.ern.org\/wp-content\/uploads\/sites\/52\/2016\/11\/fatou_dam_decommissioning_cc_SOSLoireVivante_ERNFrance-768x511.jpg 768w, https:\/\/www.ern.org\/wp-content\/uploads\/sites\/52\/2016\/11\/fatou_dam_decommissioning_cc_SOSLoireVivante_ERNFrance-705x469.jpg 705w, https:\/\/www.ern.org\/wp-content\/uploads\/sites\/52\/2016\/11\/fatou_dam_decommissioning_cc_SOSLoireVivante_ERNFrance-450x299.jpg 450w, https:\/\/www.ern.org\/wp-content\/uploads\/sites\/52\/2016\/11\/fatou_dam_decommissioning_cc_SOSLoireVivante_ERNFrance.jpg 1250w\" data-sizes=\"(max-width: 1030px) 100vw, 1030px\" data-rel='gallery-1' data-prev-img='https:\/\/www.ern.org\/wp-content\/uploads\/sites\/52\/2016\/11\/fatou_dam_decommissioning_cc_SOSLoireVivante_ERNFrance.jpg' class='first_thumb lightbox ' data-onclick='2' title='Fatou dam draining \u00a9 SOS Loire Vivante \u2013 ERN France'  itemprop=\"thumbnailUrl\"  ><img decoding=\"async\" class=\"wp-image-6788 avia-img-lazy-loading-not-6788\"  data-avia-tooltip='Fatou dam draining \u00a9 SOS Loire Vivante \u2013 ERN France' src=\"https:\/\/www.ern.org\/wp-content\/uploads\/sites\/52\/2016\/11\/fatou_dam_decommissioning_cc_SOSLoireVivante_ERNFrance.jpg\" width=\"1250\" height=\"831\"  title='fatou_dam_decommissioning_cc_sosloirevivante_ernfrance' alt='' srcset=\"https:\/\/www.ern.org\/wp-content\/uploads\/sites\/52\/2016\/11\/fatou_dam_decommissioning_cc_SOSLoireVivante_ERNFrance.jpg 1250w, https:\/\/www.ern.org\/wp-content\/uploads\/sites\/52\/2016\/11\/fatou_dam_decommissioning_cc_SOSLoireVivante_ERNFrance-300x199.jpg 300w, https:\/\/www.ern.org\/wp-content\/uploads\/sites\/52\/2016\/11\/fatou_dam_decommissioning_cc_SOSLoireVivante_ERNFrance-768x511.jpg 768w, https:\/\/www.ern.org\/wp-content\/uploads\/sites\/52\/2016\/11\/fatou_dam_decommissioning_cc_SOSLoireVivante_ERNFrance-1030x685.jpg 1030w, https:\/\/www.ern.org\/wp-content\/uploads\/sites\/52\/2016\/11\/fatou_dam_decommissioning_cc_SOSLoireVivante_ERNFrance-705x469.jpg 705w, https:\/\/www.ern.org\/wp-content\/uploads\/sites\/52\/2016\/11\/fatou_dam_decommissioning_cc_SOSLoireVivante_ERNFrance-450x299.jpg 450w\" sizes=\"(max-width: 1250px) 100vw, 1250px\" \/><div class='big-prev-fake'><img loading=\"lazy\" decoding=\"async\" class=\"wp-image-6788 avia-img-lazy-loading-6788\"  width=\"1250\" height=\"831\" src=\"https:\/\/www.ern.org\/wp-content\/uploads\/sites\/52\/2016\/11\/fatou_dam_decommissioning_cc_SOSLoireVivante_ERNFrance.jpg\" title='fatou_dam_decommissioning_cc_sosloirevivante_ernfrance' alt='' srcset=\"https:\/\/www.ern.org\/wp-content\/uploads\/sites\/52\/2016\/11\/fatou_dam_decommissioning_cc_SOSLoireVivante_ERNFrance.jpg 1250w, https:\/\/www.ern.org\/wp-content\/uploads\/sites\/52\/2016\/11\/fatou_dam_decommissioning_cc_SOSLoireVivante_ERNFrance-300x199.jpg 300w, https:\/\/www.ern.org\/wp-content\/uploads\/sites\/52\/2016\/11\/fatou_dam_decommissioning_cc_SOSLoireVivante_ERNFrance-768x511.jpg 768w, https:\/\/www.ern.org\/wp-content\/uploads\/sites\/52\/2016\/11\/fatou_dam_decommissioning_cc_SOSLoireVivante_ERNFrance-1030x685.jpg 1030w, https:\/\/www.ern.org\/wp-content\/uploads\/sites\/52\/2016\/11\/fatou_dam_decommissioning_cc_SOSLoireVivante_ERNFrance-705x469.jpg 705w, https:\/\/www.ern.org\/wp-content\/uploads\/sites\/52\/2016\/11\/fatou_dam_decommissioning_cc_SOSLoireVivante_ERNFrance-450x299.jpg 450w\" sizes=\"auto, (max-width: 1250px) 100vw, 1250px\" \/><\/div><\/a><a href=\"https:\/\/www.ern.org\/wp-content\/uploads\/sites\/52\/2016\/11\/fatou_after_dam_cc_fdppma43-1030x744.jpg\" data-srcset=\"https:\/\/www.ern.org\/wp-content\/uploads\/sites\/52\/2016\/11\/fatou_after_dam_cc_fdppma43-1030x744.jpg 1030w, https:\/\/www.ern.org\/wp-content\/uploads\/sites\/52\/2016\/11\/fatou_after_dam_cc_fdppma43-300x217.jpg 300w, https:\/\/www.ern.org\/wp-content\/uploads\/sites\/52\/2016\/11\/fatou_after_dam_cc_fdppma43-768x555.jpg 768w, https:\/\/www.ern.org\/wp-content\/uploads\/sites\/52\/2016\/11\/fatou_after_dam_cc_fdppma43-705x509.jpg 705w, https:\/\/www.ern.org\/wp-content\/uploads\/sites\/52\/2016\/11\/fatou_after_dam_cc_fdppma43-450x325.jpg 450w, https:\/\/www.ern.org\/wp-content\/uploads\/sites\/52\/2016\/11\/fatou_after_dam_cc_fdppma43.jpg 1250w\" data-sizes=\"(max-width: 1030px) 100vw, 1030px\" data-rel='gallery-1' data-prev-img='https:\/\/www.ern.org\/wp-content\/uploads\/sites\/52\/2016\/11\/fatou_after_dam_cc_fdppma43.jpg' class='first_thumb lightbox ' data-onclick='3' title='1 year afer dam removal \u00a9 FDPPMA43'  itemprop=\"thumbnailUrl\"  ><img decoding=\"async\" class=\"wp-image-6786 avia-img-lazy-loading-not-6786\"  data-avia-tooltip='1 year afer dam removal \u00a9 FDPPMA43' src=\"https:\/\/www.ern.org\/wp-content\/uploads\/sites\/52\/2016\/11\/fatou_after_dam_cc_fdppma43.jpg\" width=\"1250\" height=\"903\"  title='fatou_after_dam_cc_fdppma43' alt='' srcset=\"https:\/\/www.ern.org\/wp-content\/uploads\/sites\/52\/2016\/11\/fatou_after_dam_cc_fdppma43.jpg 1250w, https:\/\/www.ern.org\/wp-content\/uploads\/sites\/52\/2016\/11\/fatou_after_dam_cc_fdppma43-300x217.jpg 300w, https:\/\/www.ern.org\/wp-content\/uploads\/sites\/52\/2016\/11\/fatou_after_dam_cc_fdppma43-768x555.jpg 768w, https:\/\/www.ern.org\/wp-content\/uploads\/sites\/52\/2016\/11\/fatou_after_dam_cc_fdppma43-1030x744.jpg 1030w, https:\/\/www.ern.org\/wp-content\/uploads\/sites\/52\/2016\/11\/fatou_after_dam_cc_fdppma43-705x509.jpg 705w, https:\/\/www.ern.org\/wp-content\/uploads\/sites\/52\/2016\/11\/fatou_after_dam_cc_fdppma43-450x325.jpg 450w\" sizes=\"(max-width: 1250px) 100vw, 1250px\" \/><div class='big-prev-fake'><img loading=\"lazy\" decoding=\"async\" class=\"wp-image-6786 avia-img-lazy-loading-6786\"  width=\"1250\" height=\"903\" src=\"https:\/\/www.ern.org\/wp-content\/uploads\/sites\/52\/2016\/11\/fatou_after_dam_cc_fdppma43.jpg\" title='fatou_after_dam_cc_fdppma43' alt='' srcset=\"https:\/\/www.ern.org\/wp-content\/uploads\/sites\/52\/2016\/11\/fatou_after_dam_cc_fdppma43.jpg 1250w, https:\/\/www.ern.org\/wp-content\/uploads\/sites\/52\/2016\/11\/fatou_after_dam_cc_fdppma43-300x217.jpg 300w, https:\/\/www.ern.org\/wp-content\/uploads\/sites\/52\/2016\/11\/fatou_after_dam_cc_fdppma43-768x555.jpg 768w, https:\/\/www.ern.org\/wp-content\/uploads\/sites\/52\/2016\/11\/fatou_after_dam_cc_fdppma43-1030x744.jpg 1030w, https:\/\/www.ern.org\/wp-content\/uploads\/sites\/52\/2016\/11\/fatou_after_dam_cc_fdppma43-705x509.jpg 705w, https:\/\/www.ern.org\/wp-content\/uploads\/sites\/52\/2016\/11\/fatou_after_dam_cc_fdppma43-450x325.jpg 450w\" sizes=\"auto, (max-width: 1250px) 100vw, 1250px\" \/><\/div><\/a><\/div><\/div><\/p><\/div>\n\n<style type=\"text\/css\" data-created_by=\"avia_inline_auto\" id=\"style-css-av-rywlt-a84afe5efc4aa575250b38f6fc5a913d\">\n.flex_column.av-rywlt-a84afe5efc4aa575250b38f6fc5a913d{\n-webkit-border-radius:0px 0px 0px 0px;\n-moz-border-radius:0px 0px 0px 0px;\nborder-radius:0px 0px 0px 0px;\npadding:0px 0px 0px 0px;\n}\n<\/style>\n<div  class='flex_column av-rywlt-a84afe5efc4aa575250b38f6fc5a913d av_one_half  avia-builder-el-13  el_after_av_one_half  el_before_av_one_half  first flex_column_div av-zero-column-padding  column-top-margin'     ><section  class='av_textblock_section av-j1lh5-abf2fa57261efaf969c20ca94b963f6e '   itemscope=\"itemscope\" itemtype=\"https:\/\/schema.org\/CreativeWork\" ><div class='avia_textblock'  itemprop=\"text\" ><p style=\"text-align: right;\"><a href=\"https:\/\/www.ern.org\/fr\/poutes-barrage\/\">Effacement pr\u00e9c\u00e9dent<\/a><br \/>\n<a href=\"https:\/\/www.ern.org\/fr\/poutes-barrage\/\">&lt; &#8211; &#8211; &#8211; &#8211; &#8211; &#8211; &#8211; &#8211; &#8211; &#8211; &#8211; &#8211; &#8211;<\/a><\/p>\n<\/div><\/section><\/div>\n<style type=\"text\/css\" data-created_by=\"avia_inline_auto\" id=\"style-css-av-g92nd-10bca63b9d4bfdbc75869327b52115da\">\n.flex_column.av-g92nd-10bca63b9d4bfdbc75869327b52115da{\n-webkit-border-radius:0px 0px 0px 0px;\n-moz-border-radius:0px 0px 0px 0px;\nborder-radius:0px 0px 0px 0px;\npadding:0px 0px 0px 0px;\n}\n<\/style>\n<div  class='flex_column av-g92nd-10bca63b9d4bfdbc75869327b52115da av_one_half  avia-builder-el-15  el_after_av_one_half  avia-builder-el-last  flex_column_div av-zero-column-padding  column-top-margin'     ><section  class='av_textblock_section av-92oy9-1ae8ed70fae5f3635f6798480ece4d53 '   itemscope=\"itemscope\" itemtype=\"https:\/\/schema.org\/CreativeWork\" ><div class='avia_textblock'  itemprop=\"text\" ><p><a href=\"http:\/\/www.ern.org\/fr\/effacement-du-barrage-de-blois\/\">Effacement suivant<\/a><br \/>\n<a href=\"http:\/\/www.ern.org\/fr\/effacement-du-barrage-de-blois\/\">&#8211; &#8211; &#8211; &#8211; &#8211; &#8211; &#8211; &#8211; &#8211; &#8211; &#8211; &gt;<\/a><\/p>\n<\/div><\/section><\/div><\/p>\n","protected":false},"excerpt":{"rendered":"","protected":false},"author":115,"featured_media":0,"parent":0,"menu_order":0,"comment_status":"closed","ping_status":"closed","template":"","meta":{"footnotes":"","_links_to":"","_links_to_target":""},"class_list":["post-193","page","type-page","status-publish","hentry"],"_links":{"self":[{"href":"https:\/\/www.ern.org\/fr\/wp-json\/wp\/v2\/pages\/193","targetHints":{"allow":["GET"]}}],"collection":[{"href":"https:\/\/www.ern.org\/fr\/wp-json\/wp\/v2\/pages"}],"about":[{"href":"https:\/\/www.ern.org\/fr\/wp-json\/wp\/v2\/types\/page"}],"author":[{"embeddable":true,"href":"https:\/\/www.ern.org\/fr\/wp-json\/wp\/v2\/users\/115"}],"replies":[{"embeddable":true,"href":"https:\/\/www.ern.org\/fr\/wp-json\/wp\/v2\/comments?post=193"}],"version-history":[{"count":0,"href":"https:\/\/www.ern.org\/fr\/wp-json\/wp\/v2\/pages\/193\/revisions"}],"wp:attachment":[{"href":"https:\/\/www.ern.org\/fr\/wp-json\/wp\/v2\/media?parent=193"}],"curies":[{"name":"wp","href":"https:\/\/api.w.org\/{rel}","templated":true}]}}