{"id":16212,"date":"2022-02-06T02:01:05","date_gmt":"2022-02-06T01:01:05","guid":{"rendered":"https:\/\/www.ern.org\/?page_id=16212"},"modified":"2026-02-06T07:44:28","modified_gmt":"2026-02-06T07:44:28","slug":"solutions","status":"publish","type":"page","link":"https:\/\/www.ern.org\/fr\/solutions\/","title":{"rendered":"Solutions"},"content":{"rendered":"<div  class='flex_column av-2pj5ec-3e416a68a4e517d721d886d74cdbdf39 av_one_full  avia-builder-el-0  el_before_av_textblock  avia-builder-el-first  first flex_column_div  '     ><style type=\"text\/css\" data-created_by=\"avia_inline_auto\" id=\"style-css-av-kzakugky-b5c66e5e3a1795de25f127c3e29e3717\">\n#top .av-special-heading.av-kzakugky-b5c66e5e3a1795de25f127c3e29e3717{\npadding-bottom:10px;\n}\nbody .av-special-heading.av-kzakugky-b5c66e5e3a1795de25f127c3e29e3717 .av-special-heading-tag .heading-char{\nfont-size:25px;\n}\n.av-special-heading.av-kzakugky-b5c66e5e3a1795de25f127c3e29e3717 .av-subheading{\nfont-size:15px;\n}\n<\/style>\n<div  class='av-special-heading av-kzakugky-b5c66e5e3a1795de25f127c3e29e3717 av-special-heading-h3  avia-builder-el-1  avia-builder-el-no-sibling '><h3 class='av-special-heading-tag '  itemprop=\"headline\"  >Nos solutions et projets : Prot\u00e9ger, restaurer, lier et renforcer les acteures et reapprendre la culture du fleuve<\/h3><div class=\"special-heading-border\"><div class=\"special-heading-inner-border\"><\/div><\/div><\/div><\/div><section  class='av_textblock_section av-kzakrphn-43a695e15eacf448dd15be755e626089 '   itemscope=\"itemscope\" itemtype=\"https:\/\/schema.org\/CreativeWork\" ><div class='avia_textblock'  itemprop=\"text\" ><p dir=\"ltr\" style=\"text-align: center;\" data-placeholder=\"Traduction\"><strong>TEXTE EN PHASE DE RE-ECRITURE<\/strong><\/p>\n<p id=\"tw-target-text\" class=\"tw-data-text tw-ta tw-text-small\" dir=\"ltr\" data-placeholder=\"Traduction\"><span lang=\"fr\"><b>PROTEGER CE QUI RESTE<\/b> : La pr\u00e9servation des fleuves et rivi\u00e8res en tant qu\u2019\u00e9cosyst\u00e8mes, avec toute la biodiversit\u00e9 qui leur est associ\u00e9e, permet avant tout de maintenir leur dynamique, leur r\u00e9silience\u2026 Une rivi\u00e8re en bonne sant\u00e9 poss\u00e8de en effet un potentiel d\u2019\u00e9volution \u00e9norme, une forte capacit\u00e9 de r\u00e9g\u00e9n\u00e9ration et offre gratuitement aux hommes ses \u00ab services \u00e9cosyst\u00e9miques \u00bb.<\/span><\/p>\n<p class=\"tw-data-text tw-ta tw-text-small\" dir=\"ltr\" data-placeholder=\"Traduction\"><span lang=\"fr\">Seules quelques rivi\u00e8res d\u2019Europe sont encore \u00e0 l\u2019\u00e9tat naturel. Elles doivent \u00eatre prot\u00e9g\u00e9es. Soit par divers moyens juridiques classiques (tels que Natura 2000 de l\u2019UE, zones de conservation, parcs nationaux, etc.) ou par la cr\u00e9ation d\u2019autres instruments \u00abvolontaires\u00bb ou structures.<\/span><\/p>\n<p dir=\"ltr\" data-placeholder=\"Traduction\"><b>RESTAURER LES ECOSYSTEMES AQUATIQUES A TOUT PRIX :<\/b><\/p>\n<p class=\"tw-data-text tw-ta tw-text-small\" dir=\"ltr\" data-placeholder=\"Traduction\"><span lang=\"fr\">Un autre \u00e9l\u00e9ment important pour assurer la meilleure protection possible des cours d\u2019eau est la mise en place d\u2019un r\u00e9seau de tous les acteurs et de toutes les campagnes d\u2019actions le long du fleuve, ain<\/span><span lang=\"fr\">si qu\u2019une strat\u00e9gie de communication qui informe et motive les citoyens et les d\u00e9cideurs.<\/span><\/p>\n<p dir=\"ltr\" data-placeholder=\"Traduction\"><b>LIER ET RENFORCER LES ACTEURES, PROFESSIONELLES ET CITOYENS<\/b><\/p>\n<p dir=\"ltr\" data-placeholder=\"Traduction\">Voir notre section des acteures par continen et et bassin hydrogrpahique<\/p>\n<p dir=\"ltr\" data-placeholder=\"Traduction\">Voir <a href=\"\/en?page_id=4978\">la carte<\/a> des grands combats citoyens et campagnes pour la sauvegarde des fleuves et rivi\u00e8res d\u2019Europe (en cours et termin\u00e9e).<\/p>\n<p dir=\"ltr\" data-placeholder=\"Traduction\"><b>REAPPRENDRE LA RIVIERE, EDUCER LES ACTEURS DE DEMAIN, DEVELOPPER LA CULTURE DU FLEUVE\u00a0<\/b><\/p>\n<div class=\"hr av-ysmf0-6db307fcab3d174818ea131e112139cb hr-custom avia-builder-el-2 el_after_av_heading el_before_av_textblock hr-center hr-icon-no\">De plus en plus de gens vivent d\u00e9sormais en ville et parmi eux, peu sont ceux qui r\u00e9sident \u00e0 proximit\u00e9 d\u2019un cours d\u2019eau. Et dans ce cas, \u00e7a n\u2019est en g\u00e9n\u00e9ral que pour une dur\u00e9e limit\u00e9e ! Nous sommes en effet bien loin du temps o\u00f9 des familles enti\u00e8res r\u00e9sidaient toute leur vie, voire sur plusieurs g\u00e9n\u00e9rations, en un m\u00eame endroit en bordure d\u2019une rivi\u00e8re ou d\u2019un fleuve.<\/div>\n<section class=\"av_textblock_section av-k53r5t08-aa66bb6eaf61e26761f6d98c6372eb59\">\n<div class=\"avia_textblock\">\n<p>La m\u00e9moire individuelle et collective du fonctionnement des fleuves a depuis longtemps disparu\u2026<\/p>\n<p>Qui de nos jours mesure v\u00e9ritablement \u00e0 quel point les inondations peuvent \u00eatre dangereuses et sait quelle conduite tenir lorsqu\u2019elles surviennent ? Combien de citoyens et de d\u00e9cideurs comprennent l\u2019importance et le r\u00f4le de fleuves et de rivi\u00e8res vivants, libres, o\u00f9 abondent eau et poissons ?<\/p>\n<p>Face \u00e0 cette tendance, ERN a mis en place plusieurs projets et campagnes dans le domaine de l\u2019\u00e9ducation.<\/p>\n<\/div>\n<\/section>\n<\/div><\/section><\/p>\n","protected":false},"excerpt":{"rendered":"","protected":false},"author":3,"featured_media":0,"parent":0,"menu_order":0,"comment_status":"closed","ping_status":"closed","template":"","meta":{"footnotes":""},"class_list":["post-16212","page","type-page","status-publish","hentry"],"_links":{"self":[{"href":"https:\/\/www.ern.org\/fr\/wp-json\/wp\/v2\/pages\/16212","targetHints":{"allow":["GET"]}}],"collection":[{"href":"https:\/\/www.ern.org\/fr\/wp-json\/wp\/v2\/pages"}],"about":[{"href":"https:\/\/www.ern.org\/fr\/wp-json\/wp\/v2\/types\/page"}],"author":[{"embeddable":true,"href":"https:\/\/www.ern.org\/fr\/wp-json\/wp\/v2\/users\/3"}],"replies":[{"embeddable":true,"href":"https:\/\/www.ern.org\/fr\/wp-json\/wp\/v2\/comments?post=16212"}],"version-history":[{"count":0,"href":"https:\/\/www.ern.org\/fr\/wp-json\/wp\/v2\/pages\/16212\/revisions"}],"wp:attachment":[{"href":"https:\/\/www.ern.org\/fr\/wp-json\/wp\/v2\/media?parent=16212"}],"curies":[{"name":"wp","href":"https:\/\/api.w.org\/{rel}","templated":true}]}}