{"id":15928,"date":"2021-12-03T12:08:14","date_gmt":"2021-12-03T11:08:14","guid":{"rendered":"https:\/\/www.ern.org\/?page_id=15928"},"modified":"2026-02-06T07:44:28","modified_gmt":"2026-02-06T07:44:28","slug":"selune-docs-medias-videos-comm-presse","status":"publish","type":"page","link":"https:\/\/www.ern.org\/fr\/selune-docs-medias-videos-comm-presse\/","title":{"rendered":"Selune : docs, m\u00e9dias, vid\u00e9os, comm.presse"},"content":{"rendered":"<div  class='flex_column av-1nrgbw8-dabe25fe51b78dacff6ddde95b53ec1c av_one_full  avia-builder-el-0  el_before_av_two_third  avia-builder-el-first  first flex_column_div  '     ><section  class='av_textblock_section av-kwq9oexh-959ba98aaa1d9bd8186be058d8a28275 '   itemscope=\"itemscope\" itemtype=\"https:\/\/schema.org\/CreativeWork\" ><div class='avia_textblock'  itemprop=\"text\" ><h2 style=\"text-align: left;\">RESSOURCES EN LIEN AVEC LA SELUNE<\/h2>\n<p style=\"text-align: left;\"><em>\u00e0 t\u00e9l\u00e9charger ou visionner<\/em><\/p>\n<\/div><\/section><\/div>\n\n<style type=\"text\/css\" data-created_by=\"avia_inline_auto\" id=\"style-css-av-881zbrs-5a062e46b0ae32ac3262c3e01c28f550\">\n.flex_column.av-881zbrs-5a062e46b0ae32ac3262c3e01c28f550{\nborder-radius:0px 0px 0px 0px;\npadding:0px 0px 0px 0px;\n}\n<\/style>\n<div  class='flex_column av-881zbrs-5a062e46b0ae32ac3262c3e01c28f550 av_two_third  avia-builder-el-2  el_after_av_one_full  el_before_av_one_third  first flex_column_div av-zero-column-padding  column-top-margin'     ><section  class='av_textblock_section av-kwq9qe3l-338af878f5d269de1a0ed58253e1097a '   itemscope=\"itemscope\" itemtype=\"https:\/\/schema.org\/CreativeWork\" ><div class='avia_textblock'  itemprop=\"text\" ><h3 style=\"text-align: left;\">Brochures et autres docs<\/h3>\n<\/div><\/section><br \/>\n<section  class='av_textblock_section av-kwq9pnn2-e817b9cee0da1508e5b8c94f1b7cc27b '   itemscope=\"itemscope\" itemtype=\"https:\/\/schema.org\/CreativeWork\" ><div class='avia_textblock'  itemprop=\"text\" ><ul>\n<li>Plus d\u2019infos : SOISSONS, L., GERMAINE, M.-A., CHEV\u00c9, M., KREUTZENBERGER, K., BEAULATON, L., &amp; ROUSSEL, J.-M. (2025).\u00a0<a href=\"https:\/\/doi.org\/10.20870\/Revue-SET.2025.47.8330\">Gen\u00e8se d\u2019un suivi scientifique \u00e0 long terme pour documenter les transitions \u00e9cologiques et territoriales accompagnant l\u2019effacement de grands barrages en France.<\/a>\u00a0<i>Sciences Eaux &amp; Territoires<\/i>, (47), article 8330.<\/li>\n<li><a href=\"https:\/\/ern-sosloirevivante.org\/wp-content\/uploads\/2024\/06\/synthese_webinaire_selune_2024vf.pdf\">Synth\u00e8se du webinaire S\u00e9lune,<\/a> ERN, juin 2024<\/li>\n<li><a href=\"https:\/\/programme-selune.com\/actualites\/dossier-de-presse-les-scientifiques-parlent-de-la-restauration-ecologique-de-la-selune\">Les scientifiques parlent de la restauration \u00e9cologique de la S\u00e9lune<\/a>, dossier de presse INRAE, octobre 2023<\/li>\n<li><a href=\"https:\/\/www.manche.gouv.fr\/contenu\/telechargement\/57175\/444331\/file\/Prefecture-Manche-DDTM-ConfPresse-Web.pdf\">Renaturer la S\u00e9lune pour restaurer une vall\u00e9e vivante<\/a>, dossier de presse DDTM50, aout 2023<\/li>\n<li><a href=\"https:\/\/www.rivernet.org\/ern\/pdfetdocs\/Synthese_ColloqueSelune_compressed.pdf\">\u201cQuand les rivi\u00e8res reprennent leur cours \u2013 Notes sur l\u2019effacement de barrages et de seuils, sur la S\u00e9lune et ailleurs\u201d<\/a>. &#8211; OFB, mars 2021, french, 75 pages<\/li>\n<li><a href=\"http:\/\/www.ern.org\/wp-content\/uploads\/2020\/01\/31804-AFB-Rencontre-Colloque-Se\u0301lune-V-Franc\u0327aise_V5_compressed.pdf\">Effacement de barrages, Quand la S\u00e9lune reprend son cours,<\/a> &#8211; 24 au 26 septembre 2019, Les Rencontres, OFB, n\u00b070,\u00a0 d\u00e9c.2019, en fran\u00e7ais, 6 pages<\/li>\n<li><a href=\"https:\/\/www.manche.gouv.fr\/Actualites\/Toute-l-actualite\/Grands-dossiers\/Vidange-et-gestion-sedimentaire-de-la-retenue-du-barrage-de-Vezins\/La-Selune-INFOS-TRAVAUX\">S\u00e9lune infos travaux n\u00b01 \u00e0 4 &#8211; plaquette de la DDTM50 sur la vidange de Vezins<\/a><\/li>\n<li><a href=\"http:\/\/www.ern.org\/wp-content\/uploads\/2018\/01\/Adoptons-Selune.pdf\">Adoptons la Selune<\/a>, les Amis de la S\u00e9lune (fran\u00e7ais)<\/li>\n<li><a href=\"http:\/\/www.ern.org\/wp-content\/uploads\/2018\/01\/NASF_Selune.pdf\">Brochure du NASF sur la S\u00e9lune<\/a> (fran\u00e7ais)<\/li>\n<li><a href=\"http:\/\/www.rivernet.org\/loire\/soslv\/pdfetdocs\/20100623_convention%20hydro_et_rest.pdf\">Convention hydro\u00e9lectricit\u00e9 durable et restauration des milieux aquatiques<\/a><\/li>\n<li><a href=\"http:\/\/www.ern.org\/wp-content\/uploads\/2017\/12\/Plaquetted\u00e9finitif-Pout\u00e8s4effacements21oct2008.pdf\">Enlever les vieux barrages inutiles sur la Loire et\u00a0 les rivi\u00e8res de France, un progr\u00e8s pour la restauration \u00e9cologique des fleuves<\/a>, WWF 2008,\u00a0 fran\u00e7ais<\/li>\n<\/ul>\n<\/div><\/section><br \/>\n<section  class='av_textblock_section av-kwq9vf1e-7ae804239461869cbdf897dbd89295d5 '   itemscope=\"itemscope\" itemtype=\"https:\/\/schema.org\/CreativeWork\" ><div class='avia_textblock'  itemprop=\"text\" ><h3 style=\"text-align: left;\">Presse : communiqu\u00e9s, articles<\/h3>\n<\/div><\/section><br \/>\n<section  class='av_textblock_section av-kwq9vz7q-c17c7d4eef6be75bc042c0cf70053fb6 '   itemscope=\"itemscope\" itemtype=\"https:\/\/schema.org\/CreativeWork\" ><div class='avia_textblock'  itemprop=\"text\" ><h6>Communiqu\u00e9s de presse<\/h6>\n<ul>\n<li><a href=\"https:\/\/www.ern.org\/wp-content\/uploads\/2019\/10\/CP_colloque_selune20102019.pdf\">Communiqu\u00e9 de presse 20.10.2019, ERN<\/a><\/li>\n<li><a href=\"https:\/\/www.rivernet.org\/loire\/soslv\/compresse\/CP_colloque_selune17092019.pdf\">Communiqu\u00e9 de presse 17.09.2019, ERN<\/a><\/li>\n<li><a href=\"\/wp-content\/uploads\/sites\/52\/2019\/06\/Vezins_CP_12juin-1.pdf\">Communiqu\u00e9 de presse 12.06.2019, ERN<\/a><\/li>\n<li><a href=\"https:\/\/www.ern.org\/wp-content\/uploads\/2020\/06\/20200427_CP_EDF_Planning_Travaux-barrage-de-la-LRQB.pdf\">Communiqu\u00e9 de presse 27.04.2019, EDF<\/a><\/li>\n<li><a href=\"http:\/\/www.ern.org\/wp-content\/uploads\/2017\/11\/20171121_CP_Selune-Dams-English_VF-1.pdf\">Pressrelease 21.11.2017 &#8211; ERN \/ WWF international\u00a0<\/a><\/li>\n<li><a href=\"http:\/\/www.ern.org\/wp-content\/uploads\/2017\/11\/CP_20171116_interasso_Selune_VDEF.pdf\">Communiqu\u00e9 de presse 16.11.2017 \u2013 Amis de la S\u00e9lune<\/a><\/li>\n<li><a href=\"http:\/\/www.ern.org\/wp-content\/uploads\/2017\/11\/20171114_cp_ministere-selune_dam_removal.pdf\">Communiqu\u00e9 de presse 14.11.2017 &#8211; Minist\u00e8re de la Transition Ecologique et Solidaire<\/a><\/li>\n<li><a href=\"http:\/\/www.ern.org\/wp-content\/uploads\/2018\/01\/CP_AmisSelune_20150626.pdf\">Communiqu\u00e9 de presse 26.06.2015 \u2013 Amis de la S\u00e9lune<\/a><\/li>\n<li><a href=\"http:\/\/www.ern.org\/wp-content\/uploads\/2018\/01\/CP_AmisSeluneVisiteRoyal20141205.pdf\">Communiqu\u00e9 de presse 05.12.2014 \u2013 Amis de la S\u00e9lune<\/a><\/li>\n<li><a href=\"http:\/\/www.ern.org\/wp-content\/uploads\/2018\/01\/CP_Collectif_Selune_20121218.pdf\">Communiqu\u00e9 de presse 18.12.2012 \u2013 Amis de la S\u00e9lune<\/a><\/li>\n<li><a href=\"http:\/\/www.ern.org\/wp-content\/uploads\/2018\/01\/CP_AmisSelune_20120704.pdf\">Communiqu\u00e9 de presse 04.07.2012 \u2013 Amis de la S\u00e9lune<\/a><\/li>\n<li><a href=\"http:\/\/www.ern.org\/wp-content\/uploads\/2018\/01\/CP_barrage_selune_ministere.pdf\">Information presse 03.07.2012 &#8211; Minist\u00e8re de l&rsquo;Ecologie<\/a><\/li>\n<li><a href=\"http:\/\/www.ern.org\/wp-content\/uploads\/2018\/01\/CP_FNPF_SELUNE_20120215.pdf\">Communiqu\u00e9 de presse 16.02.2102 &#8211; FNPF <\/a><\/li>\n<li><a href=\"http:\/\/www.ern.org\/wp-content\/uploads\/2018\/01\/CP_ONG_Selune_200911.pdf\">Communiqu\u00e9 de presse 11.2009 &#8211; ONGs<\/a><\/li>\n<\/ul>\n<h6>Articles<\/h6>\n<ul>\n<li><a href=\"https:\/\/www.lemonde.fr\/planete\/article\/2023\/12\/10\/en-normandie-le-demantelement-de-barrages-sur-la-selune-a-permis-un-retour-de-la-biodiversite_6205006_3244.html\">En Normandie, le d\u00e9mant\u00e8lement de barrages sur la S\u00e9lune a permis un retour de la biodiversit\u00e9<\/a>, Le Monde, d\u00e9cembre 2023<\/li>\n<li><a href=\"https:\/\/www.ouest-france.fr\/normandie\/ducey-les-cheris-50220\/barrages-du-sud-manche-vidange-de-la-roche-qui-boit-retardee-les-raisons-fda15a74-25c4-11ec-8f5c-0c9e47d7d846\">Barrages du Sud-Manche. Vidange de La Roche-qui-Boit retard\u00e9e : les raisons<\/a>, Ouest France, octobre 2021<\/li>\n<li><a href=\"https:\/\/www.actu-environnement.com\/ae\/news\/continuite-ecologique-selune-vidange-roche-qui-boit-2022-effacement-barrage-38276.php4\">Continuit\u00e9 \u00e9cologique : la restauration de la S\u00e9lune devrait reprendre en 2022<\/a>, actu Environnement, octobre 2021<\/li>\n<li><a href=\"http:\/\/www.ern.org\/wp-content\/uploads\/2021\/12\/20210514_OuestFrance_Selune_compressed.pdf\">Quand les barrages tombent, les rivi\u00e8res revivent<\/a>, Ouest France, Mai 2021<\/li>\n<li><a href=\"https:\/\/actu.fr\/normandie\/isigny-le-buat_50256\/arrasement-des-barrages-sur-la-selune-l-equipe-scientifique-enquete-deux-mois-pour-dire-vos-preferences_41040022.html\">Arasement des barrages sur la S\u00e9lune. L&rsquo;\u00e9quipe scientifique enqu\u00eate : deux mois pour dire vos pr\u00e9f\u00e9rences<\/a>, La Gazette de la Manche, Avr 21<\/li>\n<li><a href=\"https:\/\/actu.fr\/normandie\/ducey-les-cheris_50168\/manche-les-etapes-avant-la-fin-du-barrage-de-la-roche-qui-boit-un-chantier-unique-en-france_40537327.html\">Manche : les \u00e9tapes avant la fin du barrage de la Roche-qui-Boit, un chantier unique en France,<\/a> La Gazette de la Manche, mars 2021<\/li>\n<li><a href=\"https:\/\/actu.fr\/normandie\/ducey-les-cheris_50168\/edf-va-debuter-travaux-destruction-barrage-roche-boit_33305556.html?fbclid=IwAR0R56PbTVoLhL8QNg2m6NiWG4dK7Fu67MyvH06mahkqn8wZ9PRpdeIwmUE\">EDF va d\u00e9buter les travaux de destruction du barrage de La Roche-qui-boit<\/a>, La Gazette de la Manche, avril 2020<\/li>\n<li><a href=\"https:\/\/www.ouest-france.fr\/normandie\/avranches-50300\/avranches-le-colloque-pour-la-renaissance-de-la-vallee-de-la-selune-peu-perturbe-6536519?fbclid=IwAR1biTRiPDD1n7ctUxYgnMZkwijvjHgivcoTt2llPV8eZMvRxZ2TK4zeeUI\">Avranches. Le colloque pour la renaissance de la vall\u00e9e de la S\u00e9lune peu perturb\u00e9, <\/a>Ouest France, sept.2019<\/li>\n<li><a href=\"https:\/\/www.riffreporter.de\/flussreporter\/selune_dammabbruch\/\">S\u00e9lune: Gr\u00f6\u00dfter Staudammabbruch in EuropaAtlantischer Lachs, Aal und Alse bekommen ihren Fluss zur\u00fcck<\/a>, online magazine Flussreporter, novembre 2019.<\/li>\n<li><a href=\"https:\/\/actu.fr\/normandie\/isigny-le-buat_50256\/video-premier-trou-perce-dans-barrage-vezins_24971760.html?fbclid=IwAR2vDpp4OQ8GKxbYtPPHtcq1jBMn8P8t2MHdC_yg9eBTtkgq_DtXfh9bOPI\">Un premier trou perc\u00e9 dans le barrage de Vezins<\/a>, La Gazette de la Manche, juin 2019<\/li>\n<li><a href=\"http:\/\/www.rivernet.org\/loire\/loiremail\/Loiremail199_20160603.pdf\">Barrages de la S\u00e9lune, la coupe est pleine : S\u00e9gol\u00e8ne Royal remet en cause le projet,<\/a>\u00a0Loire mail 199 -juin 2016 SOS Loire Vivante &#8211; ERN France<\/li>\n<li><a href=\"http:\/\/www.rivernet.org\/rivernews\/rivernews\/20150625_rivernews_2.pdf\">25 juin 2015 : Rivernews France : focus S\u00e9lune et 5\u00e8me anniversaire de la Convention pour une Hydro\u00e9lectricit\u00e9 Durable<\/a><\/li>\n<\/ul>\n<\/div><\/section><br \/>\n<section  class='av_textblock_section av-kwq9te6y-c6b928b2a13ac356c6b6e83f2d490541 '   itemscope=\"itemscope\" itemtype=\"https:\/\/schema.org\/CreativeWork\" ><div class='avia_textblock'  itemprop=\"text\" ><h3 style=\"text-align: left;\">Emissions radio, vid\u00e9os<\/h3>\n<\/div><\/section><br \/>\n<section  class='av_textblock_section av-kwq9sw5q-274e86f301faf96482130390bd15f6b8 '   itemscope=\"itemscope\" itemtype=\"https:\/\/schema.org\/CreativeWork\" ><div class='avia_textblock'  itemprop=\"text\" ><h6>Radio<\/h6>\n<ul>\n<li><a href=\"https:\/\/oe1.orf.at\/programm\/20191129\/579840\/Europa-Belarus-Frankreich-Republik-Moldau\">Interview 24-26 september 2019<\/a> ,Flussreporter<\/li>\n<li><a href=\"https:\/\/www.bbc.co.uk\/sounds\/play\/b09zxl85\">Interview de Normandie Grands Migrateurs, INRA, du SAGE de la S\u00e9lune et de l\u2019association des Amis du Barrage<\/a>, BBC, avril2018, 27min<\/li>\n<\/ul>\n<h6>Vid\u00e9os<\/h6>\n<ul>\n<li>2 minutes <a class=\"mfp-iframe lightbox-added\" href=\"https:\/\/www.youtube.com\/watch?v=GEM8UVPNpFM\">les effacements des barrages de la S\u00e9lune<\/a>. Produit par ERN aussi disponible sur notre chaine you tube :\u00a0<a href=\"https:\/\/www.youtube.com\/channel\/UCjokCmOpXMcgD4ag3UY3ctg\">Rivi\u00e8res Vivantes \u2013 Laisser Couler \u2013 YouTube<\/a>\u00a0, mai 2024<\/li>\n<li><a class=\"mfp-iframe lightbox-added\" href=\"https:\/\/vimeo.com\/546711100\">\u00ab Removal of the S\u00e9lune dams \u00bb (January 2023)<\/a>, ERN anglais et \u00ab\u00a0<a class=\"mfp-iframe lightbox-added\" href=\"https:\/\/vimeo.com\/549070141\">\u00a0Les effacements de Vezins et la Roche qui Boit\u00a0\u00bb(janvier 2023),\u00a0<\/a> ERN fran\u00e7ais<\/li>\n<li><a href=\"https:\/\/www.dambusters.net\/\">Dambusters<\/a>, DRE 2022<\/li>\n<li><a href=\"https:\/\/www.youtube.com\/watch?v=auI2dvZKYJg\">Restauration de la vall\u00e9e de la S\u00e9lune<\/a>, AESN, 2022<\/li>\n<li><a href=\"https:\/\/www.france24.com\/fr\/%C3%A9missions\/%C3%A9l%C3%A9ment-terre\/20220415-barrages-sauver-les-derniers-saumons\">Barrages : sauver les derniers saumons<\/a>, Elementerre, france 24, avril 2022<\/li>\n<li><a href=\"https:\/\/vimeo.com\/379332736\/c87bddb5a5?utm_source=email&amp;utm_medium=vimeo-cliptranscode-201504&amp;utm_campaign=29220\">TV<\/a><a href=\"https:\/\/vimeo.com\/379332736\/c87bddb5a5?utm_source=email&amp;utm_medium=vimeo-cliptranscode-201504&amp;utm_campaign=29220\"> report (4 th November 2019), France 3<\/a> (f<em>rench)<\/em><\/li>\n<li><a href=\"https:\/\/www.youtube.com\/watch?v=3e3Zks5ed2Y\">TV report (July 2019)<\/a>, Al Jazzeera (english)<\/li>\n<li><a href=\"http:\/\/vimeo.com\/97519786\">Vid\u00e9o sur l&rsquo;effacement des barrages de la S\u00e9lune<\/a>, AFB, AESN, EDF, 2015<\/li>\n<li><a href=\"https:\/\/vimeo.com\/97519786\">Video removal S\u00e9lune dams<\/a>, AFB, AESN, EDF (english subtitle)<\/li>\n<\/ul>\n<\/div><\/section><\/p><\/div>\n<style type=\"text\/css\" data-created_by=\"avia_inline_auto\" id=\"style-css-av-5oy2c60-c1c3d49cceacac19dc95045042972fb4\">\n.flex_column.av-5oy2c60-c1c3d49cceacac19dc95045042972fb4{\nborder-radius:0px 0px 0px 0px;\npadding:0px 0px 0px 0px;\n}\n<\/style>\n<div  class='flex_column av-5oy2c60-c1c3d49cceacac19dc95045042972fb4 av_one_third  avia-builder-el-9  el_after_av_two_third  el_before_av_hr  flex_column_div av-zero-column-padding  column-top-margin'     ><p>\n<style type=\"text\/css\" data-created_by=\"avia_inline_auto\" id=\"style-css-av-568ini0-0688433a0cfa0aeeb9cd8753830dba5f\">\n.avia-image-container.av-568ini0-0688433a0cfa0aeeb9cd8753830dba5f img.avia_image{\nbox-shadow:none;\n}\n.avia-image-container.av-568ini0-0688433a0cfa0aeeb9cd8753830dba5f .av-image-caption-overlay-center{\ncolor:#ffffff;\n}\n<\/style>\n<div  class='avia-image-container av-568ini0-0688433a0cfa0aeeb9cd8753830dba5f av-styling- avia-align-center  avia-builder-el-10  el_before_av_textblock  avia-builder-el-first '   itemprop=\"image\" itemscope=\"itemscope\" itemtype=\"https:\/\/schema.org\/ImageObject\" ><div class=\"avia-image-container-inner\"><div class=\"avia-image-overlay-wrap\"><img decoding=\"async\" fetchpriority=\"high\" class='wp-image-10429 avia-img-lazy-loading-not-10429 avia_image ' src=\"https:\/\/www.ern.org\/wp-content\/uploads\/2019\/12\/20191126-Vezin-effacement-55pourcent-cr-DDTM50_Mission-Barrages-de-la-Selune-Auteurs-de-Vues-low.JPG-low.jpg\" alt='' title='20191126 Vezin-effacement 55pourcent cr DDTM50_Mission Barrages de la Se\u0301lune - Auteurs de Vues-low.JPG-low'  height=\"536\" width=\"1414\"  itemprop=\"thumbnailUrl\" srcset=\"https:\/\/www.ern.org\/wp-content\/uploads\/2019\/12\/20191126-Vezin-effacement-55pourcent-cr-DDTM50_Mission-Barrages-de-la-Selune-Auteurs-de-Vues-low.JPG-low.jpg 1414w, https:\/\/www.ern.org\/wp-content\/uploads\/2019\/12\/20191126-Vezin-effacement-55pourcent-cr-DDTM50_Mission-Barrages-de-la-Selune-Auteurs-de-Vues-low.JPG-low-300x114.jpg 300w, https:\/\/www.ern.org\/wp-content\/uploads\/2019\/12\/20191126-Vezin-effacement-55pourcent-cr-DDTM50_Mission-Barrages-de-la-Selune-Auteurs-de-Vues-low.JPG-low-1030x390.jpg 1030w, https:\/\/www.ern.org\/wp-content\/uploads\/2019\/12\/20191126-Vezin-effacement-55pourcent-cr-DDTM50_Mission-Barrages-de-la-Selune-Auteurs-de-Vues-low.JPG-low-768x291.jpg 768w, https:\/\/www.ern.org\/wp-content\/uploads\/2019\/12\/20191126-Vezin-effacement-55pourcent-cr-DDTM50_Mission-Barrages-de-la-Selune-Auteurs-de-Vues-low.JPG-low-705x267.jpg 705w, https:\/\/www.ern.org\/wp-content\/uploads\/2019\/12\/20191126-Vezin-effacement-55pourcent-cr-DDTM50_Mission-Barrages-de-la-Selune-Auteurs-de-Vues-low.JPG-low-845x321.jpg 845w\" sizes=\"(max-width: 1414px) 100vw, 1414px\" \/><\/div><\/div><\/div><br \/>\n<section  class='av_textblock_section av-lcyl658q-e97f46b6dab678d2c854d50b2b57a040 '   itemscope=\"itemscope\" itemtype=\"https:\/\/schema.org\/CreativeWork\" ><div class='avia_textblock'  itemprop=\"text\" ><p>Barrage de Vezins en cours de d\u00e9construction, 2019 \/ CR : DDTM50<\/p>\n<\/div><\/section><br \/>\n\n<style type=\"text\/css\" data-created_by=\"avia_inline_auto\" id=\"style-css-av-lcyl75zd-9bed9756950d2fabfb49c8254a781965\">\n.avia-image-container.av-lcyl75zd-9bed9756950d2fabfb49c8254a781965 img.avia_image{\nbox-shadow:none;\n}\n.avia-image-container.av-lcyl75zd-9bed9756950d2fabfb49c8254a781965 .av-image-caption-overlay-center{\ncolor:#ffffff;\n}\n<\/style>\n<div  class='avia-image-container av-lcyl75zd-9bed9756950d2fabfb49c8254a781965 av-styling- avia-align-center  avia-builder-el-12  el_after_av_textblock  el_before_av_textblock '   itemprop=\"image\" itemscope=\"itemscope\" itemtype=\"https:\/\/schema.org\/ImageObject\" ><div class=\"avia-image-container-inner\"><div class=\"avia-image-overlay-wrap\"><img decoding=\"async\" fetchpriority=\"high\" class='wp-image- avia-img-lazy-loading-not- avia_image ' src=\"https:\/\/www.ern.org\/wp-content\/uploads\/2022\/06\/DJI_0921-800px-low-1.jpg\" alt='' title=''   itemprop=\"thumbnailUrl\"  \/><\/div><\/div><\/div><br \/>\n<section  class='av_textblock_section av-lcyl6wk0-ce640de0ee1ca5c549cf5cec9b9dc585 '   itemscope=\"itemscope\" itemtype=\"https:\/\/schema.org\/CreativeWork\" ><div class='avia_textblock'  itemprop=\"text\" ><p>Barrage de la Roche-qui-Boit en cours de d\u00e9construction 2022 \/ CR : ERN<\/p>\n<\/div><\/section><br \/>\n\n<style type=\"text\/css\" data-created_by=\"avia_inline_auto\" id=\"style-css-av-4oa8mc8-1ea67738565dd931a45be67bd8d0d5bf\">\n#top .hr.hr-invisible.av-4oa8mc8-1ea67738565dd931a45be67bd8d0d5bf{\nheight:20px;\n}\n<\/style>\n<div  class='hr av-4oa8mc8-1ea67738565dd931a45be67bd8d0d5bf hr-invisible  avia-builder-el-14  el_after_av_textblock  el_before_av_button '><span class='hr-inner '><span class=\"hr-inner-style\"><\/span><\/span><\/div><br \/>\n<div  class='avia-button-wrap av-4h3lx5k-515b578658bda2a3f7b3356021b4a981-wrap avia-button-center  avia-builder-el-15  el_after_av_hr  el_before_av_hr '><a href='https:\/\/www.ern.org\/fr\/selune-libre\/'  class='avia-button av-4h3lx5k-515b578658bda2a3f7b3356021b4a981 av-link-btn avia-icon_select-no avia-size-large avia-position-center avia-color-theme-color-highlight'   aria-label=\"Retour \u00e0 la page d\u2019accueil du projet &quot;Pour une S\u00e9lune Vivante&quot;\"><span class='avia_iconbox_title' >Retour \u00e0 la page d\u2019accueil du projet \"Pour une S\u00e9lune Vivante\"<\/span><\/a><\/div><br \/>\n\n<style type=\"text\/css\" data-created_by=\"avia_inline_auto\" id=\"style-css-av-315nod4-fbaaec1090706e72cdf61516bb98f6db\">\n#top .hr.hr-invisible.av-315nod4-fbaaec1090706e72cdf61516bb98f6db{\nheight:20px;\n}\n<\/style>\n<div  class='hr av-315nod4-fbaaec1090706e72cdf61516bb98f6db hr-invisible  avia-builder-el-16  el_after_av_button  el_before_av_button_big  avia-builder-el-last '><span class='hr-inner '><span class=\"hr-inner-style\"><\/span><\/span><\/div><br \/>\n<div  class='avia-button-wrap avia-button-center  avia-builder-el-17  el_after_av_hr  el_before_av_hr '>\n<style type=\"text\/css\" data-created_by=\"avia_inline_auto\" id=\"style-css-av-kwqa61os-8baa0f79662df3ab3041a80ae47ea668\">\n#top #wrap_all .avia-button.av-kwqa61os-8baa0f79662df3ab3041a80ae47ea668:hover{\ncolor:green;\ntransition:all 0.4s ease-in-out;\n}\n#top #wrap_all .avia-button.av-kwqa61os-8baa0f79662df3ab3041a80ae47ea668:hover .avia-svg-icon svg:first-child{\nfill:green;\nstroke:green;\n}\n<\/style>\n<a href='https:\/\/www.ern.org\/fr\/colloque-international-selune\/' class='avia-color-green avia-font-color-theme-color avia-button avia-button-fullwidth av-kwqa61os-8baa0f79662df3ab3041a80ae47ea668 avia-icon_select-no avia-color-green'  target=\"_blank\"  rel=\"noopener noreferrer\"  aria-label=\"COLLOQUE SELUNE 2019\"><span class='avia_iconbox_title' >COLLOQUE SELUNE 2019<\/span><div class='av-button-description av-button-description-below'><p>Retrouvez tous les contenus<\/p>\n<\/div><span class='avia_button_background avia-button avia-button-fullwidth avia-color-theme-color'><\/span><\/a><\/div><br \/>\n\n<style type=\"text\/css\" data-created_by=\"avia_inline_auto\" id=\"style-css-av-rsppvc-3d0a1fa8f03d889e31a7a3e84dce022b\">\n#top .hr.hr-invisible.av-rsppvc-3d0a1fa8f03d889e31a7a3e84dce022b{\nheight:20px;\n}\n<\/style>\n<div  class='hr av-rsppvc-3d0a1fa8f03d889e31a7a3e84dce022b hr-invisible  avia-builder-el-18  el_after_av_button_big  el_before_av_heading  avia-builder-el-first '><span class='hr-inner '><span class=\"hr-inner-style\"><\/span><\/span><\/div><br \/>\n\n<style type=\"text\/css\" data-created_by=\"avia_inline_auto\" id=\"style-css-av-kwqa88mq-35f62aee305f1c124e2c2eb6bebdd8da\">\n#top .av-special-heading.av-kwqa88mq-35f62aee305f1c124e2c2eb6bebdd8da{\npadding-bottom:10px;\n}\nbody .av-special-heading.av-kwqa88mq-35f62aee305f1c124e2c2eb6bebdd8da .av-special-heading-tag .heading-char{\nfont-size:25px;\n}\n.av-special-heading.av-kwqa88mq-35f62aee305f1c124e2c2eb6bebdd8da .av-subheading{\nfont-size:15px;\n}\n<\/style>\n<div  class='av-special-heading av-kwqa88mq-35f62aee305f1c124e2c2eb6bebdd8da av-special-heading-h3  avia-builder-el-19  el_after_av_hr  el_before_av_button '><h3 class='av-special-heading-tag '  itemprop=\"headline\"  >Et aussi &#8230;<\/h3><div class=\"special-heading-border\"><div class=\"special-heading-inner-border\"><\/div><\/div><\/div><br \/>\n<div  class='avia-button-wrap av-20c8hg8-18585d9c02f1f17054a563c36fcd39ae-wrap avia-button-center  avia-builder-el-20  el_after_av_heading  el_before_av_button '><a href='https:\/\/programme-selune.com\/'  class='avia-button av-20c8hg8-18585d9c02f1f17054a563c36fcd39ae av-link-btn avia-icon_select-no avia-size-small avia-position-center avia-color-theme-color'  target=\"_blank\"  rel=\"noopener noreferrer\"  aria-label=\"INRAE- Programme scientifique de suivi de l\u2019op\u00e9ration\"><span class='avia_iconbox_title' >INRAE- Programme scientifique de suivi de l\u2019op\u00e9ration<\/span><\/a><\/div><br \/>\n<div  class='avia-button-wrap av-lwahyz6c-681adf5775361d466b9bdb619a14c6ed-wrap avia-button-center  avia-builder-el-21  el_after_av_button  el_before_av_hr '><a href='https:\/\/www.manche.gouv.fr\/Actualites\/Toute-l-actualite\/Grands-dossiers\/Objectif-Selune'  class='avia-button av-lwahyz6c-681adf5775361d466b9bdb619a14c6ed av-link-btn avia-icon_select-no avia-size-small avia-position-center avia-color-theme-color'  target=\"_blank\"  rel=\"noopener noreferrer\"  aria-label=\"DDTM50 Objectif S\u00e9lune\"><span class='avia_iconbox_title' >DDTM50 Objectif S\u00e9lune<\/span><\/a><\/div><br \/>\n\n<style type=\"text\/css\" data-created_by=\"avia_inline_auto\" id=\"style-css-av-13q3jco-f5b085694f6b7546d86471e1c7dc5d5c\">\n#top .hr.hr-invisible.av-13q3jco-f5b085694f6b7546d86471e1c7dc5d5c{\nheight:20px;\n}\n<\/style>\n<div  class='hr av-13q3jco-f5b085694f6b7546d86471e1c7dc5d5c hr-invisible  avia-builder-el-22  el_after_av_button  avia-builder-el-last '><span class='hr-inner '><span class=\"hr-inner-style\"><\/span><\/span><\/div><\/p><\/div><\/p>\n<div  class='hr av-1lz9svs-9fafa72e335cfb334b3dd4e2f791fab2 hr-default  avia-builder-el-23  el_after_av_one_third  el_before_av_one_full '><span class='hr-inner '><span class=\"hr-inner-style\"><\/span><\/span><\/div>\n\n<style type=\"text\/css\" data-created_by=\"avia_inline_auto\" id=\"style-css-av-16y0mu0-68852e0aa091f8f722d96c797b1d4e59\">\n.flex_column.av-16y0mu0-68852e0aa091f8f722d96c797b1d4e59{\nborder-radius:0px 0px 0px 0px;\npadding:0px 0px 0px 0px;\n}\n<\/style>\n<div  class='flex_column av-16y0mu0-68852e0aa091f8f722d96c797b1d4e59 av_one_full  avia-builder-el-24  el_after_av_hr  avia-builder-el-last  first flex_column_div av-zero-column-padding  '     ><section  class='av_textblock_section av-smpyrc-ecdd7fc9357b2662534e221e32aa65c6 '   itemscope=\"itemscope\" itemtype=\"https:\/\/schema.org\/CreativeWork\" ><div class='avia_textblock'  itemprop=\"text\" ><p>The activities we carry out on Selune dams are supported by <a href=\"http:\/\/www.ern.org\/wp-content\/uploads\/2018\/03\/Logo_Patagonia_black.jpg\"><img loading=\"lazy\" decoding=\"async\" class=\"alignnone wp-image-4149\" src=\"http:\/\/www.ern.org\/wp-content\/uploads\/2018\/03\/Logo_Patagonia_black-300x57.jpg\" alt=\"\" width=\"100\" height=\"19\" \/><\/a>.<\/p>\n<\/div><\/section><\/div>\n","protected":false},"excerpt":{"rendered":"","protected":false},"author":5,"featured_media":0,"parent":0,"menu_order":0,"comment_status":"closed","ping_status":"closed","template":"","meta":{"footnotes":""},"class_list":["post-15928","page","type-page","status-publish","hentry"],"_links":{"self":[{"href":"https:\/\/www.ern.org\/fr\/wp-json\/wp\/v2\/pages\/15928","targetHints":{"allow":["GET"]}}],"collection":[{"href":"https:\/\/www.ern.org\/fr\/wp-json\/wp\/v2\/pages"}],"about":[{"href":"https:\/\/www.ern.org\/fr\/wp-json\/wp\/v2\/types\/page"}],"author":[{"embeddable":true,"href":"https:\/\/www.ern.org\/fr\/wp-json\/wp\/v2\/users\/5"}],"replies":[{"embeddable":true,"href":"https:\/\/www.ern.org\/fr\/wp-json\/wp\/v2\/comments?post=15928"}],"version-history":[{"count":0,"href":"https:\/\/www.ern.org\/fr\/wp-json\/wp\/v2\/pages\/15928\/revisions"}],"wp:attachment":[{"href":"https:\/\/www.ern.org\/fr\/wp-json\/wp\/v2\/media?parent=15928"}],"curies":[{"name":"wp","href":"https:\/\/api.w.org\/{rel}","templated":true}]}}