{"id":14796,"date":"2021-06-11T17:41:45","date_gmt":"2021-06-11T15:41:45","guid":{"rendered":"http:\/\/www.ern.org\/?page_id=14796"},"modified":"2022-09-15T19:35:37","modified_gmt":"2022-09-15T17:35:37","slug":"interviews2021-sos-sdage","status":"publish","type":"page","link":"https:\/\/www.ern.org\/fr\/interviews2021-sos-sdage\/","title":{"rendered":"SDAGE Loire 2022-2027 Interviews2021"},"content":{"rendered":"\n<style type=\"text\/css\" data-created_by=\"avia_inline_auto\" id=\"style-css-av-kjtjpo-fdb01e5e4476077357a497f2dc155016\">\n.flex_column.av-kjtjpo-fdb01e5e4476077357a497f2dc155016{\n-webkit-border-radius:0px 0px 0px 0px;\n-moz-border-radius:0px 0px 0px 0px;\nborder-radius:0px 0px 0px 0px;\npadding:0px 0px 0px 0px;\n}\n<\/style>\n<div  class='flex_column av-kjtjpo-fdb01e5e4476077357a497f2dc155016 av_one_full  avia-builder-el-0  el_before_av_one_half  avia-builder-el-first  first flex_column_div av-zero-column-padding  '     ><section  class='av_textblock_section av-kpsi543h-2ef614111a09fc4836f176bf0e657d8b '   itemscope=\"itemscope\" itemtype=\"https:\/\/schema.org\/CreativeWork\" ><div class='avia_textblock'  itemprop=\"text\" ><h1 style=\"text-align: center;\">D\u00e9couvrez en vid\u00e9o ce qu&rsquo;ils ont \u00e0 nous dire&#8230;.<\/h1>\n<\/div><\/section><br \/>\n\n<style type=\"text\/css\" data-created_by=\"avia_inline_auto\" id=\"style-css-av-kq6d72j5-104c4510c05146747ed17e3ce576ea31\">\n.avia-image-container.av-kq6d72j5-104c4510c05146747ed17e3ce576ea31 img.avia_image{\nbox-shadow:none;\n}\n.avia-image-container.av-kq6d72j5-104c4510c05146747ed17e3ce576ea31 .av-image-caption-overlay-center{\ncolor:#ffffff;\n}\n<\/style>\n<div  class='avia-image-container av-kq6d72j5-104c4510c05146747ed17e3ce576ea31 av-styling- avia-align-center  avia-builder-el-2  el_after_av_textblock  el_before_av_textblock '   itemprop=\"image\" itemscope=\"itemscope\" itemtype=\"https:\/\/schema.org\/ImageObject\" ><div class=\"avia-image-container-inner\"><div class=\"avia-image-overlay-wrap\"><img decoding=\"async\" class='wp-image-14894 avia-img-lazy-loading-not-14894 avia_image ' src=\"https:\/\/www.ern.org\/wp-content\/uploads\/sites\/52\/2021\/06\/portraits-ligne-1-1030x92.png\" alt='' title='portraits-ligne'  height=\"92\" width=\"1030\"  itemprop=\"thumbnailUrl\" srcset=\"https:\/\/www.ern.org\/wp-content\/uploads\/sites\/52\/2021\/06\/portraits-ligne-1-1030x92.png 1030w, https:\/\/www.ern.org\/wp-content\/uploads\/sites\/52\/2021\/06\/portraits-ligne-1-300x27.png 300w, https:\/\/www.ern.org\/wp-content\/uploads\/sites\/52\/2021\/06\/portraits-ligne-1-768x69.png 768w, https:\/\/www.ern.org\/wp-content\/uploads\/sites\/52\/2021\/06\/portraits-ligne-1-1536x138.png 1536w, https:\/\/www.ern.org\/wp-content\/uploads\/sites\/52\/2021\/06\/portraits-ligne-1-2048x184.png 2048w, https:\/\/www.ern.org\/wp-content\/uploads\/sites\/52\/2021\/06\/portraits-ligne-1-1500x135.png 1500w, https:\/\/www.ern.org\/wp-content\/uploads\/sites\/52\/2021\/06\/portraits-ligne-1-705x63.png 705w\" sizes=\"(max-width: 1030px) 100vw, 1030px\" \/><\/div><\/div><\/div><br \/>\n<section  class='av_textblock_section av-kq6dka3s-664a32a65b7e5aada7c6b2844148175f '   itemscope=\"itemscope\" itemtype=\"https:\/\/schema.org\/CreativeWork\" ><div class='avia_textblock'  itemprop=\"text\" ><h2 style=\"text-align: center;\">&#8230; sur l&rsquo;eau et sur la Loire et ses affluents !<\/h2>\n<\/div><\/section><br \/>\n<section  class='av_textblock_section av-kpsfy7gh-188da0d5b2facf3a836d3648fea4b095 '   itemscope=\"itemscope\" itemtype=\"https:\/\/schema.org\/CreativeWork\" ><div class='avia_textblock'  itemprop=\"text\" ><p style=\"text-align: center;\">Dans le cadre de la <a href=\"https:\/\/www.ern.org\/fr\/consultation-sdage-2021\/\">consultation lanc\u00e9e par l&rsquo;Agence de l&rsquo;Eau Loire Bretagne<\/a>\u00a0 du 1er mars au 1er septembre 2021, SOS Loire Vivante est partie \u00e0 la rencontre des citoyens du Bassin versant Loire Bretagne, au travers d&rsquo;une s\u00e9rie d&rsquo;interviews. Au total, 12 personnes ont accept\u00e9 de se pr\u00eater au jeu. Merci \u00e0 elles toutes ! R\u00e9sultat \u00e0 retrouver ci-dessous !<\/p>\n<p style=\"text-align: center;\">Tous, en tant que citoyens, nous sommes pr\u00e9occup\u00e9s par l&rsquo;avenir de l&rsquo;eau. Nous avons tous un r\u00f4le \u00e0 jouer. Il est important pour chacun de s&rsquo;informer et d&rsquo;\u00eatre inform\u00e9 \u00e0 ce sujet.<\/p>\n<p style=\"text-align: center;\"><em>NB : Ces interviews ont \u00e9t\u00e9 l&rsquo;occasion de relayer l&rsquo;existence de la consultation lanc\u00e9e par l&rsquo;Agence de l&rsquo;Eau Loire Bretagne aupr\u00e8s des citoyens rencontr\u00e9s. En effet, cette consultation est une excellente occasion pour chacun de s&rsquo;exprimer, et de s&rsquo;informer. N&rsquo;h\u00e9sitez pas \u00e0 y r\u00e9pondre <a href=\"https:\/\/www.ern.org\/fr\/consultation-sdage-2021\/\">en vous rendant sur notre page d\u00e9di\u00e9e.<\/a><\/em><\/p>\n<\/div><\/section><\/p><\/div>\n\n<style type=\"text\/css\" data-created_by=\"avia_inline_auto\" id=\"style-css-av-kq0gek-1a9d941ce0e1aff5c592aadb1eb90980\">\n.flex_column.av-kq0gek-1a9d941ce0e1aff5c592aadb1eb90980{\n-webkit-border-radius:0px 0px 0px 0px;\n-moz-border-radius:0px 0px 0px 0px;\nborder-radius:0px 0px 0px 0px;\npadding:0px 0px 0px 0px;\n}\n<\/style>\n<div  class='flex_column av-kq0gek-1a9d941ce0e1aff5c592aadb1eb90980 av_one_half  avia-builder-el-5  el_after_av_one_full  el_before_av_one_half  first flex_column_div av-zero-column-padding  column-top-margin'     ><p>\n<style type=\"text\/css\" data-created_by=\"avia_inline_auto\" id=\"style-css-av-kpshjviu-3d359b8b29a2726ad043ae9c14078706\">\n#top .av-special-heading.av-kpshjviu-3d359b8b29a2726ad043ae9c14078706{\npadding-bottom:10px;\ncolor:#000000;\n}\nbody .av-special-heading.av-kpshjviu-3d359b8b29a2726ad043ae9c14078706 .av-special-heading-tag .heading-char{\nfont-size:25px;\n}\n.av-special-heading.av-kpshjviu-3d359b8b29a2726ad043ae9c14078706 .special-heading-inner-border{\nborder-color:#000000;\n}\n.av-special-heading.av-kpshjviu-3d359b8b29a2726ad043ae9c14078706 .av-subheading{\nfont-size:15px;\n}\n<\/style>\n<div  class='av-special-heading av-kpshjviu-3d359b8b29a2726ad043ae9c14078706 av-special-heading-h2 custom-color-heading blockquote modern-quote modern-centered  avia-builder-el-6  el_before_av_textblock  avia-builder-el-first '><h2 class='av-special-heading-tag'  itemprop=\"headline\"  >LA \u00ab\u00a0QUESTI\u2019EAU\u00a0\u00bb DU JOUR<\/h2><div class='av_custom_color av-subheading av-subheading_below'><p>une micro-s\u00e9rie de SOS Loire Vivante<\/p>\n<\/div><div class=\"special-heading-border\"><div class=\"special-heading-inner-border\"><\/div><\/div><\/div><br \/>\n<section  class='av_textblock_section av-kpsgl3jq-7e2218ac5900d091e34469350c2b69cb '   itemscope=\"itemscope\" itemtype=\"https:\/\/schema.org\/CreativeWork\" ><div class='avia_textblock'  itemprop=\"text\" ><h4 style=\"text-align: center;\"><strong>\u00c9pisode 1 : Vous, l&rsquo;Eau, la Loire<br \/>\n<\/strong><\/h4>\n<p style=\"text-align: center;\"><a href=\"https:\/\/vimeo.com\/565549905\/02b3a550b3\"><img loading=\"lazy\" decoding=\"async\" class=\"alignnone wp-image-14974\" src=\"http:\/\/www.ern.org\/wp-content\/uploads\/sites\/52\/2021\/07\/Episode1_Miniature-1030x599.png\" alt=\"\" width=\"270\" height=\"158\" srcset=\"https:\/\/www.ern.org\/wp-content\/uploads\/sites\/52\/2021\/07\/Episode1_Miniature-1030x599.png 1030w, https:\/\/www.ern.org\/wp-content\/uploads\/sites\/52\/2021\/07\/Episode1_Miniature-300x174.png 300w, https:\/\/www.ern.org\/wp-content\/uploads\/sites\/52\/2021\/07\/Episode1_Miniature-768x447.png 768w, https:\/\/www.ern.org\/wp-content\/uploads\/sites\/52\/2021\/07\/Episode1_Miniature-705x410.png 705w, https:\/\/www.ern.org\/wp-content\/uploads\/sites\/52\/2021\/07\/Episode1_Miniature.png 1171w\" sizes=\"auto, (max-width: 270px) 100vw, 270px\" \/><\/a><\/p>\n<h4 style=\"text-align: center;\"><strong>\u00c9pisode 2 : Pas facile de d\u00e9finir un bassin versant !<br \/>\n<\/strong><\/h4>\n<p style=\"text-align: center;\"><a href=\"https:\/\/vimeo.com\/568840025\/d109ca4eb6\"><img loading=\"lazy\" decoding=\"async\" class=\"alignnone wp-image-14971\" src=\"http:\/\/www.ern.org\/wp-content\/uploads\/sites\/52\/2021\/07\/Episode2_Miniature-1030x639.png\" alt=\"\" width=\"265\" height=\"165\" srcset=\"https:\/\/www.ern.org\/wp-content\/uploads\/sites\/52\/2021\/07\/Episode2_Miniature-1030x639.png 1030w, https:\/\/www.ern.org\/wp-content\/uploads\/sites\/52\/2021\/07\/Episode2_Miniature-300x186.png 300w, https:\/\/www.ern.org\/wp-content\/uploads\/sites\/52\/2021\/07\/Episode2_Miniature-768x477.png 768w, https:\/\/www.ern.org\/wp-content\/uploads\/sites\/52\/2021\/07\/Episode2_Miniature-705x437.png 705w, https:\/\/www.ern.org\/wp-content\/uploads\/sites\/52\/2021\/07\/Episode2_Miniature.png 1083w\" sizes=\"auto, (max-width: 265px) 100vw, 265px\" \/><\/a><\/p>\n<p style=\"text-align: center;\"><em>La notion de bassin versant, pourtant essentielle en mati\u00e8re de gestion des cours d\u2019eau, est parfois complexe \u00e0 appr\u00e9hender.<\/em><br \/>\n<em> Un cours d\u2019eau principal prend g\u00e9n\u00e9ralement sa source en hauteur et se jette dans un autre cours d\u2019eau, une mer ou un oc\u00e9an pour un fleuve. Il s\u2019agit de son exutoire. Avant de rejoindre son exutoire, celui-ci recueille les eaux d\u2019autres cours d\u2019eau, appel\u00e9s affluents.<\/em><br \/>\n<em> Le bassin versant est le territoire sur lequel tous les \u00e9coulements des eaux convergent vers un m\u00eame point, l\u2019exutoire de ce bassin. Les limites s\u00e9parant deux bassins versants sont appel\u00e9es\u00a0lignes de partage des eaux et sont constitu\u00e9es des sommets qui s\u00e9parent les directions d\u2019\u00e9coulement des eaux de ruissellement.<\/em><br \/>\n<em> Ainsi, chaque goutte qui tombe ou arrive sur le bassin versant d\u2019un cours d\u2019eau, aura pour destination finale l\u2019exutoire de ce cours d\u2019eau. (extrait de la d\u00e9finition du Syndicat de l&rsquo;Huveaune (<a href=\"https:\/\/www.syndicat-huveaune.fr\/le-bassin-versant-de-lhuveaune\/quest-ce-quun-bassin-versant\/\">voir tout ici<\/a>))<br \/>\n<\/em><\/p>\n<h4 style=\"text-align: center;\"><strong>\u00c9pisode 3 : Les acteurs de l&rsquo;eau<\/strong><\/h4>\n<p style=\"text-align: center;\"><a href=\"https:\/\/vimeo.com\/568876705\/dde63014d1\"><img loading=\"lazy\" decoding=\"async\" class=\"alignnone wp-image-14983\" src=\"http:\/\/www.ern.org\/wp-content\/uploads\/sites\/52\/2021\/07\/Episode3_Miniature-1030x687.png\" alt=\"\" width=\"266\" height=\"178\" srcset=\"https:\/\/www.ern.org\/wp-content\/uploads\/sites\/52\/2021\/07\/Episode3_Miniature-1030x687.png 1030w, https:\/\/www.ern.org\/wp-content\/uploads\/sites\/52\/2021\/07\/Episode3_Miniature-300x200.png 300w, https:\/\/www.ern.org\/wp-content\/uploads\/sites\/52\/2021\/07\/Episode3_Miniature-768x512.png 768w, https:\/\/www.ern.org\/wp-content\/uploads\/sites\/52\/2021\/07\/Episode3_Miniature-705x470.png 705w, https:\/\/www.ern.org\/wp-content\/uploads\/sites\/52\/2021\/07\/Episode3_Miniature.png 1146w\" sizes=\"auto, (max-width: 266px) 100vw, 266px\" \/><\/a><\/p>\n<p style=\"text-align: center;\"><em>L&rsquo;Office fran\u00e7ais de la biodiversit\u00e9 a r\u00e9alis\u00e9 une fiche int\u00e9ressante sur les acteurs de la gestion de l&rsquo;eau en France qui apporte de nombreux \u00e9l\u00e9ments de r\u00e9ponse \u00e0 cette question <a href=\"http:\/\/www.ern.org\/wp-content\/uploads\/sites\/52\/2021\/06\/18_fiche_gestion_de_l_eau_web.pdf\">&gt;&gt; Voir la fiche<\/a><\/em><\/p>\n<p style=\"text-align: center;\"><em>Le CIEAU fournit \u00e9galement en ligne des informations simples \u00e0 ce sujet <a href=\"https:\/\/www.cieau.com\/le-metier-de-leau\/quels-sont-les-acteurs-de-leau-en-france\/\">&gt;&gt; Cliquez ici <\/a><\/em><\/p>\n<h4 style=\"text-align: center;\"><strong>\u00c9pisode 4 : Un plan de gestion de l&rsquo;eau \u00e0 l&rsquo;\u00e9chelle du bassin versant Loire Bretagne ?<\/strong><\/h4>\n<p style=\"text-align: center;\"><a href=\"https:\/\/vimeo.com\/569890177\/5d9eecc786\"><img loading=\"lazy\" decoding=\"async\" class=\"alignnone wp-image-14980\" src=\"http:\/\/www.ern.org\/wp-content\/uploads\/sites\/52\/2021\/07\/Episode4_miniature-1030x692.png\" alt=\"\" width=\"256\" height=\"170\" \/><\/a><\/p>\n<p style=\"text-align: center;\"><em>Il existe sur le bassin versant Loire Bretagne, un Sch\u00e9ma Directeur d&rsquo;Am\u00e9nagement et de Gestion des Eaux (SDAGE), ainsi qu&rsquo;un Plan de gestion des Risques Inondations (PGRI). Ces documents tracent sur le territoire les politiques publiques pour l&rsquo;eau et les risques d&rsquo;inondations. Ils sont actuellement en cours d&rsquo;\u00e9laboration, et seront adopt\u00e9s d\u00e9but 2022 pour une mise en \u0153uvre effective de 2002 \u00e0 2027 sur l&rsquo;ensemble du Bassin versant.<br \/>\n<\/em><a href=\"https:\/\/sdage-sage.eau-loire-bretagne.fr\/home\/projet-de-sdage-preparer-la-re-1\/les-documents-du-sdage-2022-2027\/projet-de-sdage-et-ses-documents-daccompagnement.html\"><em>&gt;&gt; Cliquez ici pour en savoir plus sur le projet de SDAGE 2022+2027<\/em><\/a><\/p>\n<h4><\/h4>\n<h4 style=\"text-align: center;\"><strong>\u00c9pisode 5 : Participer \u00e0 la gestion de l&rsquo;eau, est ce possible ?<\/strong><\/h4>\n<p style=\"text-align: center;\"><a href=\"https:\/\/vimeo.com\/577077521\/834fafd95e\"><img loading=\"lazy\" decoding=\"async\" class=\"alignnone wp-image-15043\" src=\"http:\/\/www.ern.org\/wp-content\/uploads\/sites\/52\/2021\/07\/Episode5-miniature-1030x659.png\" alt=\"\" width=\"260\" height=\"168\" \/><\/a><\/p>\n<h4><\/h4>\n<h4 style=\"text-align: center;\"><strong>\u00c9pisode 6 : Confiance ou pas confiance ?<br \/>\n<\/strong><\/h4>\n<p><a href=\"https:\/\/vimeo.com\/571658621\/3972f0fa24\" target=\"_blank\" rel=\"noopener noreferrer\"><img loading=\"lazy\" decoding=\"async\" class=\"wp-image-14977 alignnone aligncenter\" src=\"http:\/\/www.ern.org\/wp-content\/uploads\/sites\/52\/2021\/07\/Episode6-miniature-1030x686.png\" alt=\"\" width=\"265\" height=\"177\" srcset=\"https:\/\/www.ern.org\/wp-content\/uploads\/sites\/52\/2021\/07\/Episode6-miniature-1030x686.png 1030w, https:\/\/www.ern.org\/wp-content\/uploads\/sites\/52\/2021\/07\/Episode6-miniature-300x200.png 300w, https:\/\/www.ern.org\/wp-content\/uploads\/sites\/52\/2021\/07\/Episode6-miniature-768x511.png 768w, https:\/\/www.ern.org\/wp-content\/uploads\/sites\/52\/2021\/07\/Episode6-miniature-705x469.png 705w, https:\/\/www.ern.org\/wp-content\/uploads\/sites\/52\/2021\/07\/Episode6-miniature.png 1143w\" sizes=\"auto, (max-width: 265px) 100vw, 265px\" \/><\/a><\/p>\n<h4><\/h4>\n<h4 style=\"text-align: center;\"><strong>\u00c9pisode 7 : <em>L&rsquo;Eau vous consulte, irez-vous donner votre avis ?<br \/>\n<\/em><\/strong><\/h4>\n<p style=\"text-align: center;\"><a href=\"https:\/\/vimeo.com\/571697364\/aecd5c100c\"><img loading=\"lazy\" decoding=\"async\" class=\"alignnone wp-image-14990\" src=\"http:\/\/www.ern.org\/wp-content\/uploads\/sites\/52\/2021\/07\/Episode7_Miniature-1030x592.png\" alt=\"\" width=\"271\" height=\"156\" srcset=\"https:\/\/www.ern.org\/wp-content\/uploads\/sites\/52\/2021\/07\/Episode7_Miniature-1030x592.png 1030w, https:\/\/www.ern.org\/wp-content\/uploads\/sites\/52\/2021\/07\/Episode7_Miniature-300x172.png 300w, https:\/\/www.ern.org\/wp-content\/uploads\/sites\/52\/2021\/07\/Episode7_Miniature-768x441.png 768w, https:\/\/www.ern.org\/wp-content\/uploads\/sites\/52\/2021\/07\/Episode7_Miniature-705x405.png 705w, https:\/\/www.ern.org\/wp-content\/uploads\/sites\/52\/2021\/07\/Episode7_Miniature.png 1177w\" sizes=\"auto, (max-width: 271px) 100vw, 271px\" \/><\/a><\/p>\n<p style=\"text-align: center;\"><em>Le Comit\u00e9 de Bassin Loire Bretagne et l&rsquo;Etat souhaitent conna\u00eetre votre avis sur le projet de Sch\u00e9ma Directeur d&rsquo;Am\u00e9nagement et de Gestion des Eaux et sur le Plan de Gestion des Risques Inondations, avant de les adopter d\u00e9finitivement. Pour cela, une grande consultation a \u00e9t\u00e9 ouverte du 1er mars au 1er septembre 2021 : <\/em><a href=\"https:\/\/www.ern.org\/fr\/consultation-sdage-2021\/\"><em>Plus d&rsquo;infos ici<\/em><\/a><\/p>\n<\/div><\/section><\/p><\/div>\n\n<style type=\"text\/css\" data-created_by=\"avia_inline_auto\" id=\"style-css-av-3791vws-052b374cb4ba82d226ad159a4a9e217c\">\n.flex_column.av-3791vws-052b374cb4ba82d226ad159a4a9e217c{\n-webkit-border-radius:0px 0px 0px 0px;\n-moz-border-radius:0px 0px 0px 0px;\nborder-radius:0px 0px 0px 0px;\npadding:0px 0px 0px 0px;\n}\n<\/style>\n<div  class='flex_column av-3791vws-052b374cb4ba82d226ad159a4a9e217c av_one_half  avia-builder-el-8  el_after_av_one_half  el_before_av_four_fifth  flex_column_div av-zero-column-padding  column-top-margin'     ><p>\n<style type=\"text\/css\" data-created_by=\"avia_inline_auto\" id=\"style-css-av-kpshkotw-cc913e91672021a927c8bf52d3136ae9\">\n#top .av-special-heading.av-kpshkotw-cc913e91672021a927c8bf52d3136ae9{\npadding-bottom:10px;\ncolor:#000000;\n}\nbody .av-special-heading.av-kpshkotw-cc913e91672021a927c8bf52d3136ae9 .av-special-heading-tag .heading-char{\nfont-size:25px;\n}\n.av-special-heading.av-kpshkotw-cc913e91672021a927c8bf52d3136ae9 .special-heading-inner-border{\nborder-color:#000000;\n}\n.av-special-heading.av-kpshkotw-cc913e91672021a927c8bf52d3136ae9 .av-subheading{\nfont-size:15px;\n}\n<\/style>\n<div  class='av-special-heading av-kpshkotw-cc913e91672021a927c8bf52d3136ae9 av-special-heading-h2 custom-color-heading blockquote modern-quote modern-centered  avia-builder-el-9  el_before_av_textblock  avia-builder-el-first '><h2 class='av-special-heading-tag'  itemprop=\"headline\"  >PHOTOLANGAGE \u00ab\u00a0LES ENJEUX DE l\u2019EAU\u00a0\u00bb<\/h2><div class='av_custom_color av-subheading av-subheading_below'><p>vus par les citoyens<\/p>\n<\/div><div class=\"special-heading-border\"><div class=\"special-heading-inner-border\"><\/div><\/div><\/div><br \/>\n<section  class='av_textblock_section av-kpsgue4p-21608720e39bc16cab77813d0bdf735d '   itemscope=\"itemscope\" itemtype=\"https:\/\/schema.org\/CreativeWork\" ><div class='avia_textblock'  itemprop=\"text\" ><p>Les personnes rencontr\u00e9es du bassin de la Loire se sont aussi exprim\u00e9es sur les enjeux de l&rsquo;eau qui les pr\u00e9occupaient\u00a0\u00e0 travers un photolangage (Choix d&rsquo;une photo parmi plusieurs propos\u00e9es, puis explication du choix ) ! Venez retrouver leurs impressions sur 5 grandes th\u00e9matiques\u00a0:<\/p>\n<ul>\n<li><strong><span style=\"color: #000000;\">l\u2019\u00e9tat \u00e9cologique de nos rivi\u00e8res<\/span> <a href=\"https:\/\/vimeo.com\/584305209\/b7ca0ca741\">&gt;&gt; Vid\u00e9o<\/a><\/strong><\/li>\n<li><span style=\"color: #000000;\"><strong><span style=\"color: #000000;\">la continuit\u00e9 \u00e9cologique<\/span> et\u00a0<\/strong><\/span><strong><span style=\"color: #000000;\">l\u2019hydro\u00e9lectricit\u00e9<\/span>\u00a0<a href=\"https:\/\/vimeo.com\/584324878\/8b1c4b0a0e\">&gt;&gt; Vid\u00e9o<\/a><\/strong><\/li>\n<li><strong><span style=\"color: #000000;\">l\u2019eau potable<\/span> <a href=\"https:\/\/vimeo.com\/584325888\/59a3b8d903\">&gt;&gt; Vid\u00e9o<\/a><\/strong><\/li>\n<li><strong><span style=\"color: #000000;\">les zones humides<\/span> <a href=\"https:\/\/vimeo.com\/584326997\/88f9954849\">&gt;&gt; Vid\u00e9o\u00a0<\/a><\/strong><\/li>\n<li><strong><span style=\"color: #000000;\">le changement climatique et ses cons\u00e9quences\u00a0<\/span><a href=\"https:\/\/vimeo.com\/584324124\/2fb079d731\">&gt;&gt; Vid\u00e9o<\/a><\/strong><\/li>\n<\/ul>\n<\/div><\/section><br \/>\n<section  class='av_textblock_section av-kpsh7qpz-d51925b174c6cfdbce3e4ce52eb6a94b '   itemscope=\"itemscope\" itemtype=\"https:\/\/schema.org\/CreativeWork\" ><div class='avia_textblock'  itemprop=\"text\" ><p style=\"text-align: center;\">POUR ALLER PLUS LOIN !<\/p>\n<\/div><\/section><br \/>\n<section  class='av_textblock_section av-ks2a4xiv-3eb742eb3ceaefa1107a46b9c6188a9c '   itemscope=\"itemscope\" itemtype=\"https:\/\/schema.org\/CreativeWork\" ><div class='avia_textblock'  itemprop=\"text\" ><ul>\n<li>Visitez l\u2019exposition virtuelle de l\u2019\u00e9tablissement public loire (EPL) consacr\u00e9e au changement climatique et ses impacts sur le bassin de la Loire \u00a0<a href=\"http:\/\/www.eptb-loire.fr\/visite-expo-changement-climatique\/index.html\">&gt;&gt; lien<\/a><\/li>\n<li>D\u00e9couvrez l\u2019\u00e9tat des lieux 2019 des cours d\u2019eau du bassin Loire Bretagne, document socle du prochain cycle du SDAGE Loire Bretagne de 2022 \u00e0 2027, et l\u2019ensemble des pressions sur les rivi\u00e8res et la qualit\u00e9 de l\u2019eau \u00a0<a href=\"https:\/\/sdage-sage.eau-loire-bretagne.fr\/home\/projet-de-sdage-preparer-la-re-1\/les-documents-du-sdage-2022-2027\/etat-des-lieux-2019.html\">&gt;&gt; lien \u00a0<\/a><\/li>\n<li>Informations sur la probl\u00e9matique de la fragmentation des cours d\u2019eau par des obstacles (Continuit\u00e9 et hydro\u00e9lectricit\u00e9) <a href=\"https:\/\/www.ern.org\/fr\/effacement-barrages\/\">&gt;&gt; lien vers le site ERN ,<\/a>\u00a0&gt; Le rapport du WWF sur l\u2019hydro\u00e9lectricit\u00e9\u00a0: \u00ab\u00a0transformer, ne pas d\u00e9velopper \u00a0<a href=\"https:\/\/www.ern.org\/fr\/hydrolelectricite-en-europe-le-nouveau-rapport-critique-du-wwf-eu-est-disponible\/\">&gt;&gt; lien\u00a0<\/a><\/li>\n<li>Exemples de grands barrages am\u00e9nag\u00e9s pour la restauration de la continuit\u00e9 \u00e9cologique ou ayant fait l\u2019objet de travaux d\u2019effacement du barrage\u00a0:\u00a0\u00a0L\u2019effacement partiel et le r\u00e9am\u00e9nagement du <a href=\"https:\/\/www.ern.org\/fr\/poutes-barrage\/\">barrage de Pout\u00e8s<\/a>, \u00a0<a href=\"https:\/\/www.youtube.com\/watch?v=auI2dvZKYJg\">la restauration de la vall\u00e9e de la S\u00e9lune<\/a> gr\u00e2ce \u00e0 l\u2019effacement de deux grands barrages (Agence de l&rsquo;Eau) et le <a href=\"https:\/\/www.ern.org\/fr\/selune-libre\/\">reportage d&rsquo;ERN (Mai 2021)<\/a><\/li>\n<li>Zones humides (Eau de France)<br \/>\n&#8211; <a href=\"https:\/\/www.zones-humides.org\/\">https:\/\/www.zones-humides.org\/\u00a0<\/a><br \/>\n&#8211;\u00a0Une vid\u00e9o sur le r\u00f4le des zones humides sur le cycle de l\u2019eau et la biodiversit\u00e9\u00a0<a href=\"https:\/\/www.youtube.com\/watch?v=ApY7j_eC0Ws&amp;ab_channel=Minist%C3%A8redelaTransition%C3%A9cologique\">&gt;&gt; lien<\/a><\/li>\n<li>Toutes les informations sur l\u2019\u00e9conomie de l\u2019eau\u00a0: <a href=\"https:\/\/economie.eaufrance.fr\/\">https:\/\/economie.eaufrance.fr\/<\/a><\/li>\n<li>Vid\u00e9o d\u2019explication du principe de \u00ab\u00a0l\u2019eau paye l\u2019eau\u00a0\u00bb et de l\u2019\u00e9conomie de l\u2019Agence de l\u2019Eau\u00a0<a href=\"https:\/\/www.youtube.com\/watch?v=WJgmywPHl0k&amp;ab_channel=Dj%C3%A9n%C3%A9baEUDARIC\">&gt;&gt; lien\u00a0<\/a><\/li>\n<\/ul>\n<\/div><\/section><br \/>\n<section  class='av_textblock_section av-ld1xik-889e4fe06a4145525577dd4d626d0c2c '   itemscope=\"itemscope\" itemtype=\"https:\/\/schema.org\/CreativeWork\" ><div class='avia_textblock'  itemprop=\"text\" ><p style=\"text-align: center;\">AUTRES LIENS SYMPAS !<\/p>\n<\/div><\/section><br \/>\n<section  class='av_textblock_section av-ks2admae-150951ca32c26baed1b76fe438a656c8 '   itemscope=\"itemscope\" itemtype=\"https:\/\/schema.org\/CreativeWork\" ><div class='avia_textblock'  itemprop=\"text\" ><ul>\n<li>M\u00e9li M\u00e9lo &#8211; <a href=\"http:\/\/www.graie.org\/eaumelimelo\/\">D\u00e9m\u00ealons les fils de l\u2019eau<\/a><\/li>\n<li>Les vid\u00e9os de <a href=\"https:\/\/www.dailymotion.com\/Rmi_Lelong\">L\u00e9o et L\u00e9a sur l\u2019eau<\/a><\/li>\n<li><a href=\"https:\/\/enimmersion-eau.fr\/decryptage\/\">En Immersion<\/a><\/li>\n<\/ul>\n<\/div><\/section><\/p><\/div>\n<style type=\"text\/css\" data-created_by=\"avia_inline_auto\" id=\"style-css-av-17fglzg-45f3fa8cc44e02bba5d792d7646047cf\">\n.flex_column.av-17fglzg-45f3fa8cc44e02bba5d792d7646047cf{\n-webkit-border-radius:0px 0px 0px 0px;\n-moz-border-radius:0px 0px 0px 0px;\nborder-radius:0px 0px 0px 0px;\npadding:0px 0px 0px 0px;\n}\n<\/style>\n<div  class='flex_column av-17fglzg-45f3fa8cc44e02bba5d792d7646047cf av_four_fifth  avia-builder-el-15  el_after_av_one_half  el_before_av_one_fifth  first flex_column_div av-zero-column-padding  column-top-margin'     ><section  class='av_textblock_section av-kpsid6lt-1078dedbeefeca7df5b155975f0014c3 '   itemscope=\"itemscope\" itemtype=\"https:\/\/schema.org\/CreativeWork\" ><div class='avia_textblock'  itemprop=\"text\" ><p>L&rsquo;ensemble de ces interviews et du montage des vid\u00e9os a \u00e9t\u00e9 r\u00e9alis\u00e9 avec le soutien de l&rsquo;Agence de l&rsquo;Eau Loire Bretagne<\/p>\n<\/div><\/section><\/div><\/p>\n\n<style type=\"text\/css\" data-created_by=\"avia_inline_auto\" id=\"style-css-av-2fclv0-5585c3a3df24747217a15d8cbca5f278\">\n.flex_column.av-2fclv0-5585c3a3df24747217a15d8cbca5f278{\n-webkit-border-radius:0px 0px 0px 0px;\n-moz-border-radius:0px 0px 0px 0px;\nborder-radius:0px 0px 0px 0px;\npadding:0px 0px 0px 0px;\n}\n<\/style>\n<div  class='flex_column av-2fclv0-5585c3a3df24747217a15d8cbca5f278 av_one_fifth  avia-builder-el-17  el_after_av_four_fifth  avia-builder-el-last  flex_column_div av-zero-column-padding  column-top-margin'     ><style type=\"text\/css\" data-created_by=\"avia_inline_auto\" id=\"style-css-av-kpsiburk-545125e3da275b9e3e666e69284e048d\">\n.avia-image-container.av-kpsiburk-545125e3da275b9e3e666e69284e048d img.avia_image{\nbox-shadow:none;\n}\n.avia-image-container.av-kpsiburk-545125e3da275b9e3e666e69284e048d .av-image-caption-overlay-center{\ncolor:#ffffff;\n}\n<\/style>\n<div  class='avia-image-container av-kpsiburk-545125e3da275b9e3e666e69284e048d av-styling-no-styling avia-align-center  avia-builder-el-18  avia-builder-el-no-sibling '   itemprop=\"image\" itemscope=\"itemscope\" itemtype=\"https:\/\/schema.org\/ImageObject\" ><div class=\"avia-image-container-inner\"><div class=\"avia-image-overlay-wrap\"><img decoding=\"async\" class='wp-image-15039 avia-img-lazy-loading-not-15039 avia_image ' src=\"https:\/\/www.ern.org\/wp-content\/uploads\/sites\/52\/2021\/07\/LOGO_AELB_-229x300.png\" alt='' title='LOGO_AELB_'  height=\"300\" width=\"229\"  itemprop=\"thumbnailUrl\" srcset=\"https:\/\/www.ern.org\/wp-content\/uploads\/sites\/52\/2021\/07\/LOGO_AELB_-229x300.png 229w, https:\/\/www.ern.org\/wp-content\/uploads\/sites\/52\/2021\/07\/LOGO_AELB_.png 248w\" sizes=\"(max-width: 229px) 100vw, 229px\" \/><\/div><\/div><\/div><\/div>\n","protected":false},"excerpt":{"rendered":"","protected":false},"author":149,"featured_media":0,"parent":0,"menu_order":0,"comment_status":"closed","ping_status":"closed","template":"","meta":{"footnotes":"","_links_to":"","_links_to_target":""},"class_list":["post-14796","page","type-page","status-publish","hentry"],"_links":{"self":[{"href":"https:\/\/www.ern.org\/fr\/wp-json\/wp\/v2\/pages\/14796","targetHints":{"allow":["GET"]}}],"collection":[{"href":"https:\/\/www.ern.org\/fr\/wp-json\/wp\/v2\/pages"}],"about":[{"href":"https:\/\/www.ern.org\/fr\/wp-json\/wp\/v2\/types\/page"}],"author":[{"embeddable":true,"href":"https:\/\/www.ern.org\/fr\/wp-json\/wp\/v2\/users\/149"}],"replies":[{"embeddable":true,"href":"https:\/\/www.ern.org\/fr\/wp-json\/wp\/v2\/comments?post=14796"}],"version-history":[{"count":0,"href":"https:\/\/www.ern.org\/fr\/wp-json\/wp\/v2\/pages\/14796\/revisions"}],"wp:attachment":[{"href":"https:\/\/www.ern.org\/fr\/wp-json\/wp\/v2\/media?parent=14796"}],"curies":[{"name":"wp","href":"https:\/\/api.w.org\/{rel}","templated":true}]}}