{"id":14730,"date":"2021-06-11T17:54:26","date_gmt":"2021-06-11T15:54:26","guid":{"rendered":"http:\/\/www.ern.org\/?page_id=14730"},"modified":"2026-02-06T07:44:28","modified_gmt":"2026-02-06T07:44:28","slug":"tous-concernes-par-leau","status":"publish","type":"page","link":"https:\/\/www.ern.org\/fr\/tous-concernes-par-leau\/","title":{"rendered":"SDAGE Loire 2022-2027 et sa consultation &#8211; EAU Tous concern\u00e9s"},"content":{"rendered":"\n<style type=\"text\/css\" data-created_by=\"avia_inline_auto\" id=\"style-css-av-pp5sa2-0ba657df9d422dec1e3c00b379cb1e36\">\n.flex_column.av-pp5sa2-0ba657df9d422dec1e3c00b379cb1e36{\nborder-radius:0px 0px 0px 0px;\npadding:0px 0px 0px 0px;\n}\n<\/style>\n<div  class='flex_column av-pp5sa2-0ba657df9d422dec1e3c00b379cb1e36 av_one_full  avia-builder-el-0  el_before_av_four_fifth  avia-builder-el-first  first flex_column_div av-zero-column-padding  '     ><style type=\"text\/css\" data-created_by=\"avia_inline_auto\" id=\"style-css-av-kpmqsnnb-ba508019f1510a65eff20ce5849aafe2\">\n.avia-image-container.av-kpmqsnnb-ba508019f1510a65eff20ce5849aafe2 img.avia_image{\nbox-shadow:none;\n}\n.avia-image-container.av-kpmqsnnb-ba508019f1510a65eff20ce5849aafe2 .av-image-caption-overlay-center{\ncolor:#ffffff;\n}\n<\/style>\n<div  class='avia-image-container av-kpmqsnnb-ba508019f1510a65eff20ce5849aafe2 av-styling- avia-align-center  avia-builder-el-1  avia-builder-el-no-sibling '   itemprop=\"image\" itemscope=\"itemscope\" itemtype=\"https:\/\/schema.org\/ImageObject\" ><div class=\"avia-image-container-inner\"><div class=\"avia-image-overlay-wrap\"><img decoding=\"async\" fetchpriority=\"high\" class='wp-image-14699 avia-img-lazy-loading-not-14699 avia_image ' src=\"https:\/\/www.ern.org\/wp-content\/uploads\/2021\/05\/Loire-BretagneLogos_640x64-1.png\" alt='' title='Loire-BretagneLogos_640x64'  height=\"64\" width=\"640\"  itemprop=\"thumbnailUrl\" srcset=\"https:\/\/www.ern.org\/wp-content\/uploads\/2021\/05\/Loire-BretagneLogos_640x64-1.png 640w, https:\/\/www.ern.org\/wp-content\/uploads\/2021\/05\/Loire-BretagneLogos_640x64-1-300x30.png 300w\" sizes=\"(max-width: 640px) 100vw, 640px\" \/><\/div><\/div><\/div><\/div>\n\n<style type=\"text\/css\" data-created_by=\"avia_inline_auto\" id=\"style-css-av-40jxphm-f39b855988797028c2fd8e5bd215b48f\">\n.flex_column.av-40jxphm-f39b855988797028c2fd8e5bd215b48f{\nborder-radius:0px 0px 0px 0px;\npadding:0px 0px 0px 0px;\n}\n<\/style>\n<div  class='flex_column av-40jxphm-f39b855988797028c2fd8e5bd215b48f av_four_fifth  avia-builder-el-2  el_after_av_one_full  el_before_av_one_fifth  first flex_column_div av-zero-column-padding  column-top-margin'     ><p>\n<style type=\"text\/css\" data-created_by=\"avia_inline_auto\" id=\"style-css-av-kpsigoxt-f8d2c7b40d1853363d7f2924e8e86819\">\n#top .hr.hr-invisible.av-kpsigoxt-f8d2c7b40d1853363d7f2924e8e86819{\nheight:50px;\n}\n<\/style>\n<div  class='hr av-kpsigoxt-f8d2c7b40d1853363d7f2924e8e86819 hr-invisible  avia-builder-el-3  el_before_av_textblock  avia-builder-el-first '><span class='hr-inner '><span class=\"hr-inner-style\"><\/span><\/span><\/div><br \/>\n<section  class='av_textblock_section av-kpmqb7aj-08ed3fbb4e3ed77f83e9ae280ea7d177 '   itemscope=\"itemscope\" itemtype=\"https:\/\/schema.org\/CreativeWork\" ><div class='avia_textblock'  itemprop=\"text\" ><h1><\/h1>\n<h3 style=\"text-align: center;\"><\/h3>\n<h6 style=\"text-align: center;\"><em>page commune de ERN et \u00a0SOS Loire Vivante<\/em><\/h6>\n<p style=\"text-align: center;\">.<\/p>\n<h3 style=\"text-align: center;\">Comment en 2021 SOS Loire Vivante a particip\u00e9 et sensibilis\u00e9 les citoyens \u00e0 la consultation du SDAGE 2022-2027<\/h3>\n<h2 style=\"text-align: center;\"><\/h2>\n<\/div><\/section><\/p><\/div>\n<style type=\"text\/css\" data-created_by=\"avia_inline_auto\" id=\"style-css-av-3asxslm-5217e4d052e3329237aed0fd282bf1bc\">\n.flex_column.av-3asxslm-5217e4d052e3329237aed0fd282bf1bc{\nborder-radius:0px 0px 0px 0px;\npadding:0px 0px 0px 0px;\n}\n<\/style>\n<div  class='flex_column av-3asxslm-5217e4d052e3329237aed0fd282bf1bc av_one_fifth  avia-builder-el-5  el_after_av_four_fifth  el_before_av_one_fifth  flex_column_div av-zero-column-padding  column-top-margin'     ><style type=\"text\/css\" data-created_by=\"avia_inline_auto\" id=\"style-css-av-kpmqampf-05fc732aff4ccc498c875e6069a1d63e\">\n.avia-image-container.av-kpmqampf-05fc732aff4ccc498c875e6069a1d63e img.avia_image{\nbox-shadow:none;\n}\n.avia-image-container.av-kpmqampf-05fc732aff4ccc498c875e6069a1d63e .av-image-caption-overlay-center{\ncolor:#ffffff;\n}\n<\/style>\n<div  class='avia-image-container av-kpmqampf-05fc732aff4ccc498c875e6069a1d63e av-styling- avia-align-center  avia-builder-el-6  avia-builder-el-no-sibling '   itemprop=\"image\" itemscope=\"itemscope\" itemtype=\"https:\/\/schema.org\/ImageObject\" ><div class=\"avia-image-container-inner\"><div class=\"avia-image-overlay-wrap\"><img decoding=\"async\" fetchpriority=\"high\" class='wp-image-14533 avia-img-lazy-loading-not-14533 avia_image ' src=\"https:\/\/www.ern.org\/wp-content\/uploads\/2021\/04\/SmileyTransparent-320-1.png\" alt='' title='SmileyTransparent-320'  height=\"268\" width=\"320\"  itemprop=\"thumbnailUrl\" srcset=\"https:\/\/www.ern.org\/wp-content\/uploads\/2021\/04\/SmileyTransparent-320-1.png 320w, https:\/\/www.ern.org\/wp-content\/uploads\/2021\/04\/SmileyTransparent-320-1-300x251.png 300w\" sizes=\"(max-width: 320px) 100vw, 320px\" \/><\/div><\/div><\/div><\/div><\/p>\n\n<style type=\"text\/css\" data-created_by=\"avia_inline_auto\" id=\"style-css-av-2f6vpre-816b0e5d94e24426b32d5293d8abaf67\">\n.flex_column.av-2f6vpre-816b0e5d94e24426b32d5293d8abaf67{\nborder-radius:0px 0px 0px 0px;\npadding:0px 0px 0px 0px;\n}\n<\/style>\n<div  class='flex_column av-2f6vpre-816b0e5d94e24426b32d5293d8abaf67 av_one_fifth  avia-builder-el-7  el_after_av_one_fifth  el_before_av_one_fifth  first flex_column_div av-zero-column-padding  column-top-margin'     ><div  class='avia-button-wrap avia-button-center  avia-builder-el-8  avia-builder-el-no-sibling '>\n<style type=\"text\/css\" data-created_by=\"avia_inline_auto\" id=\"style-css-av-kpmqix1i-d2279c80cfb3451d6667d235e98ea88a\">\n#top #wrap_all .avia-button.av-kpmqix1i-d2279c80cfb3451d6667d235e98ea88a:hover{\ncolor:white;\ntransition:all 0.4s ease-in-out;\n}\n#top #wrap_all .avia-button.av-kpmqix1i-d2279c80cfb3451d6667d235e98ea88a:hover .avia-svg-icon svg:first-child{\nfill:white;\nstroke:white;\n}\n<\/style>\n<a href='https:\/\/www.ern.org\/fr\/interviews2021-sos-sdage\/' class='avia-color-blue avia-font-color-theme-color avia-button avia-button-fullwidth av-kpmqix1i-d2279c80cfb3451d6667d235e98ea88a avia-icon_select-no avia-color-blue'  target=\"_blank\"  rel=\"noopener noreferrer\"  aria-label=\"Regardez notre webs\u00e9rie &quot;Quest\u2019iEAU du jour&quot;\"><span class='avia_iconbox_title' >Regardez notre webs\u00e9rie \"Quest\u2019iEAU du jour\"<\/span><div class='av-button-description av-button-description-below'><p>Retrouvez les vid\u00e9os de nos interviews en regardant<br \/>\n\u00ab\u00a0La Quest&rsquo;iEAU du jour\u00a0\u00bb, par SOS LV en 7 \u00e9pisodes<\/p>\n<\/div><span class='avia_button_background avia-button avia-button-fullwidth avia-color-theme-color-highlight'><\/span><\/a><\/div><\/div>\n\n<style type=\"text\/css\" data-created_by=\"avia_inline_auto\" id=\"style-css-av-1svwe6i-d36e2d88abe008e542c15a78aad46dab\">\n.flex_column.av-1svwe6i-d36e2d88abe008e542c15a78aad46dab{\nborder-radius:0px 0px 0px 0px;\npadding:0px 0px 0px 0px;\n}\n<\/style>\n<div  class='flex_column av-1svwe6i-d36e2d88abe008e542c15a78aad46dab av_one_fifth  avia-builder-el-9  el_after_av_one_fifth  el_before_av_one_fifth  flex_column_div av-zero-column-padding  column-top-margin'     ><div  class='avia-button-wrap avia-button-center  avia-builder-el-10  avia-builder-el-no-sibling '>\n<style type=\"text\/css\" data-created_by=\"avia_inline_auto\" id=\"style-css-av-ks4jif0l-acd4258bc26bdbc6d7b51845a46ec7f3\">\n#top #wrap_all .avia-button.av-ks4jif0l-acd4258bc26bdbc6d7b51845a46ec7f3:hover{\ncolor:white;\ntransition:all 0.4s ease-in-out;\n}\n#top #wrap_all .avia-button.av-ks4jif0l-acd4258bc26bdbc6d7b51845a46ec7f3:hover .avia-svg-icon svg:first-child{\nfill:white;\nstroke:white;\n}\n<\/style>\n<a href='https:\/\/www.ern.org\/fr\/interviews2021-sos-sdage\/' class='avia-color-green avia-font-color-theme-color avia-button avia-button-fullwidth av-ks4jif0l-acd4258bc26bdbc6d7b51845a46ec7f3 avia-icon_select-no avia-color-green'  target=\"_blank\"  rel=\"noopener noreferrer\"  aria-label=\"Regardez notre webs\u00e9rie &quot;Photolangage&quot;\"><span class='avia_iconbox_title' >Regardez notre webs\u00e9rie \"Photolangage\"<\/span><div class='av-button-description av-button-description-below'><p>des citoyens s&rsquo;expriment sur 5 th\u00e9matiques de l\u2019eau \u00e0 travers du photolangage<\/p>\n<\/div><span class='avia_button_background avia-button avia-button-fullwidth avia-color-theme-color-highlight'><\/span><\/a><\/div><\/div>\n\n<style type=\"text\/css\" data-created_by=\"avia_inline_auto\" id=\"style-css-av-16dpq6i-ac1acb6e9227a9016d298c314d7c4b49\">\n.flex_column.av-16dpq6i-ac1acb6e9227a9016d298c314d7c4b49{\nborder-radius:0px 0px 0px 0px;\npadding:0px 0px 0px 0px;\n}\n<\/style>\n<div  class='flex_column av-16dpq6i-ac1acb6e9227a9016d298c314d7c4b49 av_one_fifth  avia-builder-el-11  el_after_av_one_fifth  el_before_av_one_fifth  flex_column_div av-zero-column-padding  column-top-margin'     ><div  class='avia-button-wrap avia-button-center  avia-builder-el-12  avia-builder-el-no-sibling '>\n<style type=\"text\/css\" data-created_by=\"avia_inline_auto\" id=\"style-css-av-ks4ja9vn-c5f0f32944fc65e608610d9eefc987d9\">\n#top #wrap_all .avia-button.av-ks4ja9vn-c5f0f32944fc65e608610d9eefc987d9:hover{\ncolor:white;\ntransition:all 0.4s ease-in-out;\n}\n#top #wrap_all .avia-button.av-ks4ja9vn-c5f0f32944fc65e608610d9eefc987d9:hover .avia-svg-icon svg:first-child{\nfill:white;\nstroke:white;\n}\n<\/style>\n<a href='https:\/\/rcf.fr\/culture-et-societe\/que-faire-en-auvergne?' class='avia-color-silver avia-font-color-theme-color avia-button avia-button-fullwidth av-ks4ja9vn-c5f0f32944fc65e608610d9eefc987d9 avia-icon_select-no avia-color-silver'  target=\"_blank\"  rel=\"noopener noreferrer\"  aria-label=\"Ecoutez nos \u00e9missions radiEAU &quot;Les grands enjeux&quot;\"><span class='avia_iconbox_title' >Ecoutez nos \u00e9missions radiEAU \"Les grands enjeux\"<\/span><div class='av-button-description av-button-description-below'><p>Ecoutez les spots produits en partenariat avec RCF Auvergne sur Replay RCF<\/p>\n<\/div><span class='avia_button_background avia-button avia-button-fullwidth avia-color-theme-color-highlight'><\/span><\/a><\/div><\/div>\n\n<style type=\"text\/css\" data-created_by=\"avia_inline_auto\" id=\"style-css-av-2yecjqi-6081f4562af5b8735e39a46a512be882\">\n.flex_column.av-2yecjqi-6081f4562af5b8735e39a46a512be882{\nborder-radius:0px 0px 0px 0px;\npadding:0px 0px 0px 0px;\n}\n<\/style>\n<div  class='flex_column av-2yecjqi-6081f4562af5b8735e39a46a512be882 av_one_fifth  avia-builder-el-13  el_after_av_one_fifth  el_before_av_four_fifth  flex_column_div av-zero-column-padding  column-top-margin'     ><div  class='avia-button-wrap avia-button-center  avia-builder-el-14  avia-builder-el-no-sibling '>\n<style type=\"text\/css\" data-created_by=\"avia_inline_auto\" id=\"style-css-av-kpmqgpu0-229459d1ed5a49139de892d1bf1a6d25\">\n#top #wrap_all .avia-button.av-kpmqgpu0-229459d1ed5a49139de892d1bf1a6d25:hover{\ncolor:white;\ntransition:all 0.4s ease-in-out;\n}\n#top #wrap_all .avia-button.av-kpmqgpu0-229459d1ed5a49139de892d1bf1a6d25:hover .avia-svg-icon svg:first-child{\nfill:white;\nstroke:white;\n}\n<\/style>\n<a href='https:\/\/www.ern.org\/wp-content\/uploads\/2021\/09\/ConsultEAU_2021-reponseSOSLV.pdf' class='avia-color-orange avia-font-color-theme-color avia-button avia-button-fullwidth av-kpmqgpu0-229459d1ed5a49139de892d1bf1a6d25 avia-icon_select-no avia-color-orange'  target=\"_blank\"  rel=\"noopener noreferrer\"  aria-label=\"Consultation : Lisez la d\u00e9position de SOS Loire Vivante - ERN\"><span class='avia_iconbox_title' >Consultation : Lisez la d\u00e9position de SOS Loire Vivante - ERN<\/span><div class='av-button-description av-button-description-below'><p>Lisez les d\u00e9positions de SOS Loire Vivante &#8211; ERN<\/p>\n<\/div><span class='avia_button_background avia-button avia-button-fullwidth avia-color-theme-color-highlight'><\/span><\/a><\/div><\/div>\n\n<style type=\"text\/css\" data-created_by=\"avia_inline_auto\" id=\"style-css-av-22zwtfu-f9708776c433d806b86bbecb4af5fb33\">\n.flex_column.av-22zwtfu-f9708776c433d806b86bbecb4af5fb33{\nborder-radius:0px 0px 0px 0px;\npadding:0px 0px 0px 0px;\n}\n<\/style>\n<div  class='flex_column av-22zwtfu-f9708776c433d806b86bbecb4af5fb33 av_four_fifth  avia-builder-el-15  el_after_av_one_fifth  el_before_av_one_fifth  first flex_column_div av-zero-column-padding  column-top-margin'     ><section  class='av_textblock_section av-1hzyqne-21db78e1486a9e5332c9d09c322293ea '   itemscope=\"itemscope\" itemtype=\"https:\/\/schema.org\/CreativeWork\" ><div class='avia_textblock'  itemprop=\"text\" ><h6 style=\"text-align: right;\"><em>page commune de ERN et \u00a0SOS Loire Vivante<\/em><\/h6>\n<p style=\"text-align: right;\"><em>&gt;&gt; retourner sur <a href=\"https:\/\/www.rivernet.org\/loire\/soslv\/soslv_f.htm\">le site web exclusivement consacr\u00e9 \u00e0 nos actions sur la Loire<\/a> (SOS Loire Vivante)<\/em><\/p>\n<p style=\"text-align: right;\"><em>&gt;&gt; retourner sur <a href=\"https:\/\/www.ern.org\/fr\/\">le site web des actions nationales et internationales de l&rsquo;association<\/a> (ERN)<\/em><\/p>\n<\/div><\/section><\/div>\n\n<style type=\"text\/css\" data-created_by=\"avia_inline_auto\" id=\"style-css-av-yt7mlm-c137f20e6e565c88255e810af5feed6b\">\n.flex_column.av-yt7mlm-c137f20e6e565c88255e810af5feed6b{\nborder-radius:0px 0px 0px 0px;\npadding:0px 0px 0px 0px;\n}\n<\/style>\n<div  class='flex_column av-yt7mlm-c137f20e6e565c88255e810af5feed6b av_one_fifth  avia-builder-el-17  el_after_av_four_fifth  avia-builder-el-last  flex_column_div av-zero-column-padding  column-top-margin'     ><style type=\"text\/css\" data-created_by=\"avia_inline_auto\" id=\"style-css-av-kl0eve-e50d5addeef983b13cde94ee370d2ef8\">\n.avia-image-container.av-kl0eve-e50d5addeef983b13cde94ee370d2ef8 img.avia_image{\nbox-shadow:none;\n}\n.avia-image-container.av-kl0eve-e50d5addeef983b13cde94ee370d2ef8 .av-image-caption-overlay-center{\ncolor:#ffffff;\n}\n<\/style>\n<div  class='avia-image-container av-kl0eve-e50d5addeef983b13cde94ee370d2ef8 av-styling- avia-align-center  avia-builder-el-18  avia-builder-el-no-sibling '   itemprop=\"image\" itemscope=\"itemscope\" itemtype=\"https:\/\/schema.org\/ImageObject\" ><div class=\"avia-image-container-inner\"><div class=\"avia-image-overlay-wrap\"><img decoding=\"async\" fetchpriority=\"high\" class='wp-image-11148 avia-img-lazy-loading-not-11148 avia_image ' src=\"https:\/\/www.ern.org\/wp-content\/uploads\/2020\/01\/logo_soslv_ern-1-300x122.png\" alt='' title='logo_soslv_ern'  height=\"122\" width=\"300\"  itemprop=\"thumbnailUrl\" srcset=\"https:\/\/www.ern.org\/wp-content\/uploads\/2020\/01\/logo_soslv_ern-1-300x122.png 300w, https:\/\/www.ern.org\/wp-content\/uploads\/2020\/01\/logo_soslv_ern-1.png 500w\" sizes=\"(max-width: 300px) 100vw, 300px\" \/><\/div><\/div><\/div><\/div>\n","protected":false},"excerpt":{"rendered":"","protected":false},"author":5,"featured_media":0,"parent":0,"menu_order":0,"comment_status":"closed","ping_status":"closed","template":"","meta":{"footnotes":""},"class_list":["post-14730","page","type-page","status-publish","hentry"],"_links":{"self":[{"href":"https:\/\/www.ern.org\/fr\/wp-json\/wp\/v2\/pages\/14730","targetHints":{"allow":["GET"]}}],"collection":[{"href":"https:\/\/www.ern.org\/fr\/wp-json\/wp\/v2\/pages"}],"about":[{"href":"https:\/\/www.ern.org\/fr\/wp-json\/wp\/v2\/types\/page"}],"author":[{"embeddable":true,"href":"https:\/\/www.ern.org\/fr\/wp-json\/wp\/v2\/users\/5"}],"replies":[{"embeddable":true,"href":"https:\/\/www.ern.org\/fr\/wp-json\/wp\/v2\/comments?post=14730"}],"version-history":[{"count":0,"href":"https:\/\/www.ern.org\/fr\/wp-json\/wp\/v2\/pages\/14730\/revisions"}],"wp:attachment":[{"href":"https:\/\/www.ern.org\/fr\/wp-json\/wp\/v2\/media?parent=14730"}],"curies":[{"name":"wp","href":"https:\/\/api.w.org\/{rel}","templated":true}]}}