{"id":14698,"date":"2021-05-27T10:59:22","date_gmt":"2021-05-27T08:59:22","guid":{"rendered":"http:\/\/www.ern.org\/?page_id=14698"},"modified":"2022-09-16T10:18:41","modified_gmt":"2022-09-16T08:18:41","slug":"consultation-sdage-2021","status":"publish","type":"page","link":"https:\/\/www.ern.org\/fr\/consultation-sdage-2021\/","title":{"rendered":"SDAGE Loire  2022-2027 et la consultation  2021"},"content":{"rendered":"\n<style type=\"text\/css\" data-created_by=\"avia_inline_auto\" id=\"style-css-av-2hma5ca-68bc4d84311a22cb714503294930e13d\">\n.flex_column.av-2hma5ca-68bc4d84311a22cb714503294930e13d{\n-webkit-border-radius:0px 0px 0px 0px;\n-moz-border-radius:0px 0px 0px 0px;\nborder-radius:0px 0px 0px 0px;\npadding:0px 0px 0px 0px;\n}\n<\/style>\n<div  class='flex_column av-2hma5ca-68bc4d84311a22cb714503294930e13d av_one_full  avia-builder-el-0  el_before_av_one_third  avia-builder-el-first  first flex_column_div av-zero-column-padding  '     ><style type=\"text\/css\" data-created_by=\"avia_inline_auto\" id=\"style-css-av-kp6nw44x-f36e745d9145f550816c3dc7b2238848\">\n#top .av_textblock_section.av-kp6nw44x-f36e745d9145f550816c3dc7b2238848 .avia_textblock{\nfont-size:36px;\n}\n<\/style>\n<section  class='av_textblock_section av-kp6nw44x-f36e745d9145f550816c3dc7b2238848 '   itemscope=\"itemscope\" itemtype=\"https:\/\/schema.org\/CreativeWork\" ><div class='avia_textblock'  itemprop=\"text\" ><h6 style=\"text-align: center;\"><em>page commune de ERN et \u00a0SOS Loire Vivante<\/em><\/h6>\n<p><img loading=\"lazy\" decoding=\"async\" class=\"wp-image-14699 aligncenter\" src=\"http:\/\/www.ern.org\/wp-content\/uploads\/sites\/52\/2021\/05\/Loire-BretagneLogos_640x64.png\" alt=\"\" width=\"768\" height=\"77\" srcset=\"https:\/\/www.ern.org\/wp-content\/uploads\/sites\/52\/2021\/05\/Loire-BretagneLogos_640x64.png 640w, https:\/\/www.ern.org\/wp-content\/uploads\/sites\/52\/2021\/05\/Loire-BretagneLogos_640x64-300x30.png 300w\" sizes=\"auto, (max-width: 768px) 100vw, 768px\" \/><\/p>\n<h1><\/h1>\n<h1 style=\"text-align: center;\">Gestion de l\u2019eau \u00e0 l\u2019\u00e9chelle de la Loire\u00a0:<br \/>\nSDAGE 20<b>22<\/b>-2027<\/h1>\n<\/div><\/section><br \/>\n<section  class='av_textblock_section av-kp6pp8f5-a4b4721d05372128e36678bbb050102c '   itemscope=\"itemscope\" itemtype=\"https:\/\/schema.org\/CreativeWork\" ><div class='avia_textblock'  itemprop=\"text\" ><p style=\"text-align: center;\">Du 1er mars au 1er septembre 2021, les SDAGE* et PPRI* de France a \u00e9t\u00e9 soumis \u00e0 la consultation du public sur chaque bassin versant. Ces documents d\u00e9finissent sur le territoire des bassins versants les politiques publiques pour l&rsquo;eau et les risques d&rsquo;inondation. Ils ont adopt\u00e9s d\u00e9but 2022 et mis en \u0153uvre dans chaque bassin hydrographique de 2022 \u00e0 2027.<em><br \/>\n<\/em><\/p>\n<p style=\"text-align: center;\"><em>(*SDAGE = Sch\u00e9mas directeurs d&rsquo;am\u00e9nagement et de gestion des eaux \/ *PPRI : Plan de gestion des risques d&rsquo;inondation)<\/em><\/p>\n<p style=\"text-align: center;\">Dans le cadre de cette consultation nationale, l&rsquo;Agence de l&rsquo;Eau Loire Bretagne a mis en ligne, \u00e0 l&rsquo;\u00e9chelle du Bassin Versant Loire Bretagne un questionnaire afin de permettre au citoyens de participer \u00e0 l&rsquo;\u00e9loboration des s futures politiques de gestion de l&rsquo;eau.<\/p>\n<p style=\"text-align: center;\"><strong><span style=\"color: #008000;\">SOS Loire vivante a contribu\u00e9 \u00e0 relayer cette consultation du bassin versant Loire Bretagne \u00e0 travers diff\u00e9rents \u00e9v\u00e8nements et notamment une s\u00e9rie de vid\u00e9os d&rsquo;interviews de citoyens. Voici quelques cl\u00e9s pour mieux comprendre les enjeux du SDAGE, la consultation et ces r\u00e9sultats et comment nous avons sensibilis\u00e9 les citoyens.<\/span><\/strong><\/p>\n<\/div><\/section><\/p><\/div>\n<style type=\"text\/css\" data-created_by=\"avia_inline_auto\" id=\"style-css-av-1llp3ca-a151dfb656d097a4ada7186df9f62ce2\">\n.flex_column.av-1llp3ca-a151dfb656d097a4ada7186df9f62ce2{\n-webkit-border-radius:0px 0px 0px 0px;\n-moz-border-radius:0px 0px 0px 0px;\nborder-radius:0px 0px 0px 0px;\npadding:0px 0px 0px 0px;\n}\n<\/style>\n<div  class='flex_column av-1llp3ca-a151dfb656d097a4ada7186df9f62ce2 av_one_third  avia-builder-el-3  el_after_av_one_full  el_before_av_one_third  first flex_column_div av-zero-column-padding  column-top-margin'     ><div  class='avia-button-wrap avia-button-center  avia-builder-el-4  avia-builder-el-no-sibling '>\n<style type=\"text\/css\" data-created_by=\"avia_inline_auto\" id=\"style-css-av-kq6e5rcx-9b45ec51337016485a1a8de1e3eac0d0\">\n#top #wrap_all .avia-button.av-kq6e5rcx-9b45ec51337016485a1a8de1e3eac0d0:hover{\ncolor:white;\n-webkit-transition:all 0.4s ease-in-out;\n-moz-transition:all 0.4s ease-in-out;\n-ms-transition:all 0.4s ease-in-out;\n-o-transition:all 0.4s ease-in-out;\ntransition:all 0.4s ease-in-out;\n}\n<\/style>\n<a href='https:\/\/sdage-sage.eau-loire-bretagne.fr\/home\/le-sdage-2022-2027-loire-bretagne.html' class='avia-color-aqua avia-font-color-theme-color-subtle avia-button avia-button-fullwidth av-kq6e5rcx-9b45ec51337016485a1a8de1e3eac0d0 avia-icon_select-no avia-color-aqua' target=\"_blank\" rel=\"noopener noreferrer\"><span class='avia_iconbox_title' >Mieux comprendre et connaitre le SDAGE <\/span><span class='avia_button_background avia-button avia-button-fullwidth avia-color-theme-color-highlight'><\/span><\/a><\/div><\/div><\/p>\n\n<style type=\"text\/css\" data-created_by=\"avia_inline_auto\" id=\"style-css-av-1apgq0a-2fb2ecfcc54868cbc95e68a41f549c18\">\n.flex_column.av-1apgq0a-2fb2ecfcc54868cbc95e68a41f549c18{\n-webkit-border-radius:0px 0px 0px 0px;\n-moz-border-radius:0px 0px 0px 0px;\nborder-radius:0px 0px 0px 0px;\npadding:0px 0px 0px 0px;\n}\n<\/style>\n<div  class='flex_column av-1apgq0a-2fb2ecfcc54868cbc95e68a41f549c18 av_one_third  avia-builder-el-5  el_after_av_one_third  el_before_av_one_third  flex_column_div av-zero-column-padding  column-top-margin'     ><div  class='avia-button-wrap avia-button-center  avia-builder-el-6  avia-builder-el-no-sibling '>\n<style type=\"text\/css\" data-created_by=\"avia_inline_auto\" id=\"style-css-av-rg3awa-2e33543f5ea8571fd2cafc055e18b2de\">\n#top #wrap_all .avia-button.av-rg3awa-2e33543f5ea8571fd2cafc055e18b2de:hover{\ncolor:white;\n-webkit-transition:all 0.4s ease-in-out;\n-moz-transition:all 0.4s ease-in-out;\n-ms-transition:all 0.4s ease-in-out;\n-o-transition:all 0.4s ease-in-out;\ntransition:all 0.4s ease-in-out;\n}\n<\/style>\n<a href='https:\/\/www.ern.org\/fr\/tous-concernes-par-leau\/' class='avia-color-orange avia-font-color-theme-color-subtle avia-button avia-button-fullwidth av-rg3awa-2e33543f5ea8571fd2cafc055e18b2de avia-icon_select-no avia-color-orange'  target=\"_blank\"  rel=\"noopener noreferrer\" ><span class='avia_iconbox_title' >Comment SOS Loire Vivante a sensibilis\u00e9 et particip\u00e9 \u00e0 la consultation ! Regardez nos webseries et \u00e9cout\u00e9es les emmissions RadiEAU <\/span><span class='avia_button_background avia-button avia-button-fullwidth avia-color-theme-color-highlight'><\/span><\/a><\/div><\/div>\n\n<style type=\"text\/css\" data-created_by=\"avia_inline_auto\" id=\"style-css-av-iz2xoq-a0cd0f1f532561d5e659cd45c8f2a9a3\">\n.flex_column.av-iz2xoq-a0cd0f1f532561d5e659cd45c8f2a9a3{\n-webkit-border-radius:0px 0px 0px 0px;\n-moz-border-radius:0px 0px 0px 0px;\nborder-radius:0px 0px 0px 0px;\npadding:0px 0px 0px 0px;\n}\n<\/style>\n<div  class='flex_column av-iz2xoq-a0cd0f1f532561d5e659cd45c8f2a9a3 av_one_third  avia-builder-el-7  el_after_av_one_third  el_before_av_four_fifth  flex_column_div av-zero-column-padding  column-top-margin'     ><div  class='avia-button-wrap avia-button-center  avia-builder-el-8  avia-builder-el-no-sibling '>\n<style type=\"text\/css\" data-created_by=\"avia_inline_auto\" id=\"style-css-av-kq6dxobe-7ea9ef7e1a1241ee2e3916fd7241de3a\">\n#top #wrap_all .avia-button.av-kq6dxobe-7ea9ef7e1a1241ee2e3916fd7241de3a:hover{\ncolor:white;\n-webkit-transition:all 0.4s ease-in-out;\n-moz-transition:all 0.4s ease-in-out;\n-ms-transition:all 0.4s ease-in-out;\n-o-transition:all 0.4s ease-in-out;\ntransition:all 0.4s ease-in-out;\n}\n<\/style>\n<a href='https:\/\/sdage-sage.eau-loire-bretagne.fr\/home\/consultation-eau\/consultations-sur-leau---les-resultats\/consultation-eau-2021.html' class='avia-color-blue avia-font-color-theme-color-subtle avia-button avia-button-fullwidth av-kq6dxobe-7ea9ef7e1a1241ee2e3916fd7241de3a avia-icon_select-no avia-color-blue' target=\"_blank\" rel=\"noopener noreferrer\"><span class='avia_iconbox_title' >Connaitre les r\u00e9sultats de la consultation de 2021<\/span><span class='avia_button_background avia-button avia-button-fullwidth avia-color-theme-color-highlight'><\/span><\/a><\/div><\/div>\n\n<style type=\"text\/css\" data-created_by=\"avia_inline_auto\" id=\"style-css-av-20uvbqi-eca1fa4af8ac0b28123258ea31580079\">\n.flex_column.av-20uvbqi-eca1fa4af8ac0b28123258ea31580079{\n-webkit-border-radius:0px 0px 0px 0px;\n-moz-border-radius:0px 0px 0px 0px;\nborder-radius:0px 0px 0px 0px;\npadding:0px 0px 0px 0px;\n}\n<\/style>\n<div  class='flex_column av-20uvbqi-eca1fa4af8ac0b28123258ea31580079 av_four_fifth  avia-builder-el-9  el_after_av_one_third  el_before_av_one_fifth  first flex_column_div av-zero-column-padding  column-top-margin'     ><section  class='av_textblock_section av-1fy2uga-960a054447a786792de1c6fbd62481a8 '   itemscope=\"itemscope\" itemtype=\"https:\/\/schema.org\/CreativeWork\" ><div class='avia_textblock'  itemprop=\"text\" ><h6 style=\"text-align: right;\"><em>\u00a0page commune de ERN et \u00a0SOS Loire Vivante.<\/em><\/h6>\n<p style=\"text-align: right;\"><em>&gt;&gt; retourner sur <a href=\"https:\/\/www.rivernet.org\/loire\/soslv\/soslv_f.htm\">le site web exclusivement consacr\u00e9 \u00e0 nos actions sur la Loire<\/a> (SOS Loire Vivante)<\/em><\/p>\n<p style=\"text-align: right;\"><em>&gt;&gt; retourner sur <a href=\"https:\/\/www.ern.org\/fr\/\">le site web des actions nationales et internationales de l&rsquo;association<\/a> (ERN)<\/em><\/p>\n<\/div><\/section><\/div>\n\n<style type=\"text\/css\" data-created_by=\"avia_inline_auto\" id=\"style-css-av-14bpjnu-b014abb13b215b149ffcec012d606a30\">\n.flex_column.av-14bpjnu-b014abb13b215b149ffcec012d606a30{\n-webkit-border-radius:0px 0px 0px 0px;\n-moz-border-radius:0px 0px 0px 0px;\nborder-radius:0px 0px 0px 0px;\npadding:0px 0px 0px 0px;\n}\n<\/style>\n<div  class='flex_column av-14bpjnu-b014abb13b215b149ffcec012d606a30 av_one_fifth  avia-builder-el-11  el_after_av_four_fifth  avia-builder-el-last  flex_column_div av-zero-column-padding  column-top-margin'     ><style type=\"text\/css\" data-created_by=\"avia_inline_auto\" id=\"style-css-av-ke82ju-79550a24943a5a3992e28b46c835bd2c\">\n.avia-image-container.av-ke82ju-79550a24943a5a3992e28b46c835bd2c img.avia_image{\nbox-shadow:none;\n}\n.avia-image-container.av-ke82ju-79550a24943a5a3992e28b46c835bd2c .av-image-caption-overlay-center{\ncolor:#ffffff;\n}\n<\/style>\n<div  class='avia-image-container av-ke82ju-79550a24943a5a3992e28b46c835bd2c av-styling- avia-align-center  avia-builder-el-12  avia-builder-el-no-sibling '   itemprop=\"image\" itemscope=\"itemscope\" itemtype=\"https:\/\/schema.org\/ImageObject\" ><div class=\"avia-image-container-inner\"><div class=\"avia-image-overlay-wrap\"><img decoding=\"async\" class='wp-image-11148 avia-img-lazy-loading-not-11148 avia_image ' src=\"https:\/\/www.ern.org\/wp-content\/uploads\/sites\/52\/2020\/01\/logo_soslv_ern-300x122.png\" alt='' title='logo_soslv_ern'  height=\"122\" width=\"300\"  itemprop=\"thumbnailUrl\" srcset=\"https:\/\/www.ern.org\/wp-content\/uploads\/sites\/52\/2020\/01\/logo_soslv_ern-300x122.png 300w, https:\/\/www.ern.org\/wp-content\/uploads\/sites\/52\/2020\/01\/logo_soslv_ern.png 500w\" sizes=\"(max-width: 300px) 100vw, 300px\" \/><\/div><\/div><\/div><\/div>\n","protected":false},"excerpt":{"rendered":"","protected":false},"author":149,"featured_media":0,"parent":0,"menu_order":0,"comment_status":"closed","ping_status":"closed","template":"","meta":{"footnotes":"","_links_to":"","_links_to_target":""},"class_list":["post-14698","page","type-page","status-publish","hentry"],"_links":{"self":[{"href":"https:\/\/www.ern.org\/fr\/wp-json\/wp\/v2\/pages\/14698","targetHints":{"allow":["GET"]}}],"collection":[{"href":"https:\/\/www.ern.org\/fr\/wp-json\/wp\/v2\/pages"}],"about":[{"href":"https:\/\/www.ern.org\/fr\/wp-json\/wp\/v2\/types\/page"}],"author":[{"embeddable":true,"href":"https:\/\/www.ern.org\/fr\/wp-json\/wp\/v2\/users\/149"}],"replies":[{"embeddable":true,"href":"https:\/\/www.ern.org\/fr\/wp-json\/wp\/v2\/comments?post=14698"}],"version-history":[{"count":0,"href":"https:\/\/www.ern.org\/fr\/wp-json\/wp\/v2\/pages\/14698\/revisions"}],"wp:attachment":[{"href":"https:\/\/www.ern.org\/fr\/wp-json\/wp\/v2\/media?parent=14698"}],"curies":[{"name":"wp","href":"https:\/\/api.w.org\/{rel}","templated":true}]}}