{"id":146,"date":"2016-11-29T17:25:54","date_gmt":"2016-11-29T16:25:54","guid":{"rendered":"https:\/\/www.ern.org\/fr\/?page_id=146"},"modified":"2026-02-06T07:43:54","modified_gmt":"2026-02-06T07:43:54","slug":"effacement-du-barrage-de-maisons-rouges","status":"publish","type":"page","link":"https:\/\/www.ern.org\/fr\/effacement-du-barrage-de-maisons-rouges\/","title":{"rendered":"Effacement du barrage de Maisons-Rouges"},"content":{"rendered":"\n<style type=\"text\/css\" data-created_by=\"avia_inline_auto\" id=\"style-css-av-2ihpw2-6719759acc9af6d17d29f266bec87902\">\n.flex_column.av-2ihpw2-6719759acc9af6d17d29f266bec87902{\nborder-radius:0px 0px 0px 0px;\npadding:0px 0px 0px 0px;\n}\n<\/style>\n<div  class='flex_column av-2ihpw2-6719759acc9af6d17d29f266bec87902 av_one_full  avia-builder-el-0  el_before_av_one_full  avia-builder-el-first  first flex_column_div av-zero-column-padding  '     ><style type=\"text\/css\" data-created_by=\"avia_inline_auto\" id=\"style-css-av-2g0nve-b11e715868016d6ffee8c5afd8d31006\">\n#top .av-special-heading.av-2g0nve-b11e715868016d6ffee8c5afd8d31006{\npadding-bottom:10px;\n}\nbody .av-special-heading.av-2g0nve-b11e715868016d6ffee8c5afd8d31006 .av-special-heading-tag .heading-char{\nfont-size:25px;\n}\n.av-special-heading.av-2g0nve-b11e715868016d6ffee8c5afd8d31006 .av-subheading{\nfont-size:15px;\n}\n<\/style>\n<div  class='av-special-heading av-2g0nve-b11e715868016d6ffee8c5afd8d31006 av-special-heading-h2 blockquote modern-quote  avia-builder-el-1  avia-builder-el-no-sibling '><h2 class='av-special-heading-tag '  itemprop=\"headline\"  >Effacement du barrage de Maisons-Rouges<\/h2><div class='av-subheading av-subheading_below'><p>Rivi\u00e8re Vienne (bassin de la Loire), Indre-et-Loire, France, 1998<\/p>\n<\/div><div class=\"special-heading-border\"><div class=\"special-heading-inner-border\"><\/div><\/div><\/div><\/div>\n\n<style type=\"text\/css\" data-created_by=\"avia_inline_auto\" id=\"style-css-av-29vusq-82c075809bf7eac7126fc7f6c83c8f45\">\n.flex_column.av-29vusq-82c075809bf7eac7126fc7f6c83c8f45{\nborder-radius:0px 0px 0px 0px;\npadding:0px 0px 0px 0px;\n}\n<\/style>\n<div  class='flex_column av-29vusq-82c075809bf7eac7126fc7f6c83c8f45 av_one_full  avia-builder-el-2  el_after_av_one_full  el_before_av_one_full  first flex_column_div av-zero-column-padding  column-top-margin'     ><section  class='av_textblock_section av-7oore-69970a3db3c1c7f1e230e7dd672d1571 '   itemscope=\"itemscope\" itemtype=\"https:\/\/schema.org\/CreativeWork\" ><div class='avia_textblock'  itemprop=\"text\" ><h3>Contexte<\/h3>\n<div id=\"attachment_149\" style=\"width: 467px\" class=\"wp-caption alignright\"><img loading=\"lazy\" decoding=\"async\" aria-describedby=\"caption-attachment-149\" class=\"wp-image-149\" src=\"http:\/\/basic1.location-site-web.eu\/ern\/wp-content\/uploads\/sites\/52\/2016\/11\/Maisons-Rouges_dam_cc_roberto_epple_ERN.jpg\" alt=\"maisons-rouges_dam_cc_roberto_epple_ern\" width=\"457\" height=\"312\" \/><p id=\"caption-attachment-149\" class=\"wp-caption-text\">Barrage de Maisons-Rouges \u00a9 Roberto Epple &#8211; ERN France<\/p><\/div>\n<p>Construit en 1922 sous le r\u00e9gime de la concession hydro\u00e9lectrique, \u00e0 800 m\u00e8tres \u00e0 l&rsquo;aval de la confluence de la Vienne et de la Creuse, le barrage de Maisons-Rouges pr\u00e9sente un d\u00e9nivel\u00e9 de 4 m\u00e8tres environ (\u00e0 l&rsquo;aval d&rsquo;un bassin versant de pr\u00e8s de 20 000 km2). Cr\u00e9\u00e9 au d\u00e9part pour les besoins d&rsquo;une papeterie, il a ensuite \u00e9t\u00e9 int\u00e9gr\u00e9 dans le patrimoine d&rsquo;EDF. La position de ce barrage, le premier depuis la mer, sa situation \u00e0 une confluence de grandes rivi\u00e8res ont entra\u00een\u00e9 un fort impact sur de nombreuses esp\u00e8ces de poissons migrateurs. Notamment le saumon, qui souffrait d\u00e9j\u00e0 d&rsquo;une r\u00e9duction de l&rsquo;acc\u00e8s \u00e0 une partie des fray\u00e8res, a disparu. Les aloses se sont cantonn\u00e9es sur une fray\u00e8re relictuelle \u00e0 l&rsquo;aval du barrage, avec des probl\u00e8mes d&rsquo;hybridation entre Grande Alose et Alose feinte. Les diverses passes \u00e0 poissons construites ont eu une efficacit\u00e9 tr\u00e8s faible, et les diff\u00e9rents plans de r\u00e9introduction du Saumon sur la Gartempe, affluent de la Vienne, n&rsquo;ont pas eu de r\u00e9sultats probants.<\/p>\n<p>Dans le cadre du plan \u00ab\u00a0Loire Grandeur Nature\u00a0\u00bb adopt\u00e9 en janvier 1994, le Gouvernement a d\u00e9cid\u00e9 que la concession de ce barrage ne serait pas renouvel\u00e9e \u00e0 son expiration le 31 d\u00e9cembre 1994 et que l&rsquo;Etat, devenant propri\u00e9taire du site \u00e0 l&rsquo;expiration de la concession, entreprendrait la d\u00e9molition de cet ouvrage, en raison de l&rsquo;importance des impacts, non compens\u00e9s par un int\u00e9r\u00eat \u00e9conomique suffisant.<\/p>\n<p>Le \u00ab\u00a0Plan Loire Grandeur Nature\u00a0\u00bb,\u00a0 programme de gestion du bassin de la Loire, qui vise \u00e0 concilier la s\u00e9curit\u00e9 des personnes, le d\u00e9veloppement \u00e9conomique et la protection de l&rsquo;environnement, comporte un volet de restauration des populations de saumons. Ce volet inclut la destruction d&rsquo;autres barrages sur le bassin de la Loire, la construction d&rsquo;une salmoniculture sur le Haut-Allier, l&rsquo;interdiction de la p\u00eache au saumon et l&rsquo;\u00e9limination d&rsquo;autres obstacles \u00e0 la migration du saumon.<\/p>\n<\/div><\/section><\/div>\n\n<style type=\"text\/css\" data-created_by=\"avia_inline_auto\" id=\"style-css-av-1uhe5e-f8bbd845204bee9e3c1a61f5ab7ebcdb\">\n.flex_column.av-1uhe5e-f8bbd845204bee9e3c1a61f5ab7ebcdb{\nborder-radius:0px 0px 0px 0px;\npadding:0px 0px 0px 0px;\n}\n<\/style>\n<div  class='flex_column av-1uhe5e-f8bbd845204bee9e3c1a61f5ab7ebcdb av_one_full  avia-builder-el-4  el_after_av_one_full  el_before_av_one_full  first flex_column_div av-zero-column-padding  column-top-margin'     ><section  class='av_textblock_section av-1p8jje-025f9a2b6279ef139869cd93b54e88c3 '   itemscope=\"itemscope\" itemtype=\"https:\/\/schema.org\/CreativeWork\" ><div class='avia_textblock'  itemprop=\"text\" ><h3>Ma\u00eetrise d&rsquo;ouvrage<\/h3>\n<p>La ma\u00eetrise d&rsquo;ouvrage a \u00e9t\u00e9 assur\u00e9e par l&rsquo;Etat (Minist\u00e8re charg\u00e9 de l&rsquo;environnement). L&rsquo;op\u00e9ration a \u00e9t\u00e9 conduite par la direction d\u00e9partementale de l&rsquo;Equipement d&rsquo;Indre et Loire et la ma\u00eetrise d&rsquo;oeuvre par EDF. Le co\u00fbt s&rsquo;\u00e9l\u00e8ve autour de 2,2 Million (14 millions de Francs). Il a \u00e9t\u00e9 assur\u00e9 par le Minist\u00e8re de l&rsquo;am\u00e9nagement du territoire et de l&rsquo;environnement, avec des aides de l&rsquo;agence de l&rsquo;eau et d&rsquo;EDF.<\/p>\n<\/div><\/section><\/div>\n\n<style type=\"text\/css\" data-created_by=\"avia_inline_auto\" id=\"style-css-av-1l77aa-202fecde7b2e01399bed1a5557713d92\">\n.flex_column.av-1l77aa-202fecde7b2e01399bed1a5557713d92{\nborder-radius:0px 0px 0px 0px;\npadding:0px 0px 0px 0px;\n}\n<\/style>\n<div  class='flex_column av-1l77aa-202fecde7b2e01399bed1a5557713d92 av_one_full  avia-builder-el-6  el_after_av_one_full  el_before_av_one_full  first flex_column_div av-zero-column-padding  column-top-margin'     ><section  class='av_textblock_section av-1h5a76-3df1390e46a9c31db5a41f4d4a551ca7 '   itemscope=\"itemscope\" itemtype=\"https:\/\/schema.org\/CreativeWork\" ><div class='avia_textblock'  itemprop=\"text\" ><h3>Difficult\u00e9s particuli\u00e8res<\/h3>\n<div id=\"attachment_150\" style=\"width: 463px\" class=\"wp-caption alignright\"><img loading=\"lazy\" decoding=\"async\" aria-describedby=\"caption-attachment-150\" class=\"wp-image-150\" src=\"http:\/\/basic1.location-site-web.eu\/ern\/wp-content\/uploads\/sites\/52\/2016\/11\/Maisons-Rouges_dam_decommissioning_cc_roberto_epple_ERN.jpg\" alt=\"maisons-rouges_dam_decommissioning_cc_roberto_epple_ern\" width=\"453\" height=\"305\" \/><p id=\"caption-attachment-150\" class=\"wp-caption-text\">D\u00e9mant\u00e8lement du barrage de Maisons-Rouges \u00a9 Roberto Epple &#8211; ERN France<\/p><\/div>\n<p>La principale difficult\u00e9 a \u00e9t\u00e9 l&rsquo;opposition des \u00e9lus locaux, en raison de pertes fiscales significatives pour plusieurs communes rurales. Elle a conduit \u00e0 engager un plan d&rsquo;accompagnement \u00e9conomique, de m\u00eame importance financi\u00e8re que le co\u00fbt de la d\u00e9molition proprement dite. D&rsquo;importantes aides ont \u00e9t\u00e9 accord\u00e9es par l&rsquo;Etat, l&rsquo;agence de l&rsquo;eau, EDF et les collectivit\u00e9s territoriales pour des op\u00e9rations de d\u00e9veloppement local.<\/p>\n<p>La d\u00e9molition a \u00e9t\u00e9 r\u00e9alis\u00e9e pendant l&rsquo;\u00e9t\u00e9 1998, les difficult\u00e9s techniques ayant bien \u00e9t\u00e9 appr\u00e9hend\u00e9es par la ma\u00eetrise d\u2019\u0153uvre. Apr\u00e8s isolement d&rsquo;une premi\u00e8re moiti\u00e9 du chantier par des batardeaux permettant de conserver jusqu&rsquo;\u00e0 la fin ao\u00fbt le plan d&rsquo;eau n\u00e9cessaire \u00e0 l&rsquo;irrigation des terres agricoles, la d\u00e9molition a consist\u00e9 essentiellement en un d\u00e9coupage des 3 rideaux de palplanches au chalumeau et en la d\u00e9molition \u00e0 la pelleteuse du corps du barrage. Un seuil noy\u00e9 a \u00e9t\u00e9 reconstitu\u00e9 en fond du lit de la rivi\u00e8re pour \u00e9viter, d&rsquo;une part, des \u00e9rosions r\u00e9gressives, pr\u00e9visibles en raison de l&rsquo;existence d&rsquo;anciennes extractions massives de sable dans le lit de la Vienne et de la Loire, et d&rsquo;autre part pour limiter la migration des s\u00e9diments situ\u00e9s en amont de la retenue.<\/p>\n<p>Les s\u00e9diments constitu\u00e9s de sable n&rsquo;ont pos\u00e9 aucun probl\u00e8me de qualit\u00e9. De nombreux pompages agricoles qui existaient dans la retenue ont \u00e9t\u00e9 r\u00e9tablis par l&rsquo;Etat (le co\u00fbt du r\u00e9tablissement est int\u00e9gr\u00e9 dans le co\u00fbt global de la d\u00e9molition). Par contre, un camping, proche de la confluence 800 m \u00e0 l&rsquo;amont du barrage, a subi un glissement de terrain et un des b\u00e2timents pr\u00e9sente quelques fissures, sans doute en partie \u00e0 cause de la modification des \u00e9coulements des eaux souterraines li\u00e9e \u00e0 l&rsquo;abaissement de 4 m\u00e8tres du plan d&rsquo;eau.<\/p>\n<\/div><\/section><\/div>\n\n<style type=\"text\/css\" data-created_by=\"avia_inline_auto\" id=\"style-css-av-18iu9u-bfa32c4fb10baf8b0b21eae969f50f51\">\n.flex_column.av-18iu9u-bfa32c4fb10baf8b0b21eae969f50f51{\nborder-radius:0px 0px 0px 0px;\npadding:0px 0px 0px 0px;\n}\n<\/style>\n<div  class='flex_column av-18iu9u-bfa32c4fb10baf8b0b21eae969f50f51 av_one_full  avia-builder-el-8  el_after_av_one_full  el_before_av_one_full  first flex_column_div av-zero-column-padding  column-top-margin'     ><section  class='av_textblock_section av-12jml6-f6c85ef133a919a6f208990d01e6d9ef '   itemscope=\"itemscope\" itemtype=\"https:\/\/schema.org\/CreativeWork\" ><div class='avia_textblock'  itemprop=\"text\" ><h3>B\u00e9n\u00e9fices de l&rsquo;effacement<\/h3>\n<div id=\"attachment_151\" style=\"width: 508px\" class=\"wp-caption alignright\"><img loading=\"lazy\" decoding=\"async\" aria-describedby=\"caption-attachment-151\" class=\"wp-image-151 \" src=\"http:\/\/basic1.location-site-web.eu\/ern\/wp-content\/uploads\/sites\/52\/2016\/11\/Maisons-Rouges_10years_after_cc_roberto_epple_ERN.jpg\" alt=\"maisons-rouges_10years_after_cc_roberto_epple_ern\" width=\"498\" height=\"332\" \/><p id=\"caption-attachment-151\" class=\"wp-caption-text\">Maisons-Rouges, 10 ans apr\u00e8s l&rsquo;effacement. <br \/>\u00a9 Roberto Epple &#8211; ERN France<\/p><\/div>\n<p>Les aloses ont rapidement b\u00e9n\u00e9fici\u00e9 de l&rsquo;effacement du barrage : 433 aloses ont \u00e9t\u00e9 captur\u00e9es sur la Vienne \u00e0 Chatellerault, 20 km \u00e0 l&rsquo;amont de Maisons-Rouges (91 dans la passe \u00e0 poissons et 342 en p\u00eache de sauvetage ; elles ont toutes \u00e9t\u00e9 rel\u00e2ch\u00e9es, parmi elles, 156 \u00e0 l&rsquo;amont du barrage) et 15 sur la Creuse \u00e0 l&rsquo;aval de Descartes, 12 km \u00e0 l&rsquo;amont de Maisons-Rouges. Des fray\u00e8res actives ont \u00e9t\u00e9 observ\u00e9es sur la Vienne \u00e0 Chatellerault et sur la Creuse \u00e0 l&rsquo;Ilette. Des lamproies ont \u00e9t\u00e9 observ\u00e9es sur la Vienne en aval du barrage de Chatellerault. Une recolonisation cons\u00e9quente par la lamproie a \u00e9t\u00e9 constat\u00e9e sur la Creuse jusqu&rsquo;\u00e0 St-Gautier, sur la Gartempe jusqu&rsquo;\u00e0 Saulg\u00e9 et sur l&rsquo;Anglin jusqu&rsquo;\u00e0 Concrenier. L&rsquo;observation en juillet 1999 d&rsquo;un saumon vivant, de 88 cm de long et d&rsquo;un poids de 4,8 kg, dans la Gartempe \u00e0 Ch\u00e2teauponsac en Haute-Vienne est un signe encourageant. Il n&rsquo;avait pas \u00e9t\u00e9 observ\u00e9 de saumon \u00e0 ce niveau de la rivi\u00e8re depuis les ann\u00e9es 20, apr\u00e8s la construction du barrage de Maisons-Rouges. Ce retour symbolique du saumon, apr\u00e8s celui des aloses et des lamproies constat\u00e9 cet hiver, confirme les effets b\u00e9n\u00e9fiques de l&rsquo;effacement du barrage de Maisons Rouges pour les poissons migrateurs.<\/p>\n<p>Le programme de suivi mis en place sur 10 ans suite \u00e0 l&rsquo;effacement du barrage, par l&rsquo;Universit\u00e9 de Chinon, a montr\u00e9 une augmentation exceptionnel du nombre de poissons migrateurs.<\/p>\n<p>Quelques chiffres, en 2004 et 2007, la station automatique de comptage situ\u00e9 20 km en amont de Maisons-Rouges a enregistr\u00e9 respectivement :<\/p>\n<ul>\n<li>3 500 et 9 500 aloses<\/li>\n<li>8 300 et 41 600 lamproies marines<\/li>\n<li>2 et 12 truites de mer<\/li>\n<li>2 et 11 saumons sauvages adultes<\/li>\n<\/ul>\n<p>De plus, seulement pour la Creuse, en 2007 environs 9 000 aloses, 51 000 lamproies marines, 4 truites de mer et 60 saumons sauvages ont \u00e9t\u00e9 d\u00e9nombr\u00e9 \u00e0 la station de comptage automatique de Descartes, 12 km en amont de Maisons-Rouges.<\/p>\n<p>la d\u00e9molition de ce barrage a \u00e9t\u00e9 sans aucun doute un succ\u00e8s. En parall\u00e8le de l&rsquo;\u00e9tude sur les poissons migrateurs, il a aussi \u00e9t\u00e9 d\u00e9montr\u00e9 une tr\u00e8s importante r\u00e9duction du d\u00e9ficit s\u00e9dimentaire dans le lit mineur de la Vienne, avec un impact positif jusque pour la Loire.<\/p>\n<\/div><\/section><\/div>\n\n<style type=\"text\/css\" data-created_by=\"avia_inline_auto\" id=\"style-css-av-w9hdu-9f299780f1589a47ad2d2043e51c71f5\">\n.flex_column.av-w9hdu-9f299780f1589a47ad2d2043e51c71f5{\nborder-radius:0px 0px 0px 0px;\npadding:0px 0px 0px 0px;\n}\n<\/style>\n<div  class='flex_column av-w9hdu-9f299780f1589a47ad2d2043e51c71f5 av_one_full  avia-builder-el-10  el_after_av_one_full  el_before_av_one_half  first flex_column_div av-zero-column-padding  column-top-margin'     ><section  class='av_textblock_section av-lsddoyxt-3278840ee4f8b3b0dd365640003c573a '   itemscope=\"itemscope\" itemtype=\"https:\/\/schema.org\/CreativeWork\" ><div class='avia_textblock'  itemprop=\"text\" ><h3>En savoir +<\/h3>\n<ul>\n<li><a href=\"https:\/\/ern-sosloirevivante.org\/wp-content\/uploads\/2024\/02\/21_22_rex_r1_vienne_vbat.pdf\" target=\"_blank\" rel=\"noopener\">Fiche \u00ab\u00a0retour d&rsquo;exp\u00e9rience\u00a0\u00bb &#8211; OFB, 2010<\/a><\/li>\n<\/ul>\n<ul>\n<li>Poissons migrateurs sur le bassin de la Vienne, Perspectives de d\u00e9veloppement apr\u00e8s effacement du barrage de Maisons Rouges, JF LUQUET, octobre 1993.<\/li>\n<li>Le franchissement du barrage de Maisons Rouges sur la Vienne par les poissons migrateurs, rapport d&rsquo;expertise, M. LARINIER et F.TRAVADE, 1993.<\/li>\n<li>La suppression totale du barrage de Maisons Rouges au Bec-des-Deux-Eaux sur la Vienne : une n\u00e9cessit\u00e9 pour l&rsquo;avenir des migrateurs et de la socio-\u00e9conomie des p\u00eaches, Dr P. BOISNEAU de l&rsquo;Association agr\u00e9e interd\u00e9partementale des p\u00eacheurs professionnels du bassin de la Loire et des cours d&rsquo;eau bretons, mai 1994.<\/li>\n<li>Expertise du g\u00e9nie civil du barrage de Maisons Rouges, bureau d&rsquo;\u00e9tude ISL pour la DDE Indre et Loire, octobre 1996.<\/li>\n<li>Compte rendu de la r\u00e9union qui s&rsquo;\u00e9tait tenue le 21 novembre 1996 \u00e0 la pr\u00e9fecture d&rsquo;Indre et Loire, sur l&rsquo;avenir du barrage de Maisons Rouges.<\/li>\n<li>\u00ab\u00a0R\u00e9sum\u00e9 non technique \u00ab\u00a0, partie IV de l&rsquo;\u00e9tude effectu\u00e9e par SEPIA Conseils, d\u00e9cembre 1997.<\/li>\n<li>Restauration des Poissons Migrateurs du Bassin de la Vienne : Objectifs et Investissement, Conseil Sup\u00e9rieur de la P\u00eache (Cellule Plan Loire), novembre 1996.<\/li>\n<li>Etude de faisablit\u00e9 et de programmation pour un projet de d\u00e9veloppement local : P\u00f4le d&rsquo;Animation sur la Vall\u00e9e de la Vienne et les Poissons Migrateurs sur la commune de Ports-sur-Vienne, demand\u00e9e par la Pr\u00e9fecture d&rsquo;Indre-et-Loire, avril 1999.<\/li>\n<li>Abondance de la Grande Alose dans la Loire, bilan de diff\u00e9rentes \u00e9tudes, 1998.<\/li>\n<li>Revue de presse.\u2028- Effacement du barrage de maisons Rouges, synth\u00e8se de O. CLERICY et P. BERTEAUD, 1994.<\/li>\n<li>Etudes des modalit\u00e9s et des implications de l&rsquo;effacement du barrage de Maisons Rouges, SEPIA-CONSEIL, 1994.<\/li>\n<li>Etudes des cons\u00e9quences socio-economiques de l&rsquo;effacement du barrage de Maisons Rouges, Groupe Coh\u00e9rences, 1994.<\/li>\n<\/ul>\n<\/div><\/section><\/div>\n\n<style type=\"text\/css\" data-created_by=\"avia_inline_auto\" id=\"style-css-av-pjsrm-af9657d9a715a59c52cf55843c009ef3\">\n.flex_column.av-pjsrm-af9657d9a715a59c52cf55843c009ef3{\nborder-radius:0px 0px 0px 0px;\npadding:0px 0px 0px 0px;\n}\n<\/style>\n<div  class='flex_column av-pjsrm-af9657d9a715a59c52cf55843c009ef3 av_one_half  avia-builder-el-12  el_after_av_one_full  el_before_av_one_half  first flex_column_div av-zero-column-padding  column-top-margin'     ><section  class='av_textblock_section av-l2nua-9bffe0a895b0bce4f7182f0bcc19b01b '   itemscope=\"itemscope\" itemtype=\"https:\/\/schema.org\/CreativeWork\" ><div class='avia_textblock'  itemprop=\"text\" ><p style=\"text-align: right;\"><a href=\"\/en?page_id=165\">Effacement pr\u00e9c\u00e9dent<\/a><br \/>\n<a href=\"\/en?page_id=165\">&lt; &#8211; &#8211; &#8211; &#8211; &#8211; &#8211; &#8211; &#8211; &#8211; &#8211; &#8211; &#8211; &#8211;<\/a><\/p>\n<\/div><\/section><\/div>\n<style type=\"text\/css\" data-created_by=\"avia_inline_auto\" id=\"style-css-av-gus8y-0d16fa10f35d6cf930f17d479d3f5d23\">\n.flex_column.av-gus8y-0d16fa10f35d6cf930f17d479d3f5d23{\nborder-radius:0px 0px 0px 0px;\npadding:0px 0px 0px 0px;\n}\n<\/style>\n<div  class='flex_column av-gus8y-0d16fa10f35d6cf930f17d479d3f5d23 av_one_half  avia-builder-el-14  el_after_av_one_half  avia-builder-el-last  flex_column_div av-zero-column-padding  column-top-margin'     ><section  class='av_textblock_section av-ba262-8fa7a04c61f1c2577cdbbc76f041b0ae '   itemscope=\"itemscope\" itemtype=\"https:\/\/schema.org\/CreativeWork\" ><div class='avia_textblock'  itemprop=\"text\" ><p><a href=\"\/en?page_id=138\">Effacement suivant<\/a><br \/>\n<a href=\"\/en?page_id=138\">&#8211; &#8211; &#8211; &#8211; &#8211; &#8211; &#8211; &#8211; &#8211; &#8211; &#8211; &gt;<\/a><\/p>\n<\/div><\/section><\/div><\/p>\n","protected":false},"excerpt":{"rendered":"","protected":false},"author":5,"featured_media":0,"parent":0,"menu_order":0,"comment_status":"closed","ping_status":"closed","template":"","meta":{"footnotes":""},"class_list":["post-146","page","type-page","status-publish","hentry"],"_links":{"self":[{"href":"https:\/\/www.ern.org\/fr\/wp-json\/wp\/v2\/pages\/146","targetHints":{"allow":["GET"]}}],"collection":[{"href":"https:\/\/www.ern.org\/fr\/wp-json\/wp\/v2\/pages"}],"about":[{"href":"https:\/\/www.ern.org\/fr\/wp-json\/wp\/v2\/types\/page"}],"author":[{"embeddable":true,"href":"https:\/\/www.ern.org\/fr\/wp-json\/wp\/v2\/users\/5"}],"replies":[{"embeddable":true,"href":"https:\/\/www.ern.org\/fr\/wp-json\/wp\/v2\/comments?post=146"}],"version-history":[{"count":0,"href":"https:\/\/www.ern.org\/fr\/wp-json\/wp\/v2\/pages\/146\/revisions"}],"wp:attachment":[{"href":"https:\/\/www.ern.org\/fr\/wp-json\/wp\/v2\/media?parent=146"}],"curies":[{"name":"wp","href":"https:\/\/api.w.org\/{rel}","templated":true}]}}