{"id":14033,"date":"2021-03-25T11:34:04","date_gmt":"2021-03-25T10:34:04","guid":{"rendered":"http:\/\/www.ern.org\/?page_id=14033"},"modified":"2026-02-06T07:44:26","modified_gmt":"2026-02-06T07:44:26","slug":"14033-2","status":"publish","type":"page","link":"https:\/\/www.ern.org\/fr\/webinaires\/14033-2\/","title":{"rendered":"WEBINAIRE VICHY du 22 mars 2021"},"content":{"rendered":"\n<style type=\"text\/css\" data-created_by=\"avia_inline_auto\" id=\"style-css-av-220xt5-0b895c89a7edfff7da45b7ac96790f85\">\n.flex_column.av-220xt5-0b895c89a7edfff7da45b7ac96790f85{\nborder-radius:0px 0px 0px 0px;\npadding:0px 0px 0px 0px;\n}\n<\/style>\n<div  class='flex_column av-220xt5-0b895c89a7edfff7da45b7ac96790f85 av_one_full  avia-builder-el-0  el_before_av_one_full  avia-builder-el-first  first flex_column_div av-zero-column-padding  '     ><p>\n<style type=\"text\/css\" data-created_by=\"avia_inline_auto\" id=\"style-css-av-6k4tch-03550a4d94e442898ed59bad65bf1587\">\n#top .av-special-heading.av-6k4tch-03550a4d94e442898ed59bad65bf1587{\npadding-bottom:10px;\n}\nbody .av-special-heading.av-6k4tch-03550a4d94e442898ed59bad65bf1587 .av-special-heading-tag .heading-char{\nfont-size:25px;\n}\n.av-special-heading.av-6k4tch-03550a4d94e442898ed59bad65bf1587 .av-subheading{\nfont-size:15px;\n}\n<\/style>\n<div  class='av-special-heading av-6k4tch-03550a4d94e442898ed59bad65bf1587 av-special-heading-h2 blockquote modern-quote modern-centered  avia-builder-el-1  el_before_av_hr  avia-builder-el-first  av-linked-heading'><h2 class='av-special-heading-tag '  itemprop=\"headline\"  >\u00ab\u00a0BARRAGE DE VICHY : UNE CENTRALE HYDRO\u00c9LECTRIQUE DE PLUS SUR UNE RIVI\u00c8RE \u00c0 MIGRATEURS ? BON OU MAUVAIS PROJET ?\u00a0\u00bb<\/h2><div class=\"special-heading-border\"><div class=\"special-heading-inner-border\"><\/div><\/div><\/div><br \/>\n\n<style type=\"text\/css\" data-created_by=\"avia_inline_auto\" id=\"style-css-av-jujvz7v2-1884872d03a5ed4cde9c27f051e67d3e\">\n#top .hr.hr-invisible.av-jujvz7v2-1884872d03a5ed4cde9c27f051e67d3e{\nheight:50px;\n}\n<\/style>\n<div  class='hr av-jujvz7v2-1884872d03a5ed4cde9c27f051e67d3e hr-invisible  avia-builder-el-2  el_after_av_heading  el_before_av_textblock '><span class='hr-inner '><span class=\"hr-inner-style\"><\/span><\/span><\/div><br \/>\n<section  class='av_textblock_section av-jlwdc3yk-061d4e2166eefd97762c37ca3b21e824 '   itemscope=\"itemscope\" itemtype=\"https:\/\/schema.org\/CreativeWork\" ><div class='avia_textblock'  itemprop=\"text\" ><div class=\"wpb_text_column wpb_content_element \">\n<div class=\"wpb_wrapper\"><\/div>\n<\/div>\n<div class=\"wpb_text_column wpb_content_element \">\n<div class=\"wpb_wrapper\">\n<h3 style=\"text-align: center;\"><strong>Webinaire du 22 mars 2021, de 16h00 \u00e0 19h00<\/strong><\/h3>\n<h5 style=\"text-align: center;\"><strong>Co-organis\u00e9 par :<img loading=\"lazy\" decoding=\"async\" class=\"size-full wp-image-14127 aligncenter\" src=\"http:\/\/www.ern.org\/wp-content\/uploads\/2021\/03\/vichy-carre-pxm.jpg\" alt=\"\" width=\"597\" height=\"445\" \/><br \/>\n<\/strong><\/h5>\n<\/div>\n<\/div>\n<\/div><\/section><br \/>\n<section  class='av_textblock_section av-kikfeefx-e594236441a4215b62f9c67da69c917f '   itemscope=\"itemscope\" itemtype=\"https:\/\/schema.org\/CreativeWork\" ><div class='avia_textblock'  itemprop=\"text\" ><p style=\"text-align: center;\"><a href=\"https:\/\/www.ern.org\/wp-content\/uploads\/2021\/03\/Webinaire_22mars_Vichy_programme-2.pdf\">T\u00e9l\u00e9charger le programme en pdf<\/a><\/p>\n<\/div><\/section><br \/>\n\n<style type=\"text\/css\" data-created_by=\"avia_inline_auto\" id=\"style-css-av-jujvz7v2-050b864a8f982adc99e4193aabb48027\">\n#top .hr.hr-invisible.av-jujvz7v2-050b864a8f982adc99e4193aabb48027{\nheight:10px;\n}\n<\/style>\n<div  class='hr av-jujvz7v2-050b864a8f982adc99e4193aabb48027 hr-invisible  avia-builder-el-5  el_after_av_textblock  el_before_av_textblock '><span class='hr-inner '><span class=\"hr-inner-style\"><\/span><\/span><\/div><br \/>\n<section  class='av_textblock_section av-jlwdc3yk-061d4e2166eefd97762c37ca3b21e824 '   itemscope=\"itemscope\" itemtype=\"https:\/\/schema.org\/CreativeWork\" ><div class='avia_textblock'  itemprop=\"text\" ><div class=\"wpb_text_column wpb_content_element \">\n<div class=\"wpb_wrapper\"><\/div>\n<\/div>\n<div class=\"wpb_text_column wpb_content_element \">\n<div class=\"wpb_wrapper\">\n<p style=\"text-align: center;\" align=\"justify\">SHEMA (Filiale d\u2019EDF) \u00a0projette l\u2019installation et l\u2019exploitation d\u2019une centrale hydro\u00e9lectrique sur l\u2019Allier en rive gauche\u00a0\u00a0du pont-barrage de Vichy.\u00a0Le projet, encore peu connu des citoyens, est sensible car il va impacter la Loire et Allier, grand axe\u00a0de migration du Saumon dont l\u2019enjeu de protection est de niveau europ\u00e9en !<br \/>\nL\u2019Association Saumon Sauvage, l\u2019Association Protection du Saumon, Allier Sauvage, la FRANE, FNE Allier, l\u2019Association des P\u00eacheurs Professionnels en Eau Douce de Loire-Atlantique, l\u2019Association Agr\u00e9\u00e9e des P\u00eacheurs Professionnels en eau douce du Bassin Loire-Bretagne, SOS Loire Vivante-ERN et d\u2019autres partenaires vous ont propos\u00e9 ce d\u00e9bat \u00e0 l&rsquo;occasion de la journ\u00e9e mondiale de l&rsquo;Eau et durant l&rsquo;ouverture de l&rsquo;enqu\u00eate publique relative au projet (<a href=\"https:\/\/www.rivernet.org\/loire\/soslv\/compresse\/20210317_CP_webinaire_Vichy-22mars21_VF.pdf\">voir le CP des associations au sujet du Webinaire<\/a>).<\/p>\n<p style=\"text-align: center;\" align=\"justify\">Plus d&rsquo;info sur le barrage de Vichy et le projet de centrale hydro :<br \/>\n<a href=\"\/en?page_id=14133\">Visitez notre page Web d\u00e9di\u00e9e<\/a><\/p>\n<p align=\"justify\">\n<\/div>\n<\/div>\n<\/div><\/section><br \/>\n<div  class='hr av-x1g369-31598e85081db81ffc62c7bcde66cbce hr-default  avia-builder-el-7  el_after_av_textblock  el_before_av_textblock '><span class='hr-inner '><span class=\"hr-inner-style\"><\/span><\/span><\/div><br \/>\n<section  class='av_textblock_section av-jlwczi3z-0d35510e887c3121f7b372957585f4db '   itemscope=\"itemscope\" itemtype=\"https:\/\/schema.org\/CreativeWork\" ><div class='avia_textblock'  itemprop=\"text\" ><h3 style=\"text-align: center;\">Retrouvez ci-dessous l&rsquo;ensemble des interventions et pr\u00e9sentations du Webinaire du 22 Mars 2021, Journ\u00e9e mondiale de l&rsquo;Eau<\/h3>\n<\/div><\/section><\/p><\/div>\n\n<style type=\"text\/css\" data-created_by=\"avia_inline_auto\" id=\"style-css-av-3l2ifg-c4228083c79d3b6fccdf1e7390c9705b\">\n.flex_column.av-3l2ifg-c4228083c79d3b6fccdf1e7390c9705b{\nborder-radius:0px 0px 0px 0px;\npadding:0px 0px 0px 0px;\n}\n<\/style>\n<div  class='flex_column av-3l2ifg-c4228083c79d3b6fccdf1e7390c9705b av_one_full  avia-builder-el-9  el_after_av_one_full  avia-builder-el-last  first flex_column_div av-zero-column-padding  column-top-margin'     ><p><div  class='av-catalogue-container av-k1aid1t3-7d1e043f19602205777b68c9cf9ba0a9  avia-builder-el-10  el_before_av_hr  avia-builder-el-first '><ul class='av-catalogue-list'>\n<li><div class='av-catalogue-item av-63ej8x-03d6e86511b11cd8481baabd6c1708d3' ><div class=\"av-catalogue-item-inner\"><div class=\"av-catalogue-title-container\"><div class='av-catalogue-title'>INTRODUCTION<\/div><div class='av-catalogue-price'><\/div><\/div><div class=\"av-catalogue-content\">\n<img loading=\"lazy\" decoding=\"async\" class=\"wp-image-14040 alignleft\" src=\"http:\/\/www.ern.org\/wp-content\/uploads\/2021\/03\/Roberto-Epple.jpg\" alt=\"\" width=\"98\" height=\"96\" \/><\/p>\n<p><strong>Introduction<br \/>\n<\/strong><em>Par Roberto Epple, SOS Loire Vivante &#8211; ERN France<br \/>\n<\/em><\/p>\n<p>Vid\u00e9o FR<br \/>\n<\/div><\/div><\/div><\/li>\n<li><div class='av-catalogue-item av-5f10n81-499878272e01c28340d1f6b2ca3d2840' ><div class=\"av-catalogue-item-inner\"><div class=\"av-catalogue-title-container\"><div class='av-catalogue-title'>Philippe MAZAUD et Christophe SANTOS (Soci\u00e9t\u00e9 hydraulique d\u2018Etudes et de Missions d\u2019Assistance)<\/div><div class='av-catalogue-price'><\/div><\/div><div class=\"av-catalogue-content\">\n<img loading=\"lazy\" decoding=\"async\" class=\"alignnone wp-image-14037 alignleft\" src=\"http:\/\/www.ern.org\/wp-content\/uploads\/2021\/03\/MrMazaud.jpg\" alt=\"\" width=\"117\" height=\"80\" \/><img loading=\"lazy\" decoding=\"async\" class=\"alignnone wp-image-14034 alignleft\" src=\"http:\/\/www.ern.org\/wp-content\/uploads\/2021\/03\/MrSantos.jpg\" alt=\"\" width=\"102\" height=\"80\" \/> <strong>Pr\u00e9sentation du projet<br \/>\n<\/strong><em>Par M. Mazaud, directeur du d\u00e9veloppement et M. Santos, chef de projets<\/em><em>, \u00e0 la SHEMA<\/em><\/p>\n<p>Les autorisations de mise en ligne des contenus ne nous ont pas \u00e9t\u00e9 accord\u00e9es.<br \/>\n<\/div><\/div><\/div><\/li>\n<li><div class='av-catalogue-item av-4ppspv5-0a4de02026e49c03dc9c3ff3a8d1ced6' ><div class=\"av-catalogue-item-inner\"><div class=\"av-catalogue-title-container\"><div class='av-catalogue-title'>Philippe AUCLERC (Editions Loire et Terroirs)<\/div><div class='av-catalogue-price'><\/div><\/div><div class=\"av-catalogue-content\">\n<img loading=\"lazy\" decoding=\"async\" class=\"wp-image-14043 alignleft\" src=\"http:\/\/www.ern.org\/wp-content\/uploads\/2021\/03\/philippe-Auclerc.jpg\" alt=\"\" width=\"56\" height=\"75\" \/><\/p>\n<p><strong>R\u00e9actions\/commentaires socio-\u00e9cologiques sur le projet<br \/>\n<\/strong><em>T\u00e9moignage enregistr\u00e9 de Philippe Auclerc, Loire et Terroirs, r\u00e9dacteur en chef<\/em><\/p>\n<p>&gt;&gt; <a href=\"https:\/\/vimeo.com\/528778559\/ac1110fa71\">Voir le t\u00e9moignage film\u00e9 FR<\/a><br \/>\n<\/div><\/div><\/div><\/li>\n<li><div class='av-catalogue-item av-47rgjjl-5a5a9dbfbbc16d0b05458fc2a3c8c1be' ><div class=\"av-catalogue-item-inner\"><div class=\"av-catalogue-title-container\"><div class='av-catalogue-title'>Jacques DEBEAUD (F\u00e9d\u00e9ration de la R\u00e9gion Auvergne pour la Nature et l\u2019Environnement)<\/div><div class='av-catalogue-price'><\/div><\/div><div class=\"av-catalogue-content\">\n<img loading=\"lazy\" decoding=\"async\" class=\"wp-image-14046 alignleft\" src=\"http:\/\/www.ern.org\/wp-content\/uploads\/2021\/03\/JacDebeaud.jpg\" alt=\"\" width=\"86\" height=\"127\" \/><\/p>\n<p><strong>R\u00e9actions\/commentaires socio-\u00e9cologiques sur le projet<br \/>\n<\/strong><em>Jacques DEBEAUD, FRANE, Vice-Pr\u00e9sident<\/em><\/p>\n<p>&gt;&gt; Vid\u00e9o FR bient\u00f4t disponible<br \/>\n<\/div><\/div><\/div><\/li>\n<li><div class='av-catalogue-item av-d180oh-5166a9d96c83b4ac74d4f7fde9cf7935' ><div class=\"av-catalogue-item-inner\"><div class=\"av-catalogue-title-container\"><div class='av-catalogue-title'>Angeline SENECAL (Loire Grand Migrateurs)<\/div><div class='av-catalogue-price'><\/div><\/div><div class=\"av-catalogue-content\">\n<img loading=\"lazy\" decoding=\"async\" class=\"wp-image-14049 alignleft\" src=\"http:\/\/www.ern.org\/wp-content\/uploads\/2021\/03\/Angeline-senecal.jpg\" alt=\"\" width=\"94\" height=\"71\" \/><\/p>\n<p><strong>R\u00e9ponses aux questions pr\u00e9formul\u00e9es \/ IMPACT SUR LES ESP\u00c8CES et LA MIGRATION<br \/>\n<\/strong><em>Ang\u00e9line SENECAL, LOGRAMI, R\u00e9f\u00e9rente gestion territoriale et continuit\u00e9 \u00e9cologique<\/em><\/p>\n<p>&gt;&gt; <a href=\"http:\/\/www.ern.org\/wp-content\/uploads\/2021\/03\/VICHY_22-03-21_LOGRAMI-compresse\u0301.pdf\">Diaporama<\/a> \u00a0\u00a0\u00a0\u00a0\u00a0\u00a0\u00a0\u00a0\u00a0 &gt;&gt; <a href=\"https:\/\/vimeo.com\/531046557\/763cec900e\">Vid\u00e9o FR \u00e0 partir de 37s<\/a><br \/>\n<\/div><\/div><\/div><\/li>\n<li><div class='av-catalogue-item av-18g96kx-436b68fa94b2d043c77eee19cbd77275' ><div class=\"av-catalogue-item-inner\"><div class=\"av-catalogue-title-container\"><div class='av-catalogue-title'>Lionel Martin, F\u00e9d. de P\u00eache Haute Loire<\/div><div class='av-catalogue-price'><\/div><\/div><div class=\"av-catalogue-content\">\n<strong><img loading=\"lazy\" decoding=\"async\" class=\"wp-image-14204 alignleft\" src=\"http:\/\/www.ern.org\/wp-content\/uploads\/2021\/04\/Lionel-Martin.jpg\" alt=\"\" width=\"84\" height=\"78\" \/>R\u00e9ponses aux questions pr\u00e9formul\u00e9es \/ IMPACT SUR LES ESP\u00c8CES et LA MIGRATION<br \/>\n<\/strong><em>Lionel Martin, F\u00e9d\u00e9ration P\u00eache de Haute Loire, Pr\u00e9sident<br \/>\n<\/em><\/p>\n<p><a href=\"https:\/\/vimeo.com\/531046557\/763cec900e\">&gt;&gt; Vid\u00e9o FR \u00e0 partir de 13min15s<\/a><br \/>\n<\/div><\/div><\/div><\/li>\n<li><div class='av-catalogue-item av-nlsak1-cf876b89c2ff1d98181a39c48f686e82' ><div class=\"av-catalogue-item-inner\"><div class=\"av-catalogue-title-container\"><div class='av-catalogue-title'>Louis SAUVADET (Association Protectrice du Saumon)<\/div><div class='av-catalogue-price'><\/div><\/div><div class=\"av-catalogue-content\">\n<img loading=\"lazy\" decoding=\"async\" class=\"wp-image-14058 alignleft\" src=\"http:\/\/www.ern.org\/wp-content\/uploads\/2021\/03\/Louis_Sauvadet-2.jpg\" alt=\"\" width=\"84\" height=\"76\" \/><\/p>\n<p><strong>R\u00e9ponses aux questions pr\u00e9formul\u00e9es \/ IMPACT SUR LES ESP\u00c8CES et LA MIGRATION<br \/>\n<\/strong><em>Louis SAUVADET, APS, Pr\u00e9sident<\/em><\/p>\n<p>&gt;&gt; <a href=\"http:\/\/www.ern.org\/wp-content\/uploads\/2021\/03\/VICHY_APS-compresse\u0301.pdf\">Diaporama<\/a> \u00a0\u00a0\u00a0\u00a0\u00a0\u00a0\u00a0\u00a0\u00a0 &gt;&gt; <a href=\"https:\/\/vimeo.com\/531046557\/763cec900e\">Vid\u00e9o FR \u00e0 partir de 15min<\/a><br \/>\n<\/div><\/div><\/div><\/li>\n<li><div class='av-catalogue-item av-28ef48h-5a72320c11ed562106e85d9554b19ccc' ><div class=\"av-catalogue-item-inner\"><div class=\"av-catalogue-title-container\"><div class='av-catalogue-title'>Mathieu BODIN (Association Agr\u00e9\u00e9e des P\u00eacheurs Professionnels en eau douce du Bassin Loire-Bretagne)<\/div><div class='av-catalogue-price'><\/div><\/div><div class=\"av-catalogue-content\">\n<img loading=\"lazy\" decoding=\"async\" class=\"wp-image-14064 alignleft\" src=\"http:\/\/www.ern.org\/wp-content\/uploads\/2021\/03\/MathieuBodin.jpg\" alt=\"\" width=\"103\" height=\"76\" \/><\/p>\n<p><strong>R\u00e9ponses aux questions pr\u00e9formul\u00e9es \/ IMPACT SUR L&rsquo;ESPACE\/ECOSYSTEMES<br \/>\n<\/strong><em>Mathieu BODIN, AAPPBLB, Directeur<\/em><\/p>\n<p>&gt;&gt; <a href=\"http:\/\/www.ern.org\/wp-content\/uploads\/2021\/03\/5-MathieuBAUDIN_220321_AAPPBLB.pdf\">Diaporama<\/a> \u00a0\u00a0\u00a0\u00a0\u00a0\u00a0\u00a0\u00a0\u00a0 <a href=\"https:\/\/vimeo.com\/531046557\/763cec900e\">&gt;&gt; Vid\u00e9o FR \u00e0 partir de 25min20s<\/a><br \/>\n<\/div><\/div><\/div><\/li>\n<li><div class='av-catalogue-item av-1m4g8dt-6d3f8b0c5ddccef0f1ca6ea27b9753fb' ><div class=\"av-catalogue-item-inner\"><div class=\"av-catalogue-title-container\"><div class='av-catalogue-title'>Jo\u00ebl HERBACH (Allier Sauvage)<\/div><div class='av-catalogue-price'><\/div><\/div><div class=\"av-catalogue-content\">\n<img loading=\"lazy\" decoding=\"async\" class=\"wp-image-14067 alignleft\" src=\"http:\/\/www.ern.org\/wp-content\/uploads\/2021\/03\/Joel_Herbach.jpg\" alt=\"\" width=\"93\" height=\"71\" \/><\/p>\n<p><strong>R\u00e9ponses aux questions pr\u00e9formul\u00e9es \/ IMPACT SUR L&rsquo;ESPACE\/ECOSYSTEMES<br \/>\n<\/strong><em>Jo\u00ebl HERBACH, Allier Sauvage, Pr\u00e9sident<\/em><\/p>\n<p>&gt;&gt; <a href=\"http:\/\/www.ern.org\/wp-content\/uploads\/2021\/03\/VICHY_JoelHerbach-compresse\u0301.pdf\">Diaporama<\/a> \u00a0\u00a0\u00a0\u00a0\u00a0\u00a0\u00a0\u00a0\u00a0 &gt;&gt; <a href=\"https:\/\/vimeo.com\/531046557\/763cec900e\">Vid\u00e9o FR \u00a0\u00e0 partir de 32min 30s<\/a><br \/>\n<\/div><\/div><\/div><\/li>\n<li><div class='av-catalogue-item av-4m48lt-aadd81f6924182152a674f3f1762e171' ><div class=\"av-catalogue-item-inner\"><div class=\"av-catalogue-title-container\"><div class='av-catalogue-title'>G\u00e9rard MATICHARD (France Nature Environnement Allier)<\/div><div class='av-catalogue-price'><\/div><\/div><div class=\"av-catalogue-content\">\n<img loading=\"lazy\" decoding=\"async\" class=\"wp-image-14070 alignleft\" src=\"http:\/\/www.ern.org\/wp-content\/uploads\/2021\/03\/GerardMatichard-1030x786.jpg\" alt=\"\" width=\"95\" height=\"68\" \/><\/p>\n<p><strong>R\u00e9ponses aux questions pr\u00e9formul\u00e9es \/ IMPACT SUR L&rsquo;ESPACE\/ECOSYSTEMES<br \/>\n<\/strong><em>G\u00e9rard MATICHARD, FNE 03, Pr\u00e9sident<\/em><\/p>\n<p>&gt;&gt; <a href=\"https:\/\/vimeo.com\/531046557\/763cec900e\">Vid\u00e9o FR \u00e0 partir de 42min 15 sec<\/a><br \/>\n<\/div><\/div><\/div><\/li>\n<li><div class='av-catalogue-item av-u3pi4x-b8efaae3e7198e07d5d4818994fc3e57' ><div class=\"av-catalogue-item-inner\"><div class=\"av-catalogue-title-container\"><div class='av-catalogue-title'>Jacques DEBEAUD (F\u00e9d\u00e9ration de la R\u00e9gion Auvergne pour la Nature et l\u2019Environnement)<\/div><div class='av-catalogue-price'><\/div><\/div><div class=\"av-catalogue-content\">\n<img loading=\"lazy\" decoding=\"async\" class=\"wp-image-14046 alignleft\" src=\"http:\/\/www.ern.org\/wp-content\/uploads\/2021\/03\/JacDebeaud.jpg\" alt=\"\" width=\"97\" height=\"86\" \/><\/p>\n<p><strong>R\u00e9ponses aux questions pr\u00e9formul\u00e9es \/ CHANGEMENT CLIMATIQUE ET PRODUCTION HYDROELECTRICITE<br \/>\n<\/strong><em>Jacques DEBEAUD, FRANE, Vice-Pr\u00e9sident<br \/>\n<\/em>&gt;&gt; <a href=\"http:\/\/www.ern.org\/wp-content\/uploads\/2021\/03\/VICHY_JacquesDebeaud.pdf\">Diaporama<\/a> \u00a0\u00a0\u00a0\u00a0\u00a0\u00a0\u00a0\u00a0\u00a0 <a href=\"https:\/\/vimeo.com\/531046557\/763cec900e\">&gt;&gt; Vid\u00e9o FR \u00e0 partir de 48min 20s<\/a><br \/>\n<\/div><\/div><\/div><\/li>\n<li><div class='av-catalogue-item av-1027ze9-731c062581743388674ffe6dd6598d0b' ><div class=\"av-catalogue-item-inner\"><div class=\"av-catalogue-title-container\"><div class='av-catalogue-title'>REPONSES AUX QUESTIONS POSEES EN LIGNE<\/div><div class='av-catalogue-price'><\/div><\/div><div class=\"av-catalogue-content\">\n<img loading=\"lazy\" decoding=\"async\" class=\"wp-image-14075 alignleft\" src=\"http:\/\/www.ern.org\/wp-content\/uploads\/2021\/03\/Norbert-Larinier.jpg\" alt=\"\" width=\"94\" height=\"77\" \/><\/p>\n<p><strong>Rapporteur et mod\u00e9rateur des questions<br \/>\n<\/strong><em>Norbert LARINIER, Association Saumon Sauvage, Vice-Pr\u00e9sident<br \/>\n<\/em><\/p>\n<p>&gt;&gt; <a href=\"https:\/\/vimeo.com\/531052418\/3d72be9b29\">Vid\u00e9o FR Partie 1<\/a> \/ &gt;&gt; <a href=\"https:\/\/vimeo.com\/531058458\/ca55c90b18\">Vid\u00e9o FR Partie 2 (suite et fin)<\/a><br \/>\n<\/div><\/div><\/div><\/li>\n<li><div class='av-catalogue-item av-tsmua9-a29f7b549e141f26b3e27424e68e7e12' ><div class=\"av-catalogue-item-inner\"><div class=\"av-catalogue-title-container\"><div class='av-catalogue-title'>CONCLUSION ET CLOTURE<\/div><div class='av-catalogue-price'><\/div><\/div><div class=\"av-catalogue-content\">\n<img loading=\"lazy\" decoding=\"async\" class=\"wp-image-14078 alignleft\" src=\"http:\/\/www.ern.org\/wp-content\/uploads\/2021\/03\/SimomnetROberto.jpg\" alt=\"\" width=\"161\" height=\"115\" \/><\/p>\n<p><strong>Conclusions et cl\u00f4ture du webinaire<br \/>\n<\/strong><em>Simon BURNER, SOS Loire Vivante &#8211; ERN France, Directeur<br \/>\nRoberto EPPLE, SOS Loire Vivante &#8211; ERN France, Pr\u00e9sident<br \/>\n<\/em><\/p>\n<p>&gt;&gt; <a href=\"https:\/\/vimeo.com\/531058458\/ca55c90b18\">Vid\u00e9o FR \u00e0 partir de la 11\u00e8me minute<\/a><br \/>\n<\/div><\/div><\/div><\/li>\n<\/ul><\/div><br \/>\n\n<style type=\"text\/css\" data-created_by=\"avia_inline_auto\" id=\"style-css-av-jujvz7v2-050b864a8f982adc99e4193aabb48027\">\n#top .hr.hr-invisible.av-jujvz7v2-050b864a8f982adc99e4193aabb48027{\nheight:10px;\n}\n<\/style>\n<div  class='hr av-jujvz7v2-050b864a8f982adc99e4193aabb48027 hr-invisible  avia-builder-el-11  el_after_av_catalogue  avia-builder-el-last '><span class='hr-inner '><span class=\"hr-inner-style\"><\/span><\/span><\/div><\/p><\/div>\n","protected":false},"excerpt":{"rendered":"","protected":false},"author":5,"featured_media":0,"parent":11666,"menu_order":0,"comment_status":"closed","ping_status":"closed","template":"","meta":{"footnotes":""},"class_list":["post-14033","page","type-page","status-publish","hentry"],"_links":{"self":[{"href":"https:\/\/www.ern.org\/fr\/wp-json\/wp\/v2\/pages\/14033","targetHints":{"allow":["GET"]}}],"collection":[{"href":"https:\/\/www.ern.org\/fr\/wp-json\/wp\/v2\/pages"}],"about":[{"href":"https:\/\/www.ern.org\/fr\/wp-json\/wp\/v2\/types\/page"}],"author":[{"embeddable":true,"href":"https:\/\/www.ern.org\/fr\/wp-json\/wp\/v2\/users\/5"}],"replies":[{"embeddable":true,"href":"https:\/\/www.ern.org\/fr\/wp-json\/wp\/v2\/comments?post=14033"}],"version-history":[{"count":0,"href":"https:\/\/www.ern.org\/fr\/wp-json\/wp\/v2\/pages\/14033\/revisions"}],"up":[{"embeddable":true,"href":"https:\/\/www.ern.org\/fr\/wp-json\/wp\/v2\/pages\/11666"}],"wp:attachment":[{"href":"https:\/\/www.ern.org\/fr\/wp-json\/wp\/v2\/media?parent=14033"}],"curies":[{"name":"wp","href":"https:\/\/api.w.org\/{rel}","templated":true}]}}