{"id":13676,"date":"2021-03-04T16:47:31","date_gmt":"2021-03-04T15:47:31","guid":{"rendered":"http:\/\/www.ern.org\/?page_id=13676"},"modified":"2026-02-06T07:44:25","modified_gmt":"2026-02-06T07:44:25","slug":"prix-georges-emblanc-retour-sur-les-editions-2019-et-2020","status":"publish","type":"page","link":"https:\/\/www.ern.org\/fr\/prix-georges-emblanc-retour-sur-les-editions-2019-et-2020\/","title":{"rendered":"Prix Georges Emblanc &#8211; Retour sur les \u00e9ditions 2019 et 2020"},"content":{"rendered":"\n<style type=\"text\/css\" data-created_by=\"avia_inline_auto\" id=\"style-css-av-14fzufg-e059251141e86aeaede4e41b9d14fa47\">\n.flex_column.av-14fzufg-e059251141e86aeaede4e41b9d14fa47{\nborder-radius:0px 0px 0px 0px;\npadding:0px 0px 0px 0px;\n}\n<\/style>\n<div  class='flex_column av-14fzufg-e059251141e86aeaede4e41b9d14fa47 av_one_full  avia-builder-el-0  el_before_av_one_half  avia-builder-el-first  first flex_column_div av-zero-column-padding  '     ><section  class='av_textblock_section av-klv1fr3o-82341d815c49e525fc90103f1c36043d '   itemscope=\"itemscope\" itemtype=\"https:\/\/schema.org\/CreativeWork\" ><div class='avia_textblock'  itemprop=\"text\" ><h2 style=\"text-align: center;\"><strong>Retour sur les \u00e9ditions 2019 et 2020 des Prix Georges Emblanc<\/strong><\/h2>\n<p>Lanc\u00e9s pour la premi\u00e8re fois en 2019, les \u00ab <strong>Prix Georges EMBLANC pour la Culture du fleuve, la pr\u00e9vention du risque inondation et la biodiversit\u00e9<\/strong> \u00bb, port\u00e9s conjointement par ERN et par l\u2019EPTB Seine Grands Lacs, visent \u00e0 r\u00e9compenser des \u00e9tudiants m\u00e9ritants, ayant r\u00e9alis\u00e9 au cours des trois derni\u00e8res ann\u00e9es, des travaux sur un projet \u00e9ducatif li\u00e9 aux fleuves, sur la th\u00e9matique inondation\/\u00e9tiage ou la biodiversit\u00e9 dans les zones humides et sujets apparent\u00e9s comme le changement climatique.<\/p>\n<\/div><\/section><\/div>\n\n<style type=\"text\/css\" data-created_by=\"avia_inline_auto\" id=\"style-css-av-kls4mtk9-ee6c5fb5cbe111dc096156f58a3ca94c\">\n.flex_column.av-kls4mtk9-ee6c5fb5cbe111dc096156f58a3ca94c{\nborder-radius:0px 0px 0px 0px;\npadding:0px 0px 0px 0px;\n}\n<\/style>\n<div  class='flex_column av-kls4mtk9-ee6c5fb5cbe111dc096156f58a3ca94c av_one_half  avia-builder-el-2  el_after_av_one_full  el_before_av_one_half  first flex_column_div av-zero-column-padding  column-top-margin'     ><section  class='av_textblock_section av-kls7y8my-101c195bed20a6981431f1e3cab58c8b '   itemscope=\"itemscope\" itemtype=\"https:\/\/schema.org\/CreativeWork\" ><div class='avia_textblock'  itemprop=\"text\" ><h3 style=\"text-align: center;\">Edition 2019<\/h3>\n<p>La premi\u00e8re \u00e9dition de ces prix a \u00e9t\u00e9 organis\u00e9e en 2019. Au total, une douzaine de candidatures ont \u00e9t\u00e9 re\u00e7ues en 2019 et soumises au jury. Apr\u00e8s des arbitrages difficiles \u00e9tant donn\u00e9e la qualit\u00e9 des dossiers re\u00e7us, 3 laur\u00e9ats ont \u00e9t\u00e9 d\u00e9sign\u00e9s et se sont vus remettre leur prix le 4 juin 2019, \u00e0 Paris, \u00e0 l\u2019occasion de la rencontre inter PAPI (Programmes d\u2019Actions de Pr\u00e9vention des Inondations) de l&rsquo;EPTB Seine Grands Lacs, en pr\u00e9sence notamment de Nicole et Baptiste Emblanc, l\u2019\u00e9pouse et le fils de Georges Emblanc.<\/p>\n<div id=\"attachment_8639\" style=\"width: 610px\" class=\"wp-caption aligncenter\"><img loading=\"lazy\" decoding=\"async\" aria-describedby=\"caption-attachment-8639\" class=\"wp-image-8639\" src=\"http:\/\/www.ern.org\/wp-content\/uploads\/2019\/06\/PGE_2019_ERN_2019_06_04-1-300x200.jpg\" alt=\"\" width=\"600\" height=\"400\" \/><p id=\"caption-attachment-8639\" class=\"wp-caption-text\">La c\u00e9r\u00e9monie de remise des prix 2019 \u00e0 Paris lors de la rencontre Inter-PAPI de juin 2019, avec les deux laur\u00e9ates pr\u00e9sentes, No\u00e9mie THOMAS et Marion PERNEY<\/p><\/div>\n<p><u>Liens vers les travaux de laur\u00e9ats r\u00e9compens\u00e9s en 2019<\/u>\u00a0:<\/p>\n<p>\u00a4 Laur\u00e9ate 2019 :\u00a0<strong>No\u00e9mie Thomas<\/strong>, dipl\u00f4m\u00e9e de l\u2019INSA de Strasbourg et de l\u2019Ecole Nationale Sup\u00e9rieure d\u2019Architecture de Strasbourg, laur\u00e9ate du Premier prix Georges Emblanc 2019 pour son m\u00e9moire sur\u00a0<a href=\"https:\/\/issuu.com\/noemiethomas\/docs\/thomas_no_mie_-_m_moire_eau_et__cha\">L\u2019eau : Outil d\u2019urbanisme pour l\u2019adaptation au changement climatique Exploration dans la R\u00e9gion Grand Est<\/a><\/p>\n<p>\u00a4 Laur\u00e9ate 2019 :\u00a0<strong>Marion Perney<\/strong>, titulaire d\u2019un master en architecture de Universit\u00e9 catholique de Louvain (Belgique), et de la Facult\u00e9 d\u2019architecture, d\u2019ing\u00e9nierie architecturale et d\u2019urbanisme \u2013 LOCI Bruxelles, laur\u00e9ate du Deuxi\u00e8me prix Georges Emblanc 2019 pour son m\u00e9moire\u00a0<a href=\"https:\/\/issuu.com\/marionperney.m\/docs\/tfe_marion_perney_r__silience_d___u_9b0b544aeb7f83\">R\u00e9silience d\u2019un territoire inondable \u2013 Entre surface et sous-face<\/a><\/p>\n<p>\u00a4 Laur\u00e9at 2019 :\u00a0<strong>Arnaud Manry<\/strong>, dipl\u00f4m\u00e9 du Master 2 IMSGA sp\u00e9cialit\u00e9 \u00ab Gestion des situations de crise \u00bb de Universit\u00e9 de Technologie de Troyes pour son m\u00e9moire\u00a0<a href=\"http:\/\/pnrs.ensosp.fr\/Plateformes\/RisquesetCrises\/Actualites\/Pluies-extremes-et-submersions-rapides-solidarites-sociales-et-economiques-au-service-de-la-resilience\">Pluies extr\u00eames et submersions rapides : Solidarit\u00e9s sociales et \u00e9conomiques au service de la r\u00e9silience ?<\/a><\/p>\n<\/div><\/section><\/div>\n\n<style type=\"text\/css\" data-created_by=\"avia_inline_auto\" id=\"style-css-av-kls4mtk9-8461caa045ec3bf2fbff12ba4407ba13\">\n.flex_column.av-kls4mtk9-8461caa045ec3bf2fbff12ba4407ba13{\nborder-radius:0px 0px 0px 0px;\npadding:0px 0px 0px 0px;\n}\n<\/style>\n<div  class='flex_column av-kls4mtk9-8461caa045ec3bf2fbff12ba4407ba13 av_one_half  avia-builder-el-4  el_after_av_one_half  el_before_av_one_full  flex_column_div av-zero-column-padding  column-top-margin'     ><section  class='av_textblock_section av-kls7y8my-196965112658fab377e1d8b5e9ba1ed8 '   itemscope=\"itemscope\" itemtype=\"https:\/\/schema.org\/CreativeWork\" ><div class='avia_textblock'  itemprop=\"text\" ><h3 style=\"text-align: center;\">Edition 2020<\/h3>\n<p style=\"text-align: center;\"><img loading=\"lazy\" decoding=\"async\" class=\"wp-image-13476 aligncenter\" src=\"http:\/\/www.ern.org\/wp-content\/uploads\/2021\/01\/2020-11-26_Remise_des_Prix_Georges_Emblanc_2020-e1615065071820.jpg\" alt=\"\" width=\"516\" height=\"305\" \/><br \/>\n<em>Cinq laur\u00e9ats ont pu \u00eatre pr\u00e9sents \u00e0 la c\u00e9r\u00e9monie de remise des Prix Georges Emblanc 2020 <\/em><em>organis\u00e9e \u00e0 l\u2019EPTB Seine Grands Lacs \u00e0 Paris<\/em><\/p>\n<p><u>Liens vers les travaux de laur\u00e9ats r\u00e9compens\u00e9s en\u00a0 2020<\/u>\u00a0:<\/p>\n<p>\u00a4 Laur\u00e9at 2020 :\u00a0<strong>Victor Bourdet<\/strong>\u00a0pour son m\u00e9moire de Paysagiste Concepteur \u00e0 l\u2019\u00c9cole de la Nature et du Paysage de Blois :\u00a0<a href=\"https:\/\/issuu.com\/v.bourdet\/docs\/m_moire_issuu\">De Marne-la-Vall\u00e9e au futur PNR: quel avenir pour la vall\u00e9e p\u00e9riurbaine du Grand Morin ? La reconqu\u00eate d\u2019un cours d\u2019eau pour gommer la fracture entre ville et campagne<\/a><\/p>\n<p>\u00a4 Laur\u00e9at 2020 :\u00a0<strong>Eric Bonnot<\/strong>\u00a0pour son m\u00e9moire de Master 2 Eaux, Ressources, Gestion, Am\u00e9nagement \u00e0 l\u2019Universit\u00e9 de Lorraine :\u00a0<a href=\"https:\/\/www.moselleaval.fr\/UserFiles\/File\/actualites\/20201210-rapport-intermediaire.pdf\">Analyse diachronique du trac\u00e9 des cours d\u2019eau et des am\u00e9nagements en zone inondable dans le bassin de la Moselle aval depuis le XIX\u00e8me si\u00e8cle (Rapport interm\u00e9diaire)<\/a><\/p>\n<p>Voir \u00e9galement la page web d\u00e9di\u00e9e de l\u2019Universit\u00e9 de Lorraine ;\u00a0<a href=\"https:\/\/www.moselleaval.fr\/fr\/actualites\/l-etude-historique-du-papi-d-intention-a-ete-primee_-n.html\">L\u2019\u00e9tude historique du PAPI d\u2019intention a \u00e9t\u00e9 prim\u00e9e<\/a><\/p>\n<p>\u00a4 Laur\u00e9ate 2020 :\u00a0<strong>Manon Lestage<\/strong>\u00a0pour son m\u00e9moire d\u2019architecte d\u2019Etat \u00e0 Bordeaux :\u00a0<a href=\"https:\/\/issuu.com\/rlm-seminaire\/docs\/lestage_manon\">Le rapport au fleuve dans le projet urbain. Le cas de la ZAC Garonne-Eiffel<\/a><\/p>\n<p>\u00a4 Laur\u00e9ates 2020 (candidature collective) :\u00a0<strong>Morgane Russeil-Salvan, Lauryane Arzel, Aurore Mancip, Eug\u00e9nie Pimont,<\/strong>\u00a0\u00e9tudiantes en master de journalisme \u00e0 l\u2019IEP de Rennes pour leur enqu\u00eate long-format sur les crues et risques de submersion marine en Bretagne et d\u2019un podcast original :\u00a0<a href=\"https:\/\/france3-regions.francetvinfo.fr\/bretagne\/15degc-enquete-impact-du-rechauffement-climatique-bretagne-1811952.html\" target=\"_blank\" rel=\"noopener noreferrer\">Risque \u00e0 crues<\/a><\/p>\n<p>La vid\u00e9o de la remise des Prix Georges Emblanc 2020 :\u00a0<a href=\"https:\/\/youtu.be\/JS4r1c-RCz8\">Remise des Prix Georges Emblanc 2020<\/a><\/p>\n<\/div><\/section><\/div>\n<style type=\"text\/css\" data-created_by=\"avia_inline_auto\" id=\"style-css-av-vurato-e490a58fa6a0d825bd9b9b9ea7e6d83e\">\n.flex_column.av-vurato-e490a58fa6a0d825bd9b9b9ea7e6d83e{\nborder-radius:0px 0px 0px 0px;\npadding:0px 0px 0px 0px;\n}\n<\/style>\n<div  class='flex_column av-vurato-e490a58fa6a0d825bd9b9b9ea7e6d83e av_one_full  avia-builder-el-6  el_after_av_one_half  avia-builder-el-last  first flex_column_div av-zero-column-padding  column-top-margin'     ><section  class='av_textblock_section av-klv1kg7p-74ca19ff8bc27002d0cda8b4e7e75e0b '   itemscope=\"itemscope\" itemtype=\"https:\/\/schema.org\/CreativeWork\" ><div class='avia_textblock'  itemprop=\"text\" ><p>F\u00e9licitations \u00e0 toutes ces laur\u00e9ates et \u00e0 tous ces laur\u00e9ats pour leurs magnifiques productions, leur engagement intellectuel et pour ces travaux qui ont contribu\u00e9 \u00e0 faire grandir, dans diff\u00e9rents r\u00e9gions de France, dans leurs universit\u00e9s\/\u00e9coles ou dans leurs activit\u00e9s professionnelle, cette \u201cculture du fleuve\u201d \u00e0 laquelle Georges Emblanc tenait.<\/p>\n<p>Nous adressons \u00e9galement nos f\u00e9licitations et vifs encouragement \u00e0 tous les autres candidats ayant particip\u00e9 \u00e0 ces deux premi\u00e8res \u00e9ditions et n\u2019ayant pas pu \u00eatre laur\u00e9at(e)s en 2019 et 2020, malgr\u00e9 la qualit\u00e9 remarqu\u00e9e de leurs candidatures. Qu&rsquo;ils soient chaleureusement remerci\u00e9s pour leur confiance et d&rsquo;avoir tent\u00e9 l&rsquo;aventure avec nous.<\/p>\n<\/div><\/section><\/div><\/p>\n","protected":false},"excerpt":{"rendered":"","protected":false},"author":1,"featured_media":0,"parent":0,"menu_order":0,"comment_status":"closed","ping_status":"closed","template":"","meta":{"footnotes":""},"class_list":["post-13676","page","type-page","status-publish","hentry"],"_links":{"self":[{"href":"https:\/\/www.ern.org\/fr\/wp-json\/wp\/v2\/pages\/13676","targetHints":{"allow":["GET"]}}],"collection":[{"href":"https:\/\/www.ern.org\/fr\/wp-json\/wp\/v2\/pages"}],"about":[{"href":"https:\/\/www.ern.org\/fr\/wp-json\/wp\/v2\/types\/page"}],"author":[{"embeddable":true,"href":"https:\/\/www.ern.org\/fr\/wp-json\/wp\/v2\/users\/1"}],"replies":[{"embeddable":true,"href":"https:\/\/www.ern.org\/fr\/wp-json\/wp\/v2\/comments?post=13676"}],"version-history":[{"count":0,"href":"https:\/\/www.ern.org\/fr\/wp-json\/wp\/v2\/pages\/13676\/revisions"}],"wp:attachment":[{"href":"https:\/\/www.ern.org\/fr\/wp-json\/wp\/v2\/media?parent=13676"}],"curies":[{"name":"wp","href":"https:\/\/api.w.org\/{rel}","templated":true}]}}