{"id":13667,"date":"2021-03-02T16:52:45","date_gmt":"2021-03-02T15:52:45","guid":{"rendered":"http:\/\/www.ern.org\/?page_id=13667"},"modified":"2026-02-06T07:44:25","modified_gmt":"2026-02-06T07:44:25","slug":"prix-georges-emblanc-candidater","status":"publish","type":"page","link":"https:\/\/www.ern.org\/fr\/prix-georges-emblanc-candidater\/","title":{"rendered":"Prix Georges Emblanc &#8211; Candidater"},"content":{"rendered":"<h2 style=\"text-align: center;\"><span style=\"color: #008080;\"><strong>Modalit\u00e9s de participation aux Prix Georges Emblanc<\/strong><\/span><\/h2>\n<p style=\"text-align: center;\"><em>Vous \u00eates int\u00e9ress\u00e9s ? Vous souhaitez participer ? La prochaine \u00e9dition des Prix Georges Emblanc se tiendra courant 2021. <\/em><br \/>\n<em>Pour toute demande d&rsquo;information, contactez-nous par mail : alexis.pasquet [at] ern.org<\/em><\/p>\n<p><strong><u><br \/>\n<\/u><u><span style=\"color: #008080;\">Conditions requises pour postuler<\/span><\/u><\/strong><\/p>\n<p>Pour candidater aux Prix Georges Emblanc, il convient de pouvoir adresser un m\u00e9moire universitaire individuel sanctionnant un Master 2 (master recherche ou master professionnel) accompli en universit\u00e9 ou dans un autre \u00e9tablissement (\u00e9cole sup\u00e9rieure, \u00e9cole d&rsquo;ing\u00e9nieur, de commerce, d&rsquo;architecture, un Institut d&rsquo;Etudes Politiques) permettant d&rsquo;obtenir un dipl\u00f4me \u00e0 Bac + 5.<\/p>\n<p>L&rsquo;autre possibilit\u00e9 pour concourir est de pr\u00e9senter un travail collectif (port\u00e9 par au moins deux \u00e9tudiant) r\u00e9alis\u00e9 dans le cadre d&rsquo;un Master 2 ou \u00e9quivalent, et qui pourra, par sa qualit\u00e9 et la masse de travail produit, s&rsquo;apparenter \u00e0 un m\u00e9moire de fin d&rsquo;\u00e9tudes.<\/p>\n<p>Seules des candidatures de personnes sont accept\u00e9es. Des personnes morales ne peuvent pas \u00e0 ce jour candidater.<\/p>\n<p><span style=\"color: #008080;\"><strong><u>Th\u00e9matique des Prix<\/u><\/strong><\/span><\/p>\n<p>Les m\u00e9moires\/travaux doivent imp\u00e9rativement porter sur les th\u00e9matiques suivantes : Rivi\u00e8res, cours d&rsquo;eau et Zones humides, risque inondation, risque d&rsquo;\u00e9tiage, gestion de crise (ax\u00e9e risque inondation), s\u00e9cheresse et p\u00e9nurie d&rsquo;eau, qualit\u00e9 de l&rsquo;eau, gestion quantitative de la ressource en eau, changement climatique, biodiversit\u00e9, pr\u00e9servation des espaces naturels humides, gestion des habitats naturels, protection de la faune et de la flore des milieux humides, sensibilisation\/information du public sur ces sujets, \u00e9ducation des scolaires sur ces sujets, am\u00e9nagement urbain\/rural, architecture\/urbanisme r\u00e9silient, am\u00e9nagement paysagers, \u00e9co-quartiers fluviaux, SIG et cartographie appliqu\u00e9e aux risques, histoire des crues, travaux sociologiques sur les risques, la \u00ab\u00a0culture du fleuve\u00a0\u00bb, approches culturelle des risques, patrimoine fluvial, continuit\u00e9 \u00e9cologique, restaurations \u00e9cologiques, droit de l&rsquo;environnement appliqu\u00e9 aux cours d&rsquo;eau\/zones humides, reportages et enqu\u00eates journalistique sur l&rsquo;un ou l&rsquo;autre de ces sujets, etc&#8230;<\/p>\n<p>Pour candidater, votre m\u00e9moire ou travail collectif devra avoir fait l&rsquo;objet d&rsquo;une notation\/avoir \u00e9t\u00e9 valid\u00e9 par votre universit\u00e9\/\u00e9tablissement d&rsquo;enseignement sup\u00e9rieur et dater de moins de quatre ann\u00e9es. Par exemple, pour postuler aux Prix Georges Emblanc 2020, il n&rsquo;\u00e9tait pas possible de pr\u00e9senter un m\u00e9moire\/des travaux sanctionn\u00e9 par une note\/une \u00e9valuation en 2017.<\/p>\n<p>Pour les Prix Georges Emblanc 2021, les travaux pr\u00e9sent\u00e9s devront avoir \u00e9t\u00e9 sanctionn\u00e9s par une note ou \u00e9valuation attribu\u00e9es en 2019, 2020 ou 2021.<\/p>\n<p><span style=\"color: #008080;\"><strong><u>Et si vous n&rsquo;entrez pas dans ces cas de figure<\/u><\/strong><\/span><\/p>\n<p>Des d\u00e9rogations peuvent n\u00e9anmoins s&rsquo;envisager au cas par cas pour admettre un travail et une candidature qui n&rsquo;entrerait dans aucune de ces cat\u00e9gories (si autre que m\u00e9moire de Master M2 ou d&rsquo;\u00e9cole \u00e0 Bac + 5 par exemple) mais ferait sens au regard des th\u00e9matiques et de la \u00ab\u00a0philosophie\u00a0\u00bb des Prix Georges Emblanc. Contactez les porteurs des Prix Georges Emblanc pour soumettre un dossier qui d\u00e9rogerait \u00e0 ces crit\u00e8res de recevabilit\u00e9.<\/p>\n<p><span style=\"color: #008080;\"><u><strong>Pi\u00e8ces \u00e0 fournir pour toute candidature<\/strong> <\/u><\/span><\/p>\n<p>\u00a4 <strong>Un mail indiquant votre souhait de postuler aux Prix Georges Emblanc adress\u00e9 \u00e0 ERN France<\/strong><\/p>\n<p>\u00a4\u00a0 <strong>Votre m\u00e9moire de Master M2 ou le rapport officiel de votre travail collectif au format PDF ou bien en ligne s&rsquo;il s&rsquo;agit de pages Internet<\/strong>. Des fichiers audio ou vid\u00e9o peuvent aussi compl\u00e9ter l&rsquo;envoi.<\/p>\n<p>\u00a4 <strong>Votre C.V. actualis\u00e9<\/strong><\/p>\n<p>\u00a4 <strong>Un topo assez court r\u00e9sumant votre m\u00e9moire\/travail collectif avec les informations factuelles<\/strong> (Qui ? Quand ? Dans quel cadre d&rsquo;\u00e9tudes ?&#8230;).<\/p>\n<p>N&rsquo;h\u00e9sitez pas \u00e0 nous contacter par courriel pour de plus amples informations : <strong>alexis.pasquet<\/strong> [at] <strong>ern.org<\/strong><\/p>\n","protected":false},"excerpt":{"rendered":"<p>Modalit\u00e9s de participation aux Prix Georges Emblanc Vous \u00eates int\u00e9ress\u00e9s ? Vous souhaitez participer ? La prochaine \u00e9dition des Prix Georges Emblanc se tiendra courant 2021. Pour toute demande d&rsquo;information, contactez-nous par mail : alexis.pasquet [at] ern.org Conditions requises pour postuler Pour candidater aux Prix Georges Emblanc, il convient de pouvoir adresser un m\u00e9moire universitaire [&hellip;]<\/p>\n","protected":false},"author":1,"featured_media":0,"parent":0,"menu_order":0,"comment_status":"closed","ping_status":"closed","template":"","meta":{"footnotes":""},"class_list":["post-13667","page","type-page","status-publish","hentry"],"_links":{"self":[{"href":"https:\/\/www.ern.org\/fr\/wp-json\/wp\/v2\/pages\/13667","targetHints":{"allow":["GET"]}}],"collection":[{"href":"https:\/\/www.ern.org\/fr\/wp-json\/wp\/v2\/pages"}],"about":[{"href":"https:\/\/www.ern.org\/fr\/wp-json\/wp\/v2\/types\/page"}],"author":[{"embeddable":true,"href":"https:\/\/www.ern.org\/fr\/wp-json\/wp\/v2\/users\/1"}],"replies":[{"embeddable":true,"href":"https:\/\/www.ern.org\/fr\/wp-json\/wp\/v2\/comments?post=13667"}],"version-history":[{"count":0,"href":"https:\/\/www.ern.org\/fr\/wp-json\/wp\/v2\/pages\/13667\/revisions"}],"wp:attachment":[{"href":"https:\/\/www.ern.org\/fr\/wp-json\/wp\/v2\/media?parent=13667"}],"curies":[{"name":"wp","href":"https:\/\/api.w.org\/{rel}","templated":true}]}}