{"id":13661,"date":"2021-03-02T16:53:11","date_gmt":"2021-03-02T15:53:11","guid":{"rendered":"http:\/\/www.ern.org\/?page_id=13661"},"modified":"2026-02-06T07:44:24","modified_gmt":"2026-02-06T07:44:24","slug":"prix-georges-emblanc-presentation","status":"publish","type":"page","link":"https:\/\/www.ern.org\/fr\/prix-georges-emblanc-presentation\/","title":{"rendered":"Prix Georges Emblanc &#8211; Pr\u00e9sentation"},"content":{"rendered":"\n<style type=\"text\/css\" data-created_by=\"avia_inline_auto\" id=\"style-css-av-2erp50d-139424451876ff880c59d800f1876c2e\">\n.flex_column.av-2erp50d-139424451876ff880c59d800f1876c2e{\nborder-radius:0px 0px 0px 0px;\npadding:0px 0px 0px 0px;\n}\n<\/style>\n<div  class='flex_column av-2erp50d-139424451876ff880c59d800f1876c2e av_one_full  avia-builder-el-0  el_before_av_two_third  avia-builder-el-first  first flex_column_div av-zero-column-padding  '     ><section  class='av_textblock_section av-kls5ebt3-3182458455fbc622d236bc785f0e6d55 '   itemscope=\"itemscope\" itemtype=\"https:\/\/schema.org\/CreativeWork\" ><div class='avia_textblock'  itemprop=\"text\" ><h2 style=\"text-align: center;\">Pr\u00e9sentation des Prix Georges Emblanc<strong><br \/>\n<\/strong><strong>pour la \u00ab <em>Culture du fleuve, la pr\u00e9vention <\/em><\/strong><strong><em>du risque inondation et la biodiversit\u00e9<\/em> \u00bb<\/strong><\/h2>\n<\/div><\/section><\/div>\n\n<style type=\"text\/css\" data-created_by=\"avia_inline_auto\" id=\"style-css-av-fa7dvi-a7ce5b8b630252a8540d7253a8739dc7\">\n.flex_column.av-fa7dvi-a7ce5b8b630252a8540d7253a8739dc7{\nborder-radius:0px 0px 0px 0px;\npadding:0px 0px 0px 0px;\n}\n<\/style>\n<div  class='flex_column av-fa7dvi-a7ce5b8b630252a8540d7253a8739dc7 av_two_third  avia-builder-el-2  el_after_av_one_full  el_before_av_one_third  first flex_column_div av-zero-column-padding  column-top-margin'     ><section  class='av_textblock_section av-jl9b0sef-286f5a116382e7a9846b6c5f495d65ca '   itemscope=\"itemscope\" itemtype=\"https:\/\/schema.org\/CreativeWork\" ><div class='avia_textblock'  itemprop=\"text\" ><p>En 2018, l&rsquo;EPTB Seine Grands Lacs, partenaire d&rsquo;ERN France, a souhait\u00e9 rendre hommage \u00e0 Georges EMBLANC, charg\u00e9 de mission de l&rsquo;association, brutalement d\u00e9c\u00e9d\u00e9 le 11 mars 2017 (voir photo ci-contre et encart ci-dessous).<\/p>\n<p>Les prix qui portent son nom, impuls\u00e9s par Fr\u00e9d\u00e9ric Molossi, Pr\u00e9sident de l\u2019EPTB et Roberto Epple, pr\u00e9sident d&rsquo;ERN France, veulent r\u00e9compenser des \u00e9tudiants ou professionnels engag\u00e9s, ayant r\u00e9alis\u00e9, au cours des trois ann\u00e9es pr\u00e9c\u00e9dentes, des travaux universitaires, m\u00e9moires de fin d\u2019\u00e9tude ou travaux de recherche, sur un projet \u00e9ducatif li\u00e9 aux fleuves, sur la th\u00e9matique inondation\/\u00e9tiage ou la biodiversit\u00e9 dans les zones humides et sujets apparent\u00e9s comme par exemple le changement climatique, les Solutions fond\u00e9es sur la Nature ou bien les questions de r\u00e9silience et d&rsquo;am\u00e9nagement urbain\/rural pr\u00e9venant les risques naturels.<\/p>\n<p>Actuellement, deux \u00e9ditions des Prix Georges Emblanc ont \u00e9t\u00e9 organis\u00e9es, r\u00e9compensant 3 laur\u00e9ats pour les <a href=\"https:\/\/www.ern.org\/fr\/prix-georges-emblanc-pour-la-culture-du-fleuve-la-prevention-du-risque-inondation-et-la-biodiversite-annonce-des-laureats\/\">Prix 2019<\/a> et sept Laur\u00e9ats pour <a href=\"https:\/\/www.ern.org\/fr\/prix-georges-emblanc-2020-quatre-prix-decernes-et-sept-laureats-recompenses\/\">l&rsquo;\u00e9dition 2020<\/a>. Une nouvelle \u00e9dition des prix Georges Emblanc pour l&rsquo;ann\u00e9e 2021 est en pr\u00e9paration.<\/p>\n<p>ERN France est fier de ce bel \u00e9v\u00e9nement qui perp\u00e9tue le go\u00fbt qu\u2019avait Georges Emblanc de transmettre aux jeunes g\u00e9n\u00e9rations et aux passionn\u00e9s de rivi\u00e8res son savoir et ses connaissances.<\/p>\n<\/div><\/section><\/div>\n\n<style type=\"text\/css\" data-created_by=\"avia_inline_auto\" id=\"style-css-av-78s5i5-9da2e5b5b8365a1642690a649bfd15be\">\n.flex_column.av-78s5i5-9da2e5b5b8365a1642690a649bfd15be{\nborder-radius:0px 0px 0px 0px;\npadding:0px 0px 0px 0px;\n}\n<\/style>\n<div  class='flex_column av-78s5i5-9da2e5b5b8365a1642690a649bfd15be av_one_third  avia-builder-el-4  el_after_av_two_third  el_before_av_one_full  flex_column_div av-zero-column-padding  column-top-margin'     ><p>\n<style type=\"text\/css\" data-created_by=\"avia_inline_auto\" id=\"style-css-av-kls5mrwb-2610a22fcded5be9eaaa02d34be3c778\">\n.avia-image-container.av-kls5mrwb-2610a22fcded5be9eaaa02d34be3c778 img.avia_image{\nbox-shadow:none;\n}\n.avia-image-container.av-kls5mrwb-2610a22fcded5be9eaaa02d34be3c778 .av-image-caption-overlay-center{\ncolor:#ffffff;\n}\n<\/style>\n<div  class='avia-image-container av-kls5mrwb-2610a22fcded5be9eaaa02d34be3c778 av-styling- avia-align-center  avia-builder-el-5  el_before_av_hr  avia-builder-el-first '   itemprop=\"image\" itemscope=\"itemscope\" itemtype=\"https:\/\/schema.org\/ImageObject\" ><div class=\"avia-image-container-inner\"><div class=\"avia-image-overlay-wrap\"><img decoding=\"async\" fetchpriority=\"high\" class='wp-image-13643 avia-img-lazy-loading-not-13643 avia_image ' src=\"https:\/\/www.ern.org\/wp-content\/uploads\/2021\/03\/PGE_-photo_georges_emblanc_recadree_carree-1.jpg\" alt='' title='PGE_ photo_georges_emblanc_recadree_carree'  height=\"196\" width=\"197\"  itemprop=\"thumbnailUrl\" srcset=\"https:\/\/www.ern.org\/wp-content\/uploads\/2021\/03\/PGE_-photo_georges_emblanc_recadree_carree-1.jpg 197w, https:\/\/www.ern.org\/wp-content\/uploads\/2021\/03\/PGE_-photo_georges_emblanc_recadree_carree-1-80x80.jpg 80w, https:\/\/www.ern.org\/wp-content\/uploads\/2021\/03\/PGE_-photo_georges_emblanc_recadree_carree-1-36x36.jpg 36w, https:\/\/www.ern.org\/wp-content\/uploads\/2021\/03\/PGE_-photo_georges_emblanc_recadree_carree-1-180x180.jpg 180w\" sizes=\"(max-width: 197px) 100vw, 197px\" \/><\/div><\/div><\/div><br \/>\n<div  class='hr av-1m623fh-338454515afaa94fe5740a3aefc42db5 hr-default  avia-builder-el-6  el_after_av_image  el_before_av_buttonrow '><span class='hr-inner '><span class=\"hr-inner-style\"><\/span><\/span><\/div><br \/>\n<div  class='avia-buttonrow-wrap av-kls6gtmp-6124b98499e5cd59aa7a717779f1c982 avia-buttonrow-center  avia-builder-el-7  el_after_av_hr  avia-builder-el-last '>\n\n<style type=\"text\/css\" data-created_by=\"avia_inline_auto\" id=\"style-css-av-pvvyl9-739972d05537e33907a7538b0721d0a6\">\n#top #wrap_all .avia-button.av-pvvyl9-739972d05537e33907a7538b0721d0a6{\nmargin-bottom:5px;\nmargin-right:3px;\nmargin-left:3px;\n}\n<\/style>\n<a href='https:\/\/www.ern.org\/fr\/prix-georges-emblanc-candidater\/'  class='avia-button av-pvvyl9-739972d05537e33907a7538b0721d0a6 avia-icon_select-no avia-size-small avia-color-theme-color'   aria-label=\"Candidater\"><span class='avia_iconbox_title' >Candidater<\/span><\/a>\n\n<style type=\"text\/css\" data-created_by=\"avia_inline_auto\" id=\"style-css-av-av_buttonrow_item-36e9517587fe2c2160598e250fd97f01\">\n#top #wrap_all .avia-button.av-av_buttonrow_item-36e9517587fe2c2160598e250fd97f01{\nmargin-bottom:5px;\nmargin-right:3px;\nmargin-left:3px;\n}\n<\/style>\n<a href='https:\/\/www.ern.org\/fr\/prix-georges-emblanc-retour-sur-les-editions-2019-et-2020\/'  class='avia-button av-av_buttonrow_item-36e9517587fe2c2160598e250fd97f01 avia-icon_select-no avia-size-small avia-color-theme-color'   aria-label=\"Editions pr\u00e9c\u00e9dentes\"><span class='avia_iconbox_title' >Editions pr\u00e9c\u00e9dentes<\/span><\/a>\n<\/div><\/p><\/div>\n<style type=\"text\/css\" data-created_by=\"avia_inline_auto\" id=\"style-css-av-brik26-2c9559ea6e0f0e2fbfdc298940a1406b\">\n.flex_column.av-brik26-2c9559ea6e0f0e2fbfdc298940a1406b{\nborder-width:2px;\nborder-style:solid;\nborder-radius:2px 2px 2px 2px;\npadding:0px 0px 0px 0px;\nbackground-color:#9dc9c6;\n}\n<\/style>\n<div  class='flex_column av-brik26-2c9559ea6e0f0e2fbfdc298940a1406b av_one_full  avia-builder-el-8  el_after_av_one_third  avia-builder-el-last  first flex_column_div av-zero-column-padding  column-top-margin'     ><section  class='av_textblock_section av-kls67v6u-af0c4d901e99080d8db628db512a5c9b '   itemscope=\"itemscope\" itemtype=\"https:\/\/schema.org\/CreativeWork\" ><div class='avia_textblock'  itemprop=\"text\" ><h3>Qui \u00e9tait Georges Emblanc ?<\/h3>\n<\/div><\/section><br \/>\n<section  class='av_textblock_section av-kls5k72p-089be280eae36ed0d361979861ef71a6 '   itemscope=\"itemscope\" itemtype=\"https:\/\/schema.org\/CreativeWork\" ><div class='avia_textblock'  itemprop=\"text\" ><p><img loading=\"lazy\" decoding=\"async\" class=\"size-full wp-image-13652 alignleft\" src=\"http:\/\/www.ern.org\/wp-content\/uploads\/2021\/03\/PGE_Georges_Sac_a_dos_montagne_recadree-carree.jpg\" alt=\"Georges Emblanc\" width=\"262\" height=\"236\" \/>Georges Emblanc, expert reconnu des milieux professionnels et institutionnels pour ses connaissances sur les rivi\u00e8res et les \u00e9cosyst\u00e8mes d\u2019eau douce nous a quitt\u00e9 le 11 mars 2017 des suites d\u2019une h\u00e9morragie c\u00e9r\u00e9brale.<\/p>\n<p>Georges, collaborateur passionn\u00e9 de ERN France-SOS Loire Vivante travaillait \u00e9troitement avec l\u2019EPTB Seine Grands Lacs sur la question des inondations, l\u2019acceptation des crues, sur la \u00ab\u00a0culture du fleuve\u00a0\u00bb, plus particuli\u00e8rement sur le bassin de la Seine. Il \u00e9tait aussi un membre avis\u00e9 de la Commission Mixte Inondation (dont ERN France est membre) en charge d\u2019affecter les fonds Barnier et de conseiller sur les politiques nationales li\u00e9es au risque inondation.<\/p>\n<p>Georges \u00e9tait appr\u00e9ci\u00e9 et reconnu tout particuli\u00e8rement pour son engagement, ses comp\u00e9tences, son humanit\u00e9, ses connaissances incroyables dans de multiples domaines ainsi que pour sa capacit\u00e9 de dialogue mais aussi pour sa simple joie de vivre.<\/p>\n<p>Outre sa collaboration avec ERN et Seine Grands Lacs, il a \u00e9t\u00e9 notamment cofondateur et administrateur du Fonds pour la Conservation des Rivi\u00e8res Sauvages, \u00e0 titre b\u00e9n\u00e9vole. Et pr\u00e9c\u00e9demment, il avait longuement travaill\u00e9 pour le WWF France, toujours sur le sujet des \u00e9cosyst\u00e8mes d\u2019eau douce et la pr\u00e9servation des zones humides.<\/p>\n<p>Son engagement b\u00e9n\u00e9vole \u00e9tait remarquable et Georges donnait notamment de son temps pour la r\u00e9gularisation des sans-papiers, pour la Soci\u00e9t\u00e9 Protectrice des Animaux, sur l\u2019\u00e9ducation \u00e0 l\u2019environnement bien s\u00fbr, car la jeunesse et les g\u00e9n\u00e9rations futures \u00e9taient l\u2019une de ses principales pr\u00e9occupations.<\/p>\n<p>Georges avait un grand c\u0153ur et une grande \u00e2me et les prix qui portent son nom visent \u00e0 r\u00e9compenser des \u00e9tudiants m\u00e9ritants qui auront su travailler pour pr\u00e9venir certains risques naturels tout pr\u00e9servant la nature, les rivi\u00e8res et l\u2019environnement. Son \u00e9pouse, Nicole Emblanc s&rsquo;est impliqu\u00e9e dans les deux premi\u00e8res \u00e9ditions des Prix Georges Emblanc et chaque ann\u00e9e a pu mettre un prix \u00e0 l&rsquo;un des laur\u00e9ats.<\/p>\n<\/div><\/section><\/p><\/div><\/p>\n","protected":false},"excerpt":{"rendered":"","protected":false},"author":1,"featured_media":0,"parent":0,"menu_order":0,"comment_status":"closed","ping_status":"closed","template":"","meta":{"footnotes":""},"class_list":["post-13661","page","type-page","status-publish","hentry"],"_links":{"self":[{"href":"https:\/\/www.ern.org\/fr\/wp-json\/wp\/v2\/pages\/13661","targetHints":{"allow":["GET"]}}],"collection":[{"href":"https:\/\/www.ern.org\/fr\/wp-json\/wp\/v2\/pages"}],"about":[{"href":"https:\/\/www.ern.org\/fr\/wp-json\/wp\/v2\/types\/page"}],"author":[{"embeddable":true,"href":"https:\/\/www.ern.org\/fr\/wp-json\/wp\/v2\/users\/1"}],"replies":[{"embeddable":true,"href":"https:\/\/www.ern.org\/fr\/wp-json\/wp\/v2\/comments?post=13661"}],"version-history":[{"count":0,"href":"https:\/\/www.ern.org\/fr\/wp-json\/wp\/v2\/pages\/13661\/revisions"}],"wp:attachment":[{"href":"https:\/\/www.ern.org\/fr\/wp-json\/wp\/v2\/media?parent=13661"}],"curies":[{"name":"wp","href":"https:\/\/api.w.org\/{rel}","templated":true}]}}