{"id":13641,"date":"2021-03-02T10:10:38","date_gmt":"2021-03-02T09:10:38","guid":{"rendered":"http:\/\/www.ern.org\/?page_id=13641"},"modified":"2026-04-10T07:43:57","modified_gmt":"2026-04-10T05:43:57","slug":"prix-georges-emblanc-accueil","status":"publish","type":"page","link":"https:\/\/www.ern.org\/fr\/prix-georges-emblanc-accueil\/","title":{"rendered":"Prix Georges Emblanc &#8211; Accueil"},"content":{"rendered":"\n<style type=\"text\/css\" data-created_by=\"avia_inline_auto\" id=\"style-css-av-457f8-3cc72ec918e01f09387beeec91630533\">\n.flex_column.av-457f8-3cc72ec918e01f09387beeec91630533{\nborder-radius:0px 0px 0px 0px;\npadding:0px 0px 0px 0px;\n}\n<\/style>\n<div  class='flex_column av-457f8-3cc72ec918e01f09387beeec91630533 av_two_third  avia-builder-el-0  el_before_av_one_third  avia-builder-el-first  first flex_column_div av-zero-column-padding  '     ><p>\n<style type=\"text\/css\" data-created_by=\"avia_inline_auto\" id=\"style-css-av-klv4an51-1c2f4e57a6b6e39a4b1c9b6405d4cc53\">\n#top .av-special-heading.av-klv4an51-1c2f4e57a6b6e39a4b1c9b6405d4cc53{\npadding-bottom:2px;\n}\nbody .av-special-heading.av-klv4an51-1c2f4e57a6b6e39a4b1c9b6405d4cc53 .av-special-heading-tag .heading-char{\nfont-size:25px;\n}\n.av-special-heading.av-klv4an51-1c2f4e57a6b6e39a4b1c9b6405d4cc53 .av-subheading{\nfont-size:12px;\n}\n<\/style>\n<div  class='av-special-heading av-klv4an51-1c2f4e57a6b6e39a4b1c9b6405d4cc53 av-special-heading-h2 blockquote modern-quote  avia-builder-el-1  el_before_av_hr  avia-builder-el-first '><h2 class='av-special-heading-tag '  itemprop=\"headline\"  >D\u00e9couvrez les Prix Georges Emblanc !<\/h2><div class=\"special-heading-border\"><div class=\"special-heading-inner-border\"><\/div><\/div><\/div><br \/>\n\n<style type=\"text\/css\" data-created_by=\"avia_inline_auto\" id=\"style-css-av-ysmf0-6db307fcab3d174818ea131e112139cb\">\n#top .hr.av-ysmf0-6db307fcab3d174818ea131e112139cb{\nmargin-top:0px;\nmargin-bottom:0px;\n}\n.hr.av-ysmf0-6db307fcab3d174818ea131e112139cb .hr-inner{\nwidth:1500px;\nborder-color:#6786a1;\n}\n<\/style>\n<div  class='hr av-ysmf0-6db307fcab3d174818ea131e112139cb hr-custom  avia-builder-el-2  el_after_av_heading  el_before_av_textblock  hr-center hr-icon-no'><span class='hr-inner inner-border-av-border-thin'><span class=\"hr-inner-style\"><\/span><\/span><\/div><br \/>\n<section  class='av_textblock_section av-k53r5t08-feed64522232c0c0b913417cbba780ee '   itemscope=\"itemscope\" itemtype=\"https:\/\/schema.org\/CreativeWork\" ><div class='avia_textblock'  itemprop=\"text\" ><div dir=\"\" tabindex=\"-1\">\n<p>Les Prix Georges EMBLANC pour la \u00ab Culture du fleuve \u00bb, la pr\u00e9vention du risque inondation et la biodiversit\u00e9 ont \u00e9t\u00e9 cr\u00e9\u00e9s conjointement par <a href=\"https:\/\/www.ern.org\/fr\/ern\/\">ERN France<\/a> et l\u2019<a href=\"https:\/\/www.seinegrandslacs.fr\/\">EPTB Seine Grands Lacs<\/a>.<br \/>\nCes prix r\u00e9compensent des \u00e9tudiants, ou jeunes professionnels, ayant r\u00e9alis\u00e9 au cours des trois derni\u00e8res ann\u00e9es des travaux universitaires, m\u00e9moires de fin d\u2019\u00e9tude, individuels ou collectifs, ou bien travaux de recherche\u00a0 portant sur une des th\u00e9matiques suivantes :<\/p>\n<ul>\n<li>sur un projet \u00e9ducatif li\u00e9 aux fleuves,<\/li>\n<li>sur les inondations\/crues et \u00e9tiage,<\/li>\n<li>sur la biodiversit\u00e9 dans les zones humides<\/li>\n<li>ou bien encore l\u2019adaptation au changement climatique.<\/li>\n<\/ul>\n<p>La 1\u00e8re \u00e9dition de ce prix a \u00e9t\u00e9 organis\u00e9e en 2019. Tout savoir sur ce prix, laur\u00e9ats pass\u00e9s et candidater, voir acc\u00e8s th\u00e9matique dans la colonne\u00a0 \u00e0 droite.<\/p>\n<\/div>\n<div id=\"attachment_13476\" style=\"width: 1010px\" class=\"wp-caption alignnone\"><img loading=\"lazy\" decoding=\"async\" aria-describedby=\"caption-attachment-13476\" class=\"wp-image-13476 size-full\" src=\"https:\/\/www.ern.org\/wp-content\/uploads\/2021\/01\/2020-11-26_Remise_des_Prix_Georges_Emblanc_2020-e1615065071820.jpg\" alt=\"\" width=\"1000\" height=\"562\" \/><p id=\"caption-attachment-13476\" class=\"wp-caption-text\">Remise du prix Georges Emblanc 2020<\/p><\/div>\n<\/div><\/section><\/p><\/div>\n<style type=\"text\/css\" data-created_by=\"avia_inline_auto\" id=\"style-css-av-exhtg-41167949be59763107b69d1093726180\">\n.flex_column.av-exhtg-41167949be59763107b69d1093726180{\nborder-radius:0px 0px 0px 0px;\npadding:0px 0px 0px 0px;\n}\n<\/style>\n<div  class='flex_column av-exhtg-41167949be59763107b69d1093726180 av_one_third  avia-builder-el-4  el_after_av_two_third  avia-builder-el-last  flex_column_div av-zero-column-padding  '     ><p><div  class='avia-button-wrap avia-button-center  avia-builder-el-5  el_before_av_hr  avia-builder-el-first '>\n<style type=\"text\/css\" data-created_by=\"avia_inline_auto\" id=\"style-css-av-kls42tn0-a3f1d1bc29455d3a0f49068fb9e4ddff\">\n#top #wrap_all .avia-button.av-kls42tn0-a3f1d1bc29455d3a0f49068fb9e4ddff:hover{\ncolor:#ffffff;\ntransition:all 0.4s ease-in-out;\n}\n#top #wrap_all .avia-button.av-kls42tn0-a3f1d1bc29455d3a0f49068fb9e4ddff:hover .avia-svg-icon svg:first-child{\nfill:#ffffff;\nstroke:#ffffff;\n}\n<\/style>\n<a href='https:\/\/www.ern.org\/fr\/prix-georges-emblanc-presentation\/' class='avia-color-theme-color avia-font-color-theme-color avia-button avia-button-fullwidth av-kls42tn0-a3f1d1bc29455d3a0f49068fb9e4ddff avia-icon_select-no avia-color-theme-color'   aria-label=\"En savoir plus\"><span class='avia_iconbox_title' >En savoir plus<\/span><div class='av-button-description av-button-description-below'><p>Pr\u00e9sentation d\u00e9taill\u00e9e du Prix<\/p>\n<\/div><span class='avia_button_background avia-button avia-button-fullwidth avia-color-theme-color-highlight'><\/span><\/a><\/div><br \/>\n<div  class='hr av-1l0blwp-6b8bfa33a5fcba7630916dca5a22038e hr-default  avia-builder-el-6  el_after_av_button_big  el_before_av_button_big  avia-builder-el-no-sibling '><span class='hr-inner '><span class=\"hr-inner-style\"><\/span><\/span><\/div><br \/>\n<div  class='avia-button-wrap avia-button-center  avia-builder-el-7  el_after_av_hr  el_before_av_hr '>\n<style type=\"text\/css\" data-created_by=\"avia_inline_auto\" id=\"style-css-av-kls42tn0-2-cfc1bd956031254ac1ba9ec6d8321687\">\n#top #wrap_all .avia-button.av-kls42tn0-2-cfc1bd956031254ac1ba9ec6d8321687:hover{\ncolor:#ffffff;\ntransition:all 0.4s ease-in-out;\n}\n#top #wrap_all .avia-button.av-kls42tn0-2-cfc1bd956031254ac1ba9ec6d8321687:hover .avia-svg-icon svg:first-child{\nfill:#ffffff;\nstroke:#ffffff;\n}\n<\/style>\n<a href='https:\/\/www.ern.org\/fr\/prix-georges-emblanc-candidater\/' class='avia-color-theme-color avia-font-color-theme-color avia-button avia-button-fullwidth av-kls42tn0-2-cfc1bd956031254ac1ba9ec6d8321687 avia-icon_select-no avia-color-theme-color'   aria-label=\"Candidater\"><span class='avia_iconbox_title' >Candidater<\/span><div class='av-button-description av-button-description-below'><p>Modalit\u00e9s de participation<\/p>\n<\/div><span class='avia_button_background avia-button avia-button-fullwidth avia-color-theme-color-highlight'><\/span><\/a><\/div><br \/>\n<div  class='hr av-1ajkiax-17387780c913940b1b875535eb00efb4 hr-default  avia-builder-el-8  el_after_av_button_big  el_before_av_button_big  avia-builder-el-no-sibling '><span class='hr-inner '><span class=\"hr-inner-style\"><\/span><\/span><\/div><br \/>\n<div  class='avia-button-wrap avia-button-center  avia-builder-el-9  el_after_av_hr  el_before_av_hr '>\n<style type=\"text\/css\" data-created_by=\"avia_inline_auto\" id=\"style-css-av-kls42tn0-1-746e6ac45c37cb3d645ecba2c095446d\">\n#top #wrap_all .avia-button.av-kls42tn0-1-746e6ac45c37cb3d645ecba2c095446d:hover{\ncolor:#ffffff;\ntransition:all 0.4s ease-in-out;\n}\n#top #wrap_all .avia-button.av-kls42tn0-1-746e6ac45c37cb3d645ecba2c095446d:hover .avia-svg-icon svg:first-child{\nfill:#ffffff;\nstroke:#ffffff;\n}\n<\/style>\n<a href='https:\/\/www.ern.org\/fr\/prix-georges-emblanc-retour-sur-les-editions-2019-et-2020\/' class='avia-color-theme-color avia-font-color-theme-color avia-button avia-button-fullwidth av-kls42tn0-1-746e6ac45c37cb3d645ecba2c095446d avia-icon_select-no avia-color-theme-color'   aria-label=\"Retour sur les \u00e9ditions pr\u00e9c\u00e9dentes\"><span class='avia_iconbox_title' >Retour sur les \u00e9ditions pr\u00e9c\u00e9dentes<\/span><span class='avia_button_background avia-button avia-button-fullwidth avia-color-theme-color-highlight'><\/span><\/a><\/div><br \/>\n\n<style type=\"text\/css\" data-created_by=\"avia_inline_auto\" id=\"style-css-av-kls74iyu-5888300f42fc38c15ffca74e80f3fa09\">\n#top .hr.hr-invisible.av-kls74iyu-5888300f42fc38c15ffca74e80f3fa09{\nheight:50px;\n}\n<\/style>\n<div  class='hr av-kls74iyu-5888300f42fc38c15ffca74e80f3fa09 hr-invisible  avia-builder-el-10  el_after_av_button_big  el_before_av_textblock  avia-builder-el-first '><span class='hr-inner '><span class=\"hr-inner-style\"><\/span><\/span><\/div><br \/>\n<section  class='av_textblock_section av-kls4bnpd-ef17981c3f7e7c8babeea8f7858e5958 '   itemscope=\"itemscope\" itemtype=\"https:\/\/schema.org\/CreativeWork\" ><div class='avia_textblock'  itemprop=\"text\" ><h4 style=\"text-align: center;\"><span style=\"color: #008080;\">Actualit\u00e9s<\/span><\/h4>\n<\/div><\/section><br \/>\n<div  id=\"avia-magazine-1\"  class='av-magazine av-kls4cb8q-d4bf338925f383325284632cac33d559 av-magazine-top-bar-active av-magazine-tabs-active  avia-builder-el-12  el_after_av_textblock  avia-builder-el-last   avia-builder-el-12  el_after_av_textblock  avia-builder-el-last ' ><div class='av-magazine-top-bar '><\/div><div class='av-magazine-group sort_all'><article class='av-magazine-entry av-magazine-entry-id-25982 av-magazine-format-standard av-magazine-type-post av-magazine-entry-1 av-magazine-entry-small '  itemscope=\"itemscope\" itemtype=\"https:\/\/schema.org\/CreativeWork\" ><div class=\"av-magazine-thumbnail\"><a href='https:\/\/www.ern.org\/fr\/exposition-le-voyage-dun-grain-de-sable-vient-de-paraitre\/' title='Lier vers : Exposition \u00ab\u00a0Le voyage d&rsquo;un grain de sable\u00a0\u00bb vient de paraitre' class='av-magazine-thumbnail-link'><img decoding=\"async\" fetchpriority=\"high\" width=\"80\" height=\"80\" src=\"https:\/\/www.ern.org\/wp-content\/uploads\/2019\/08\/2019-Poutes-effac-gatesDSCF1118CR-Roberto-Epple-low-1-80x80.jpg\" class=\"wp-image-25981 avia-img-lazy-loading-not-25981 attachment-thumbnail size-thumbnail wp-post-image\" alt=\"\" srcset=\"https:\/\/www.ern.org\/wp-content\/uploads\/2019\/08\/2019-Poutes-effac-gatesDSCF1118CR-Roberto-Epple-low-1-80x80.jpg 80w, https:\/\/www.ern.org\/wp-content\/uploads\/2019\/08\/2019-Poutes-effac-gatesDSCF1118CR-Roberto-Epple-low-1-36x36.jpg 36w, https:\/\/www.ern.org\/wp-content\/uploads\/2019\/08\/2019-Poutes-effac-gatesDSCF1118CR-Roberto-Epple-low-1-180x180.jpg 180w\" sizes=\"(max-width: 80px) 100vw, 80px\" \/><\/a><\/div><div class=\"av-magazine-content-wrap\"><header class=\"entry-content-header\" aria-label=\"Articles : Exposition &quot;Le voyage d&#039;un grain de sable&quot; vient de paraitre\"><time class='av-magazine-time updated'  itemprop=\"datePublished\" datetime=\"2026-04-28T15:18:39+02:00\" >avril 28, 2026<\/time><span class=\"av-magazine-tags-wrap\"><span class=\"av-magazine-text-sep text-sep-tags\">Etiquettes :<\/span><span class=\"av-magazine-tags minor-meta\"><a href=\"https:\/\/www.ern.org\/fr\/tag\/continuite-ecologique-fr\/\" rel=\"tag\">continuit\u00e9 \u00e9cologique<\/a>, <a href=\"https:\/\/www.ern.org\/fr\/tag\/dynamique-fluviale\/\" rel=\"tag\">dynamique fluviale<\/a>, <a href=\"https:\/\/www.ern.org\/fr\/tag\/exposition\/\" rel=\"tag\">exposition<\/a>, <a href=\"https:\/\/www.ern.org\/fr\/tag\/hydromorphologie\/\" rel=\"tag\">hydromorphologie<\/a>, <a href=\"https:\/\/www.ern.org\/fr\/tag\/voyage-dun-grain-de-sable\/\" rel=\"tag\">voyage d'un grain de sable<\/a><\/span><\/span><h3 class='av-magazine-title entry-title '  itemprop=\"headline\" ><a href='https:\/\/www.ern.org\/fr\/exposition-le-voyage-dun-grain-de-sable-vient-de-paraitre\/' title='Lier vers : Exposition \u00ab\u00a0Le voyage d&rsquo;un grain de sable\u00a0\u00bb vient de paraitre'>Exposition \u00ab\u00a0Le voyage d&rsquo;un grain de sable\u00a0\u00bb vient de paraitre<\/a><\/h3><\/header><\/div><footer class=\"entry-footer\"><\/footer><\/article><article class='av-magazine-entry av-magazine-entry-id-25931 av-magazine-format-standard av-magazine-type-post av-magazine-entry-2 av-magazine-entry-small '  itemscope=\"itemscope\" itemtype=\"https:\/\/schema.org\/CreativeWork\" ><div class=\"av-magazine-thumbnail\"><a href='https:\/\/www.ern.org\/fr\/webinaire-exclusif-sur-la-fin-des-concessions-hydroelectriques-jeudi-7-mai-2026-de-14h-15h30\/' title='Lier vers : Webinaire exclusif sur la fin des concessions hydro\u00e9lectriques : Jeudi 7 mai 2026 de 14h-15h30' class='av-magazine-thumbnail-link'><img decoding=\"async\" fetchpriority=\"high\" width=\"80\" height=\"80\" src=\"https:\/\/www.ern.org\/wp-content\/uploads\/2016\/12\/vogelgrun_dam_cc_geoportail-1-80x80.jpg\" class=\"wp-image-25132 avia-img-lazy-loading-not-25132 attachment-thumbnail size-thumbnail wp-post-image\" alt=\"\" srcset=\"https:\/\/www.ern.org\/wp-content\/uploads\/2016\/12\/vogelgrun_dam_cc_geoportail-1-80x80.jpg 80w, https:\/\/www.ern.org\/wp-content\/uploads\/2016\/12\/vogelgrun_dam_cc_geoportail-1-36x36.jpg 36w, https:\/\/www.ern.org\/wp-content\/uploads\/2016\/12\/vogelgrun_dam_cc_geoportail-1-180x180.jpg 180w\" sizes=\"(max-width: 80px) 100vw, 80px\" \/><\/a><\/div><div class=\"av-magazine-content-wrap\"><header class=\"entry-content-header\" aria-label=\"Articles : Webinaire exclusif sur la fin des concessions hydro\u00e9lectriques : Jeudi 7 mai 2026 de 14h-15h30\"><time class='av-magazine-time updated'  itemprop=\"datePublished\" datetime=\"2026-04-28T09:48:11+02:00\" >avril 28, 2026<\/time><span class=\"av-magazine-tags-wrap\"><span class=\"av-magazine-text-sep text-sep-tags\">Etiquettes :<\/span><span class=\"av-magazine-tags minor-meta\"><a href=\"https:\/\/www.ern.org\/fr\/tag\/batistel\/\" rel=\"tag\">Batistel<\/a>, <a href=\"https:\/\/www.ern.org\/fr\/tag\/bolo\/\" rel=\"tag\">Bolo<\/a>, <a href=\"https:\/\/www.ern.org\/fr\/tag\/centrale-hydroelectrique\/\" rel=\"tag\">centrale hydro\u00e9lectrique<\/a>, <a href=\"https:\/\/www.ern.org\/fr\/tag\/concession-hydroelectrique\/\" rel=\"tag\">concession hydro\u00e9lectrique<\/a>, <a href=\"https:\/\/www.ern.org\/fr\/tag\/webinaire-fr\/\" rel=\"tag\">webinaire<\/a><\/span><\/span><h3 class='av-magazine-title entry-title '  itemprop=\"headline\" ><a href='https:\/\/www.ern.org\/fr\/webinaire-exclusif-sur-la-fin-des-concessions-hydroelectriques-jeudi-7-mai-2026-de-14h-15h30\/' title='Lier vers : Webinaire exclusif sur la fin des concessions hydro\u00e9lectriques : Jeudi 7 mai 2026 de 14h-15h30'>Webinaire exclusif sur la fin des concessions hydro\u00e9lectriques : Jeudi 7 mai 2026 de 14h-15h30<\/a><\/h3><\/header><\/div><footer class=\"entry-footer\"><\/footer><\/article><article class='av-magazine-entry av-magazine-entry-id-25329 av-magazine-format-standard av-magazine-type-post av-magazine-entry-3 av-magazine-entry-small '  itemscope=\"itemscope\" itemtype=\"https:\/\/schema.org\/CreativeWork\" ><div class=\"av-magazine-thumbnail\"><a href='https:\/\/www.ern.org\/fr\/webinaire-open-rivers-programme-le-5-mai-de-16h-a-17h\/' title='Lier vers : webinaire Open Rivers Programme , le 5 mai de 16h \u00e0 17h' class='av-magazine-thumbnail-link'><img decoding=\"async\" fetchpriority=\"high\" width=\"80\" height=\"80\" src=\"https:\/\/www.ern.org\/wp-content\/uploads\/2021\/11\/big-logo-e1666743763295-1-80x80.png\" class=\"wp-image-15819 avia-img-lazy-loading-not-15819 attachment-thumbnail size-thumbnail wp-post-image\" alt=\"\" srcset=\"https:\/\/www.ern.org\/wp-content\/uploads\/2021\/11\/big-logo-e1666743763295-1-80x80.png 80w, https:\/\/www.ern.org\/wp-content\/uploads\/2021\/11\/big-logo-e1666743763295-1-36x36.png 36w\" sizes=\"(max-width: 80px) 100vw, 80px\" \/><\/a><\/div><div class=\"av-magazine-content-wrap\"><header class=\"entry-content-header\" aria-label=\"Articles : webinaire Open Rivers Programme , le 5 mai de 16h \u00e0 17h\"><time class='av-magazine-time updated'  itemprop=\"datePublished\" datetime=\"2026-04-16T13:46:17+02:00\" >avril 16, 2026<\/time><span class=\"av-magazine-tags-wrap\"><span class=\"av-magazine-text-sep text-sep-tags\">Etiquettes :<\/span><span class=\"av-magazine-tags minor-meta\"><a href=\"https:\/\/www.ern.org\/fr\/tag\/continuite-ecologique-fr\/\" rel=\"tag\">continuit\u00e9 \u00e9cologique<\/a>, <a href=\"https:\/\/www.ern.org\/fr\/tag\/dam-removal-fr\/\" rel=\"tag\">dam removal<\/a>, <a href=\"https:\/\/www.ern.org\/fr\/tag\/effacement\/\" rel=\"tag\">effacement<\/a>, <a href=\"https:\/\/www.ern.org\/fr\/tag\/obstacle\/\" rel=\"tag\">obstacle<\/a>, <a href=\"https:\/\/www.ern.org\/fr\/tag\/open-rivers-programme-fr\/\" rel=\"tag\">Open Rivers Programme<\/a>, <a href=\"https:\/\/www.ern.org\/fr\/tag\/rivieres\/\" rel=\"tag\">rivi\u00e8res<\/a><\/span><\/span><h3 class='av-magazine-title entry-title '  itemprop=\"headline\" ><a href='https:\/\/www.ern.org\/fr\/webinaire-open-rivers-programme-le-5-mai-de-16h-a-17h\/' title='Lier vers : webinaire Open Rivers Programme , le 5 mai de 16h \u00e0 17h'>webinaire Open Rivers Programme , le 5 mai de 16h \u00e0 17h<\/a><\/h3><\/header><\/div><footer class=\"entry-footer\"><\/footer><\/article><article class='av-magazine-entry av-magazine-entry-id-23979 av-magazine-format-standard av-magazine-type-post av-magazine-entry-4 av-magazine-entry-small '  itemscope=\"itemscope\" itemtype=\"https:\/\/schema.org\/CreativeWork\" ><div class=\"av-magazine-thumbnail\"><a href='https:\/\/www.ern.org\/fr\/societe-civile-et-fournisseurs-deau-exhortent-la-commission-europeenne-de-ne-pas-affaiblir-ni-supprimer-les-regles-fondamentales-en-matiere-de-protection-de-leau\/' title='Lier vers : Soci\u00e9t\u00e9 civile et fournisseurs d&rsquo;eau exhortent la Commission Europ\u00e9enne de ne pas affaiblir ni supprimer les r\u00e8gles fondamentales en mati\u00e8re de protection de l&rsquo;eau' class='av-magazine-thumbnail-link'><img decoding=\"async\" fetchpriority=\"high\" width=\"80\" height=\"80\" src=\"https:\/\/www.ern.org\/wp-content\/uploads\/2020\/09\/Vjosa_river_near_Tepelena_cc_Pudelek-1-80x80.jpg\" class=\"wp-image-12707 avia-img-lazy-loading-not-12707 attachment-thumbnail size-thumbnail wp-post-image\" alt=\"\" srcset=\"https:\/\/www.ern.org\/wp-content\/uploads\/2020\/09\/Vjosa_river_near_Tepelena_cc_Pudelek-1-80x80.jpg 80w, https:\/\/www.ern.org\/wp-content\/uploads\/2020\/09\/Vjosa_river_near_Tepelena_cc_Pudelek-1-36x36.jpg 36w, https:\/\/www.ern.org\/wp-content\/uploads\/2020\/09\/Vjosa_river_near_Tepelena_cc_Pudelek-1-180x180.jpg 180w\" sizes=\"(max-width: 80px) 100vw, 80px\" \/><\/a><\/div><div class=\"av-magazine-content-wrap\"><header class=\"entry-content-header\" aria-label=\"Articles : Soci\u00e9t\u00e9 civile et fournisseurs d&#039;eau exhortent la Commission Europ\u00e9enne de ne pas affaiblir ni supprimer les r\u00e8gles fondamentales en mati\u00e8re de protection de l&#039;eau\"><time class='av-magazine-time updated'  itemprop=\"datePublished\" datetime=\"2026-02-19T14:06:09+01:00\" >f\u00e9vrier 19, 2026<\/time><span class=\"av-magazine-tags-wrap\"><span class=\"av-magazine-text-sep text-sep-tags\">Etiquettes :<\/span><span class=\"av-magazine-tags minor-meta\"><a href=\"https:\/\/www.ern.org\/fr\/tag\/handsoffnature\/\" rel=\"tag\">#HandsOffNature<\/a>, <a href=\"https:\/\/www.ern.org\/fr\/tag\/directive-cadre-eau\/\" rel=\"tag\">Directive Cadre Eau<\/a>, <a href=\"https:\/\/www.ern.org\/fr\/tag\/wfd-fr\/\" rel=\"tag\">WFD<\/a><\/span><\/span><h3 class='av-magazine-title entry-title '  itemprop=\"headline\" ><a href='https:\/\/www.ern.org\/fr\/societe-civile-et-fournisseurs-deau-exhortent-la-commission-europeenne-de-ne-pas-affaiblir-ni-supprimer-les-regles-fondamentales-en-matiere-de-protection-de-leau\/' title='Lier vers : Soci\u00e9t\u00e9 civile et fournisseurs d&rsquo;eau exhortent la Commission Europ\u00e9enne de ne pas affaiblir ni supprimer les r\u00e8gles fondamentales en mati\u00e8re de protection de l&rsquo;eau'>Soci\u00e9t\u00e9 civile et fournisseurs d&rsquo;eau exhortent la Commission Europ\u00e9enne de ne pas affaiblir ni supprimer les r\u00e8gles fondamentales en mati\u00e8re de protection de l&rsquo;eau<\/a><\/h3><\/header><\/div><footer class=\"entry-footer\"><\/footer><\/article><article class='av-magazine-entry av-magazine-entry-id-23978 av-magazine-format-standard av-magazine-type-post av-magazine-entry-5 av-magazine-entry-small '  itemscope=\"itemscope\" itemtype=\"https:\/\/schema.org\/CreativeWork\" ><div class=\"av-magazine-thumbnail\"><a href='https:\/\/www.ern.org\/fr\/la-directive-cadre-sur-leau-est-menacee-signez-la-petition-lancee-par-la-coalition-dong-europeenne-handsoffnature\/' title='Lier vers : Les lois europ\u00e9ennes qui prot\u00e8gent notre environnement sont menac\u00e9es. Signez la p\u00e9tition' class='av-magazine-thumbnail-link'><img decoding=\"async\" fetchpriority=\"high\" width=\"80\" height=\"80\" src=\"https:\/\/www.ern.org\/wp-content\/uploads\/2020\/09\/photo-Soca-CLarroque2017-1-80x80.jpg\" class=\"wp-image-12810 avia-img-lazy-loading-not-12810 attachment-thumbnail size-thumbnail wp-post-image\" alt=\"\" srcset=\"https:\/\/www.ern.org\/wp-content\/uploads\/2020\/09\/photo-Soca-CLarroque2017-1-80x80.jpg 80w, https:\/\/www.ern.org\/wp-content\/uploads\/2020\/09\/photo-Soca-CLarroque2017-1-36x36.jpg 36w, https:\/\/www.ern.org\/wp-content\/uploads\/2020\/09\/photo-Soca-CLarroque2017-1-180x180.jpg 180w\" sizes=\"(max-width: 80px) 100vw, 80px\" \/><small class='avia-copyright'>C.Larroque ERN 2017<\/small><\/a><\/div><div class=\"av-magazine-content-wrap\"><header class=\"entry-content-header\" aria-label=\"Articles : Les lois europ\u00e9ennes qui prot\u00e8gent notre environnement sont menac\u00e9es. Signez la p\u00e9tition\"><time class='av-magazine-time updated'  itemprop=\"datePublished\" datetime=\"2026-02-13T18:07:33+01:00\" >f\u00e9vrier 13, 2026<\/time><span class=\"av-magazine-tags-wrap\"><span class=\"av-magazine-text-sep text-sep-tags\">Etiquettes :<\/span><span class=\"av-magazine-tags minor-meta\"><a href=\"https:\/\/www.ern.org\/fr\/tag\/dce\/\" rel=\"tag\">#DCE<\/a>, <a href=\"https:\/\/www.ern.org\/fr\/tag\/handsoffnature\/\" rel=\"tag\">#HandsOffNature<\/a>, <a href=\"https:\/\/www.ern.org\/fr\/tag\/wfd-fr\/\" rel=\"tag\">WFD<\/a><\/span><\/span><h3 class='av-magazine-title entry-title '  itemprop=\"headline\" ><a href='https:\/\/www.ern.org\/fr\/la-directive-cadre-sur-leau-est-menacee-signez-la-petition-lancee-par-la-coalition-dong-europeenne-handsoffnature\/' title='Lier vers : Les lois europ\u00e9ennes qui prot\u00e8gent notre environnement sont menac\u00e9es. Signez la p\u00e9tition'>Les lois europ\u00e9ennes qui prot\u00e8gent notre environnement sont menac\u00e9es. Signez la p\u00e9tition<\/a><\/h3><\/header><\/div><footer class=\"entry-footer\"><\/footer><\/article><\/div><\/div><\/p><\/div><\/p>\n","protected":false},"excerpt":{"rendered":"","protected":false},"author":1,"featured_media":0,"parent":0,"menu_order":0,"comment_status":"closed","ping_status":"closed","template":"","meta":{"footnotes":""},"class_list":["post-13641","page","type-page","status-publish","hentry"],"_links":{"self":[{"href":"https:\/\/www.ern.org\/fr\/wp-json\/wp\/v2\/pages\/13641","targetHints":{"allow":["GET"]}}],"collection":[{"href":"https:\/\/www.ern.org\/fr\/wp-json\/wp\/v2\/pages"}],"about":[{"href":"https:\/\/www.ern.org\/fr\/wp-json\/wp\/v2\/types\/page"}],"author":[{"embeddable":true,"href":"https:\/\/www.ern.org\/fr\/wp-json\/wp\/v2\/users\/1"}],"replies":[{"embeddable":true,"href":"https:\/\/www.ern.org\/fr\/wp-json\/wp\/v2\/comments?post=13641"}],"version-history":[{"count":0,"href":"https:\/\/www.ern.org\/fr\/wp-json\/wp\/v2\/pages\/13641\/revisions"}],"wp:attachment":[{"href":"https:\/\/www.ern.org\/fr\/wp-json\/wp\/v2\/media?parent=13641"}],"curies":[{"name":"wp","href":"https:\/\/api.w.org\/{rel}","templated":true}]}}