{"id":13543,"date":"2021-01-26T16:32:45","date_gmt":"2021-01-26T15:32:45","guid":{"rendered":"http:\/\/www.ern.org\/?page_id=13543"},"modified":"2025-06-03T16:34:58","modified_gmt":"2025-06-03T14:34:58","slug":"nos-videos","status":"publish","type":"page","link":"https:\/\/www.ern.org\/fr\/nos-videos\/","title":{"rendered":"Nos vid\u00e9os"},"content":{"rendered":"\n<style type=\"text\/css\" data-created_by=\"avia_inline_auto\" id=\"style-css-av-78fn2k-b64b2d59bdc2feb4c3f25273a0fb7217\">\n.flex_column.av-78fn2k-b64b2d59bdc2feb4c3f25273a0fb7217{\n-webkit-border-radius:0px 0px 0px 0px;\n-moz-border-radius:0px 0px 0px 0px;\nborder-radius:0px 0px 0px 0px;\npadding:0px 0px 0px 0px;\n}\n<\/style>\n<div  class='flex_column av-78fn2k-b64b2d59bdc2feb4c3f25273a0fb7217 av_one_full  avia-builder-el-0  el_before_av_textblock  avia-builder-el-first  first flex_column_div av-zero-column-padding  '     ><style type=\"text\/css\" data-created_by=\"avia_inline_auto\" id=\"style-css-av-k1umhkg0-5b82cff451271b58af646cbb67075c75\">\n#top .av_textblock_section.av-k1umhkg0-5b82cff451271b58af646cbb67075c75 .avia_textblock{\nfont-size:36px;\n}\n<\/style>\n<section  class='av_textblock_section av-k1umhkg0-5b82cff451271b58af646cbb67075c75 '   itemscope=\"itemscope\" itemtype=\"https:\/\/schema.org\/CreativeWork\" ><div class='avia_textblock'  itemprop=\"text\" ><h1 style=\"text-align: center;\">\u00a0D\u00e9couvrez nos vid\u00e9os<\/h1>\n<hr \/>\n<h1 style=\"text-align: center;\"><\/h1>\n<\/div><\/section><\/div>\n<section  class='av_textblock_section av-jpgew7-3cd7f729b6b288fbab033a05912c4656 '   itemscope=\"itemscope\" itemtype=\"https:\/\/schema.org\/CreativeWork\" ><div class='avia_textblock'  itemprop=\"text\" ><div class=\"page\" title=\"Page 1\">\n<div class=\"section\">\n<div class=\"layoutArea\"><\/div>\n<\/div>\n<\/div>\n<ul>\n<li>\n<h3>RN 88 en Haute Loire : 4 Minutes pour les Susc &#8211; Survol du trac\u00e9 du projet d&rsquo;autoroute &#8211; 2020<\/h3>\n<\/li>\n<\/ul>\n<p style=\"padding-left: 40px;\">&gt;&gt; <a href=\"https:\/\/vimeo.com\/498909396\">Cliquez ici pour voir la vid\u00e9o<\/a><\/p>\n<p style=\"padding-left: 40px;\"><a href=\"https:\/\/vimeo.com\/498909396\"><img loading=\"lazy\" decoding=\"async\" class=\"alignnone wp-image-13544\" src=\"http:\/\/www.ern.org\/wp-content\/uploads\/sites\/52\/2021\/01\/vignette-video-RN88.jpg\" alt=\"\" width=\"473\" height=\"331\" \/><\/a><\/p>\n<p style=\"padding-left: 40px;\"><em>Trajet du projet en 2020 entre Le Pertuis et le branchement sur l&rsquo;autoroute existante apr\u00e8s Saint Hostien (direction Le Puy).<\/em><br \/>\n<em>Le survol commence sur la \u00ab\u00a04 voies\u00a0\u00bb avant Le Pertuis en direction du Puy en Velay.<\/em><br \/>\n<em>Sans commentaire. Copyright Roberto Epple-SOS Loire Vivante<br \/>\n<\/em><\/p>\n<hr \/>\n<ul>\n<li>\n<h3>Survol de barrage \u00e0 aiguilles de Civray et sa rivi\u00e8re de contournement &#8211; 07\/2020<\/h3>\n<\/li>\n<\/ul>\n<p style=\"padding-left: 40px;\">D\u00e9sol\u00e9, contrairement \u00e0 notre annonce, cette vid\u00e9o n&rsquo;est pas dispo suite aux probl\u00e8mes avec les enregistrement de notre drone. Veuillez essaiyer dans quelques semaines.<\/p>\n<hr \/>\n<ul>\n<li>\n<h3>Survol de la confluence de la Borne et de la Loire et du site Multitransport post d\u00e9molition (Chadrac, Haute Loire)n-, 4 min. 50<\/h3>\n<p><a href=\"https:\/\/vimeo.com\/426832047\">&gt;&gt; https:\/\/vimeo.com\/426832047<\/a><\/p>\n<hr \/>\n<\/li>\n<li>\n<h3>Vid\u00e9o de lancement du projet de film par ERN-SOS Loire Vivante sur la continuit\u00e9 \u00e9cologique en France &#8211; 2020<\/h3>\n<\/li>\n<\/ul>\n<p style=\"padding-left: 40px;\"><a href=\"https:\/\/vimeo.com\/485425129\">&gt;&gt; Cliquez ici pour voir la vid\u00e9o<\/a><\/p>\n<p style=\"padding-left: 40px;\"><a href=\"https:\/\/vimeo.com\/485425129\"><img loading=\"lazy\" decoding=\"async\" class=\"alignnone wp-image-13547\" src=\"http:\/\/www.ern.org\/wp-content\/uploads\/sites\/52\/2021\/01\/vignette-video-filmmobbiodiv.jpg\" alt=\"\" width=\"483\" height=\"303\" \/><\/a><\/p>\n<p style=\"padding-left: 40px;\"><em>Pr\u00e9sentation du projet de plusieurs courts-m\u00e9trages sur la lib\u00e9ration de nos rivi\u00e8res (continuit\u00e9 \u00e9cologique).<br \/>\n<\/em><em>Vid\u00e9o r\u00e9alis\u00e9e pour pr\u00e9senter le projet parmi tous les projets s\u00e9lectionn\u00e9s dans le cadre de l&rsquo;appel \u00e0 projets Mob&rsquo;Biodiv 2020. Copyright SOS Loire Vivante.<br \/>\n<\/em><\/p>\n<\/div><\/section>\n\n<style type=\"text\/css\" data-created_by=\"avia_inline_auto\" id=\"style-css-av-k60luwjo-f2468dbda86815f17c9752d4d2e43b98\">\n.flex_column.av-k60luwjo-f2468dbda86815f17c9752d4d2e43b98{\n-webkit-border-radius:0px 0px 0px 0px;\n-moz-border-radius:0px 0px 0px 0px;\nborder-radius:0px 0px 0px 0px;\npadding:0px 0px 0px 0px;\n}\n<\/style>\n<div  class='flex_column av-k60luwjo-f2468dbda86815f17c9752d4d2e43b98 av_four_fifth  avia-builder-el-3  el_after_av_textblock  el_before_av_one_fifth  first flex_column_div av-zero-column-padding  column-top-margin'     ><section  class='av_textblock_section av-k60lvm9x-9de53c53ba8d2b0e25cb709cd9eab822 '   itemscope=\"itemscope\" itemtype=\"https:\/\/schema.org\/CreativeWork\" ><div class='avia_textblock'  itemprop=\"text\" ><h6 style=\"text-align: right;\"><em>Cette page est mise \u00e0 jour par SOS Loire Vivante &#8211; ERN France.<\/em><\/h6>\n<p style=\"text-align: right;\"><em>&gt;&gt; retourner sur <a href=\"https:\/\/www.rivernet.org\/loire\/soslv\/soslv_f.htm\">le site web exclusivement consacr\u00e9 \u00e0 nos actions sur la Loire<\/a> (SOS Loire Vivante)<\/em><\/p>\n<p style=\"text-align: right;\"><em>&gt;&gt; retourner sur <a href=\"https:\/\/www.ern.org\/fr\/\">le site web des actions nationales et internationales de l&rsquo;association<\/a> (ERN)<\/em><\/p>\n<\/div><\/section><\/div>\n\n<style type=\"text\/css\" data-created_by=\"avia_inline_auto\" id=\"style-css-av-k8uxl-c4c75b86cee09855ec7cafbce8ad0b17\">\n.flex_column.av-k8uxl-c4c75b86cee09855ec7cafbce8ad0b17{\n-webkit-border-radius:0px 0px 0px 0px;\n-moz-border-radius:0px 0px 0px 0px;\nborder-radius:0px 0px 0px 0px;\npadding:0px 0px 0px 0px;\n}\n<\/style>\n<div  class='flex_column av-k8uxl-c4c75b86cee09855ec7cafbce8ad0b17 av_one_fifth  avia-builder-el-5  el_after_av_four_fifth  avia-builder-el-last  flex_column_div av-zero-column-padding  column-top-margin'     ><style type=\"text\/css\" data-created_by=\"avia_inline_auto\" id=\"style-css-av-k60l00t3-c7593ae619303c6e8798788e167450ed\">\n.avia-image-container.av-k60l00t3-c7593ae619303c6e8798788e167450ed img.avia_image{\nbox-shadow:none;\n}\n.avia-image-container.av-k60l00t3-c7593ae619303c6e8798788e167450ed .av-image-caption-overlay-center{\ncolor:#ffffff;\n}\n<\/style>\n<div  class='avia-image-container av-k60l00t3-c7593ae619303c6e8798788e167450ed av-styling- avia-align-center  avia-builder-el-6  avia-builder-el-no-sibling '   itemprop=\"image\" itemscope=\"itemscope\" itemtype=\"https:\/\/schema.org\/ImageObject\" ><div class=\"avia-image-container-inner\"><div class=\"avia-image-overlay-wrap\"><img decoding=\"async\" class='wp-image-11148 avia-img-lazy-loading-not-11148 avia_image ' src=\"https:\/\/www.ern.org\/wp-content\/uploads\/sites\/52\/2020\/01\/logo_soslv_ern-300x122.png\" alt='' title='logo_soslv_ern'  height=\"122\" width=\"300\"  itemprop=\"thumbnailUrl\" srcset=\"https:\/\/www.ern.org\/wp-content\/uploads\/sites\/52\/2020\/01\/logo_soslv_ern-300x122.png 300w, https:\/\/www.ern.org\/wp-content\/uploads\/sites\/52\/2020\/01\/logo_soslv_ern.png 500w\" sizes=\"(max-width: 300px) 100vw, 300px\" \/><\/div><\/div><\/div><\/div>\n","protected":false},"excerpt":{"rendered":"","protected":false},"author":149,"featured_media":0,"parent":0,"menu_order":0,"comment_status":"closed","ping_status":"closed","template":"","meta":{"footnotes":"","_links_to":"","_links_to_target":""},"class_list":["post-13543","page","type-page","status-publish","hentry"],"_links":{"self":[{"href":"https:\/\/www.ern.org\/fr\/wp-json\/wp\/v2\/pages\/13543","targetHints":{"allow":["GET"]}}],"collection":[{"href":"https:\/\/www.ern.org\/fr\/wp-json\/wp\/v2\/pages"}],"about":[{"href":"https:\/\/www.ern.org\/fr\/wp-json\/wp\/v2\/types\/page"}],"author":[{"embeddable":true,"href":"https:\/\/www.ern.org\/fr\/wp-json\/wp\/v2\/users\/149"}],"replies":[{"embeddable":true,"href":"https:\/\/www.ern.org\/fr\/wp-json\/wp\/v2\/comments?post=13543"}],"version-history":[{"count":0,"href":"https:\/\/www.ern.org\/fr\/wp-json\/wp\/v2\/pages\/13543\/revisions"}],"wp:attachment":[{"href":"https:\/\/www.ern.org\/fr\/wp-json\/wp\/v2\/media?parent=13543"}],"curies":[{"name":"wp","href":"https:\/\/api.w.org\/{rel}","templated":true}]}}