{"id":13289,"date":"2020-12-11T16:55:45","date_gmt":"2020-12-11T15:55:45","guid":{"rendered":"http:\/\/www.ern.org\/?page_id=13289"},"modified":"2026-02-06T07:44:23","modified_gmt":"2026-02-06T07:44:23","slug":"13289-2","status":"publish","type":"page","link":"https:\/\/www.ern.org\/fr\/webinaires\/13289-2\/","title":{"rendered":"WEBINAIRE du 8\/12\/20:  Changement Climatique et Partage de l&rsquo;eau"},"content":{"rendered":"\n<style type=\"text\/css\" data-created_by=\"avia_inline_auto\" id=\"style-css-av-1aj17l5-30366f5d26e6ca8cd2923810d225787d\">\n.flex_column.av-1aj17l5-30366f5d26e6ca8cd2923810d225787d{\nborder-radius:0px 0px 0px 0px;\npadding:0px 0px 0px 0px;\n}\n<\/style>\n<div  class='flex_column av-1aj17l5-30366f5d26e6ca8cd2923810d225787d av_one_third  avia-builder-el-0  el_before_av_two_third  avia-builder-el-first  first flex_column_div av-zero-column-padding  '     ><style type=\"text\/css\" data-created_by=\"avia_inline_auto\" id=\"style-css-av-kikbk94z-256ed6194bc8b0fdfeb1f19f1e55ad58\">\n.avia-image-container.av-kikbk94z-256ed6194bc8b0fdfeb1f19f1e55ad58 img.avia_image{\nbox-shadow:none;\n}\n.avia-image-container.av-kikbk94z-256ed6194bc8b0fdfeb1f19f1e55ad58 .av-image-caption-overlay-center{\ncolor:#ffffff;\n}\n<\/style>\n<div  class='avia-image-container av-kikbk94z-256ed6194bc8b0fdfeb1f19f1e55ad58 av-styling- avia-align-center  avia-builder-el-1  avia-builder-el-no-sibling '   itemprop=\"image\" itemscope=\"itemscope\" itemtype=\"https:\/\/schema.org\/ImageObject\" ><div class=\"avia-image-container-inner\"><div class=\"avia-image-overlay-wrap\"><img decoding=\"async\" fetchpriority=\"high\" class='wp-image-13184 avia-img-lazy-loading-not-13184 avia_image ' src=\"https:\/\/www.ern.org\/wp-content\/uploads\/2020\/11\/Visuel_Webinaire_20201124-1-728x1030.jpg\" alt='' title='Visuel_Webinaire_20201124'  height=\"1030\" width=\"728\"  itemprop=\"thumbnailUrl\" srcset=\"https:\/\/www.ern.org\/wp-content\/uploads\/2020\/11\/Visuel_Webinaire_20201124-1-728x1030.jpg 728w, https:\/\/www.ern.org\/wp-content\/uploads\/2020\/11\/Visuel_Webinaire_20201124-1-212x300.jpg 212w, https:\/\/www.ern.org\/wp-content\/uploads\/2020\/11\/Visuel_Webinaire_20201124-1-768x1086.jpg 768w, https:\/\/www.ern.org\/wp-content\/uploads\/2020\/11\/Visuel_Webinaire_20201124-1-1086x1536.jpg 1086w, https:\/\/www.ern.org\/wp-content\/uploads\/2020\/11\/Visuel_Webinaire_20201124-1-1061x1500.jpg 1061w, https:\/\/www.ern.org\/wp-content\/uploads\/2020\/11\/Visuel_Webinaire_20201124-1-498x705.jpg 498w, https:\/\/www.ern.org\/wp-content\/uploads\/2020\/11\/Visuel_Webinaire_20201124-1.jpg 1414w\" sizes=\"(max-width: 728px) 100vw, 728px\" \/><\/div><\/div><\/div><\/div>\n\n<style type=\"text\/css\" data-created_by=\"avia_inline_auto\" id=\"style-css-av-220xt5-92ff813b94aa85558b1836bd521a53d5\">\n.flex_column.av-220xt5-92ff813b94aa85558b1836bd521a53d5{\nborder-radius:0px 0px 0px 0px;\npadding:0px 0px 0px 0px;\n}\n<\/style>\n<div  class='flex_column av-220xt5-92ff813b94aa85558b1836bd521a53d5 av_two_third  avia-builder-el-2  el_after_av_one_third  el_before_av_one_full  flex_column_div av-zero-column-padding  '     ><p>\n<style type=\"text\/css\" data-created_by=\"avia_inline_auto\" id=\"style-css-av-jpe9jd-a328f38b55aecad5a56ef201d4ae6d7a\">\n#top .av-special-heading.av-jpe9jd-a328f38b55aecad5a56ef201d4ae6d7a{\npadding-bottom:10px;\n}\nbody .av-special-heading.av-jpe9jd-a328f38b55aecad5a56ef201d4ae6d7a .av-special-heading-tag .heading-char{\nfont-size:25px;\n}\n.av-special-heading.av-jpe9jd-a328f38b55aecad5a56ef201d4ae6d7a .av-subheading{\nfont-size:15px;\n}\n<\/style>\n<div  class='av-special-heading av-jpe9jd-a328f38b55aecad5a56ef201d4ae6d7a av-special-heading-h2 blockquote modern-quote modern-centered  avia-builder-el-3  el_before_av_hr  avia-builder-el-first  av-linked-heading'><h2 class='av-special-heading-tag '  itemprop=\"headline\"  >\u00ab\u00a0CHANGEMENT CLIMATIQUE : QUEL PARTAGE DE l\u2019EAU SUR LES HAUTS-BASSINS LOIRE, ALLIER, ARD\u00c8CHE ?\u00a0\u00bb<\/h2><div class=\"special-heading-border\"><div class=\"special-heading-inner-border\"><\/div><\/div><\/div><br \/>\n\n<style type=\"text\/css\" data-created_by=\"avia_inline_auto\" id=\"style-css-av-jujvz7v2-1884872d03a5ed4cde9c27f051e67d3e\">\n#top .hr.hr-invisible.av-jujvz7v2-1884872d03a5ed4cde9c27f051e67d3e{\nheight:50px;\n}\n<\/style>\n<div  class='hr av-jujvz7v2-1884872d03a5ed4cde9c27f051e67d3e hr-invisible  avia-builder-el-4  el_after_av_heading  el_before_av_textblock '><span class='hr-inner '><span class=\"hr-inner-style\"><\/span><\/span><\/div><br \/>\n<section  class='av_textblock_section av-jlwdc3yk-061d4e2166eefd97762c37ca3b21e824 '   itemscope=\"itemscope\" itemtype=\"https:\/\/schema.org\/CreativeWork\" ><div class='avia_textblock'  itemprop=\"text\" ><div class=\"wpb_text_column wpb_content_element \">\n<div class=\"wpb_wrapper\"><\/div>\n<\/div>\n<div class=\"wpb_text_column wpb_content_element \">\n<div class=\"wpb_wrapper\">\n<h3 style=\"text-align: center;\"><strong>Webinaire du 8 d\u00e9cembre 2020, de 16h30 \u00e0 18h30<\/strong><\/h3>\n<h5 style=\"text-align: center;\"><strong>Organis\u00e9 par ERN France &#8211; SOS Loire Vivante et financ\u00e9 par l&rsquo;Agence de l&rsquo;Eau Loire Bretagne<br \/>\n<\/strong><\/h5>\n<\/div>\n<\/div>\n<\/div><\/section><br \/>\n<section  class='av_textblock_section av-kikfeefx-e594236441a4215b62f9c67da69c917f '   itemscope=\"itemscope\" itemtype=\"https:\/\/schema.org\/CreativeWork\" ><div class='avia_textblock'  itemprop=\"text\" ><p style=\"text-align: center;\"><a href=\"https:\/\/www.ern.org\/wp-content\/uploads\/2020\/12\/Programme_webinaire_20201208_V2.pdf\">T\u00e9l\u00e9charger le programme en pdf<\/a><\/p>\n<\/div><\/section><br \/>\n\n<style type=\"text\/css\" data-created_by=\"avia_inline_auto\" id=\"style-css-av-jujvz7v2-050b864a8f982adc99e4193aabb48027\">\n#top .hr.hr-invisible.av-jujvz7v2-050b864a8f982adc99e4193aabb48027{\nheight:10px;\n}\n<\/style>\n<div  class='hr av-jujvz7v2-050b864a8f982adc99e4193aabb48027 hr-invisible  avia-builder-el-7  el_after_av_textblock  el_before_av_textblock '><span class='hr-inner '><span class=\"hr-inner-style\"><\/span><\/span><\/div><br \/>\n<section  class='av_textblock_section av-jlwdc3yk-061d4e2166eefd97762c37ca3b21e824 '   itemscope=\"itemscope\" itemtype=\"https:\/\/schema.org\/CreativeWork\" ><div class='avia_textblock'  itemprop=\"text\" ><div class=\"wpb_text_column wpb_content_element \">\n<div class=\"wpb_wrapper\"><\/div>\n<\/div>\n<div class=\"wpb_text_column wpb_content_element \">\n<div class=\"wpb_wrapper\">\n<p style=\"text-align: center;\">L\u2019eau, les rivi\u00e8res et les milieux aquatiques sont partout sous pressions\u00a0!<br \/>\nPressions humaines avec l\u2019agriculture, l\u2019hydro\u00e9lectricit\u00e9, les industries, la biodiversit\u00e9, l\u2019eau potable, les loisirs, \u2026 \u00a0Dans tous les usages, la consommation augmente chaque ann\u00e9e. Pressions du changement climatique avec des \u00e9tiages s\u00e9v\u00e8res et r\u00e9p\u00e9t\u00e9s altern\u00e9s avec de fortes pr\u00e9cipitations et inondations, avec une baisse des quantit\u00e9s moyenne d\u2019eau, des augmentations de temp\u00e9rature de l\u2019air et de l\u2019eau, \u2026<br \/>\nQuelle est la situation sur le bassin de la Loire, et sur les hauts bassins\u00a0?<br \/>\nQuelle organisation, quels outils et quelles actions pour quel partage de l\u2019eau\u00a0?<\/p>\n<\/div>\n<\/div>\n<\/div><\/section><br \/>\n<section  class='av_textblock_section av-jlwczi3z-0d35510e887c3121f7b372957585f4db '   itemscope=\"itemscope\" itemtype=\"https:\/\/schema.org\/CreativeWork\" ><div class='avia_textblock'  itemprop=\"text\" ><h3 style=\"text-align: center;\">Retrouvez ci-dessous l&rsquo;ensemble des interventions et pr\u00e9sentations<\/h3>\n<\/div><\/section><\/p><\/div>\n\n<style type=\"text\/css\" data-created_by=\"avia_inline_auto\" id=\"style-css-av-3l2ifg-c4228083c79d3b6fccdf1e7390c9705b\">\n.flex_column.av-3l2ifg-c4228083c79d3b6fccdf1e7390c9705b{\nborder-radius:0px 0px 0px 0px;\npadding:0px 0px 0px 0px;\n}\n<\/style>\n<div  class='flex_column av-3l2ifg-c4228083c79d3b6fccdf1e7390c9705b av_one_full  avia-builder-el-10  el_after_av_two_third  avia-builder-el-last  first flex_column_div av-zero-column-padding  column-top-margin'     ><section  class='av_textblock_section av-jlwczi3z-0d35510e887c3121f7b372957585f4db '   itemscope=\"itemscope\" itemtype=\"https:\/\/schema.org\/CreativeWork\" ><div class='avia_textblock'  itemprop=\"text\" ><h3 id=\"24sept\">Partie A : Donn\u00e9es scientifiques sur le changement climatique et outils de gestion de l&rsquo;eau<\/h3>\n<\/div><\/section><br \/>\n<div  class='av-catalogue-container av-k1aid1t3-381141bd82a9ce0e38deca0b20ae2ff8  avia-builder-el-12  el_after_av_textblock  el_before_av_hr '><ul class='av-catalogue-list'>\n<li><div class='av-catalogue-item av-av_catalogue_item-9a99120495f1d781b04c7c1abdda35d0' ><div class=\"av-catalogue-item-inner\"><div class=\"av-catalogue-title-container\"><div class='av-catalogue-title'>Beno\u00eet ROSSIGNOL (Etablissement Public Loire)<\/div><div class='av-catalogue-price'><\/div><\/div><div class=\"av-catalogue-content\">\n<img loading=\"lazy\" decoding=\"async\" class=\"wp-image-13291 alignleft\" src=\"http:\/\/www.ern.org\/wp-content\/uploads\/2020\/12\/BenoitRossignol-EPL.jpg\" alt=\"\" width=\"95\" height=\"72\" \/><strong>Le point sur les donn\u00e9es scientifiques\u00a0sur le changement climatique et nouveaux outils<br \/>\n<\/strong><em>Par Beno\u00eet Rossignol<\/em><em>, Etablissement Public Loire, directeur de la Ressource en Eau <\/em><\/p>\n<p>Pr\u00e9sentation PDF\u00a0 (\u00e0 venir) \u00a0\u00a0\u00a0\u00a0\u00a0\u00a0\u00a0\u00a0\u00a0\u00a0\u00a0\u00a0\u00a0 <a href=\"https:\/\/vimeo.com\/490034254\/9d66d31ccb\">Vid\u00e9o FR (manque le d\u00e9but)<\/a><br \/>\n<\/div><\/div><\/div><\/li>\n<li><div class='av-catalogue-item av-k37irt-0aa58292bb8da0c9b37157b39337946c' ><div class=\"av-catalogue-item-inner\"><div class=\"av-catalogue-title-container\"><div class='av-catalogue-title'>Anne-Paule DUBOULET (Agence de l\u2019Eau Loire Bretagne)<\/div><div class='av-catalogue-price'><\/div><\/div><div class=\"av-catalogue-content\">\n<img loading=\"lazy\" decoding=\"async\" class=\"wp-image-13294 alignleft\" src=\"http:\/\/www.ern.org\/wp-content\/uploads\/2020\/12\/APDuboulet-AELB.jpg\" alt=\"\" width=\"89\" height=\"72\" \/><\/p>\n<p><strong>La prise en compte du changement climatique dans l\u2019organisation, les strat\u00e9gies et les actions \u00e0 l\u2019\u00e9chelle du bassin de la Loire<br \/>\n<\/strong><em>Par Anne Paule Duboulet, Agence de l\u2019Eau Loire Bretagne, Charg\u00e9e de mission adaptation au changement climatique <\/em><\/p>\n<p><a href=\"http:\/\/www.ern.org\/wp-content\/uploads\/2020\/12\/APDUBOULET_201208.pdf\">Pr\u00e9sentation PDF<\/a> \u00a0\u00a0\u00a0\u00a0\u00a0\u00a0\u00a0\u00a0\u00a0\u00a0\u00a0\u00a0\u00a0\u00a0\u00a0\u00a0\u00a0 <a href=\"https:\/\/vimeo.com\/490046859\/6b9eafea02\">Vid\u00e9o FR<\/a><br \/>\n<\/div><\/div><\/div><\/li>\n<li><div class='av-catalogue-item av-ltnw4p-397ced40233e3c6d2c08ca46d06884fe' ><div class=\"av-catalogue-item-inner\"><div class=\"av-catalogue-title-container\"><div class='av-catalogue-title'>Beno\u00eet ROSSIGNOL (Etablissement Public Loire)<\/div><div class='av-catalogue-price'><\/div><\/div><div class=\"av-catalogue-content\">\n<img loading=\"lazy\" decoding=\"async\" class=\"wp-image-13291 alignleft\" src=\"http:\/\/www.ern.org\/wp-content\/uploads\/2020\/12\/BenoitRossignol-EPL.jpg\" alt=\"\" width=\"99\" height=\"75\" \/><\/p>\n<p><strong>Focus sur le Haut bassin Loire et de l\u2019Allier<br \/>\n<\/strong><em>Par Beno\u00eet Rossignol<\/em><em>, Etablissement Public Loire, Directeur de la Ressource en Eau (dur\u00e9e\u00a0: 10min)<\/em><\/p>\n<p>Pr\u00e9sentation PDF\u00a0 (\u00e0 venir) \u00a0\u00a0\u00a0\u00a0\u00a0\u00a0\u00a0\u00a0\u00a0\u00a0\u00a0\u00a0\u00a0\u00a0<a href=\"https:\/\/vimeo.com\/490035760\/9491baa820\"> Vid\u00e9o FR<\/a><br \/>\n<\/div><\/div><\/div><\/li>\n<li><div class='av-catalogue-item av-17fgktl-33bb0d95276423cc200c57529aa8d717' ><div class=\"av-catalogue-item-inner\"><div class=\"av-catalogue-title-container\"><div class='av-catalogue-title'>Val\u00e9rie BADIOU (Etablissement Public Loire, animatrice SAGE Haut-Bassin Loire)<\/div><div class='av-catalogue-price'><\/div><\/div><div class=\"av-catalogue-content\">\n<img loading=\"lazy\" decoding=\"async\" class=\"wp-image-13297 alignleft\" src=\"http:\/\/www.ern.org\/wp-content\/uploads\/2020\/12\/ValerieBadiou_EPL.jpg\" alt=\"\" width=\"89\" height=\"90\" \/><\/p>\n<p><strong>Quelle int\u00e9gration dans les enjeux, la strat\u00e9gie et les actions du SAGE Haut bassin de la Loire ?<br \/>\n<\/strong><strong>Philosophie et \u00e9l\u00e9ments de compr\u00e9hension de l\u2019\u00e9tude Hydrologie, Milieux, Usages et Climat Haut Allier<br \/>\n<\/strong><em>Par Val\u00e9rie Badiou, SAGE Haut Bassin de la Loire, Animatrice<br \/>\n<\/em><\/p>\n<p><a href=\"http:\/\/www.ern.org\/wp-content\/uploads\/2020\/12\/VBADIOU_201208.pdf\">Pr\u00e9sentation PDF<\/a> \u00a0\u00a0\u00a0\u00a0\u00a0\u00a0\u00a0\u00a0\u00a0\u00a0\u00a0\u00a0\u00a0\u00a0\u00a0\u00a0\u00a0 <a href=\"https:\/\/vimeo.com\/490037083\/0e07dfaca7\">Vid\u00e9o FR\u00a0<\/a><br \/>\n<\/div><\/div><\/div><\/li>\n<li><div class='av-catalogue-item av-m3yow9-dd393ba7c63f1b70b27d5ed208abe31c' ><div class=\"av-catalogue-item-inner\"><div class=\"av-catalogue-title-container\"><div class='av-catalogue-title'>Simon LALAUZE (EPTB Ard\u00e8che - Animateur SAGE Ard\u00e8che)<\/div><div class='av-catalogue-price'><\/div><\/div><div class=\"av-catalogue-content\">\n<img loading=\"lazy\" decoding=\"async\" class=\"wp-image-13300 alignleft\" src=\"http:\/\/www.ern.org\/wp-content\/uploads\/2020\/12\/SimonLalauze-EPTBArdeche.jpg\" alt=\"\" width=\"101\" height=\"75\" \/><\/p>\n<p><strong>Eau &amp; Changement climatique : impacts, strat\u00e9gie et actions sur le bassin versant de l\u2019Ard\u00e8che<br \/>\n<\/strong><em>Par Simon Lalauze, SAGE Ard\u00e8che, Animateur<br \/>\n<\/em><\/p>\n<p><a href=\"http:\/\/www.ern.org\/wp-content\/uploads\/2020\/12\/SLALAUZE_201208.pdf\">Pr\u00e9sentation PDF<\/a> \u00a0\u00a0\u00a0\u00a0\u00a0\u00a0\u00a0\u00a0\u00a0\u00a0\u00a0\u00a0\u00a0\u00a0\u00a0<a href=\"https:\/\/vimeo.com\/490044311\/7df491c00b\">\u00a0\u00a0 Vid\u00e9o FR<\/a><br \/>\n<\/div><\/div><\/div><\/li>\n<\/ul><\/div><br \/>\n\n<style type=\"text\/css\" data-created_by=\"avia_inline_auto\" id=\"style-css-av-jujvz7v2-050b864a8f982adc99e4193aabb48027\">\n#top .hr.hr-invisible.av-jujvz7v2-050b864a8f982adc99e4193aabb48027{\nheight:10px;\n}\n<\/style>\n<div  class='hr av-jujvz7v2-050b864a8f982adc99e4193aabb48027 hr-invisible  avia-builder-el-13  el_after_av_catalogue  el_before_av_textblock '><span class='hr-inner '><span class=\"hr-inner-style\"><\/span><\/span><\/div><br \/>\n<section  class='av_textblock_section av-jlwczi3z-0d35510e887c3121f7b372957585f4db '   itemscope=\"itemscope\" itemtype=\"https:\/\/schema.org\/CreativeWork\" ><div class='avia_textblock'  itemprop=\"text\" ><h3 id=\"24sept\">S\u00e9quence Questions<\/h3>\n<\/div><\/section><br \/>\n<section  class='av_textblock_section av-jlwdc3yk-061d4e2166eefd97762c37ca3b21e824 '   itemscope=\"itemscope\" itemtype=\"https:\/\/schema.org\/CreativeWork\" ><div class='avia_textblock'  itemprop=\"text\" ><div class=\"wpb_text_column wpb_content_element \">\n<div class=\"wpb_wrapper\">Voir la s\u00e9quence consacr\u00e9e aux questions\u00a0 (&gt;&gt; <a href=\"https:\/\/vimeo.com\/490066915\/5e5706c183\"><strong><em>VIDEO FR<\/em><\/strong><\/a>)<\/div>\n<\/div>\n<div><\/div>\n<div><\/div>\n<div class=\"wpb_text_column wpb_content_element \"><\/div>\n<\/div><\/section><br \/>\n<section  class='av_textblock_section av-jlwczi3z-0d35510e887c3121f7b372957585f4db '   itemscope=\"itemscope\" itemtype=\"https:\/\/schema.org\/CreativeWork\" ><div class='avia_textblock'  itemprop=\"text\" ><h3 id=\"24sept\">Partie B : Table ronde<\/h3>\n<\/div><\/section><br \/>\n<section  class='av_textblock_section av-jlwdc3yk-061d4e2166eefd97762c37ca3b21e824 '   itemscope=\"itemscope\" itemtype=\"https:\/\/schema.org\/CreativeWork\" ><div class='avia_textblock'  itemprop=\"text\" ><div class=\"wpb_text_column wpb_content_element \">\n<div class=\"wpb_wrapper\">Table ronde anim\u00e9e par <em><strong>Roberto Epple<\/strong><\/em>, Pr\u00e9sident de SOS Loire Vivante -ERN (&gt;&gt; <a href=\"https:\/\/vimeo.com\/490196885\/e97ecbf34a\"><strong><em>VIDEO FR<\/em><\/strong><\/a>)<\/div>\n<p><strong><u>Avec<\/u><\/strong><\/p>\n<\/div>\n<div class=\"wpb_text_column wpb_content_element \">\n<div class=\"wpb_wrapper\">\n<div id=\"attachment_13310\" style=\"width: 154px\" class=\"wp-caption alignleft\"><img loading=\"lazy\" decoding=\"async\" aria-describedby=\"caption-attachment-13310\" class=\"size-full wp-image-13310\" src=\"http:\/\/www.ern.org\/wp-content\/uploads\/2020\/12\/CecileGALLIEN.jpg\" alt=\"\" width=\"144\" height=\"142\" \/><p id=\"caption-attachment-13310\" class=\"wp-caption-text\"><strong><em>C\u00e9cile GALLIEN<\/em><\/strong>, Pr\u00e9sidente de la CLE du SAGE Loire Amont<\/p><\/div><br \/>\n<div id=\"attachment_13307\" style=\"width: 161px\" class=\"wp-caption alignleft\"><img loading=\"lazy\" decoding=\"async\" aria-describedby=\"caption-attachment-13307\" class=\"size-full wp-image-13307\" src=\"http:\/\/www.ern.org\/wp-content\/uploads\/2020\/12\/PascalBONNETAIN.jpg\" alt=\"\" width=\"151\" height=\"142\" \/><p id=\"caption-attachment-13307\" class=\"wp-caption-text\"><em><strong>Pascal BONNETA<\/strong><strong>I<\/strong><strong>N,<\/strong><\/em> Pr\u00e9sident du Syndicat de Gestion des Gorges de l\u2019Ard\u00e8che<\/p><\/div><br \/>\n<div id=\"attachment_13304\" style=\"width: 135px\" class=\"wp-caption alignleft\"><img loading=\"lazy\" decoding=\"async\" aria-describedby=\"caption-attachment-13304\" class=\"size-full wp-image-13304\" src=\"http:\/\/www.ern.org\/wp-content\/uploads\/2020\/12\/LionelMARTIN.jpg\" alt=\"\" width=\"125\" height=\"142\" \/><p id=\"caption-attachment-13304\" class=\"wp-caption-text\"><em><strong>Lionel MARTIN<\/strong><\/em>, Pr\u00e9sident de la F\u00e9d\u00e9ration de p\u00eache Haute Loire<\/p><\/div><br \/>\n<div id=\"attachment_13315\" style=\"width: 178px\" class=\"wp-caption alignleft\"><img loading=\"lazy\" decoding=\"async\" aria-describedby=\"caption-attachment-13315\" class=\" wp-image-13315\" src=\"http:\/\/www.ern.org\/wp-content\/uploads\/2020\/12\/Colette-CHAMBONNET.jpg\" alt=\"\" width=\"168\" height=\"144\" \/><p id=\"caption-attachment-13315\" class=\"wp-caption-text\"><strong><em>Colette CHAMBONNET<\/em><\/strong>, Vice-Pr\u00e9sidente de SOS Loire Vivante<\/p><\/div><\/p>\n<p>et \u00e9galement la participation des intervenants de la partie A (voir ci-dessus)<\/p>\n<\/div>\n<\/div>\n<\/div><\/section><\/p><\/div>\n","protected":false},"excerpt":{"rendered":"","protected":false},"author":5,"featured_media":0,"parent":11666,"menu_order":0,"comment_status":"closed","ping_status":"closed","template":"","meta":{"footnotes":""},"class_list":["post-13289","page","type-page","status-publish","hentry"],"_links":{"self":[{"href":"https:\/\/www.ern.org\/fr\/wp-json\/wp\/v2\/pages\/13289","targetHints":{"allow":["GET"]}}],"collection":[{"href":"https:\/\/www.ern.org\/fr\/wp-json\/wp\/v2\/pages"}],"about":[{"href":"https:\/\/www.ern.org\/fr\/wp-json\/wp\/v2\/types\/page"}],"author":[{"embeddable":true,"href":"https:\/\/www.ern.org\/fr\/wp-json\/wp\/v2\/users\/5"}],"replies":[{"embeddable":true,"href":"https:\/\/www.ern.org\/fr\/wp-json\/wp\/v2\/comments?post=13289"}],"version-history":[{"count":0,"href":"https:\/\/www.ern.org\/fr\/wp-json\/wp\/v2\/pages\/13289\/revisions"}],"up":[{"embeddable":true,"href":"https:\/\/www.ern.org\/fr\/wp-json\/wp\/v2\/pages\/11666"}],"wp:attachment":[{"href":"https:\/\/www.ern.org\/fr\/wp-json\/wp\/v2\/media?parent=13289"}],"curies":[{"name":"wp","href":"https:\/\/api.w.org\/{rel}","templated":true}]}}