{"id":12803,"date":"2020-09-29T11:33:33","date_gmt":"2020-09-29T09:33:33","guid":{"rendered":"http:\/\/www.ern.org\/?page_id=12803"},"modified":"2022-02-07T02:54:19","modified_gmt":"2022-02-07T01:54:19","slug":"la-riviere-soca","status":"publish","type":"page","link":"https:\/\/www.ern.org\/fr\/la-riviere-soca\/","title":{"rendered":"La rivi\u00e8re So\u010da, en Slov\u00e9nie"},"content":{"rendered":"\n<style type=\"text\/css\" data-created_by=\"avia_inline_auto\" id=\"style-css-av-26zrxi8-2f681baaee67861372cce4515a750b7c\">\n.flex_column.av-26zrxi8-2f681baaee67861372cce4515a750b7c{\n-webkit-border-radius:0px 0px 0px 0px;\n-moz-border-radius:0px 0px 0px 0px;\nborder-radius:0px 0px 0px 0px;\npadding:0px 0px 0px 0px;\n}\n<\/style>\n<div  class='flex_column av-26zrxi8-2f681baaee67861372cce4515a750b7c av_one_full  avia-builder-el-0  el_before_av_one_full  avia-builder-el-first  first flex_column_div av-zero-column-padding  '     ><p>\n<style type=\"text\/css\" data-created_by=\"avia_inline_auto\" id=\"style-css-av-kfny2gvb-1e57b9c86ad1bda2b8db84b27573bbf1\">\n#top .av-special-heading.av-kfny2gvb-1e57b9c86ad1bda2b8db84b27573bbf1{\npadding-bottom:10px;\n}\nbody .av-special-heading.av-kfny2gvb-1e57b9c86ad1bda2b8db84b27573bbf1 .av-special-heading-tag .heading-char{\nfont-size:25px;\n}\n.av-special-heading.av-kfny2gvb-1e57b9c86ad1bda2b8db84b27573bbf1 .av-subheading{\nfont-size:15px;\n}\n<\/style>\n<div  class='av-special-heading av-kfny2gvb-1e57b9c86ad1bda2b8db84b27573bbf1 av-special-heading-h2 blockquote modern-quote  avia-builder-el-1  el_before_av_hr  avia-builder-el-first  av-linked-heading'><h2 class='av-special-heading-tag'  itemprop=\"headline\"  >La So\u010da, en Slov\u00e9nie<\/h2><div class=\"special-heading-border\"><div class=\"special-heading-inner-border\"><\/div><\/div><\/div><br \/>\n\n<style type=\"text\/css\" data-created_by=\"avia_inline_auto\" id=\"style-css-av-23bxx0w-999d4cc9b98b9d2a7da5745a6fc9ff9a\">\n#top .hr.av-23bxx0w-999d4cc9b98b9d2a7da5745a6fc9ff9a{\nmargin-top:0px;\nmargin-bottom:0px;\n}\n.hr.av-23bxx0w-999d4cc9b98b9d2a7da5745a6fc9ff9a .hr-inner{\nwidth:1500px;\nborder-color:#6786a1;\n}\n<\/style>\n<div  class='hr av-23bxx0w-999d4cc9b98b9d2a7da5745a6fc9ff9a hr-custom  avia-builder-el-2  el_after_av_heading  avia-builder-el-last  hr-left hr-icon-no'><span class='hr-inner inner-border-av-border-thin'><span class=\"hr-inner-style\"><\/span><\/span><\/div><\/p><\/div>\n\n<style type=\"text\/css\" data-created_by=\"avia_inline_auto\" id=\"style-css-av-cm4u74-e4b6da195631f0b438c0e561d71cbafd\">\n.flex_column.av-cm4u74-e4b6da195631f0b438c0e561d71cbafd{\n-webkit-border-radius:0px 0px 0px 0px;\n-moz-border-radius:0px 0px 0px 0px;\nborder-radius:0px 0px 0px 0px;\npadding:0px 0px 0px 0px;\n}\n<\/style>\n<div  class='flex_column av-cm4u74-e4b6da195631f0b438c0e561d71cbafd av_one_full  avia-builder-el-3  el_after_av_one_full  el_before_av_three_fourth  first flex_column_div av-zero-column-padding  column-top-margin'     ><style type=\"text\/css\" data-created_by=\"avia_inline_auto\" id=\"style-css-av-amutnk-87031b57558a1fd7e871eb70fb4332c9\">\n#top .avia-gallery.av-amutnk-87031b57558a1fd7e871eb70fb4332c9 .avia-gallery-thumb a{\nwidth:25%;\n}\n<\/style>\n<div  class='avia-gallery av-amutnk-87031b57558a1fd7e871eb70fb4332c9 avia_animate_when_visible  avia-builder-el-4  avia-builder-el-no-sibling  av-hide-gallery-thumbs deactivate_avia_lazyload av-slideshow-ui av-loop-manual-endless av-control-hidden av-navigate-arrows av-navigate-dots hover-effect av-control-hidden avia-gallery-animate avia-gallery-1'  itemprop=\"image\" itemscope=\"itemscope\" itemtype=\"https:\/\/schema.org\/ImageObject\" ><meta itemprop=\"contentURL\" content=\"https:\/\/www.ern.org\/fr\/la-riviere-soca\/\"><a class='avia-gallery-big fakeLightbox lightbox avia-gallery-big-crop-thumb ' href=\"https:\/\/www.ern.org\/wp-content\/uploads\/sites\/52\/2020\/09\/photo-Soca-CLarroque2017.jpg\" data-srcset=\"https:\/\/www.ern.org\/wp-content\/uploads\/sites\/52\/2020\/09\/photo-Soca-CLarroque2017.jpg 809w, https:\/\/www.ern.org\/wp-content\/uploads\/sites\/52\/2020\/09\/photo-Soca-CLarroque2017-300x250.jpg 300w, https:\/\/www.ern.org\/wp-content\/uploads\/sites\/52\/2020\/09\/photo-Soca-CLarroque2017-768x639.jpg 768w, https:\/\/www.ern.org\/wp-content\/uploads\/sites\/52\/2020\/09\/photo-Soca-CLarroque2017-705x586.jpg 705w\" data-sizes=\"(max-width: 809px) 100vw, 809px\"  data-onclick='1' title='La rivi\u00e8re So\u010da &#8211; \u00a9 C. Larroque, ERN, 2017' ><span class='avia-gallery-big-inner'  itemprop=\"thumbnailUrl\" ><img decoding=\"async\" class=\"wp-image-12810 avia-img-lazy-loading-not-12810\"  width=\"809\" height=\"673\" src=\"https:\/\/www.ern.org\/wp-content\/uploads\/sites\/52\/2020\/09\/photo-Soca-CLarroque2017.jpg\" title='photo-Soca-CLarroque2017' alt='' srcset=\"https:\/\/www.ern.org\/wp-content\/uploads\/sites\/52\/2020\/09\/photo-Soca-CLarroque2017.jpg 809w, https:\/\/www.ern.org\/wp-content\/uploads\/sites\/52\/2020\/09\/photo-Soca-CLarroque2017-300x250.jpg 300w, https:\/\/www.ern.org\/wp-content\/uploads\/sites\/52\/2020\/09\/photo-Soca-CLarroque2017-768x639.jpg 768w, https:\/\/www.ern.org\/wp-content\/uploads\/sites\/52\/2020\/09\/photo-Soca-CLarroque2017-705x586.jpg 705w\" sizes=\"(max-width: 809px) 100vw, 809px\" \/><span class='avia-gallery-caption'>La rivi\u00e8re So\u010da &#8211; \u00a9 C. Larroque, ERN, 2017<\/span><\/span><\/a><div class='avia-gallery-thumb'><a href=\"https:\/\/www.ern.org\/wp-content\/uploads\/sites\/52\/2020\/09\/photo-Soca-CLarroque2017.jpg\" data-srcset=\"https:\/\/www.ern.org\/wp-content\/uploads\/sites\/52\/2020\/09\/photo-Soca-CLarroque2017.jpg 809w, https:\/\/www.ern.org\/wp-content\/uploads\/sites\/52\/2020\/09\/photo-Soca-CLarroque2017-300x250.jpg 300w, https:\/\/www.ern.org\/wp-content\/uploads\/sites\/52\/2020\/09\/photo-Soca-CLarroque2017-768x639.jpg 768w, https:\/\/www.ern.org\/wp-content\/uploads\/sites\/52\/2020\/09\/photo-Soca-CLarroque2017-705x586.jpg 705w\" data-sizes=\"(max-width: 809px) 100vw, 809px\" data-rel='gallery-1' data-prev-img='https:\/\/www.ern.org\/wp-content\/uploads\/sites\/52\/2020\/09\/photo-Soca-CLarroque2017.jpg' class='first_thumb lightbox ' data-onclick='1' title='La rivi\u00e8re So\u010da &#8211; \u00a9 C. Larroque, ERN, 2017'  itemprop=\"thumbnailUrl\"  ><img decoding=\"async\" class=\"wp-image-12810 avia-img-lazy-loading-not-12810\"  data-avia-tooltip='La rivi\u00e8re So\u010da &#8211; \u00a9 C. Larroque, ERN, 2017' src=\"https:\/\/www.ern.org\/wp-content\/uploads\/sites\/52\/2020\/09\/photo-Soca-CLarroque2017-495x400.jpg\" width=\"495\" height=\"400\"  title='photo-Soca-CLarroque2017' alt='' \/><div class='big-prev-fake'><img loading=\"lazy\" decoding=\"async\" class=\"wp-image-12810 avia-img-lazy-loading-12810\"  width=\"809\" height=\"673\" src=\"https:\/\/www.ern.org\/wp-content\/uploads\/sites\/52\/2020\/09\/photo-Soca-CLarroque2017.jpg\" title='photo-Soca-CLarroque2017' alt='' srcset=\"https:\/\/www.ern.org\/wp-content\/uploads\/sites\/52\/2020\/09\/photo-Soca-CLarroque2017.jpg 809w, https:\/\/www.ern.org\/wp-content\/uploads\/sites\/52\/2020\/09\/photo-Soca-CLarroque2017-300x250.jpg 300w, https:\/\/www.ern.org\/wp-content\/uploads\/sites\/52\/2020\/09\/photo-Soca-CLarroque2017-768x639.jpg 768w, https:\/\/www.ern.org\/wp-content\/uploads\/sites\/52\/2020\/09\/photo-Soca-CLarroque2017-705x586.jpg 705w\" sizes=\"auto, (max-width: 809px) 100vw, 809px\" \/><\/div><\/a><\/div><\/div><\/div>\n\n<style type=\"text\/css\" data-created_by=\"avia_inline_auto\" id=\"style-css-av-21kjw8w-15f6c4cea50937e9c75753b296a3a4b4\">\n.flex_column.av-21kjw8w-15f6c4cea50937e9c75753b296a3a4b4{\n-webkit-border-radius:0px 0px 0px 0px;\n-moz-border-radius:0px 0px 0px 0px;\nborder-radius:0px 0px 0px 0px;\npadding:0px 0px 0px 0px;\n}\n<\/style>\n<div  class='flex_column av-21kjw8w-15f6c4cea50937e9c75753b296a3a4b4 av_three_fourth  avia-builder-el-5  el_after_av_one_full  el_before_av_one_fourth  first flex_column_div av-zero-column-padding  column-top-margin'     ><section  class='av_textblock_section av-1zi3n1s-5ca5b40cd7218e064d9392cb57379341 '   itemscope=\"itemscope\" itemtype=\"https:\/\/schema.org\/CreativeWork\" ><div class='avia_textblock'  itemprop=\"text\" ><div data-canvas-width=\"854.7753109481989\"><\/div>\n<p style=\"text-align: center;\">La rivi\u00e8re So\u010da est situ\u00e9e \u00e0 l&rsquo;ouest de la Slov\u00e9nie (carte ci-dessous).<\/p>\n<p style=\"text-align: center;\">Elle jaillit sous forme de source karstique au sein du parc national de Triglav, dans les Alpes juliennes du nord-ouest de la Slov\u00e9nie.<\/p>\n<p style=\"text-align: center;\">La rivi\u00e8re s&rsquo;\u00e9coule vers le sud, en passant par les villes de Bovec, Kobarid, Tolmin et Nova Gorica.<\/p>\n<p style=\"text-align: center;\">Apr\u00e8s 137 km, elle se jette dans la mer Adriatique en Italie, o\u00f9 le nom du fleuve devient Isonzo.<\/p>\n<h4 style=\"text-align: center;\"><img loading=\"lazy\" decoding=\"async\" class=\"alignnone size-large wp-image-12804\" src=\"http:\/\/www.ern.org\/wp-content\/uploads\/sites\/52\/2020\/09\/carte-generale-soca-1030x685.jpg\" alt=\"Carte Localisation So\u010da\" width=\"1030\" height=\"685\" srcset=\"https:\/\/www.ern.org\/wp-content\/uploads\/sites\/52\/2020\/09\/carte-generale-soca-1030x685.jpg 1030w, https:\/\/www.ern.org\/wp-content\/uploads\/sites\/52\/2020\/09\/carte-generale-soca-300x199.jpg 300w, https:\/\/www.ern.org\/wp-content\/uploads\/sites\/52\/2020\/09\/carte-generale-soca-768x510.jpg 768w, https:\/\/www.ern.org\/wp-content\/uploads\/sites\/52\/2020\/09\/carte-generale-soca-705x469.jpg 705w, https:\/\/www.ern.org\/wp-content\/uploads\/sites\/52\/2020\/09\/carte-generale-soca.jpg 1160w\" sizes=\"auto, (max-width: 1030px) 100vw, 1030px\" \/><\/h4>\n<p style=\"text-align: center;\"><em>Localisation de la So\u010da au sein de la Slov\u00e9nie<\/em><\/p>\n<p style=\"text-align: center;\">La section \u00e9tudi\u00e9e est la partie sup\u00e9rieure du fleuve So\u010da (en vert sur la carte ci-dessus).<\/p>\n<p style=\"text-align: center;\">Elle s&rsquo;\u00e9tend de la source jusqu&rsquo;\u00e0 la confluence de la Tolminka, en aval de Tolmin (cf carte du haut-bassin ci-dessous).<\/p>\n<p style=\"text-align: center;\">Connue comme la partie la plus belle et la plus sauvage , elle fait 57 km de long, soit 41 % de la longueur totale de la rivi\u00e8re.<\/p>\n<p style=\"text-align: center;\">En aval de la section retenue, les conditions hydromorphologiques de la rivi\u00e8re sont en effet tr\u00e8s diff\u00e9rentes : au moins 5 grands barrages, de nombreuses modifications anthropiques, l&rsquo;urbanisation, l&rsquo;agriculture, les pr\u00e9l\u00e8vements d&rsquo;eau&#8230;<\/p>\n<p><img loading=\"lazy\" decoding=\"async\" class=\"size-large wp-image-12807 aligncenter\" src=\"http:\/\/www.ern.org\/wp-content\/uploads\/sites\/52\/2020\/09\/carte-Soca2-1030x801.jpg\" alt=\"\" width=\"1030\" height=\"801\" srcset=\"https:\/\/www.ern.org\/wp-content\/uploads\/sites\/52\/2020\/09\/carte-Soca2-1030x801.jpg 1030w, https:\/\/www.ern.org\/wp-content\/uploads\/sites\/52\/2020\/09\/carte-Soca2-300x233.jpg 300w, https:\/\/www.ern.org\/wp-content\/uploads\/sites\/52\/2020\/09\/carte-Soca2-768x597.jpg 768w, https:\/\/www.ern.org\/wp-content\/uploads\/sites\/52\/2020\/09\/carte-Soca2-705x548.jpg 705w, https:\/\/www.ern.org\/wp-content\/uploads\/sites\/52\/2020\/09\/carte-Soca2.jpg 1174w\" sizes=\"auto, (max-width: 1030px) 100vw, 1030px\" \/><\/p>\n<p style=\"text-align: center;\"><em>Carte g\u00e9n\u00e9rale du Haut-Bassin de la So\u010da<\/em><\/p>\n<div><\/div>\n<div><\/div>\n<div><\/div>\n<div><\/div>\n<\/div><\/section><\/div>\n\n<style type=\"text\/css\" data-created_by=\"avia_inline_auto\" id=\"style-css-av-3wimev-c0d12a8e0f1cf8edfefb9bd62166aa20\">\n.flex_column.av-3wimev-c0d12a8e0f1cf8edfefb9bd62166aa20{\nborder-width:1px;\nborder-color:#9fc8f4;\nborder-style:solid;\n-webkit-border-radius:0px 0px 0px 0px;\n-moz-border-radius:0px 0px 0px 0px;\nborder-radius:0px 0px 0px 0px;\npadding:8px 8px 8px 8px;\n}\n<\/style>\n<div  class='flex_column av-3wimev-c0d12a8e0f1cf8edfefb9bd62166aa20 av_one_fourth  avia-builder-el-7  el_after_av_three_fourth  avia-builder-el-last  flex_column_div  column-top-margin'     ><style type=\"text\/css\" data-created_by=\"avia_inline_auto\" id=\"style-css-av-jp4r3erb-ff082e67f322a7542968950276b8300d\">\n#top .av_textblock_section.av-jp4r3erb-ff082e67f322a7542968950276b8300d .avia_textblock{\nfont-size:18px;\n}\n<\/style>\n<section  class='av_textblock_section av-jp4r3erb-ff082e67f322a7542968950276b8300d '   itemscope=\"itemscope\" itemtype=\"https:\/\/schema.org\/CreativeWork\" ><div class='avia_textblock'  itemprop=\"text\" ><p style=\"text-align: center;\">t\u00e9l\u00e9chargez la brochure<br \/>\n<a href=\"https:\/\/www.ern.org\/wp-content\/uploads\/sites\/52\/2020\/02\/WWF_Infofaltblatt_ERN_FR.pdf\">&lsquo;Le r\u00e9seau Rivi\u00e8res Sauvages en Europe<\/a><a href=\"https:\/\/www.ern.org\/wp-content\/uploads\/sites\/52\/2020\/02\/WWF_Infofaltblatt_ERN_FR.pdf\">&lsquo;<\/a><\/p>\n<\/div><\/section><br \/>\n\n<style type=\"text\/css\" data-created_by=\"avia_inline_auto\" id=\"style-css-av-4hxi7k-aa18584f185d74d04bd0592a5c0c6c10\">\n.avia-image-container.av-4hxi7k-aa18584f185d74d04bd0592a5c0c6c10 img.avia_image{\nbox-shadow:none;\n}\n.avia-image-container.av-4hxi7k-aa18584f185d74d04bd0592a5c0c6c10 .av-image-caption-overlay-center{\ncolor:#ffffff;\n}\n<\/style>\n<div  class='avia-image-container av-4hxi7k-aa18584f185d74d04bd0592a5c0c6c10 av-styling- avia-align-center  avia-builder-el-9  el_after_av_textblock  el_before_av_hr '   itemprop=\"image\" itemscope=\"itemscope\" itemtype=\"https:\/\/schema.org\/ImageObject\" ><div class=\"avia-image-container-inner\"><div class=\"avia-image-overlay-wrap\"><a href=\"https:\/\/www.ern.org\/wp-content\/uploads\/sites\/52\/2020\/02\/WWF_Infofaltblatt_ERN_FR.pdf\" class='avia_image' target=\"_blank\" rel=\"noopener noreferrer\"><img decoding=\"async\" class='wp-image-12546 avia-img-lazy-loading-not-12546 avia_image ' src=\"https:\/\/www.ern.org\/wp-content\/uploads\/sites\/52\/2020\/09\/couv-plaquette-WR-FR-210x300.jpg\" alt='' title='couv-plaquette-WR-FR'  height=\"300\" width=\"210\"  itemprop=\"thumbnailUrl\" srcset=\"https:\/\/www.ern.org\/wp-content\/uploads\/sites\/52\/2020\/09\/couv-plaquette-WR-FR-210x300.jpg 210w, https:\/\/www.ern.org\/wp-content\/uploads\/sites\/52\/2020\/09\/couv-plaquette-WR-FR.jpg 396w\" sizes=\"(max-width: 210px) 100vw, 210px\" \/><\/a><\/div><\/div><\/div><br \/>\n\n<style type=\"text\/css\" data-created_by=\"avia_inline_auto\" id=\"style-css-av-153679s-bf8f09c8dbc370b295984e01a6630ba0\">\n#top .hr.hr-invisible.av-153679s-bf8f09c8dbc370b295984e01a6630ba0{\nheight:15px;\n}\n<\/style>\n<div  class='hr av-153679s-bf8f09c8dbc370b295984e01a6630ba0 hr-invisible  avia-builder-el-10  el_after_av_image  el_before_av_textblock '><span class='hr-inner '><span class=\"hr-inner-style\"><\/span><\/span><\/div><br \/>\n\n<style type=\"text\/css\" data-created_by=\"avia_inline_auto\" id=\"style-css-av-jp4r3erb-ff082e67f322a7542968950276b8300d\">\n#top .av_textblock_section.av-jp4r3erb-ff082e67f322a7542968950276b8300d .avia_textblock{\nfont-size:18px;\n}\n<\/style>\n<section  class='av_textblock_section av-jp4r3erb-ff082e67f322a7542968950276b8300d '   itemscope=\"itemscope\" itemtype=\"https:\/\/schema.org\/CreativeWork\" ><div class='avia_textblock'  itemprop=\"text\" ><p style=\"text-align: center;\"><strong>D\u00e9couvrir les autres rivi\u00e8res pilotes<\/strong><\/p>\n<\/div><\/section><br \/>\n<div  class='avia-button-wrap av-kf3s10vt-395449f24c4fc219e29a2e217a426f61-wrap avia-button-center  avia-builder-el-12  el_after_av_textblock  el_before_av_button '><a href='https:\/\/www.ern.org\/fr\/wild-rivers\/la-beverine\/'  class='avia-button av-kf3s10vt-395449f24c4fc219e29a2e217a426f61 avia-icon_select-no avia-size-x-large avia-position-center avia-color-blue'  target=\"_blank\"  rel=\"noopener noreferrer\" ><span class='avia_iconbox_title' >La Beverine (Suisse)<\/span><\/a><\/div><br \/>\n<div  class='avia-button-wrap av-kf3s10vt-eb06c72d5b96205bc527fc77a813eb03-wrap avia-button-center  avia-builder-el-13  el_after_av_button  el_before_av_button '><a href='https:\/\/www.ern.org\/fr\/la-chamuera\/'  class='avia-button av-kf3s10vt-eb06c72d5b96205bc527fc77a813eb03 avia-icon_select-no avia-size-x-large avia-position-center avia-color-blue'  target=\"_blank\"  rel=\"noopener noreferrer\" ><span class='avia_iconbox_title' >La Chamuera (Suisse)<\/span><\/a><\/div><br \/>\n<div  class='avia-button-wrap av-kf3s10vt-0dbdbf5a3f90ac443c25aad0fde0864b-wrap avia-button-center  avia-builder-el-14  el_after_av_button  el_before_av_button '><a href='https:\/\/www.ern.org\/fr\/la-riviere-lech-en-autriche\/'  class='avia-button av-kf3s10vt-0dbdbf5a3f90ac443c25aad0fde0864b avia-icon_select-no avia-size-x-large avia-position-center avia-color-blue'  target=\"_blank\"  rel=\"noopener noreferrer\" ><span class='avia_iconbox_title' >La Lech (Autriche)<\/span><\/a><\/div><br \/>\n<div  class='avia-button-wrap av-kf3s10vt-a888824cfc4e77353e0e7f20ac2bf3ff-wrap avia-button-center  avia-builder-el-15  el_after_av_button  avia-builder-el-last '><a href='https:\/\/www.ern.org\/fr\/lammer-en-allemagne\/'  class='avia-button av-kf3s10vt-a888824cfc4e77353e0e7f20ac2bf3ff avia-icon_select-no avia-size-x-large avia-position-center avia-color-blue'  target=\"_blank\"  rel=\"noopener noreferrer\" ><span class='avia_iconbox_title' >L\u2019Ammer (Allemagne)<\/span><\/a><\/div><\/p><\/div>\n","protected":false},"excerpt":{"rendered":"","protected":false},"author":149,"featured_media":0,"parent":0,"menu_order":0,"comment_status":"closed","ping_status":"closed","template":"","meta":{"footnotes":"","_links_to":"","_links_to_target":""},"class_list":["post-12803","page","type-page","status-publish","hentry"],"_links":{"self":[{"href":"https:\/\/www.ern.org\/fr\/wp-json\/wp\/v2\/pages\/12803","targetHints":{"allow":["GET"]}}],"collection":[{"href":"https:\/\/www.ern.org\/fr\/wp-json\/wp\/v2\/pages"}],"about":[{"href":"https:\/\/www.ern.org\/fr\/wp-json\/wp\/v2\/types\/page"}],"author":[{"embeddable":true,"href":"https:\/\/www.ern.org\/fr\/wp-json\/wp\/v2\/users\/149"}],"replies":[{"embeddable":true,"href":"https:\/\/www.ern.org\/fr\/wp-json\/wp\/v2\/comments?post=12803"}],"version-history":[{"count":0,"href":"https:\/\/www.ern.org\/fr\/wp-json\/wp\/v2\/pages\/12803\/revisions"}],"wp:attachment":[{"href":"https:\/\/www.ern.org\/fr\/wp-json\/wp\/v2\/media?parent=12803"}],"curies":[{"name":"wp","href":"https:\/\/api.w.org\/{rel}","templated":true}]}}