{"id":10974,"date":"2020-01-21T16:57:25","date_gmt":"2020-01-21T15:57:25","guid":{"rendered":"http:\/\/www.ern.org\/?page_id=10974"},"modified":"2020-12-09T11:53:17","modified_gmt":"2020-12-09T10:53:17","slug":"living-with-floods-in-europe","status":"publish","type":"page","link":"https:\/\/www.ern.org\/en\/living-with-floods-in-europe\/","title":{"rendered":"Living with floods in Europe"},"content":{"rendered":"\n<style type=\"text\/css\" data-created_by=\"avia_inline_auto\" id=\"style-css-av-fa7dvi-a7ce5b8b630252a8540d7253a8739dc7\">\n.flex_column.av-fa7dvi-a7ce5b8b630252a8540d7253a8739dc7{\n-webkit-border-radius:0px 0px 0px 0px;\n-moz-border-radius:0px 0px 0px 0px;\nborder-radius:0px 0px 0px 0px;\npadding:0px 0px 0px 0px;\n}\n<\/style>\n<div  class='flex_column av-fa7dvi-a7ce5b8b630252a8540d7253a8739dc7 av_two_third  avia-builder-el-0  el_before_av_one_third  avia-builder-el-first  first flex_column_div av-zero-column-padding  '     ><p>\n<style type=\"text\/css\" data-created_by=\"avia_inline_auto\" id=\"style-css-av-av_heading-07366a89d0d4288726ff08dc46f32b36\">\n#top .av-special-heading.av-av_heading-07366a89d0d4288726ff08dc46f32b36{\npadding-bottom:10px;\n}\nbody .av-special-heading.av-av_heading-07366a89d0d4288726ff08dc46f32b36 .av-special-heading-tag .heading-char{\nfont-size:25px;\n}\n.av-special-heading.av-av_heading-07366a89d0d4288726ff08dc46f32b36 .av-subheading{\nfont-size:15px;\n}\n<\/style>\n<div  class='av-special-heading av-av_heading-07366a89d0d4288726ff08dc46f32b36 av-special-heading-h2 blockquote modern-quote  avia-builder-el-1  el_before_av_textblock  avia-builder-el-first '><h2 class='av-special-heading-tag'  itemprop=\"headline\"  >Living with floods in Europe<\/h2><div class=\"special-heading-border\"><div class=\"special-heading-inner-border\"><\/div><\/div><\/div><br \/>\n<section  class='av_textblock_section av-jl9b0sef-286f5a116382e7a9846b6c5f495d65ca '   itemscope=\"itemscope\" itemtype=\"https:\/\/schema.org\/CreativeWork\" ><div class='avia_textblock'  itemprop=\"text\" ><p><em>Only in french &#8211; Translation is coming soon, thanks for understanding<\/em><\/p>\n<p>Pendant des si\u00e8cles, les hommes ont organis\u00e9 leur vie autour des fleuves,\u00a0 b\u00e9n\u00e9ficiant de leur ressource en eau, vitale, utilisant leur puissance pour produire de l&#8217;\u00e9nergie, ou pour se d\u00e9placer. Les modes de vie modernes, les &#8220;progr\u00e8s&#8221; technologiques ont progressivement conduits les hommes \u00e0 croire qu&#8217;ils pouvaient dominer les fleuves et vivre simplement \u00e0 leurs c\u00f4t\u00e9s sans plus chercher \u00e0 s&#8217;adapter \u00e0 eux, parfois m\u00eame en leur tournant le dos.<\/p>\n<p>Depuis quelques d\u00e9cennies, cependant, le contexte de r\u00e9chauffement climatique a chang\u00e9 la donne, notamment avec une fr\u00e9quence et une ampleur accrues des pr\u00e9cipitations : les fleuves ont ainsi su rappeler aux populations riveraines leur puissance, et raviver le souvenir douloureux de certains \u00e9v\u00e8nements pass\u00e9s qui avaient marqu\u00e9s nos anc\u00eatres, en particulier les inondations.<\/p>\n<p>De nombreux pays d\u2019Europe ont ainsi \u00e9t\u00e9 affect\u00e9s par des inondations de grande ampleur au cours des 20 derni\u00e8res ann\u00e9es.<br \/>\nRappelons nous les terribles crues de 1997 en R\u00e9publique Tch\u00e8que, Allemagne et Pologne (115 morts), celles de Slovaquie en 1998 (65 morts), celles de 2009 en Autriche, R\u00e9publique Tch\u00e8que , Hongrie, Pologne, Roumanie et Slovaquie (33 morts), celles de 2010 en Pologne et Hongrie (37 morts), celle de 2010 en France dans le Var qui avait fait 25 morts, celle de 2013 en Europe centrale et orientale (Allemagne, R\u00e9publique Tch\u00e8que, Autriche, Suisse, Slovaquie, B\u00e9larusse, Pologne et Hongrie) qui a fait 25 morts et plus r\u00e9cemment encore, les crues de 2014 en Bosnie et Herz\u00e9govine, en Croatie, en Serbie et en Roumanie.<\/p>\n<p><img loading=\"lazy\" decoding=\"async\" class=\"wp-image-13273 alignright\" src=\"http:\/\/www.ern.org\/wp-content\/uploads\/sites\/52\/2020\/12\/prague-floods-2002-300x225.jpg\" alt=\"\" width=\"370\" height=\"278\" srcset=\"https:\/\/www.ern.org\/wp-content\/uploads\/sites\/52\/2020\/12\/prague-floods-2002-300x225.jpg 300w, https:\/\/www.ern.org\/wp-content\/uploads\/sites\/52\/2020\/12\/prague-floods-2002.jpg 600w\" sizes=\"auto, (max-width: 370px) 100vw, 370px\" \/><\/p>\n<p>Tous ces \u00e9pisodes viennent rappeler que les crues constituent des \u00e9v\u00e9nements r\u00e9currents, qui font partie de la vie d&#8217;un fleuve mais que dans un contexte o\u00f9 l&#8217;homme a cru pouvoir les ignorer, elles provoquent des inondations qui engendrent des victimes et des centaines de millions d\u2019euros de d\u00e9g\u00e2ts.<\/p>\n<p>Il est donc de plus en plus urgent de mieux se pr\u00e9parer \u00e0 des \u00e9v\u00e8nements de grande ampleur ou de moyenne intensit\u00e9 en int\u00e9grant dans nos modes de vie une v\u00e9ritable culture du risque, pour \u00eatre pr\u00eats le jour J. Nous devons r\u00e9concilier l\u2019homme et la nature \u00e0 travers une culture du fleuve partag\u00e9e. Nous devons faire en sorte que nos territoires soient de plus en plus \u00ab r\u00e9silients \u00bb.<br \/>\nPour cela, il existe de nombreuses solutions dites &#8220;fond\u00e9es sur la nature &#8220;. Redonnons plus de libert\u00e9 aux cours d\u2019eau en restaurant des zones d\u2019expansion des crues,\u00a0 montrons tout le potentiel des rivi\u00e8res dans l&#8217;am\u00e9lioration du cadre de vie (loisirs, paysages, fra\u00eecheur, &#8230;), faisons cohabiter les usages sans porter atteinte aux \u00e9cosyst\u00e8mes naturels&#8230; c\u2019est tout cela qu\u2019il faut r\u00e9inventer ensemble.<\/p>\n<p>Cette vision comment aujourd&#8217;hui \u00e0 \u00eatre partag\u00e9e par de plus en plus d\u2019acteurs, d\u2019\u00e9lus, de d\u00e9cideurs, de territoires qui ont compris que c\u2019\u00e9tait une voie optimale\u00a0 \u00e0 suivre pour vivre durablement pr\u00e8s de nos cours d\u2019eau.<\/p>\n<p>A l&#8217;\u00e9chelle europ\u00e9enne, la Directive Inondation doit aussi permettre d\u2019homog\u00e9n\u00e9iser les approches au sein de l\u2019Union et de partager les bonnes pratiques. Cela est d\u2019autant plus important pour des fleuves (Rhin, Danube) ou bassins transfrontaliers. Les inondations ignorent les fronti\u00e8res !<\/p>\n<\/div><\/section><\/p><\/div>\n<style type=\"text\/css\" data-created_by=\"avia_inline_auto\" id=\"style-css-av-brik26-060e8956bbc49f4dec439801e9e17a6c\">\n.flex_column.av-brik26-060e8956bbc49f4dec439801e9e17a6c{\n-webkit-border-radius:0px 0px 0px 0px;\n-moz-border-radius:0px 0px 0px 0px;\nborder-radius:0px 0px 0px 0px;\npadding:0px 0px 0px 0px;\n}\n<\/style>\n<div  class='flex_column av-brik26-060e8956bbc49f4dec439801e9e17a6c av_one_third  avia-builder-el-3  el_after_av_two_third  avia-builder-el-last  flex_column_div av-zero-column-padding  '     ><p>\n<style type=\"text\/css\" data-created_by=\"avia_inline_auto\" id=\"style-css-av-o8izi6-bdec4792eefd33a606f73f56d0c3d272\">\n#top .av-special-heading.av-o8izi6-bdec4792eefd33a606f73f56d0c3d272{\npadding-bottom:10px;\n}\nbody .av-special-heading.av-o8izi6-bdec4792eefd33a606f73f56d0c3d272 .av-special-heading-tag .heading-char{\nfont-size:25px;\n}\n.av-special-heading.av-o8izi6-bdec4792eefd33a606f73f56d0c3d272 .av-subheading{\nfont-size:15px;\n}\n<\/style>\n<div  class='av-special-heading av-o8izi6-bdec4792eefd33a606f73f56d0c3d272 av-special-heading-h3 blockquote modern-quote modern-centered  avia-builder-el-4  el_before_av_magazine  avia-builder-el-first '><h3 class='av-special-heading-tag'  itemprop=\"headline\"  >News<\/h3><div class=\"special-heading-border\"><div class=\"special-heading-inner-border\"><\/div><\/div><\/div><br \/>\n<div  id=\"avia-magazine-1\"  class='av-magazine av-8w2pf2-c9b51cd3d33ccdea987f271bd226a576 av-magazine-top-bar-active av-magazine-tabs-active  avia-builder-el-5  el_after_av_heading  el_before_av_textblock   avia-builder-el-5  el_after_av_heading  el_before_av_textblock ' ><div class='av-magazine-top-bar avia-font-color-theme-color-highlight avia-inherit-font-color'><\/div><div class='av-magazine-group sort_all'><article class='av-magazine-entry av-magazine-entry-id-22340 av-magazine-format-standard av-magazine-type-post av-magazine-entry-1 av-magazine-entry-small '  itemscope=\"itemscope\" itemtype=\"https:\/\/schema.org\/CreativeWork\" ><div class=\"av-magazine-thumbnail\"><a href='https:\/\/www.ern.org\/en\/journee-de-la-resilience-ern-publie-une-video-sur-les-amenagements-de-brives-charensac\/' title='Link to: France : Resilience Day : SOS Loire Vivante &#8211; ERN publishes a video on the anti-floods developments in Brives-Charensac' class='av-magazine-thumbnail-link'><img decoding=\"async\" width=\"80\" height=\"80\" src=\"https:\/\/www.ern.org\/wp-content\/uploads\/sites\/52\/2016\/11\/site_ern_soslv-80x80.jpg\" class=\"wp-image-54 avia-img-lazy-loading-not-54 attachment-thumbnail size-thumbnail wp-post-image\" alt=\"\" srcset=\"https:\/\/www.ern.org\/wp-content\/uploads\/sites\/52\/2016\/11\/site_ern_soslv-80x80.jpg 80w, https:\/\/www.ern.org\/wp-content\/uploads\/sites\/52\/2016\/11\/site_ern_soslv-36x36.jpg 36w, https:\/\/www.ern.org\/wp-content\/uploads\/sites\/52\/2016\/11\/site_ern_soslv-180x180.jpg 180w, https:\/\/www.ern.org\/wp-content\/uploads\/sites\/52\/2016\/11\/site_ern_soslv-325x321.jpg 325w, https:\/\/www.ern.org\/wp-content\/uploads\/sites\/52\/2016\/11\/site_ern_soslv-120x120.jpg 120w\" sizes=\"(max-width: 80px) 100vw, 80px\" \/><\/a><\/div><div class=\"av-magazine-content-wrap\"><header class=\"entry-content-header\"><time class='av-magazine-time updated'  itemprop=\"datePublished\" datetime=\"2025-10-12T19:42:18+02:00\" >12 October 2025<\/time><h3 class='av-magazine-title entry-title '  itemprop=\"headline\" ><a href='https:\/\/www.ern.org\/en\/journee-de-la-resilience-ern-publie-une-video-sur-les-amenagements-de-brives-charensac\/' title='Link to: France : Resilience Day : SOS Loire Vivante &#8211; ERN publishes a video on the anti-floods developments in Brives-Charensac'>France : Resilience Day : SOS Loire Vivante &#8211; ERN publishes a video on the anti-floods developments in Brives-Charensac<\/a><\/h3><\/header><\/div><footer class=\"entry-footer\"><\/footer><\/article><article class='av-magazine-entry av-magazine-entry-id-21018 av-magazine-format-standard av-magazine-type-post av-magazine-entry-2 av-magazine-entry-small '  itemscope=\"itemscope\" itemtype=\"https:\/\/schema.org\/CreativeWork\" ><div class=\"av-magazine-thumbnail\"><a href='https:\/\/www.ern.org\/en\/post-flood-work-in-the-haute-loire-stop-indiscriminate-management-and-clear-cutting\/' title='Link to: Post-flood work in the Haute Loire: Stop indiscriminate management and clear-cutting' class='av-magazine-thumbnail-link'><img decoding=\"async\" width=\"80\" height=\"80\" src=\"https:\/\/www.ern.org\/wp-content\/uploads\/sites\/52\/2016\/12\/site_ern_soslv-80x80.jpg\" class=\"wp-image-402 avia-img-lazy-loading-not-402 attachment-thumbnail size-thumbnail wp-post-image\" alt=\"\" srcset=\"https:\/\/www.ern.org\/wp-content\/uploads\/sites\/52\/2016\/12\/site_ern_soslv-80x80.jpg 80w, https:\/\/www.ern.org\/wp-content\/uploads\/sites\/52\/2016\/12\/site_ern_soslv-36x36.jpg 36w, https:\/\/www.ern.org\/wp-content\/uploads\/sites\/52\/2016\/12\/site_ern_soslv-180x180.jpg 180w, https:\/\/www.ern.org\/wp-content\/uploads\/sites\/52\/2016\/12\/site_ern_soslv-325x321.jpg 325w, https:\/\/www.ern.org\/wp-content\/uploads\/sites\/52\/2016\/12\/site_ern_soslv-120x120.jpg 120w\" sizes=\"(max-width: 80px) 100vw, 80px\" \/><\/a><\/div><div class=\"av-magazine-content-wrap\"><header class=\"entry-content-header\"><time class='av-magazine-time updated'  itemprop=\"datePublished\" datetime=\"2025-02-09T09:30:51+01:00\" >9 February 2025<\/time><h3 class='av-magazine-title entry-title '  itemprop=\"headline\" ><a href='https:\/\/www.ern.org\/en\/post-flood-work-in-the-haute-loire-stop-indiscriminate-management-and-clear-cutting\/' title='Link to: Post-flood work in the Haute Loire: Stop indiscriminate management and clear-cutting'>Post-flood work in the Haute Loire: Stop indiscriminate management and clear-cutting<\/a><\/h3><\/header><\/div><footer class=\"entry-footer\"><\/footer><\/article><article class='av-magazine-entry av-magazine-entry-id-20291 av-magazine-format-standard av-magazine-type-post av-magazine-entry-3 av-magazine-entry-small '  itemscope=\"itemscope\" itemtype=\"https:\/\/schema.org\/CreativeWork\" ><div class=\"av-magazine-thumbnail\"><a href='https:\/\/www.ern.org\/en\/flood-of-17-october-2024-in-up-part-of-the-loire\/' title='Link to: Flood of 17 October 2024 in up part of the Loire' class='av-magazine-thumbnail-link'><img decoding=\"async\" width=\"80\" height=\"80\" src=\"https:\/\/www.ern.org\/wp-content\/uploads\/sites\/52\/2016\/11\/site_ern_soslv-80x80.jpg\" class=\"wp-image-54 avia-img-lazy-loading-not-54 attachment-thumbnail size-thumbnail wp-post-image\" alt=\"\" srcset=\"https:\/\/www.ern.org\/wp-content\/uploads\/sites\/52\/2016\/11\/site_ern_soslv-80x80.jpg 80w, https:\/\/www.ern.org\/wp-content\/uploads\/sites\/52\/2016\/11\/site_ern_soslv-36x36.jpg 36w, https:\/\/www.ern.org\/wp-content\/uploads\/sites\/52\/2016\/11\/site_ern_soslv-180x180.jpg 180w, https:\/\/www.ern.org\/wp-content\/uploads\/sites\/52\/2016\/11\/site_ern_soslv-325x321.jpg 325w, https:\/\/www.ern.org\/wp-content\/uploads\/sites\/52\/2016\/11\/site_ern_soslv-120x120.jpg 120w\" sizes=\"(max-width: 80px) 100vw, 80px\" \/><\/a><\/div><div class=\"av-magazine-content-wrap\"><header class=\"entry-content-header\"><time class='av-magazine-time updated'  itemprop=\"datePublished\" datetime=\"2024-10-24T15:50:47+02:00\" >24 October 2024<\/time><h3 class='av-magazine-title entry-title '  itemprop=\"headline\" ><a href='https:\/\/www.ern.org\/en\/flood-of-17-october-2024-in-up-part-of-the-loire\/' title='Link to: Flood of 17 October 2024 in up part of the Loire'>Flood of 17 October 2024 in up part of the Loire<\/a><\/h3><\/header><\/div><footer class=\"entry-footer\"><\/footer><\/article><article class='av-magazine-entry av-magazine-entry-id-19947 av-magazine-format-standard av-magazine-type-post av-magazine-entry-4 av-magazine-entry-small '  itemscope=\"itemscope\" itemtype=\"https:\/\/schema.org\/CreativeWork\" ><div class=\"av-magazine-thumbnail\"><a href='https:\/\/www.ern.org\/en\/une-centaine-de-big-jump-enregistre-dans-toute-leurope\/' title='Link to: Around a hundred Big Jumps recorded across Europe' class='iconfont av-magazine-entry-icon' aria-hidden='true' data-av_icon='\ue836' data-av_iconfont='entypo-fontello'><\/a><\/div><div class=\"av-magazine-content-wrap\"><header class=\"entry-content-header\"><time class='av-magazine-time updated'  itemprop=\"datePublished\" datetime=\"2024-07-18T17:29:03+02:00\" >18 July 2024<\/time><h3 class='av-magazine-title entry-title '  itemprop=\"headline\" ><a href='https:\/\/www.ern.org\/en\/une-centaine-de-big-jump-enregistre-dans-toute-leurope\/' title='Link to: Around a hundred Big Jumps recorded across Europe'>Around a hundred Big Jumps recorded across Europe<\/a><\/h3><\/header><\/div><footer class=\"entry-footer\"><\/footer><\/article><article class='av-magazine-entry av-magazine-entry-id-19297 av-magazine-format-standard av-magazine-type-post av-magazine-entry-5 av-magazine-entry-small '  itemscope=\"itemscope\" itemtype=\"https:\/\/schema.org\/CreativeWork\" ><div class=\"av-magazine-thumbnail\"><a href='https:\/\/www.ern.org\/en\/open-letter-nature-based-water-resilience-cannot-wait\/' title='Link to: Open letter: Nature-based water resilience cannot wait' class='av-magazine-thumbnail-link'><img decoding=\"async\" width=\"80\" height=\"80\" src=\"https:\/\/www.ern.org\/wp-content\/uploads\/sites\/52\/2018\/03\/living_rivers_europe_logo-80x80.jpg\" class=\"wp-image-4115 avia-img-lazy-loading-not-4115 attachment-thumbnail size-thumbnail wp-post-image\" alt=\"logo Living Rivers Europe\" srcset=\"https:\/\/www.ern.org\/wp-content\/uploads\/sites\/52\/2018\/03\/living_rivers_europe_logo-80x80.jpg 80w, https:\/\/www.ern.org\/wp-content\/uploads\/sites\/52\/2018\/03\/living_rivers_europe_logo-36x36.jpg 36w, https:\/\/www.ern.org\/wp-content\/uploads\/sites\/52\/2018\/03\/living_rivers_europe_logo-120x120.jpg 120w\" sizes=\"(max-width: 80px) 100vw, 80px\" \/><\/a><\/div><div class=\"av-magazine-content-wrap\"><header class=\"entry-content-header\"><time class='av-magazine-time updated'  itemprop=\"datePublished\" datetime=\"2024-03-05T14:08:09+01:00\" >5 March 2024<\/time><h3 class='av-magazine-title entry-title '  itemprop=\"headline\" ><a href='https:\/\/www.ern.org\/en\/open-letter-nature-based-water-resilience-cannot-wait\/' title='Link to: Open letter: Nature-based water resilience cannot wait'>Open letter: Nature-based water resilience cannot wait<\/a><\/h3><\/header><\/div><footer class=\"entry-footer\"><\/footer><\/article><\/div><\/div><br \/>\n<section  class='av_textblock_section av-k5o1m744-72c1ae26c63e107e471f7c29fef426c7 '   itemscope=\"itemscope\" itemtype=\"https:\/\/schema.org\/CreativeWork\" ><div class='avia_textblock'  itemprop=\"text\" ><h4>Living with floods :<\/h4>\n<h4><a href=\"https:\/\/www.ern.org\/en\/living-with-floods-upper-seine\/\">&gt; The example of the Seine river<\/a><\/h4>\n<h4>&gt; The example of the Loire (forthcoming)<\/h4>\n<\/div><\/section><\/p><\/div><\/p>\n","protected":false},"excerpt":{"rendered":"","protected":false},"author":149,"featured_media":0,"parent":0,"menu_order":0,"comment_status":"closed","ping_status":"closed","template":"","meta":{"footnotes":"","_links_to":"","_links_to_target":""},"class_list":["post-10974","page","type-page","status-publish","hentry"],"_links":{"self":[{"href":"https:\/\/www.ern.org\/en\/wp-json\/wp\/v2\/pages\/10974","targetHints":{"allow":["GET"]}}],"collection":[{"href":"https:\/\/www.ern.org\/en\/wp-json\/wp\/v2\/pages"}],"about":[{"href":"https:\/\/www.ern.org\/en\/wp-json\/wp\/v2\/types\/page"}],"author":[{"embeddable":true,"href":"https:\/\/www.ern.org\/en\/wp-json\/wp\/v2\/users\/149"}],"replies":[{"embeddable":true,"href":"https:\/\/www.ern.org\/en\/wp-json\/wp\/v2\/comments?post=10974"}],"version-history":[{"count":0,"href":"https:\/\/www.ern.org\/en\/wp-json\/wp\/v2\/pages\/10974\/revisions"}],"wp:attachment":[{"href":"https:\/\/www.ern.org\/en\/wp-json\/wp\/v2\/media?parent=10974"}],"curies":[{"name":"wp","href":"https:\/\/api.w.org\/{rel}","templated":true}]}}