{"id":12632,"date":"2020-09-18T11:00:14","date_gmt":"2020-09-18T09:00:14","guid":{"rendered":"http:\/\/www.ern.org\/?page_id=12632"},"modified":"2022-02-12T01:31:58","modified_gmt":"2022-02-12T00:31:58","slug":"wild-rivers-europe","status":"publish","type":"page","link":"https:\/\/www.ern.org\/de\/wild-rivers-europe\/","title":{"rendered":"Wild Rivers Europe"},"content":{"rendered":"\n<style type=\"text\/css\" data-created_by=\"avia_inline_auto\" id=\"style-css-av-26zrxi8-2f681baaee67861372cce4515a750b7c\">\n.flex_column.av-26zrxi8-2f681baaee67861372cce4515a750b7c{\n-webkit-border-radius:0px 0px 0px 0px;\n-moz-border-radius:0px 0px 0px 0px;\nborder-radius:0px 0px 0px 0px;\npadding:0px 0px 0px 0px;\n}\n<\/style>\n<div  class='flex_column av-26zrxi8-2f681baaee67861372cce4515a750b7c av_one_full  avia-builder-el-0  el_before_av_one_full  avia-builder-el-first  first flex_column_div av-zero-column-padding  '     ><p>\n<style type=\"text\/css\" data-created_by=\"avia_inline_auto\" id=\"style-css-av-kfejtmp9-28c213df7f412cfeef43d331bd169175\">\n#top .av-special-heading.av-kfejtmp9-28c213df7f412cfeef43d331bd169175{\npadding-bottom:10px;\n}\nbody .av-special-heading.av-kfejtmp9-28c213df7f412cfeef43d331bd169175 .av-special-heading-tag .heading-char{\nfont-size:25px;\n}\n.av-special-heading.av-kfejtmp9-28c213df7f412cfeef43d331bd169175 .av-subheading{\nfont-size:15px;\n}\n<\/style>\n<div  class='av-special-heading av-kfejtmp9-28c213df7f412cfeef43d331bd169175 av-special-heading-h2 blockquote modern-quote  avia-builder-el-1  el_before_av_hr  avia-builder-el-first  av-linked-heading'><h2 class='av-special-heading-tag'  itemprop=\"headline\"  ><span class='special_amp'>&#8222;<\/span>Wild Rivers Europe<span class='special_amp'>&#8220;<\/span> &#8211; ein Label f\u00fcr Wildfl\u00fcsse in den Alpen und dem Balkan<\/h2><div class=\"special-heading-border\"><div class=\"special-heading-inner-border\"><\/div><\/div><\/div><br \/>\n\n<style type=\"text\/css\" data-created_by=\"avia_inline_auto\" id=\"style-css-av-23bxx0w-999d4cc9b98b9d2a7da5745a6fc9ff9a\">\n#top .hr.av-23bxx0w-999d4cc9b98b9d2a7da5745a6fc9ff9a{\nmargin-top:0px;\nmargin-bottom:0px;\n}\n.hr.av-23bxx0w-999d4cc9b98b9d2a7da5745a6fc9ff9a .hr-inner{\nwidth:1500px;\nborder-color:#6786a1;\n}\n<\/style>\n<div  class='hr av-23bxx0w-999d4cc9b98b9d2a7da5745a6fc9ff9a hr-custom  avia-builder-el-2  el_after_av_heading  avia-builder-el-last  hr-left hr-icon-no'><span class='hr-inner inner-border-av-border-thin'><span class=\"hr-inner-style\"><\/span><\/span><\/div><\/p><\/div>\n\n<style type=\"text\/css\" data-created_by=\"avia_inline_auto\" id=\"style-css-av-cm4u74-e4b6da195631f0b438c0e561d71cbafd\">\n.flex_column.av-cm4u74-e4b6da195631f0b438c0e561d71cbafd{\n-webkit-border-radius:0px 0px 0px 0px;\n-moz-border-radius:0px 0px 0px 0px;\nborder-radius:0px 0px 0px 0px;\npadding:0px 0px 0px 0px;\n}\n<\/style>\n<div  class='flex_column av-cm4u74-e4b6da195631f0b438c0e561d71cbafd av_one_full  avia-builder-el-3  el_after_av_one_full  el_before_av_three_fourth  first flex_column_div av-zero-column-padding  column-top-margin'     ><\/div>\n\n<style type=\"text\/css\" data-created_by=\"avia_inline_auto\" id=\"style-css-av-21kjw8w-15f6c4cea50937e9c75753b296a3a4b4\">\n.flex_column.av-21kjw8w-15f6c4cea50937e9c75753b296a3a4b4{\n-webkit-border-radius:0px 0px 0px 0px;\n-moz-border-radius:0px 0px 0px 0px;\nborder-radius:0px 0px 0px 0px;\npadding:0px 0px 0px 0px;\n}\n<\/style>\n<div  class='flex_column av-21kjw8w-15f6c4cea50937e9c75753b296a3a4b4 av_three_fourth  avia-builder-el-5  el_after_av_one_full  el_before_av_one_fourth  first flex_column_div av-zero-column-padding  column-top-margin'     ><section  class='av_textblock_section av-1zi3n1s-42898e49b2bcda11fe5b5bba0d86d04c '   itemscope=\"itemscope\" itemtype=\"https:\/\/schema.org\/CreativeWork\" ><div class='avia_textblock'  itemprop=\"text\" ><div data-canvas-width=\"854.7753109481989\"><\/div>\n<div data-canvas-width=\"674.2687465982168\">\n<h3><img loading=\"lazy\" decoding=\"async\" class=\"wp-image-6899 alignleft\" src=\"http:\/\/www.ern.org\/wp-content\/uploads\/sites\/52\/2017\/02\/wild_rivers.png\" alt=\"image\" width=\"288\" height=\"175\" srcset=\"https:\/\/www.ern.org\/wp-content\/uploads\/sites\/52\/2017\/02\/wild_rivers.png 500w, https:\/\/www.ern.org\/wp-content\/uploads\/sites\/52\/2017\/02\/wild_rivers-300x182.png 300w\" sizes=\"auto, (max-width: 288px) 100vw, 288px\" \/>Ziel : Schutz der sch\u00f6nsten Fl\u00fcsse<\/h3>\n<p>Fl\u00fcsse in ausgezeichnetem Erhaltungszustand, die keine gr\u00f6\u00dferen morphologischen Sch\u00e4den erlitten haben (D\u00e4mme, Begradigungen, Eindeichungen etc. ) sind in Europa \u00e4u\u00dferst selten. Sie \u00a0sollten gesch\u00fctzt werden. Die bestehenden Regulierungsinstrumente, insbesondere diejenigen, die sich aus der europ\u00e4ischen Wasserrahmenrichtlinie ergeben, reichen jedoch nicht aus, um sie nachhaltig zu sch\u00fctzen.<\/p>\n<p>Um den Bedrohungen die auf den letzten noch intakten Fl\u00fcssen in Europa lasten entgegenzuwirken,insbesondere im Zusammenhang mit Wasserkraftprojekten, haben sich verschiedene Interessengruppen auf Initiative von WWF und ERN zusammengetan, um einen Label f\u00fcr franz\u00f6sische Wildfl\u00fcsse ins Leben zu rufen. Im Jahr 2013 wurde von einem interdisziplin\u00e4ren wissenschaftlichen Rat mit Experten aus verschiedenen franz\u00f6sischen Institutionen, ein Kriterienraster mit 47 sozial-\u00f6kologischen Kriterien erstellt. Sie bilden die Grundlage f\u00fcr das Label &#8222;Rivi\u00e8res sauvage&#8220; und erm\u00f6glichen es den Grad der &#8222;Wildheit&#8220; eines Fliessgew\u00e4ssers zu definieren und die Qualit\u00e4t der Schutzmassnahmen und der damit verbundenen Verwaltung zu beurteilen.<\/p>\n<h3>Nach der erfolgreichen Einf\u00fchrung des Labels &#8222;Site Rivi\u00e8re sauvage&#8220; in Frankreich, arbeiten wir an der Einf\u00fchrung \u00a0eines Labels &#8222;Wild Rivers Site&#8220; f\u00fcr die Alpenraum und den Balkan<\/h3>\n<p>Das franz\u00f6sische Programm und Label &#8222;Site Rivi\u00e8res Sauvages&#8220; wird seit seiner Gr\u00fcndung vom ERN in Zusammenarbeit mit dem Fonds pour la Conservation des Rivi\u00e8res Sauvages verwaltet. ERN mobilisiert \u00f6ffentliche Gelder, w\u00e4hrend der Fonds durch Partnerschaften mit Unternehmen und M\u00e4zenen private Mittel aufbringt.<\/p>\n<p>In Frankreich wurde das Label &#8222;Wild Rivers Site&#8220; in Zusammenarbeit mit dem franz\u00f6sischen Umweltministerium, den Wasserbeh\u00f6rden und dem franz\u00f6sischen B\u00fcro f\u00fcr Biodiversit\u00e4t (OFB), der Wissenschaftlern und anderen Partnern erfolgreich umgesetzt. Ende 2020\u00a0waren es bereits 28 Flussabschnitte die in ganz Frankreich mit dem Labl ausgezeichnet werden konnnten. \u00a0Das Netz der franz\u00f6sischen &#8222;Sites&#8220; wird nun von der franz\u00f6sischen Vereinigung ARRS verwaltet. Derzeit arbeitet ERN and der Umsetzung des Labels im Alpenraum und um Balkan.<\/p>\n<p>Ab 2018 hat ERN das franz\u00f6sische Label f\u00fcr andere europ\u00e4ische L\u00e4nder angepasst, beginnend mit den Alpenfl\u00fcssen. In Zusammenarbeit mit dem WWF des Alpenbogens (Deutschland, \u00d6sterreich, Schweiz, Slowenien, Italien) wurde das Label an mehreren Alpenfl\u00fcssen erfolgreich getestet (Lech, Ammer, So\u010da, Chamuera und Beverin &#8230;).<\/p>\n<\/div>\n<div><\/div>\n<\/div><\/section><br \/>\n<div  class='hr av-3apiiv-6641a239d435a9fff8809aa057481798 hr-default  avia-builder-el-7  el_after_av_textblock  el_before_av_textblock '><span class='hr-inner '><span class=\"hr-inner-style\"><\/span><\/span><\/div><br \/>\n<section  class='av_textblock_section av-j4frls-1091e82430a51fac1a0c8727d5d64561 '   itemscope=\"itemscope\" itemtype=\"https:\/\/schema.org\/CreativeWork\" ><div class='avia_textblock'  itemprop=\"text\" ><h3>Das europ\u00e4ische Pilot-Flussnetzwerk (au\u00dferhalb Frankreichs) f\u00fcr das Label &#8222;Wildflussgebiet&#8220;.<em><br \/>\n<\/em><\/h3>\n<\/div><\/section><br \/>\n\n<style type=\"text\/css\" data-created_by=\"avia_inline_auto\" id=\"style-css-av-k5s2o0-58eb13ceb987a04fcd6248eb62754921\">\n.avia-image-container.av-k5s2o0-58eb13ceb987a04fcd6248eb62754921 img.avia_image{\nbox-shadow:none;\n}\n.avia-image-container.av-k5s2o0-58eb13ceb987a04fcd6248eb62754921 .av-image-caption-overlay-center{\ncolor:#ffffff;\n}\n<\/style>\n<div  class='avia-image-container av-k5s2o0-58eb13ceb987a04fcd6248eb62754921 av-styling- avia-align-center  avia-builder-el-9  el_after_av_textblock  el_before_av_textblock '   itemprop=\"image\" itemscope=\"itemscope\" itemtype=\"https:\/\/schema.org\/ImageObject\" ><div class=\"avia-image-container-inner\"><div class=\"avia-image-overlay-wrap\"><img decoding=\"async\" class='wp-image- avia-img-lazy-loading-not- avia_image ' src=\"http:\/\/www.ern.org\/wp-content\/uploads\/sites\/52\/2020\/09\/Carte-generale-jpg-allemand.jpg\" alt='' title=''   itemprop=\"thumbnailUrl\"  \/><\/div><\/div><\/div><br \/>\n<section  class='av_textblock_section av-kf3rwow2-18c2b7109cdc8737bef47314acf1d658 '   itemscope=\"itemscope\" itemtype=\"https:\/\/schema.org\/CreativeWork\" ><div class='avia_textblock'  itemprop=\"text\" ><p>Um das Netzwerk der mit dem Siegel ausgezeichneten franz\u00f6sischen Wildfl\u00fcsse zu sehen, <a href=\"https:\/\/www.rivieres-sauvages.fr\/\">besuchen Sie die Website der Rivi\u00e8res Sauvages de France.<\/a><\/p>\n<\/div><\/section><\/p><\/div>\n<style type=\"text\/css\" data-created_by=\"avia_inline_auto\" id=\"style-css-av-3wimev-c0d12a8e0f1cf8edfefb9bd62166aa20\">\n.flex_column.av-3wimev-c0d12a8e0f1cf8edfefb9bd62166aa20{\nborder-width:1px;\nborder-color:#9fc8f4;\nborder-style:solid;\n-webkit-border-radius:0px 0px 0px 0px;\n-moz-border-radius:0px 0px 0px 0px;\nborder-radius:0px 0px 0px 0px;\npadding:8px 8px 8px 8px;\n}\n<\/style>\n<div  class='flex_column av-3wimev-c0d12a8e0f1cf8edfefb9bd62166aa20 av_one_fourth  avia-builder-el-11  el_after_av_three_fourth  el_before_av_three_fourth  flex_column_div  column-top-margin'     ><style type=\"text\/css\" data-created_by=\"avia_inline_auto\" id=\"style-css-av-k6spqi6n-0530f03f58fd5c57be4ab8d7a8db949e\">\n#top .av_textblock_section.av-k6spqi6n-0530f03f58fd5c57be4ab8d7a8db949e .avia_textblock{\nfont-size:18px;\n}\n<\/style>\n<section  class='av_textblock_section av-k6spqi6n-0530f03f58fd5c57be4ab8d7a8db949e '   itemscope=\"itemscope\" itemtype=\"https:\/\/schema.org\/CreativeWork\" ><div class='avia_textblock'  itemprop=\"text\" ><p style=\"caret-color: #000000; color: #000000; text-align: center;\">Nouvelles<\/p>\n<\/div><\/section><br \/>\n<div  id=\"avia-magazine-1\"  class='av-magazine av-k6sjguu3-2254bb24222f79e6c6cc236d77ebafd4 av-magazine-top-bar-active av-magazine-tabs-active  avia-builder-el-13  el_after_av_textblock  el_before_av_hr   avia-builder-el-13  el_after_av_textblock  el_before_av_hr ' ><div class='av-magazine-top-bar avia-font-color-theme-color-highlight avia-inherit-font-color'><\/div><div class='av-magazine-group sort_all'><article class='av-magazine-entry av-magazine-entry-id-12675 av-magazine-format-standard av-magazine-type-post av-magazine-entry-1 av-magazine-entry-small '  itemscope=\"itemscope\" itemtype=\"https:\/\/schema.org\/CreativeWork\" ><div class=\"av-magazine-thumbnail\"><a href='https:\/\/www.ern.org\/de\/wild-rivers-site-das-beverin-der-erste-fluss-ausserhalb-frankreichs-wird-in-der-schweiz-beschriftet\/' title='Link zu: Wild Rivers Site : Das Beverin, der erste Fluss ausserhalb Frankreichs, wird in der Schweiz beschriftet.' class='iconfont av-magazine-entry-icon' aria-hidden='true' data-av_icon='\ue836' data-av_iconfont='entypo-fontello'><\/a><\/div><div class=\"av-magazine-content-wrap\"><header class=\"entry-content-header\"><time class='av-magazine-time updated'  itemprop=\"datePublished\" datetime=\"2020-09-18T11:19:44+02:00\" >18 September 2020<\/time><h3 class='av-magazine-title entry-title '  itemprop=\"headline\" ><a href='https:\/\/www.ern.org\/de\/wild-rivers-site-das-beverin-der-erste-fluss-ausserhalb-frankreichs-wird-in-der-schweiz-beschriftet\/' title='Link zu: Wild Rivers Site : Das Beverin, der erste Fluss ausserhalb Frankreichs, wird in der Schweiz beschriftet.'>Wild Rivers Site : Das Beverin, der erste Fluss ausserhalb Frankreichs, wird in der Schweiz beschriftet.<\/a><\/h3><\/header><\/div><footer class=\"entry-footer\"><\/footer><\/article><\/div><\/div><br \/>\n\n<style type=\"text\/css\" data-created_by=\"avia_inline_auto\" id=\"style-css-av-153679s-9efee8193a204e986c81074b66e8fa54\">\n#top .hr.hr-invisible.av-153679s-9efee8193a204e986c81074b66e8fa54{\nheight:15px;\n}\n<\/style>\n<div  class='hr av-153679s-9efee8193a204e986c81074b66e8fa54 hr-invisible  avia-builder-el-14  el_after_av_magazine  el_before_av_image '><span class='hr-inner '><span class=\"hr-inner-style\"><\/span><\/span><\/div><br \/>\n\n<style type=\"text\/css\" data-created_by=\"avia_inline_auto\" id=\"style-css-av-4hxi7k-35839affef7d82808d6d2c40bca747d9\">\n.avia-image-container.av-4hxi7k-35839affef7d82808d6d2c40bca747d9 img.avia_image{\nbox-shadow:none;\n}\n.avia-image-container.av-4hxi7k-35839affef7d82808d6d2c40bca747d9 .av-image-caption-overlay-center{\ncolor:#ffffff;\n}\n<\/style>\n<div  class='avia-image-container av-4hxi7k-35839affef7d82808d6d2c40bca747d9 av-styling- avia-align-center  avia-builder-el-15  el_after_av_hr  el_before_av_textblock '   itemprop=\"image\" itemscope=\"itemscope\" itemtype=\"https:\/\/schema.org\/ImageObject\" ><div class=\"avia-image-container-inner\"><div class=\"avia-image-overlay-wrap\"><a href=\"https:\/\/www.ern.org\/wp-content\/uploads\/sites\/52\/2020\/02\/WWF_Infobroschuere_ERN_DE.pdf\" class='avia_image' target=\"_blank\" rel=\"noopener noreferrer\"><img decoding=\"async\" class='wp-image- avia-img-lazy-loading-not- avia_image ' src=\"http:\/\/www.ern.org\/wp-content\/uploads\/sites\/52\/2020\/09\/Couv-brochureWildRivers-DE.jpg\" alt='' title=''   itemprop=\"thumbnailUrl\"  \/><\/a><\/div><\/div><\/div><br \/>\n\n<style type=\"text\/css\" data-created_by=\"avia_inline_auto\" id=\"style-css-av-jp4r3erb-ff082e67f322a7542968950276b8300d\">\n#top .av_textblock_section.av-jp4r3erb-ff082e67f322a7542968950276b8300d .avia_textblock{\nfont-size:18px;\n}\n<\/style>\n<section  class='av_textblock_section av-jp4r3erb-ff082e67f322a7542968950276b8300d '   itemscope=\"itemscope\" itemtype=\"https:\/\/schema.org\/CreativeWork\" ><div class='avia_textblock'  itemprop=\"text\" ><p style=\"text-align: center;\">Brosch\u00fcre herunterladen<br \/>\n<a href=\"https:\/\/www.ern.org\/wp-content\/uploads\/sites\/52\/2020\/02\/WWF_Infobroschuere_ERN_DE.pdf\">Das Netzwerk &#8222;Wild Rivers&#8220; in Europa<\/a><\/p>\n<\/div><\/section><br \/>\n\n<style type=\"text\/css\" data-created_by=\"avia_inline_auto\" id=\"style-css-av-153679s-9efee8193a204e986c81074b66e8fa54\">\n#top .hr.hr-invisible.av-153679s-9efee8193a204e986c81074b66e8fa54{\nheight:15px;\n}\n<\/style>\n<div  class='hr av-153679s-9efee8193a204e986c81074b66e8fa54 hr-invisible  avia-builder-el-17  el_after_av_textblock  el_before_av_textblock '><span class='hr-inner '><span class=\"hr-inner-style\"><\/span><\/span><\/div><br \/>\n\n<style type=\"text\/css\" data-created_by=\"avia_inline_auto\" id=\"style-css-av-jp4r3erb-ff082e67f322a7542968950276b8300d\">\n#top .av_textblock_section.av-jp4r3erb-ff082e67f322a7542968950276b8300d .avia_textblock{\nfont-size:18px;\n}\n<\/style>\n<section  class='av_textblock_section av-jp4r3erb-ff082e67f322a7542968950276b8300d '   itemscope=\"itemscope\" itemtype=\"https:\/\/schema.org\/CreativeWork\" ><div class='avia_textblock'  itemprop=\"text\" ><p style=\"text-align: center;\">Entdecken Sie die Fl\u00fcsse, die f\u00fcr das Wild Rivers Label in Frage kommen<\/p>\n<\/div><\/section><br \/>\n<div  class='avia-button-wrap av-kf3s10vt-0b551cc3422e19c0906d089b8db8bff6-wrap avia-button-center  avia-builder-el-19  el_after_av_textblock  el_before_av_hr '><a href='https:\/\/www.ern.org\/de\/wild-rivers-europe\/la-beverine\/'  class='avia-button av-kf3s10vt-0b551cc3422e19c0906d089b8db8bff6 avia-icon_select-no avia-size-x-large avia-position-center avia-color-blue'  target=\"_blank\"  rel=\"noopener noreferrer\" ><span class='avia_iconbox_title' >Der Wildfluss Beverin (Schweiz)<\/span><\/a><\/div><br \/>\n\n<style type=\"text\/css\" data-created_by=\"avia_inline_auto\" id=\"style-css-av-153679s-9efee8193a204e986c81074b66e8fa54\">\n#top .hr.hr-invisible.av-153679s-9efee8193a204e986c81074b66e8fa54{\nheight:15px;\n}\n<\/style>\n<div  class='hr av-153679s-9efee8193a204e986c81074b66e8fa54 hr-invisible  avia-builder-el-20  el_after_av_button  el_before_av_textblock '><span class='hr-inner '><span class=\"hr-inner-style\"><\/span><\/span><\/div><br \/>\n\n<style type=\"text\/css\" data-created_by=\"avia_inline_auto\" id=\"style-css-av-k6szrgky-f05551f192be2930f0cbb7c32fe17288\">\n#top .av_textblock_section.av-k6szrgky-f05551f192be2930f0cbb7c32fe17288 .avia_textblock{\nfont-size:18px;\n}\n<\/style>\n<section  class='av_textblock_section av-k6szrgky-f05551f192be2930f0cbb7c32fe17288 '   itemscope=\"itemscope\" itemtype=\"https:\/\/schema.org\/CreativeWork\" ><div class='avia_textblock'  itemprop=\"text\" ><p style=\"text-align: center;\">Video &#8222;Wild Rivers&#8220;<\/p>\n<\/div><\/section><br \/>\n\n<style type=\"text\/css\" data-created_by=\"avia_inline_auto\" id=\"style-css-av-1fo16y8-93d1df84b7d6fb6aa07b23ec0a08237b\">\n.avia-image-container.av-1fo16y8-93d1df84b7d6fb6aa07b23ec0a08237b img.avia_image{\nbox-shadow:none;\n}\n.avia-image-container.av-1fo16y8-93d1df84b7d6fb6aa07b23ec0a08237b .av-image-caption-overlay-center{\ncolor:#ffffff;\n}\n<\/style>\n<div  class='avia-image-container av-1fo16y8-93d1df84b7d6fb6aa07b23ec0a08237b av-styling-no-styling avia-align-center  avia-builder-el-22  el_after_av_textblock  avia-builder-el-last '   itemprop=\"image\" itemscope=\"itemscope\" itemtype=\"https:\/\/schema.org\/ImageObject\" ><div class=\"avia-image-container-inner\"><div class=\"avia-image-overlay-wrap\"><a href=\"https:\/\/www.rivieres-sauvages.fr\/film-rivieres-sauvages-et-hommes\/\" class='avia_image' target=\"_blank\" rel=\"noopener noreferrer\"><img decoding=\"async\" class='wp-image-16362 avia-img-lazy-loading-not-16362 avia_image ' src=\"https:\/\/www.ern.org\/wp-content\/uploads\/sites\/52\/2017\/12\/film_wild_rivers-1.jpg\" alt='' title='film_wild_rivers'  height=\"539\" width=\"963\"  itemprop=\"thumbnailUrl\" srcset=\"https:\/\/www.ern.org\/wp-content\/uploads\/sites\/52\/2017\/12\/film_wild_rivers-1.jpg 963w, https:\/\/www.ern.org\/wp-content\/uploads\/sites\/52\/2017\/12\/film_wild_rivers-1-300x168.jpg 300w, https:\/\/www.ern.org\/wp-content\/uploads\/sites\/52\/2017\/12\/film_wild_rivers-1-768x430.jpg 768w, https:\/\/www.ern.org\/wp-content\/uploads\/sites\/52\/2017\/12\/film_wild_rivers-1-705x395.jpg 705w\" sizes=\"(max-width: 963px) 100vw, 963px\" \/><\/a><\/div><\/div><\/div><\/p><\/div><\/p>\n\n<style type=\"text\/css\" data-created_by=\"avia_inline_auto\" id=\"style-css-av-kf3s5oia-1e76fad0466fc4582aed22c232ad78a4\">\n.flex_column.av-kf3s5oia-1e76fad0466fc4582aed22c232ad78a4{\n-webkit-border-radius:0px 0px 0px 0px;\n-moz-border-radius:0px 0px 0px 0px;\nborder-radius:0px 0px 0px 0px;\npadding:0px 0px 0px 0px;\n}\n<\/style>\n<div  class='flex_column av-kf3s5oia-1e76fad0466fc4582aed22c232ad78a4 av_three_fourth  avia-builder-el-23  el_after_av_one_fourth  el_before_av_three_fourth  first flex_column_div av-zero-column-padding  column-top-margin'     ><section  class='av_textblock_section av-kf3s617y-5f267a1084e0ce0779e69e5dee4d15a3 '   itemscope=\"itemscope\" itemtype=\"https:\/\/schema.org\/CreativeWork\" ><div class='avia_textblock'  itemprop=\"text\" ><h3>Das &#8222;Wild Rivers Site&#8220; Label<\/h3>\n<div data-canvas-width=\"569.8356903352395\">\n<h3><img loading=\"lazy\" decoding=\"async\" class=\"wp-image-12599 alignnone alignleft\" src=\"http:\/\/www.ern.org\/wp-content\/uploads\/sites\/52\/2020\/09\/MARQUE_Wild_Rivers_Site-e1600159303291.png\" alt=\"\" width=\"153\" height=\"153\" srcset=\"https:\/\/www.ern.org\/wp-content\/uploads\/sites\/52\/2020\/09\/MARQUE_Wild_Rivers_Site-e1600159303291.png 350w, https:\/\/www.ern.org\/wp-content\/uploads\/sites\/52\/2020\/09\/MARQUE_Wild_Rivers_Site-e1600159303291-300x300.png 300w, https:\/\/www.ern.org\/wp-content\/uploads\/sites\/52\/2020\/09\/MARQUE_Wild_Rivers_Site-e1600159303291-80x80.png 80w, https:\/\/www.ern.org\/wp-content\/uploads\/sites\/52\/2020\/09\/MARQUE_Wild_Rivers_Site-e1600159303291-36x36.png 36w, https:\/\/www.ern.org\/wp-content\/uploads\/sites\/52\/2020\/09\/MARQUE_Wild_Rivers_Site-e1600159303291-180x180.png 180w\" sizes=\"auto, (max-width: 153px) 100vw, 153px\" \/><\/h3>\n<p>Das Siegel gibt Projektleitern, die es erhalten, die Mittel an die Hand, um ihre Naturst\u00e4tten zu sch\u00fctzen und zu entwickeln und gleichzeitig ihr Image zu verbessern.<\/p>\n<p>Das Siegel, mit 3 verschiedenen Stufen, wird unter der Bedingung vergeben, dass der Fluss die Kriterien des Bewertungsrasters erf\u00fcllt und ein Aktionsprogramm f\u00fcr einen Zeitraum von normalerweise 5 Jahren aufgestellt wird.<\/p>\n<p>Das Label hat keinen rechtlichen Geltungsbereich. Sie spiegelt sowohl die au\u00dferordentliche Qualit\u00e4t eines Flusses als auch die Bereitschaft der lokalen Beh\u00f6rden wider, die vorbildliche Arbeit, die zu seinem wirksamen Schutz geleistet wird, zu f\u00f6rdern.<\/p>\n<p>Das Siegel schafft eine Dynamik zwischen lokalen Interessengruppen.\u00a0Gew\u00e4hlte Vertreter, Einwohner, Bauern, Fischer usw. arbeiten zusammen, um ihren Fluss, ein wahres &#8222;Naturkapital&#8220;, zu entwickeln und zu f\u00f6rdern.<\/p>\n<\/div>\n<\/div><\/section><\/div>\n\n<style type=\"text\/css\" data-created_by=\"avia_inline_auto\" id=\"style-css-av-mzec74-9b8cf647a15f533bd2dc5c488628978c\">\n.flex_column.av-mzec74-9b8cf647a15f533bd2dc5c488628978c{\n-webkit-border-radius:0px 0px 0px 0px;\n-moz-border-radius:0px 0px 0px 0px;\nborder-radius:0px 0px 0px 0px;\npadding:0px 0px 0px 0px;\n}\n<\/style>\n<div  class='flex_column av-mzec74-9b8cf647a15f533bd2dc5c488628978c av_three_fourth  avia-builder-el-25  el_after_av_three_fourth  avia-builder-el-last  first flex_column_div av-zero-column-padding  column-top-margin'     ><section  class='av_textblock_section av-e2rzi8-3d7d2f13347e4f1031696707d0b20cab '   itemscope=\"itemscope\" itemtype=\"https:\/\/schema.org\/CreativeWork\" ><div class='avia_textblock'  itemprop=\"text\" ><h3>Unsere internationalen Partner :<\/h3>\n<hr \/>\n<div><\/div>\n<div><\/div>\n<div><em>\u00a0 \u00a0 \u00a0 \u00a0\u00a0 von ERN durchgef\u00fchrte Pilotprojekte<strong><br \/>\n<\/strong><\/em><\/div>\n<ul>\n<li><strong>So\u010da, (Slovenie) <\/strong>mit dem WWF Adria<\/li>\n<li><strong>Ammer, <\/strong>mit dem WWF Deutschland<\/li>\n<li><strong>Lech, <\/strong>mit dem WWF Autriche<\/li>\n<li><strong>Chamuera <\/strong>mit dem WWF Schweiz<\/li>\n<li><strong><a href=\"https:\/\/www.ern.org\/de\/wild-rivers-europe\/la-beverine\/\">Beverin<\/a>,<\/strong> mit dem WWF Schweiz und der Gemeine Bevers (Die Beverin wird h\u00f6chst der erste labelisierte Fluss ausserhalb Rankreichs sein.)<\/li>\n<li><strong>Viosha, (Albanie), mit\u00a0 <\/strong>EURONATUR et des ONGs r\u00e9gionales<strong><br \/>\n<\/strong><em><strong><br \/>\n<\/strong>von Fonds Rivi\u00e8res sauvages \/ ARRS durchgef\u00fchrte Pilotprojekte<\/em><\/li>\n<li><strong>Artikutza<\/strong> : Universit\u00e4t von Bilbao (Dr. Arturo Elosegi) und die Stadt San Sebastian (Abteilung f\u00fcr biologische Vielfalt und Umwelt)<\/li>\n<li><strong>Wartoise<\/strong> : Kommunalbeh\u00f6rde, der nachgelagerte Teil in Frankreich ist seit 2016 zertifiziert.<\/li>\n<li><strong>Owenduff<\/strong> : K\u00fcstenbesitzer und Fischereiorganisation<\/li>\n<\/ul>\n<\/div><\/section><\/div>\n","protected":false},"excerpt":{"rendered":"","protected":false},"author":149,"featured_media":0,"parent":0,"menu_order":0,"comment_status":"closed","ping_status":"closed","template":"","meta":{"footnotes":"","_links_to":"","_links_to_target":""},"class_list":["post-12632","page","type-page","status-publish","hentry"],"_links":{"self":[{"href":"https:\/\/www.ern.org\/de\/wp-json\/wp\/v2\/pages\/12632","targetHints":{"allow":["GET"]}}],"collection":[{"href":"https:\/\/www.ern.org\/de\/wp-json\/wp\/v2\/pages"}],"about":[{"href":"https:\/\/www.ern.org\/de\/wp-json\/wp\/v2\/types\/page"}],"author":[{"embeddable":true,"href":"https:\/\/www.ern.org\/de\/wp-json\/wp\/v2\/users\/149"}],"replies":[{"embeddable":true,"href":"https:\/\/www.ern.org\/de\/wp-json\/wp\/v2\/comments?post=12632"}],"version-history":[{"count":0,"href":"https:\/\/www.ern.org\/de\/wp-json\/wp\/v2\/pages\/12632\/revisions"}],"wp:attachment":[{"href":"https:\/\/www.ern.org\/de\/wp-json\/wp\/v2\/media?parent=12632"}],"curies":[{"name":"wp","href":"https:\/\/api.w.org\/{rel}","templated":true}]}}